{"id":12286,"date":"2025-07-24T12:19:35","date_gmt":"2025-07-24T17:19:35","guid":{"rendered":"https:\/\/transparencia.unap.edu.pe\/web\/?page_id=12286"},"modified":"2025-07-24T12:19:38","modified_gmt":"2025-07-24T17:19:38","slug":"busqueda-general","status":"publish","type":"page","link":"https:\/\/transparencia.unap.edu.pe\/web\/busqueda-general\/","title":{"rendered":"Busqueda General"},"content":{"rendered":"<div class=\"asp_w_container asp_w_container_1 asp_w_container_1_1\" data-id=\"1\" data-instance=\"1\"><div class='asp_w asp_m asp_m_1 asp_m_1_1 wpdreams_asp_sc wpdreams_asp_sc-1 ajaxsearchpro asp_main_container asp_non_compact' data-id=\"1\" data-name=\"nuevo\" data-instance=\"1\" id='ajaxsearchpro1_1'><div class=\"probox\"><div class='prosettings' data-opened=0><div class='innericon'><svg xmlns=\"http:\/\/www.w3.org\/2000\/svg\" width=\"22\" height=\"22\" viewBox=\"0 0 512 512\"><path d=\"M170 294c0 33.138-26.862 60-60 60-33.137 0-60-26.862-60-60 0-33.137 26.863-60 60-60 33.138 0 60 26.863 60 60zm-60 90c-6.872 0-13.565-.777-20-2.243V422c0 11.046 8.954 20 20 20s20-8.954 20-20v-40.243c-6.435 1.466-13.128 2.243-20 2.243zm0-180c6.872 0 13.565.777 20 2.243V90c0-11.046-8.954-20-20-20s-20 8.954-20 20v116.243c6.435-1.466 13.128-2.243 20-2.243zm146-7c12.13 0 22 9.87 22 22s-9.87 22-22 22-22-9.87-22-22 9.87-22 22-22zm0-38c-33.137 0-60 26.863-60 60 0 33.138 26.863 60 60 60 33.138 0 60-26.862 60-60 0-33.137-26.862-60-60-60zm0-30c6.872 0 13.565.777 20 2.243V90c0-11.046-8.954-20-20-20s-20 8.954-20 20v41.243c6.435-1.466 13.128-2.243 20-2.243zm0 180c-6.872 0-13.565-.777-20-2.243V422c0 11.046 8.954 20 20 20s20-8.954 20-20V306.757c-6.435 1.466-13.128 2.243-20 2.243zm146-75c-33.137 0-60 26.863-60 60 0 33.138 26.863 60 60 60 33.138 0 60-26.862 60-60 0-33.137-26.862-60-60-60zm0-30c6.872 0 13.565.777 20 2.243V90c0-11.046-8.954-20-20-20s-20 8.954-20 20v116.243c6.435-1.466 13.128-2.243 20-2.243zm0 180c-6.872 0-13.565-.777-20-2.243V422c0 11.046 8.954 20 20 20s20-8.954 20-20v-40.243c-6.435 1.466-13.128 2.243-20 2.243z\"\/><\/svg><\/div><\/div><div class='proinput'><form role=\"search\" action='#' autocomplete=\"off\" aria-label=\"Buscar\"><input type='search' class='orig' placeholder='Escriba su busqueda aqui' name='phrase' value='' aria-label=\"Search input\" autocomplete=\"off\"\/><input type='text' class='autocomplete' name='phrase' value='' aria-label=\"Search autocomplete input\" aria-hidden=\"true\" tabindex=\"-1\" autocomplete=\"off\" disabled\/><\/form><\/div><button class='promagnifier' aria-label=\"Search magnifier button\"><span class='asp_text_button hiddend'> Search <\/span><span class='innericon'><svg xmlns=\"http:\/\/www.w3.org\/2000\/svg\" width=\"22\" height=\"22\" viewBox=\"0 0 512 512\"><path d=\"M460.355 421.59l-106.51-106.512c20.04-27.553 31.884-61.437 31.884-98.037C385.73 124.935 310.792 50 218.685 50c-92.106 0-167.04 74.934-167.04 167.04 0 92.107 74.935 167.042 167.04 167.042 34.912 0 67.352-10.773 94.184-29.158L419.945 462l40.41-40.41zM100.63 217.04c0-65.095 52.96-118.055 118.056-118.055 65.098 0 118.057 52.96 118.057 118.056 0 65.097-52.96 118.057-118.057 118.057-65.096 0-118.055-52.96-118.055-118.056z\"\/><\/svg><\/span><span class=\"asp_clear\"><\/span><\/button><div class='proloading'><div class=\"asp_loader\"><div class=\"asp_loader-inner asp_simple-circle\"><\/div><\/div><\/div><div class='proclose'><svg version=\"1.1\" xmlns=\"http:\/\/www.w3.org\/2000\/svg\" xmlns:xlink=\"http:\/\/www.w3.org\/1999\/xlink\" x=\"0px\" y=\"0px\" width=\"512px\" height=\"512px\" viewBox=\"0 0 512 512\" enable-background=\"new 0 0 512 512\" xml:space=\"preserve\"><polygon points=\"438.393,374.595 319.757,255.977 438.378,137.348 374.595,73.607 255.995,192.225 137.375,73.622 73.607,137.352 192.246,255.983 73.622,374.625 137.352,438.393 256.002,319.734 374.652,438.378 \"\/><\/svg><\/div><\/div><\/div><div class='asp_data_container' style=\"display:none !important;\"><div class=\"asp_init_data\" style=\"display:none !important;\" id=\"asp_init_id_1_1\" data-asp-id=\"1\" data-asp-instance=\"1\" data-settings=\"{&quot;animations&quot;:{&quot;pc&quot;:{&quot;settings&quot;:{&quot;anim&quot;:&quot;fadedrop&quot;,&quot;dur&quot;:300},&quot;results&quot;:{&quot;anim&quot;:&quot;fadedrop&quot;,&quot;dur&quot;:300},&quot;items&quot;:&quot;fadeInDown&quot;},&quot;mob&quot;:{&quot;settings&quot;:{&quot;anim&quot;:&quot;fadedrop&quot;,&quot;dur&quot;:&quot;300&quot;},&quot;results&quot;:{&quot;anim&quot;:&quot;fadedrop&quot;,&quot;dur&quot;:&quot;300&quot;},&quot;items&quot;:&quot;voidanim&quot;}},&quot;autocomplete&quot;:{&quot;enabled&quot;:1,&quot;trigger_charcount&quot;:0,&quot;googleOnly&quot;:1,&quot;lang&quot;:&quot;en&quot;,&quot;mobile&quot;:1},&quot;autop&quot;:{&quot;state&quot;:&quot;disabled&quot;,&quot;phrase&quot;:&quot;&quot;,&quot;count&quot;:10},&quot;charcount&quot;:0,&quot;closeOnDocClick&quot;:1,&quot;compact&quot;:{&quot;enabled&quot;:0,&quot;focus&quot;:1,&quot;width&quot;:&quot;100%&quot;,&quot;width_tablet&quot;:&quot;480px&quot;,&quot;width_phone&quot;:&quot;320px&quot;,&quot;closeOnMagnifier&quot;:1,&quot;closeOnDocument&quot;:0,&quot;position&quot;:&quot;static&quot;,&quot;overlay&quot;:0},&quot;cptArchive&quot;:{&quot;useAjax&quot;:0,&quot;selector&quot;:&quot;#main&quot;,&quot;url&quot;:&quot;&quot;},&quot;detectVisibility&quot;:0,&quot;divi&quot;:{&quot;bodycommerce&quot;:0},&quot;focusOnPageload&quot;:0,&quot;fss_layout&quot;:&quot;flex&quot;,&quot;highlight&quot;:0,&quot;highlightWholewords&quot;:0,&quot;homeurl&quot;:&quot;https:\\\/\\\/transparencia.unap.edu.pe\\\/web\\\/&quot;,&quot;is_results_page&quot;:0,&quot;isotopic&quot;:{&quot;itemWidth&quot;:&quot;200px&quot;,&quot;itemWidthTablet&quot;:&quot;200px&quot;,&quot;itemWidthPhone&quot;:&quot;200px&quot;,&quot;itemHeight&quot;:&quot;200px&quot;,&quot;itemHeightTablet&quot;:&quot;200px&quot;,&quot;itemHeightPhone&quot;:&quot;200px&quot;,&quot;pagination&quot;:1,&quot;rows&quot;:2,&quot;gutter&quot;:5,&quot;showOverlay&quot;:1,&quot;blurOverlay&quot;:1,&quot;hideContent&quot;:1},&quot;itemscount&quot;:4,&quot;loaderLocation&quot;:&quot;auto&quot;,&quot;mobile&quot;:{&quot;trigger_on_type&quot;:1,&quot;click_action&quot;:&quot;results_page&quot;,&quot;return_action&quot;:&quot;results_page&quot;,&quot;click_action_location&quot;:&quot;same&quot;,&quot;return_action_location&quot;:&quot;same&quot;,&quot;redirect_url&quot;:&quot;?s={phrase}&quot;,&quot;elementor_url&quot;:&quot;https:\\\/\\\/transparencia.unap.edu.pe\\\/web\\\/?asp_ls={phrase}&quot;,&quot;menu_selector&quot;:&quot;#menu-toggle&quot;,&quot;hide_keyboard&quot;:0,&quot;force_res_hover&quot;:0,&quot;force_sett_hover&quot;:0,&quot;force_sett_state&quot;:&quot;none&quot;},&quot;override_method&quot;:&quot;get&quot;,&quot;overridewpdefault&quot;:1,&quot;prescontainerheight&quot;:&quot;400px&quot;,&quot;preventBodyScroll&quot;:0,&quot;preventEvents&quot;:0,&quot;rb&quot;:{&quot;action&quot;:&quot;nothing&quot;},&quot;resPage&quot;:{&quot;useAjax&quot;:0,&quot;selector&quot;:&quot;#main&quot;,&quot;trigger_type&quot;:1,&quot;trigger_facet&quot;:1,&quot;trigger_magnifier&quot;:0,&quot;trigger_return&quot;:0},&quot;results&quot;:{&quot;width&quot;:&quot;auto&quot;,&quot;width_tablet&quot;:&quot;auto&quot;,&quot;width_phone&quot;:&quot;auto&quot;,&quot;disableClick&quot;:false},&quot;resultsSnapTo&quot;:&quot;left&quot;,&quot;resultsposition&quot;:&quot;hover&quot;,&quot;resultstype&quot;:&quot;vertical&quot;,&quot;sb&quot;:{&quot;redirect_action&quot;:&quot;ajax_search&quot;,&quot;redirect_location&quot;:&quot;same&quot;,&quot;redirect_url&quot;:&quot;?s={phrase}&quot;,&quot;elementor_url&quot;:&quot;https:\\\/\\\/transparencia.unap.edu.pe\\\/web\\\/?asp_ls={phrase}&quot;},&quot;scrollBar&quot;:{&quot;horizontal&quot;:{&quot;enabled&quot;:1}},&quot;scrollToResults&quot;:{&quot;enabled&quot;:0,&quot;offset&quot;:0},&quot;select2&quot;:{&quot;nores&quot;:&quot;No encontrado&quot;},&quot;settings&quot;:{&quot;unselectChildren&quot;:1,&quot;unselectParent&quot;:0,&quot;hideChildren&quot;:0},&quot;settingsHideOnRes&quot;:0,&quot;settingsimagepos&quot;:&quot;left&quot;,&quot;settingsVisible&quot;:0,&quot;show_more&quot;:{&quot;enabled&quot;:0,&quot;url&quot;:&quot;?s={phrase}&quot;,&quot;elementor_url&quot;:&quot;https:\\\/\\\/transparencia.unap.edu.pe\\\/web\\\/?asp_ls={phrase}&quot;,&quot;action&quot;:&quot;ajax&quot;,&quot;location&quot;:&quot;same&quot;,&quot;infinite&quot;:1},&quot;singleHighlight&quot;:0,&quot;taxArchive&quot;:{&quot;useAjax&quot;:0,&quot;selector&quot;:&quot;#main&quot;,&quot;url&quot;:&quot;&quot;},&quot;lightbox&quot;:{&quot;overlay&quot;:true,&quot;overlayOpacity&quot;:0.7,&quot;overlayColor&quot;:&quot;#FFFFFF&quot;,&quot;nav&quot;:true,&quot;disableRightClick&quot;:true,&quot;close&quot;:true,&quot;animationSpeed&quot;:250,&quot;docClose&quot;:true,&quot;disableScroll&quot;:true,&quot;enableKeyboard&quot;:true},&quot;trigger&quot;:{&quot;delay&quot;:300,&quot;autocomplete_delay&quot;:310,&quot;update_href&quot;:0,&quot;facet&quot;:1,&quot;type&quot;:1,&quot;click&quot;:&quot;results_page&quot;,&quot;click_location&quot;:&quot;same&quot;,&quot;return&quot;:&quot;results_page&quot;,&quot;return_location&quot;:&quot;same&quot;,&quot;redirect_url&quot;:&quot;?s={phrase}&quot;,&quot;elementor_url&quot;:&quot;https:\\\/\\\/transparencia.unap.edu.pe\\\/web\\\/?asp_ls={phrase}&quot;,&quot;minWordLength&quot;:2,&quot;charcount_magnifier_enter&quot;:0,&quot;charcount&quot;:0},&quot;close_icon&quot;:{&quot;action&quot;:&quot;clear&quot;,&quot;close_results&quot;:true},&quot;wooShop&quot;:{&quot;useAjax&quot;:0,&quot;selector&quot;:&quot;#main&quot;,&quot;url&quot;:&quot;&quot;}}\"><\/div><div class='asp_hidden_data' style=\"display:none !important;\"><div class='asp_item_overlay'><div class='asp_item_inner'><svg xmlns=\"http:\/\/www.w3.org\/2000\/svg\" width=\"22\" height=\"22\" viewBox=\"0 0 512 512\"><path d=\"M448.225 394.243l-85.387-85.385c16.55-26.08 26.146-56.986 26.146-90.094 0-92.99-75.652-168.64-168.643-168.64-92.988 0-168.64 75.65-168.64 168.64s75.65 168.64 168.64 168.64c31.466 0 60.94-8.67 86.176-23.734l86.14 86.142c36.755 36.754 92.355-18.783 55.57-55.57zm-344.233-175.48c0-64.155 52.192-116.35 116.35-116.35s116.353 52.194 116.353 116.35S284.5 335.117 220.342 335.117s-116.35-52.196-116.35-116.352zm34.463-30.26c34.057-78.9 148.668-69.75 170.248 12.863-43.482-51.037-119.984-56.532-170.248-12.862z\"\/><\/svg><\/div><\/div><\/div><\/div><div id='__original__ajaxsearchprores1_1' class='asp_w asp_r asp_r_1 asp_r_1_1 vertical ajaxsearchpro wpdreams_asp_sc wpdreams_asp_sc-1' data-id=\"1\" data-instance=\"1\"><div class=\"results\"><div class=\"resdrg\"><\/div><\/div><div class=\"asp_res_loader hiddend\"><div class=\"asp_loader\"><div class=\"asp_loader-inner asp_simple-circle\"><\/div><\/div><\/div><\/div><div id='__original__ajaxsearchprobsettings1_1' class=\"asp_w asp_ss asp_ss_1 asp_sb asp_sb_1 asp_sb_1_1 asp_sb wpdreams_asp_sc wpdreams_asp_sc-1 ajaxsearchpro searchsettings\" data-id=\"1\" data-instance=\"1\"><form name='options' class=\"asp-fss-flex\" aria-label=\"Search settings form\" autocomplete = 'off'><input type=\"hidden\" name=\"current_page_id\" value=\"12286\"><input type='hidden' name='qtranslate_lang' value='0'\/><input type=\"hidden\" name=\"filters_changed\" value=\"0\"><input type=\"hidden\" name=\"filters_initial\" value=\"1\"><input type=\"hidden\" name=\"device\" value=\"1\"><fieldset data-asp_invalid_msg=\"This field is required!\" class=\"asp_filter_cpt asp_sett_scroll asp_checkboxes_filter_box\"><legend>Filtrar b\u00fasqueda seg\u00fan tipo:<\/legend><div class=\"asp_option asp_option_cat asp_option_selectall\" role=\"checkbox\" aria-checked=\"true\" tabindex=\"0\"><div class=\"asp_option_inner\"><input type=\"checkbox\" id=\"1_1customset_selectall\" aria-label=\"Seleccionar todos\" data-targetclass=\"asp_post_type_checkbox\" checked=\"checked\"\/><div class=\"asp_option_checkbox\"><\/div><\/div><div class=\"asp_option_label\"> Seleccionar todos <\/div><\/div><div class=\"asp_option asp_option_post_type asp_option_post_type_resolucion_rectoral\" role=\"checkbox\" aria-checked=\"true\" tabindex=\"0\"><div class=\"asp_option_inner\"><input type=\"checkbox\" value=\"resolucion_rectoral\" id=\"1_1customset_1_11\" aria-label=\"Resoluciones Rectorales\" class=\"asp_post_type_checkbox\" data-origvalue=\"1\" name=\"customset[]\" checked=\"checked\"\/><div class=\"asp_option_checkbox\"><\/div><\/div><div class=\"asp_option_label\"> Resoluciones Rectorales <\/div><\/div><div class=\"asp_option asp_option_post_type asp_option_post_type_resolucion_asamblea\" role=\"checkbox\" aria-checked=\"true\" tabindex=\"0\"><div class=\"asp_option_inner\"><input type=\"checkbox\" value=\"resolucion_asamblea\" id=\"1_1customset_1_12\" aria-label=\"Resoluciones de Asamblea Universitaria\" class=\"asp_post_type_checkbox\" data-origvalue=\"1\" name=\"customset[]\" checked=\"checked\"\/><div class=\"asp_option_checkbox\"><\/div><\/div><div class=\"asp_option_label\"> Resoluciones de Asamblea Universitaria <\/div><\/div><div class=\"asp_option asp_option_post_type asp_option_post_type_page\" role=\"checkbox\" aria-checked=\"true\" tabindex=\"0\"><div class=\"asp_option_inner\"><input type=\"checkbox\" value=\"page\" id=\"1_1customset_1_13\" aria-label=\"P\u00e1ginas\" class=\"asp_post_type_checkbox\" data-origvalue=\"1\" name=\"customset[]\" checked=\"checked\"\/><div class=\"asp_option_checkbox\"><\/div><\/div><div class=\"asp_option_label\"> P\u00e1ginas <\/div><\/div><div class=\"asp_option asp_option_post_type asp_option_post_type_resolucionesdecanale\" role=\"checkbox\" aria-checked=\"true\" tabindex=\"0\"><div class=\"asp_option_inner\"><input type=\"checkbox\" value=\"resolucionesdecanale\" id=\"1_1customset_1_14\" aria-label=\"Resoluciones Decanales\" class=\"asp_post_type_checkbox\" data-origvalue=\"1\" name=\"customset[]\" checked=\"checked\"\/><div class=\"asp_option_checkbox\"><\/div><\/div><div class=\"asp_option_label\"> Resoluciones Decanales <\/div><\/div><div class=\"asp_option asp_option_post_type asp_option_post_type_actasdeconsejos\" role=\"checkbox\" aria-checked=\"true\" tabindex=\"0\"><div class=\"asp_option_inner\"><input type=\"checkbox\" value=\"actasdeconsejos\" id=\"1_1customset_1_15\" aria-label=\"Actas de Consejos facultad,universitario y asambleas\" class=\"asp_post_type_checkbox\" data-origvalue=\"1\" name=\"customset[]\" checked=\"checked\"\/><div class=\"asp_option_checkbox\"><\/div><\/div><div class=\"asp_option_label\"> Actas de Consejos facultad,universitario y asambleas <\/div><\/div><\/fieldset><fieldset data-asp_invalid_msg=\"Please select a date!\" class=\"asp_filter_date\"><div class=\"asp_post_date_from\"><legend>Desde<\/legend><textarea class=\"asp_datepicker_format\" aria-hidden=\"true\" aria-label=\"Desde\" style=\"display:none !important;\">dd-mm-yy<\/textarea><input type=\"text\" aria-label=\"Desde\" placeholder=\"Seleccionar fecha inicio\" class=\"asp_datepicker\" name=\"post_date_from_real\" data-origvalue=\"2018-01-01\" value=\"2018-01-01\"><input type=\"hidden\" class=\"asp_datepicker_hidden\" name=\"post_date_from\" value=\"\"><\/div><div class=\"asp_post_date_to\"><legend>Hasta<\/legend><textarea class=\"asp_datepicker_format\" aria-hidden=\"true\" aria-label=\"Hasta\" style=\"display:none !important;\">dd-mm-yy<\/textarea><input type=\"text\" aria-label=\"Hasta\" placeholder=\"Seleccionar fecha fin\" class=\"asp_datepicker\" name=\"post_date_to_real\" data-origvalue=\"-0y -0m -0d\" value=\"-0y -0m -0d\"><input type=\"hidden\" class=\"asp_datepicker_hidden\" name=\"post_date_to\" value=\"\"><\/div><\/fieldset><div style=\"clear:both;\"><\/div><\/form><\/div><\/div>\n\n\n\n<p><\/p>\n","protected":false},"excerpt":{"rendered":"<p>Search Filtrar b\u00fasqueda seg\u00fan tipo: Seleccionar todos Resoluciones Rectorales Resoluciones de Asamblea Universitaria P\u00e1ginas Resoluciones Decanales Actas de Consejos facultad,universitario y asambleas Desdedd-mm-yyHastadd-mm-yy<\/p>\n","protected":false},"author":1,"featured_media":0,"parent":0,"menu_order":0,"comment_status":"closed","ping_status":"closed","template":"","meta":{"_acf_changed":false,"footnotes":""},"class_list":["post-12286","page","type-page","status-publish","hentry","description-off"],"acf":[],"_links":{"self":[{"href":"https:\/\/transparencia.unap.edu.pe\/web\/wp-json\/wp\/v2\/pages\/12286","targetHints":{"allow":["GET"]}}],"collection":[{"href":"https:\/\/transparencia.unap.edu.pe\/web\/wp-json\/wp\/v2\/pages"}],"about":[{"href":"https:\/\/transparencia.unap.edu.pe\/web\/wp-json\/wp\/v2\/types\/page"}],"author":[{"embeddable":true,"href":"https:\/\/transparencia.unap.edu.pe\/web\/wp-json\/wp\/v2\/users\/1"}],"replies":[{"embeddable":true,"href":"https:\/\/transparencia.unap.edu.pe\/web\/wp-json\/wp\/v2\/comments?post=12286"}],"version-history":[{"count":3,"href":"https:\/\/transparencia.unap.edu.pe\/web\/wp-json\/wp\/v2\/pages\/12286\/revisions"}],"predecessor-version":[{"id":12289,"href":"https:\/\/transparencia.unap.edu.pe\/web\/wp-json\/wp\/v2\/pages\/12286\/revisions\/12289"}],"wp:attachment":[{"href":"https:\/\/transparencia.unap.edu.pe\/web\/wp-json\/wp\/v2\/media?parent=12286"}],"curies":[{"name":"wp","href":"https:\/\/api.w.org\/{rel}","templated":true}]}}