{"id":12291,"date":"2025-08-04T09:15:06","date_gmt":"2025-08-04T14:15:06","guid":{"rendered":"https:\/\/transparencia.unap.edu.pe\/web\/?page_id=12291"},"modified":"2025-08-04T10:17:16","modified_gmt":"2025-08-04T15:17:16","slug":"defensoria-universitaria","status":"publish","type":"page","link":"https:\/\/transparencia.unap.edu.pe\/web\/defensoria-universitaria\/","title":{"rendered":"Defensoria Universitaria"},"content":{"rendered":"\t\t<div data-elementor-type=\"wp-page\" data-elementor-id=\"12291\" class=\"elementor elementor-12291\" data-elementor-post-type=\"page\">\n\t\t\t\t\t\t<section class=\"elementor-section elementor-top-section elementor-element elementor-element-12b0562 elementor-section-boxed elementor-section-height-default elementor-section-height-default\" data-id=\"12b0562\" data-element_type=\"section\" data-e-type=\"section\">\n\t\t\t\t\t\t<div class=\"elementor-container elementor-column-gap-default\">\n\t\t\t\t\t<div class=\"elementor-column elementor-col-66 elementor-top-column elementor-element elementor-element-ec45974\" data-id=\"ec45974\" data-element_type=\"column\" data-e-type=\"column\">\n\t\t\t<div class=\"elementor-widget-wrap elementor-element-populated\">\n\t\t\t\t\t\t<div class=\"elementor-element elementor-element-25e045a elementor-position-inline-start elementor-view-default elementor-mobile-position-block-start elementor-widget elementor-widget-icon-box\" data-id=\"25e045a\" data-element_type=\"widget\" data-e-type=\"widget\" data-widget_type=\"icon-box.default\">\n\t\t\t\t<div class=\"elementor-widget-container\">\n\t\t\t\t\t\t\t<div class=\"elementor-icon-box-wrapper\">\n\n\t\t\t\t\t\t<div class=\"elementor-icon-box-icon\">\n\t\t\t\t<span  class=\"elementor-icon\">\n\t\t\t\t<i aria-hidden=\"true\" class=\"far fa-list-alt\"><\/i>\t\t\t\t<\/span>\n\t\t\t<\/div>\n\t\t\t\n\t\t\t\t\t\t<div class=\"elementor-icon-box-content\">\n\n\t\t\t\t\t\t\t\t\t<h3 class=\"elementor-icon-box-title\">\n\t\t\t\t\t\t<span  >\n\t\t\t\t\t\t\tNormativa\t\t\t\t\t\t<\/span>\n\t\t\t\t\t<\/h3>\n\t\t\t\t\n\t\t\t\t\n\t\t\t<\/div>\n\t\t\t\n\t\t<\/div>\n\t\t\t\t\t\t<\/div>\n\t\t\t\t<\/div>\n\t\t\t\t<div class=\"elementor-element elementor-element-5e0cc4c content-align-left icon-box-vertical-align-top icon-position-left icon-vertical-align-start elementor-widget elementor-widget-the7_icon_box_grid_widget\" data-id=\"5e0cc4c\" data-element_type=\"widget\" data-e-type=\"widget\" data-widget_type=\"the7_icon_box_grid_widget.default\">\n\t\t\t\t<div class=\"elementor-widget-container\">\n\t\t\t\t\t<div class=\"the7-box-grid-wrapper the7-elementor-widget loading-effect-none the7_icon_box_grid_widget-5e0cc4c\">\t\t\t<div class=\"dt-css-grid\">\n\t\t\t\t\t\t\t\t\t<div class=\"wf-cell shown\">\n\t\t\t\t\t\t<div class=\"the7-icon-box-grid\">\t\t\t\t\t\t\t<div class=\"box-content-wrapper\">\n\t\t\t\t\t\t\t\t\t\t\t\t\t\t\t\t\t<a class=\"elementor-icon-div\" href=\"https:\/\/transparencia.unap.edu.pe\/web\/wp-content\/uploads\/2023\/07\/Reglamento-Defensoria-Universitaria-PTAIP.pdf\" aria-label=\"Reglamento de la defensoria Universitaria\">\t\t\t\t\t\t\t\t\t\t<div class=\"elementor-icon\">\n\t\t\t\t\t\t\t\t\t\t\t<i aria-hidden=\"true\" class=\" dt-icon-the7-arrow-552\"><\/i>\t\t\t\t\t\t\t\t\t\t<\/div>\n\t\t\t\t\t\t\t\t\t<\/a>\t\t\t\t\t\t\t\t\t\t\t\t\t\t\t\t<div class=\"box-content\">\n\t\t\t\t\t\t\t\t\t\t\t\t\t\t\t\t\t\t\t\t\t\t\t\t\t\t\t\t\t<h3 class=\"box-heading\">\n\t\t\t\t\t\t\t\t\t\t\t<a href=\"https:\/\/transparencia.unap.edu.pe\/web\/wp-content\/uploads\/2023\/07\/Reglamento-Defensoria-Universitaria-PTAIP.pdf\" aria-label=\"Reglamento de la defensoria Universitaria\">\t\t\t\t\t\t\t\t\t\t\t\tReglamento de la defensoria Universitaria\t\t\t\t\t\t\t\t\t\t\t<\/a>\t\t\t\t\t\t\t\t\t\t<\/h3>\n\t\t\t\t\t\t\t\t\t\t\t\t\t\t\t\t\t\t\t\t\t\t\t\t\t\t\t<a href=\"https:\/\/transparencia.unap.edu.pe\/web\/wp-content\/uploads\/2023\/07\/Reglamento-Defensoria-Universitaria-PTAIP.pdf\" aria-label=\"Reglamento de la defensoria Universitaria\" class=\"box-button elementor-button elementor-size-xs\">Visualizar<\/a>\t\t\t\t\t\t\t\t<\/div>\n\t\t\t\t\t\t\t<\/div>\n\t\t\t\t\t\t<\/div>\t\t\t\t\t<\/div>\n\t\t\t\t\t\t\t\t\t<div class=\"wf-cell shown\">\n\t\t\t\t\t\t<div class=\"the7-icon-box-grid\">\t\t\t\t\t\t\t<div class=\"box-content-wrapper\">\n\t\t\t\t\t\t\t\t\t\t\t\t\t\t\t\t\t<a class=\"elementor-icon-div\" href=\"https:\/\/transparencia.unap.edu.pe\/documentos\/27942_Ley_de_Prevenc_Hostiga.pdf\" aria-label=\"Ley N\u00b0 27942 - Ley de Prevenci\u00f3n y Sanci\u00f3n de hostigamineto sexual\">\t\t\t\t\t\t\t\t\t\t<div class=\"elementor-icon\">\n\t\t\t\t\t\t\t\t\t\t\t<i aria-hidden=\"true\" class=\" dt-icon-the7-arrow-552\"><\/i>\t\t\t\t\t\t\t\t\t\t<\/div>\n\t\t\t\t\t\t\t\t\t<\/a>\t\t\t\t\t\t\t\t\t\t\t\t\t\t\t\t<div class=\"box-content\">\n\t\t\t\t\t\t\t\t\t\t\t\t\t\t\t\t\t\t\t\t\t\t\t\t\t\t\t\t\t<h3 class=\"box-heading\">\n\t\t\t\t\t\t\t\t\t\t\t<a href=\"https:\/\/transparencia.unap.edu.pe\/documentos\/27942_Ley_de_Prevenc_Hostiga.pdf\" aria-label=\"Ley N\u00b0 27942 - Ley de Prevenci\u00f3n y Sanci\u00f3n de hostigamineto sexual\">\t\t\t\t\t\t\t\t\t\t\t\tLey N\u00b0 27942 - Ley de Prevenci\u00f3n y Sanci\u00f3n de hostigamineto sexual\t\t\t\t\t\t\t\t\t\t\t<\/a>\t\t\t\t\t\t\t\t\t\t<\/h3>\n\t\t\t\t\t\t\t\t\t\t\t\t\t\t\t\t\t\t\t\t\t\t\t\t\t\t\t<a href=\"https:\/\/transparencia.unap.edu.pe\/documentos\/27942_Ley_de_Prevenc_Hostiga.pdf\" aria-label=\"Ley N\u00b0 27942 - Ley de Prevenci\u00f3n y Sanci\u00f3n de hostigamineto sexual\" class=\"box-button elementor-button elementor-size-xs\">Visualizar<\/a>\t\t\t\t\t\t\t\t<\/div>\n\t\t\t\t\t\t\t<\/div>\n\t\t\t\t\t\t<\/div>\t\t\t\t\t<\/div>\n\t\t\t\t\t\t\t\t\t<div class=\"wf-cell shown\">\n\t\t\t\t\t\t<div class=\"the7-icon-box-grid\">\t\t\t\t\t\t\t<div class=\"box-content-wrapper\">\n\t\t\t\t\t\t\t\t\t\t\t\t\t\t\t\t\t<a class=\"elementor-icon-div\" href=\"https:\/\/cdn.www.gob.pe\/uploads\/document\/file\/343449\/ds_014_2019_mimp.pdf?v=1563808797\" aria-label=\"D.S. N\u00b0 014-2019-MIMP - Reglamento de la Ley de Prevenci\u00f3n y Sanci\u00f3n del hostigamiento sexual\">\t\t\t\t\t\t\t\t\t\t<div class=\"elementor-icon\">\n\t\t\t\t\t\t\t\t\t\t\t<i aria-hidden=\"true\" class=\" dt-icon-the7-arrow-552\"><\/i>\t\t\t\t\t\t\t\t\t\t<\/div>\n\t\t\t\t\t\t\t\t\t<\/a>\t\t\t\t\t\t\t\t\t\t\t\t\t\t\t\t<div class=\"box-content\">\n\t\t\t\t\t\t\t\t\t\t\t\t\t\t\t\t\t\t\t\t\t\t\t\t\t\t\t\t\t<h3 class=\"box-heading\">\n\t\t\t\t\t\t\t\t\t\t\t<a href=\"https:\/\/cdn.www.gob.pe\/uploads\/document\/file\/343449\/ds_014_2019_mimp.pdf?v=1563808797\" aria-label=\"D.S. N\u00b0 014-2019-MIMP - Reglamento de la Ley de Prevenci\u00f3n y Sanci\u00f3n del hostigamiento sexual\">\t\t\t\t\t\t\t\t\t\t\t\tD.S. N\u00b0 014-2019-MIMP - Reglamento de la Ley de Prevenci\u00f3n y Sanci\u00f3n del hostigamiento sexual\t\t\t\t\t\t\t\t\t\t\t<\/a>\t\t\t\t\t\t\t\t\t\t<\/h3>\n\t\t\t\t\t\t\t\t\t\t\t\t\t\t\t\t\t\t\t\t\t\t\t\t\t\t\t<a href=\"https:\/\/cdn.www.gob.pe\/uploads\/document\/file\/343449\/ds_014_2019_mimp.pdf?v=1563808797\" aria-label=\"D.S. N\u00b0 014-2019-MIMP - Reglamento de la Ley de Prevenci\u00f3n y Sanci\u00f3n del hostigamiento sexual\" class=\"box-button elementor-button elementor-size-xs\">Visualizar<\/a>\t\t\t\t\t\t\t\t<\/div>\n\t\t\t\t\t\t\t<\/div>\n\t\t\t\t\t\t<\/div>\t\t\t\t\t<\/div>\n\t\t\t\t\t\t\t\t\t<div class=\"wf-cell shown\">\n\t\t\t\t\t\t<div class=\"the7-icon-box-grid\">\t\t\t\t\t\t\t<div class=\"box-content-wrapper\">\n\t\t\t\t\t\t\t\t\t\t\t\t\t\t\t\t\t<a class=\"elementor-icon-div\" href=\"https:\/\/www.gob.pe\/institucion\/minedu\/normas-legales\/2513295-328-2021-minedu\" aria-label=\"Resoluci\u00f3n Viceministerial N\u00b0 328-2021-MINEDU\">\t\t\t\t\t\t\t\t\t\t<div class=\"elementor-icon\">\n\t\t\t\t\t\t\t\t\t\t\t<i aria-hidden=\"true\" class=\" dt-icon-the7-arrow-552\"><\/i>\t\t\t\t\t\t\t\t\t\t<\/div>\n\t\t\t\t\t\t\t\t\t<\/a>\t\t\t\t\t\t\t\t\t\t\t\t\t\t\t\t<div class=\"box-content\">\n\t\t\t\t\t\t\t\t\t\t\t\t\t\t\t\t\t\t\t\t\t\t\t\t\t\t\t\t\t<h3 class=\"box-heading\">\n\t\t\t\t\t\t\t\t\t\t\t<a href=\"https:\/\/www.gob.pe\/institucion\/minedu\/normas-legales\/2513295-328-2021-minedu\" aria-label=\"Resoluci\u00f3n Viceministerial N\u00b0 328-2021-MINEDU\">\t\t\t\t\t\t\t\t\t\t\t\tResoluci\u00f3n Viceministerial N\u00b0 328-2021-MINEDU\t\t\t\t\t\t\t\t\t\t\t<\/a>\t\t\t\t\t\t\t\t\t\t<\/h3>\n\t\t\t\t\t\t\t\t\t\t\t\t\t\t\t\t\t\t\t\t\t\t\t\t\t\t\t<a href=\"https:\/\/www.gob.pe\/institucion\/minedu\/normas-legales\/2513295-328-2021-minedu\" aria-label=\"Resoluci\u00f3n Viceministerial N\u00b0 328-2021-MINEDU\" class=\"box-button elementor-button elementor-size-xs\">Visualizar<\/a>\t\t\t\t\t\t\t\t<\/div>\n\t\t\t\t\t\t\t<\/div>\n\t\t\t\t\t\t<\/div>\t\t\t\t\t<\/div>\n\t\t\t\t\t\t\t<\/div>\n\t\t<\/div>\t\t\t\t<\/div>\n\t\t\t\t<\/div>\n\t\t\t\t\t<\/div>\n\t\t<\/div>\n\t\t\t\t<div class=\"elementor-column elementor-col-33 elementor-top-column elementor-element elementor-element-d5dc35a\" data-id=\"d5dc35a\" data-element_type=\"column\" data-e-type=\"column\">\n\t\t\t<div class=\"elementor-widget-wrap elementor-element-populated\">\n\t\t\t\t\t\t<div class=\"elementor-element elementor-element-e433741 elementor-position-inline-start elementor-view-default elementor-mobile-position-block-start elementor-widget elementor-widget-icon-box\" data-id=\"e433741\" data-element_type=\"widget\" data-e-type=\"widget\" data-widget_type=\"icon-box.default\">\n\t\t\t\t<div class=\"elementor-widget-container\">\n\t\t\t\t\t\t\t<div class=\"elementor-icon-box-wrapper\">\n\n\t\t\t\t\t\t<div class=\"elementor-icon-box-icon\">\n\t\t\t\t<span  class=\"elementor-icon\">\n\t\t\t\t<i aria-hidden=\"true\" class=\"fas fa-phone-volume\"><\/i>\t\t\t\t<\/span>\n\t\t\t<\/div>\n\t\t\t\n\t\t\t\t\t\t<div class=\"elementor-icon-box-content\">\n\n\t\t\t\t\t\t\t\t\t<h4 class=\"elementor-icon-box-title\">\n\t\t\t\t\t\t<span  >\n\t\t\t\t\t\t\tCANALES DE ATENCI\u00d3N\t\t\t\t\t\t<\/span>\n\t\t\t\t\t<\/h4>\n\t\t\t\t\n\t\t\t\t\n\t\t\t<\/div>\n\t\t\t\n\t\t<\/div>\n\t\t\t\t\t\t<\/div>\n\t\t\t\t<\/div>\n\t\t\t\t<div class=\"elementor-element elementor-element-b604f7a elementor-widget-divider--view-line elementor-widget elementor-widget-divider\" data-id=\"b604f7a\" data-element_type=\"widget\" data-e-type=\"widget\" data-widget_type=\"divider.default\">\n\t\t\t\t<div class=\"elementor-widget-container\">\n\t\t\t\t\t\t\t<div class=\"elementor-divider\">\n\t\t\t<span class=\"elementor-divider-separator\">\n\t\t\t\t\t\t<\/span>\n\t\t<\/div>\n\t\t\t\t\t\t<\/div>\n\t\t\t\t<\/div>\n\t\t\t\t<div class=\"elementor-element elementor-element-648cbdd elementor-widget elementor-widget-text-editor\" data-id=\"648cbdd\" data-element_type=\"widget\" data-e-type=\"widget\" data-widget_type=\"text-editor.default\">\n\t\t\t\t<div class=\"elementor-widget-container\">\n\t\t\t\t\t\t\t\t\t<p style=\"text-align: center;\"><strong>De Manera Presencial:<\/strong><\/p><p style=\"text-align: center;\">Campus universitario, Oficina N\u00b0 2093 &#8211; Auditorio Magno(parte posterior) 2do Nivel.<\/p><p style=\"text-align: center;\"><strong>V\u00eda Telef\u00f3nica:<\/strong><\/p><p style=\"text-align: center;\">951712500<\/p><p style=\"text-align: center;\"><strong>De manera virtual:<\/strong><\/p><p style=\"text-align: center;\"><a href=\"https:\/\/defensoria.unap.edu.pe\/\">https:\/\/defensoria.unap.edu.pe\/<\/a><\/p><p style=\"text-align: center;\"><strong>Correo Electr\u00f3nico:<\/strong><\/p><p style=\"text-align: center;\">defensoria@unap.edu.pe<\/p><p style=\"text-align: center;\"><strong>Facebook:<\/strong><\/p><p style=\"text-align: center;\">Defensoria Universitariia UNA Puno<\/p>\t\t\t\t\t\t\t\t<\/div>\n\t\t\t\t<\/div>\n\t\t\t\t\t<\/div>\n\t\t<\/div>\n\t\t\t\t\t<\/div>\n\t\t<\/section>\n\t\t\t\t<\/div>\n\t\t","protected":false},"excerpt":{"rendered":"<p>Normativa Reglamento de la defensoria Universitaria Visualizar Ley N\u00b0 27942 &#8211; Ley de Prevenci\u00f3n y Sanci\u00f3n de hostigamineto sexual Visualizar D.S. N\u00b0 014-2019-MIMP &#8211; Reglamento de la Ley de Prevenci\u00f3n y Sanci\u00f3n del hostigamiento sexual Visualizar Resoluci\u00f3n Viceministerial N\u00b0 328-2021-MINEDU Visualizar CANALES DE ATENCI\u00d3N De Manera Presencial: Campus universitario, Oficina N\u00b0 2093 &#8211; Auditorio Magno(parte&hellip;<\/p>\n","protected":false},"author":1,"featured_media":0,"parent":0,"menu_order":0,"comment_status":"closed","ping_status":"closed","template":"","meta":{"_acf_changed":false,"footnotes":""},"class_list":["post-12291","page","type-page","status-publish","hentry"],"acf":[],"_links":{"self":[{"href":"https:\/\/transparencia.unap.edu.pe\/web\/wp-json\/wp\/v2\/pages\/12291","targetHints":{"allow":["GET"]}}],"collection":[{"href":"https:\/\/transparencia.unap.edu.pe\/web\/wp-json\/wp\/v2\/pages"}],"about":[{"href":"https:\/\/transparencia.unap.edu.pe\/web\/wp-json\/wp\/v2\/types\/page"}],"author":[{"embeddable":true,"href":"https:\/\/transparencia.unap.edu.pe\/web\/wp-json\/wp\/v2\/users\/1"}],"replies":[{"embeddable":true,"href":"https:\/\/transparencia.unap.edu.pe\/web\/wp-json\/wp\/v2\/comments?post=12291"}],"version-history":[{"count":7,"href":"https:\/\/transparencia.unap.edu.pe\/web\/wp-json\/wp\/v2\/pages\/12291\/revisions"}],"predecessor-version":[{"id":12303,"href":"https:\/\/transparencia.unap.edu.pe\/web\/wp-json\/wp\/v2\/pages\/12291\/revisions\/12303"}],"wp:attachment":[{"href":"https:\/\/transparencia.unap.edu.pe\/web\/wp-json\/wp\/v2\/media?parent=12291"}],"curies":[{"name":"wp","href":"https:\/\/api.w.org\/{rel}","templated":true}]}}