{"id":13224,"date":"2026-02-02T08:00:01","date_gmt":"2026-02-02T13:00:01","guid":{"rendered":"https:\/\/transparencia.unap.edu.pe\/web\/?page_id=13224"},"modified":"2026-04-15T19:24:56","modified_gmt":"2026-04-16T00:24:56","slug":"relacion-de-grados-y-titulos-2026","status":"publish","type":"page","link":"https:\/\/transparencia.unap.edu.pe\/web\/relacion-de-grados-y-titulos-2026\/","title":{"rendered":"RELACI\u00d3N DE GRADOS Y T\u00cdTULOS 2026"},"content":{"rendered":"<div class=\"wpb-content-wrapper\"><p>[vc_row css=\u00bb.vc_custom_1679281386731{padding-top: 30px !important;padding-bottom: 30px !important;}\u00bb][vc_column][vc_text_separator title=\u00bbRELACI\u00d3N DE GRADOS, T\u00cdTULOS Y DIPLOMAS APROBADOS EN CONSEJO UNIVERSITARIO 2026&#8243; border_width=\u00bb2&#8243; css=\u00bb\u00bb][\/vc_column][\/vc_row][vc_row][vc_column width=\u00bb1\/2&#8243; offset=\u00bbvc_hidden-sm vc_hidden-xs\u00bb][vc_custom_heading text=\u00bbDETALLES\u00bb font_container=\u00bbtag:h4|text_align:center\u00bb css=\u00bb\u00bb][\/vc_column][vc_column width=\u00bb1\/6&#8243; offset=\u00bbvc_hidden-sm vc_hidden-xs\u00bb][vc_custom_heading text=\u00bbRESOLUCI\u00d3N<br \/>\nRECTORAL\u00bb font_container=\u00bbtag:h4|text_align:center\u00bb][\/vc_column][vc_column width=\u00bb1\/6&#8243; offset=\u00bbvc_hidden-sm vc_hidden-xs\u00bb][vc_custom_heading text=\u00bbLISTA\u00bb font_container=\u00bbtag:h4|text_align:center\u00bb][\/vc_column][vc_column width=\u00bb1\/6&#8243; offset=\u00bbvc_hidden-sm vc_hidden-xs\u00bb][vc_custom_heading text=\u00bbESTADO\u00bb font_container=\u00bbtag:h4|text_align:center\u00bb][\/vc_column][\/vc_row][vc_row css=\u00bb.vc_custom_1710258532569{padding-bottom: 15px !important;}\u00bb][vc_column width=\u00bb1\/2&#8243;][vc_cta h2=\u00bb\u00bb h2_font_container=\u00bbtag:h2|text_align:left|color:%23595959&#8243; h2_use_theme_fonts=\u00bbyes\u00bb h4=\u00bbGrados y T\u00edtulos del 07 de Abril del 2026&#8243; css=\u00bb.vc_custom_1776298483236{padding-bottom: 15px !important;}\u00bb use_custom_fonts_h2=\u00bbtrue\u00bb][\/vc_cta][\/vc_column][vc_column width=\u00bb1\/6&#8243;][vc_message icon_type=\u00bbopeniconic\u00bb css=\u00bb.vc_custom_1774628995379{padding-right: 0px !important;padding-bottom: 0px !important;padding-left: 0px !important;}\u00bb]&nbsp;<\/p>\n<p><!--a=1-->[\/vc_message][\/vc_column][vc_column width=\u00bb1\/6&#8243;][vc_btn title=\u00bbVER\u00bb style=\u00bbflat\u00bb color=\u00bbpeacoc\u00bb size=\u00bblg\u00bb align=\u00bbcenter\u00bb i_type=\u00bbmaterial\u00bb i_icon_material=\u00bbvc-material vc-material-picture_as_pdf\u00bb css=\u00bb\u00bb button_block=\u00bbtrue\u00bb add_icon=\u00bbtrue\u00bb link=\u00bburl:https%3A%2F%2Ftransparencia.unap.edu.pe%2Fdocumentos%2Fgradosytitulos%2F2026%2F07.04.2026%2520EXTRAORDINARIO.pdf\u00bb][\/vc_column][vc_column width=\u00bb1\/6&#8243;][vc_btn title=\u00bbEN PROCESO\u00bb style=\u00bbflat\u00bb color=\u00bbdanger\u00bb size=\u00bblg\u00bb align=\u00bbcenter\u00bb css=\u00bb\u00bb link=\u00bb|||\u00bb][\/vc_column][\/vc_row][vc_row css=\u00bb.vc_custom_1710258532569{padding-bottom: 15px !important;}\u00bb][vc_column width=\u00bb1\/2&#8243;][vc_cta h2=\u00bb\u00bb h2_font_container=\u00bbtag:h2|text_align:left|color:%23595959&#8243; h2_use_theme_fonts=\u00bbyes\u00bb h4=\u00bbGrados y T\u00edtulos del 26 de Marzo del 2026&#8243; css=\u00bb.vc_custom_1774629513530{padding-bottom: 15px !important;}\u00bb use_custom_fonts_h2=\u00bbtrue\u00bb][\/vc_cta][\/vc_column][vc_column width=\u00bb1\/6&#8243;][vc_message icon_type=\u00bbopeniconic\u00bb css=\u00bb.vc_custom_1776299090290{padding-right: 0px !important;padding-bottom: 0px !important;padding-left: 0px !important;}\u00bb]<\/p>\n<ul>\n<li style=\"list-style-type: none;\">\n<ul>\n<li><a href=\"https:\/\/transparencia.unap.edu.pe\/documentos\/gradosytitulos\/2026\/260326\/RR%20N%c2%b00564-2026-R-UNA.pdf\">Grado Acad\u00e9mico de Doctor<\/a><\/li>\n<li><a href=\"https:\/\/transparencia.unap.edu.pe\/documentos\/gradosytitulos\/2026\/260326\/RR%20N%c2%b00565-2026-R-UNA.pdf\">Grado Acad\u00e9mico de Maestro<\/a><\/li>\n<li><a href=\"https:\/\/transparencia.unap.edu.pe\/documentos\/gradosytitulos\/2026\/260326\/RR%20N%c2%b00566-2026-R-UNA.pdf\">Grado Acad\u00e9mico de Mag\u00edster Scientiae<\/a><\/li>\n<li><a href=\"https:\/\/transparencia.unap.edu.pe\/documentos\/gradosytitulos\/2026\/260326\/RR%20N%c2%b00567-2026-R-UNA.pdf\">T\u00edtulo de Segunda Especialidad<\/a><\/li>\n<li><a href=\"https:\/\/transparencia.unap.edu.pe\/documentos\/gradosytitulos\/2026\/260326\/RR%20N%c2%b00568-2026-R-UNA.pdf\">T\u00edtulo Profesional<\/a><\/li>\n<li><a href=\"https:\/\/transparencia.unap.edu.pe\/documentos\/gradosytitulos\/2026\/260326\/RR%20N%c2%b00569-2026-R-UNA.pdf\">Grado Acad\u00e9mico de Bachiller<\/a><\/li>\n<li><a href=\"https:\/\/transparencia.unap.edu.pe\/documentos\/gradosytitulos\/2026\/260326\/RR%20N%c2%b00570-2026-R-UNA.pdf\">Diploma de T\u00e9cnico en Ofim\u00e1tica<\/a><\/li>\n<li><a href=\"https:\/\/transparencia.unap.edu.pe\/documentos\/gradosytitulos\/2026\/260326\/RR%20N%c2%b00571-2026-R-UNA.pdf\">Diploma Programas de Idiomas<\/a><\/li>\n<\/ul>\n<\/li>\n<\/ul>\n<p>&nbsp;<\/p>\n<p><!--a=1-->[\/vc_message][\/vc_column][vc_column width=\u00bb1\/6&#8243;][vc_btn title=\u00bbVER\u00bb style=\u00bbflat\u00bb color=\u00bbpeacoc\u00bb size=\u00bblg\u00bb align=\u00bbcenter\u00bb i_type=\u00bbmaterial\u00bb i_icon_material=\u00bbvc-material vc-material-picture_as_pdf\u00bb css=\u00bb\u00bb button_block=\u00bbtrue\u00bb add_icon=\u00bbtrue\u00bb link=\u00bburl:https%3A%2F%2Ftransparencia.unap.edu.pe%2Fdocumentos%2Fgradosytitulos%2F2026%2F26.03.2026%2520EXTRAORDINARIO.pdf\u00bb][\/vc_column][vc_column width=\u00bb1\/6&#8243;][vc_btn title=\u00bbPARA ENTREGA\u00bb style=\u00bbflat\u00bb color=\u00bbsuccess\u00bb size=\u00bblg\u00bb align=\u00bbcenter\u00bb css=\u00bb\u00bb link=\u00bb|||\u00bb][\/vc_column][\/vc_row][vc_row css=\u00bb.vc_custom_1710258532569{padding-bottom: 15px !important;}\u00bb][vc_column width=\u00bb1\/2&#8243;][vc_cta h2=\u00bb\u00bb h2_font_container=\u00bbtag:h2|text_align:left|color:%23595959&#8243; h2_use_theme_fonts=\u00bbyes\u00bb h4=\u00bbGrados y T\u00edtulos del 19 de Marzo del 2026&#8243; css=\u00bb.vc_custom_1774628963509{padding-bottom: 15px !important;}\u00bb use_custom_fonts_h2=\u00bbtrue\u00bb][\/vc_cta][\/vc_column][vc_column width=\u00bb1\/6&#8243;][vc_message icon_type=\u00bbopeniconic\u00bb css=\u00bb.vc_custom_1776298964291{padding-right: 0px !important;padding-bottom: 0px !important;padding-left: 0px !important;}\u00bb]<\/p>\n<ul>\n<li style=\"list-style-type: none;\">\n<ul>\n<li><a href=\"https:\/\/transparencia.unap.edu.pe\/documentos\/gradosytitulos\/2026\/190326\/RR%20N%c2%b00426-2026-R-UNA.pdf\">Grado Acad\u00e9mico de Doctor<\/a><\/li>\n<li><a href=\"https:\/\/transparencia.unap.edu.pe\/documentos\/gradosytitulos\/2026\/190326\/RR%20N%c2%b00427-2026-R-UNA.pdf\">Grado Acad\u00e9mico de Maestro<\/a><\/li>\n<li><a href=\"https:\/\/transparencia.unap.edu.pe\/documentos\/gradosytitulos\/2026\/190326\/RR%20N%c2%b00428-2026-R-UNA.pdf\">Grado Acad\u00e9mico de Mag\u00edster Scientiae<\/a><\/li>\n<li><a href=\"https:\/\/transparencia.unap.edu.pe\/documentos\/gradosytitulos\/2026\/190326\/RR%20N%c2%b00429-2026-R-UNA.pdf\">T\u00edtulo de Segunda Especialidad<\/a><\/li>\n<li><a href=\"https:\/\/transparencia.unap.edu.pe\/documentos\/gradosytitulos\/2026\/190326\/RR%20N%c2%b00430-2026-R-UNA.pdf\">T\u00edtulo Profesional<\/a><\/li>\n<li><a href=\"https:\/\/transparencia.unap.edu.pe\/documentos\/gradosytitulos\/2026\/190326\/RR%20N%c2%b00431-2026-R-UNA.pdf\">Grado Acad\u00e9mico de Bachiller<\/a><\/li>\n<li><a href=\"https:\/\/transparencia.unap.edu.pe\/documentos\/gradosytitulos\/2026\/190326\/RR%20N%c2%b00432-2026-R-UNA.pdf\">Diploma Programas de Idiomas<\/a><\/li>\n<\/ul>\n<\/li>\n<\/ul>\n<p>&nbsp;[\/vc_message][\/vc_column][vc_column width=\u00bb1\/6&#8243;][vc_btn title=\u00bbVER\u00bb style=\u00bbflat\u00bb color=\u00bbpeacoc\u00bb size=\u00bblg\u00bb align=\u00bbcenter\u00bb i_type=\u00bbmaterial\u00bb i_icon_material=\u00bbvc-material vc-material-picture_as_pdf\u00bb css=\u00bb\u00bb button_block=\u00bbtrue\u00bb add_icon=\u00bbtrue\u00bb link=\u00bburl:https%3A%2F%2Ftransparencia.unap.edu.pe%2Fdocumentos%2Fgradosytitulos%2F2026%2F19.03.2026%2520ORDINARIO.pdf\u00bb][\/vc_column][vc_column width=\u00bb1\/6&#8243;][vc_btn title=\u00bbPARA ENTREGA\u00bb style=\u00bbflat\u00bb color=\u00bbsuccess\u00bb size=\u00bblg\u00bb align=\u00bbcenter\u00bb css=\u00bb\u00bb link=\u00bb|||\u00bb][\/vc_column][\/vc_row][vc_row css=\u00bb.vc_custom_1710258532569{padding-bottom: 15px !important;}\u00bb][vc_column width=\u00bb1\/2&#8243;][vc_cta h2=\u00bb\u00bb h2_font_container=\u00bbtag:h2|text_align:left|color:%23595959&#8243; h2_use_theme_fonts=\u00bbyes\u00bb h4=\u00bbGrados y T\u00edtulos del 03 de Febrero del 2026&#8243; css=\u00bb.vc_custom_1771419551909{padding-bottom: 15px !important;}\u00bb use_custom_fonts_h2=\u00bbtrue\u00bb][\/vc_cta][\/vc_column][vc_column width=\u00bb1\/6&#8243;][vc_message icon_type=\u00bbopeniconic\u00bb css=\u00bb.vc_custom_1771428293435{padding-right: 0px !important;padding-bottom: 0px !important;padding-left: 0px !important;}\u00bb]<\/p>\n<ul>\n<li style=\"list-style-type: none;\">\n<ul>\n<li><a href=\"https:\/\/transparencia.unap.edu.pe\/documentos\/gradosytitulos\/2026\/030226\/RR%20N%c2%b00182-2026-R-UNA.pdf\">Grado Acad\u00e9mico de Doctor<\/a><\/li>\n<li><a href=\"https:\/\/transparencia.unap.edu.pe\/documentos\/gradosytitulos\/2026\/030226\/RR%20N%c2%b00183-2026-R-UNA.pdf\">Grado Acad\u00e9mico de Maestro<\/a><\/li>\n<li><a href=\"https:\/\/transparencia.unap.edu.pe\/documentos\/gradosytitulos\/2026\/030226\/RR%20N%c2%b00184-2026-R-UNA.pdf\">Grado Acad\u00e9mico de Mag\u00edster Scientiae<\/a><\/li>\n<li><a href=\"https:\/\/transparencia.unap.edu.pe\/documentos\/gradosytitulos\/2026\/030226\/RR%20N%c2%b00185-2026-R-UNA.pdf\">T\u00edtulo de Segunda Especialidad<\/a><\/li>\n<li><a href=\"https:\/\/transparencia.unap.edu.pe\/documentos\/gradosytitulos\/2026\/030226\/RR%20N%c2%b00186-2026-R-UNA.pdf\">T\u00edtulo Profesional<\/a><\/li>\n<li><a href=\"https:\/\/transparencia.unap.edu.pe\/documentos\/gradosytitulos\/2026\/030226\/RR%20N%c2%b00187-2026-R-UNA.pdf\">Grado Acad\u00e9mico de Bachiller<\/a><\/li>\n<li><a href=\"https:\/\/transparencia.unap.edu.pe\/documentos\/gradosytitulos\/2026\/030226\/RR%20N%c2%b00189-2026-R-UNA.pdf\">Diploma Programas de Idiomas<\/a><\/li>\n<li><a href=\"https:\/\/transparencia.unap.edu.pe\/documentos\/gradosytitulos\/2026\/030226\/RR%20N%c2%b00190-2026-R-UNA.pdf\">Diploma de T\u00e9cnico en Ofim\u00e1tica<\/a><\/li>\n<li><a href=\"https:\/\/transparencia.unap.edu.pe\/documentos\/gradosytitulos\/2026\/030226\/RR%20N%c2%b00188-2026-R-UNA.pdf\">Diploma de Menci\u00f3n en Microbiolog\u00eda y Laboratorio Cl\u00ednico<\/a><\/li>\n<\/ul>\n<\/li>\n<\/ul>\n<p><!--a=1--><br \/>\n<!--a=1--><\/p>\n<p><!--a=1--><!--a=1-->[\/vc_message][\/vc_column][vc_column width=\u00bb1\/6&#8243;][vc_btn title=\u00bbVER\u00bb style=\u00bbflat\u00bb color=\u00bbpeacoc\u00bb size=\u00bblg\u00bb align=\u00bbcenter\u00bb i_type=\u00bbmaterial\u00bb i_icon_material=\u00bbvc-material vc-material-picture_as_pdf\u00bb css=\u00bb\u00bb button_block=\u00bbtrue\u00bb add_icon=\u00bbtrue\u00bb link=\u00bburl:https%3A%2F%2Ftransparencia.unap.edu.pe%2Fdocumentos%2Fgradosytitulos%2F2026%2F03.02.2026%2520EXTRAORDINARIO.pdf\u00bb][\/vc_column][vc_column width=\u00bb1\/6&#8243;][vc_btn title=\u00bbPARA ENTREGA\u00bb style=\u00bbflat\u00bb color=\u00bbsuccess\u00bb size=\u00bblg\u00bb align=\u00bbcenter\u00bb css=\u00bb\u00bb link=\u00bb|||\u00bb][\/vc_column][\/vc_row][vc_row css=\u00bb.vc_custom_1710258532569{padding-bottom: 15px !important;}\u00bb][vc_column width=\u00bb1\/2&#8243;][vc_cta h2=\u00bb\u00bb h2_font_container=\u00bbtag:h2|text_align:left|color:%23595959&#8243; h2_use_theme_fonts=\u00bbyes\u00bb h4=\u00bbGrados y T\u00edtulos del 13 de Enero del 2026&#8243; css=\u00bb.vc_custom_1770037490674{padding-bottom: 15px !important;}\u00bb use_custom_fonts_h2=\u00bbtrue\u00bb][\/vc_cta][\/vc_column][vc_column width=\u00bb1\/6&#8243;][vc_message icon_type=\u00bbopeniconic\u00bb css=\u00bb.vc_custom_1771427907055{padding-right: 0px !important;padding-bottom: 0px !important;padding-left: 0px !important;}\u00bb]<\/p>\n<ul>\n<li style=\"list-style-type: none;\">\n<ul>\n<li><a href=\"https:\/\/transparencia.unap.edu.pe\/documentos\/gradosytitulos\/2026\/130126\/RR%20N%c2%b00041-2026-R-UNA.pdf\">Grado Acad\u00e9mico de Doctoris Scientiae<\/a><\/li>\n<li><a href=\"https:\/\/transparencia.unap.edu.pe\/documentos\/gradosytitulos\/2026\/130126\/RR%20N%c2%b00040-2026-R-UNA.pdf\">Grado Acad\u00e9mico de Doctor<\/a><\/li>\n<li><a href=\"https:\/\/transparencia.unap.edu.pe\/documentos\/gradosytitulos\/2026\/130126\/RR%20N%c2%b00042-2026-R-UNA.pdf\">Grado Acad\u00e9mico de Maestro<\/a><\/li>\n<li><a href=\"https:\/\/transparencia.unap.edu.pe\/documentos\/gradosytitulos\/2026\/130126\/RR%20N%c2%b00043-2026-R-UNA.pdf\">Grado Acad\u00e9mico de Mag\u00edster Scientiae<\/a><\/li>\n<li><a href=\"https:\/\/transparencia.unap.edu.pe\/documentos\/gradosytitulos\/2026\/130126\/RR%20N%c2%b00044-2026-R-UNA.pdf\">T\u00edtulo de Segunda Especialidad<\/a><\/li>\n<li><a href=\"https:\/\/transparencia.unap.edu.pe\/documentos\/gradosytitulos\/2026\/130126\/RR%20N%c2%b00045-2026-R-UNA.pdf\">T\u00edtulo Profesional<\/a><\/li>\n<li><a href=\"https:\/\/transparencia.unap.edu.pe\/documentos\/gradosytitulos\/2026\/130126\/RR%20N%c2%b00046-2026-R-UNA.pdf\">Grado Acad\u00e9mico de Bachiller<\/a><\/li>\n<li><a href=\"https:\/\/transparencia.unap.edu.pe\/documentos\/gradosytitulos\/2026\/130126\/RR%20N%c2%b00047-2026-R-UNA.pdf\">Diploma Programas de Idiomas<\/a><\/li>\n<li><a href=\"https:\/\/transparencia.unap.edu.pe\/documentos\/gradosytitulos\/2026\/130126\/RR%20N%c2%b00048-2026-R-UNA.pdf\">Diploma de T\u00e9cnico en Ofim\u00e1tica<\/a><\/li>\n<\/ul>\n<\/li>\n<\/ul>\n<p><!--a=1--><!--a=1-->[\/vc_message][\/vc_column][vc_column width=\u00bb1\/6&#8243;][vc_btn title=\u00bbVER\u00bb style=\u00bbflat\u00bb color=\u00bbpeacoc\u00bb size=\u00bblg\u00bb align=\u00bbcenter\u00bb i_type=\u00bbmaterial\u00bb i_icon_material=\u00bbvc-material vc-material-picture_as_pdf\u00bb css=\u00bb\u00bb button_block=\u00bbtrue\u00bb add_icon=\u00bbtrue\u00bb link=\u00bburl:https%3A%2F%2Ftransparencia.unap.edu.pe%2Fdocumentos%2Fgradosytitulos%2F2026%2F13.01.2026%2520ORDINARIO.pdf\u00bb][\/vc_column][vc_column width=\u00bb1\/6&#8243;][vc_btn title=\u00bbPARA ENTREGA\u00bb style=\u00bbflat\u00bb color=\u00bbsuccess\u00bb size=\u00bblg\u00bb align=\u00bbcenter\u00bb css=\u00bb\u00bb link=\u00bb|||\u00bb][\/vc_column][\/vc_row]<\/p>\n<\/div>","protected":false},"excerpt":{"rendered":"<p>[vc_row css=\u00bb.vc_custom_1679281386731{padding-top: 30px !important;padding-bottom: 30px !important;}\u00bb][vc_column][vc_text_separator title=\u00bbRELACI\u00d3N DE GRADOS, T\u00cdTULOS Y DIPLOMAS APROBADOS EN CONSEJO UNIVERSITARIO 2026&#8243; border_width=\u00bb2&#8243; css=\u00bb\u00bb][\/vc_column][\/vc_row][vc_row][vc_column width=\u00bb1\/2&#8243; offset=\u00bbvc_hidden-sm vc_hidden-xs\u00bb][vc_custom_heading text=\u00bbDETALLES\u00bb font_container=\u00bbtag:h4|text_align:center\u00bb css=\u00bb\u00bb][\/vc_column][vc_column width=\u00bb1\/6&#8243; offset=\u00bbvc_hidden-sm vc_hidden-xs\u00bb][vc_custom_heading text=\u00bbRESOLUCI\u00d3N RECTORAL\u00bb font_container=\u00bbtag:h4|text_align:center\u00bb][\/vc_column][vc_column width=\u00bb1\/6&#8243; offset=\u00bbvc_hidden-sm vc_hidden-xs\u00bb][vc_custom_heading text=\u00bbLISTA\u00bb font_container=\u00bbtag:h4|text_align:center\u00bb][\/vc_column][vc_column width=\u00bb1\/6&#8243; offset=\u00bbvc_hidden-sm vc_hidden-xs\u00bb][vc_custom_heading text=\u00bbESTADO\u00bb font_container=\u00bbtag:h4|text_align:center\u00bb][\/vc_column][\/vc_row][vc_row css=\u00bb.vc_custom_1710258532569{padding-bottom: 15px !important;}\u00bb][vc_column width=\u00bb1\/2&#8243;][vc_cta h2=\u00bb\u00bb h2_font_container=\u00bbtag:h2|text_align:left|color:%23595959&#8243; h2_use_theme_fonts=\u00bbyes\u00bb h4=\u00bbGrados y T\u00edtulos del 07 de Abril&hellip;<\/p>\n","protected":false},"author":1,"featured_media":0,"parent":0,"menu_order":0,"comment_status":"closed","ping_status":"closed","template":"","meta":{"_acf_changed":false,"footnotes":""},"class_list":["post-13224","page","type-page","status-publish","hentry","description-off"],"acf":[],"_links":{"self":[{"href":"https:\/\/transparencia.unap.edu.pe\/web\/wp-json\/wp\/v2\/pages\/13224","targetHints":{"allow":["GET"]}}],"collection":[{"href":"https:\/\/transparencia.unap.edu.pe\/web\/wp-json\/wp\/v2\/pages"}],"about":[{"href":"https:\/\/transparencia.unap.edu.pe\/web\/wp-json\/wp\/v2\/types\/page"}],"author":[{"embeddable":true,"href":"https:\/\/transparencia.unap.edu.pe\/web\/wp-json\/wp\/v2\/users\/1"}],"replies":[{"embeddable":true,"href":"https:\/\/transparencia.unap.edu.pe\/web\/wp-json\/wp\/v2\/comments?post=13224"}],"version-history":[{"count":16,"href":"https:\/\/transparencia.unap.edu.pe\/web\/wp-json\/wp\/v2\/pages\/13224\/revisions"}],"predecessor-version":[{"id":13636,"href":"https:\/\/transparencia.unap.edu.pe\/web\/wp-json\/wp\/v2\/pages\/13224\/revisions\/13636"}],"wp:attachment":[{"href":"https:\/\/transparencia.unap.edu.pe\/web\/wp-json\/wp\/v2\/media?parent=13224"}],"curies":[{"name":"wp","href":"https:\/\/api.w.org\/{rel}","templated":true}]}}