{"id":24,"date":"2016-01-29T10:24:10","date_gmt":"2016-01-29T10:24:10","guid":{"rendered":"https:\/\/the7.io\/beauty-studio\/?page_id=24"},"modified":"2023-03-19T22:23:59","modified_gmt":"2023-03-19T22:23:59","slug":"capacitaciones","status":"publish","type":"page","link":"https:\/\/transparencia.unap.edu.pe\/web\/nosotros\/capacitaciones\/","title":{"rendered":"Capacitaciones"},"content":{"rendered":"<div class=\"wpb-content-wrapper\"><p>[vc_row equal_height=\u00bbyes\u00bb content_placement=\u00bbmiddle\u00bb type=\u00bbvc_default\u00bb margin_top=\u00bb10&#8243; margin_bottom=\u00bb25&#8243; css=\u00bb.vc_custom_1490526340467{padding-top: 70px !important;padding-bottom: 20px !important;}\u00bb][vc_column width=\u00bb2\/3&#8243; css=\u00bb.vc_custom_1498750429084{padding-bottom: 50px !important;}\u00bb offset=\u00bbvc_col-lg-offset-0 vc_col-lg-6 vc_col-md-offset-0 vc_col-md-6 vc_col-sm-offset-2 vc_col-xs-12&#8243;]<style type=\"text\/css\" data-type=\"the7_shortcodes-inline-css\">.shortcode-single-image-wrap.shortcode-single-image-9bffa2a59815b231265d731b34d57858.enable-bg-rollover .rollover i,\n.shortcode-single-image-wrap.shortcode-single-image-9bffa2a59815b231265d731b34d57858.enable-bg-rollover .rollover-video i {\n  background: -webkit-linear-gradient();\n  background: linear-gradient();\n}\n.shortcode-single-image-wrap.shortcode-single-image-9bffa2a59815b231265d731b34d57858 .rollover-icon {\n  font-size: 32px;\n  color: #ffffff;\n  min-width: 44px;\n  min-height: 44px;\n  line-height: 44px;\n  border-radius: 100px;\n  border-style: solid;\n  border-width: 0px;\n}\n.dt-icon-bg-on.shortcode-single-image-wrap.shortcode-single-image-9bffa2a59815b231265d731b34d57858 .rollover-icon {\n  background: rgba(255,255,255,0.3);\n  box-shadow: none;\n}\n<\/style><div class=\"shortcode-single-image-wrap shortcode-single-image-9bffa2a59815b231265d731b34d57858 alignnone  enable-bg-rollover dt-icon-bg-off\" style=\"margin-top:0px; margin-bottom:0px; margin-left:0px; margin-right:0px; width:800px;\"><div class=\"shortcode-single-image\"><div class=\"fancy-media-wrap  layzr-bg\" style=\"\"><img fetchpriority=\"high\" decoding=\"async\" class=\"preload-me lazy-load aspect\" src=\"data:image\/svg+xml,%3Csvg%20xmlns%3D&#39;http%3A%2F%2Fwww.w3.org%2F2000%2Fsvg&#39;%20viewBox%3D&#39;0%200%20625%20781&#39;%2F%3E\" data-src=\"https:\/\/transparencia.unap.edu.pe\/web\/wp-content\/uploads\/2023\/03\/ponencia-625x781.png\" data-srcset=\"https:\/\/transparencia.unap.edu.pe\/web\/wp-content\/uploads\/2023\/03\/ponencia-625x781.png 625w\" loading=\"eager\" sizes=\"(max-width: 625px) 100vw, 625px\" width=\"625\" height=\"781\"  data-dt-location=\"https:\/\/transparencia.unap.edu.pe\/web\/nosotros\/capacitaciones\/ponencia\/\" style=\"--ratio: 625 \/ 781;\" alt=\"\" \/><\/div><\/div><\/div>[\/vc_column][vc_column width=\u00bb2\/3&#8243; css=\u00bb.vc_custom_1498750488327{padding-bottom: 50px !important;}\u00bb offset=\u00bbvc_col-lg-offset-0 vc_col-lg-6 vc_col-md-offset-0 vc_col-md-6 vc_col-sm-offset-2 vc_col-xs-12&#8243;]<div id=\"ultimate-heading-220769d020cc92424\" class=\"uvc-heading ult-adjust-bottom-margin ultimate-heading-220769d020cc92424 uvc-9459 color-title accent-title-color\" data-hspacer=\"no_spacer\"  data-halign=\"left\" style=\"text-align:left\"><div class=\"uvc-heading-spacer no_spacer\" style=\"top\"><\/div><div class=\"uvc-main-heading ult-responsive\"  data-ultimate-target='.uvc-heading.ultimate-heading-220769d020cc92424 h2'  data-responsive-json-new='{\"font-size\":\"desktop:20px;\",\"line-height\":\"desktop:26px;\"}' ><h2 style=\"font-weight:bold;margin-bottom:5px;\">2020<\/h2><\/div><div class=\"uvc-sub-heading ult-responsive\"  data-ultimate-target='.uvc-heading.ultimate-heading-220769d020cc92424 .uvc-sub-heading '  data-responsive-json-new='{\"font-size\":\"desktop:34px;\",\"line-height\":\"desktop:40px;\"}'  style=\"font-family:&#039;Open Sans Condensed&#039;;font-weight:700;margin-bottom:20px;\">CAPACITACI\u00d3N EN TRANSPARENCIA Y ACCESO A LA INFORMACI\u00d3N P\u00daBLICA<\/div><\/div>[vc_column_text css=\u00bb.vc_custom_1679264028511{padding-bottom: 20px !important;}\u00bb]Organizado por: Universidad Nacional del Altiplano<\/p>\n<p>Ponencia: Autoridad Nacional de Transparencia y Acceso a la Informaci\u00f3n p\u00fablica &#8211; Lima<\/p>\n<p>Dirigido: Funcionarios, servidores p\u00fablicos, docentes, estudiantes y p\u00fablico en general.[\/vc_column_text]<div class=\"standard-number-list bullet-top\"><ul>\n<li>El ejercicio del derecho de acceso a la informaci\u00f3n p\u00fablica, mediante las solicitudes de acceso a la informaci\u00f3n.<\/li>\n<li>Las obligaciones de transparencia de las entidades p\u00fablicas, mediante el uso del Portal de Transparencia Est\u00e1ndar.<\/li>\n<li>Los nuevos entes garantes del derecho de acceso a la informaci\u00f3n p\u00fablica: La Autoridad Nacional de Transparencia y Acceso a la Informaci\u00f3n P\u00fablica y el Tribunal de Transparencia y Acceso a la Informaci\u00f3n P\u00fablica.<\/li>\n<li>Las obligaciones de los funcionarios y servidores p\u00fablicos en materia de transparencia y acceso a la informaci\u00f3n p\u00fablica.<\/li>\n<li>El nuevo r\u00e9gimen sancionador por la transgresi\u00f3n al r\u00e9gimen de la transparencia y acceso a la informaci\u00f3n p\u00fablica.<\/li>\n<\/ul>\n<\/div><style type=\"text\/css\" data-type=\"the7_shortcodes-inline-css\">#default-btn-bc4cc2621bd2d0ae8e35f9c2876e5ca4.ico-right-side > i {\n  margin-right: 0px;\n  margin-left: 8px;\n}\n#default-btn-bc4cc2621bd2d0ae8e35f9c2876e5ca4 > i {\n  margin-right: 8px;\n}\n<\/style><a href=\"https:\/\/www.facebook.com\/watch\/live\/?ref=watch_permalink&amp;v=592199611671930\" class=\"default-btn-shortcode dt-btn dt-btn-m link-hover-off btn-inline-left  vc_custom_1679264613232\" id=\"default-btn-bc4cc2621bd2d0ae8e35f9c2876e5ca4\"><span>Ver Grabaci\u00f3n<\/span><\/a>[\/vc_column][\/vc_row]<\/p>\n<\/div>","protected":false},"excerpt":{"rendered":"<p>[vc_row equal_height=\u00bbyes\u00bb content_placement=\u00bbmiddle\u00bb type=\u00bbvc_default\u00bb margin_top=\u00bb10&#8243; margin_bottom=\u00bb25&#8243; css=\u00bb.vc_custom_1490526340467{padding-top: 70px !important;padding-bottom: 20px !important;}\u00bb][vc_column width=\u00bb2\/3&#8243; css=\u00bb.vc_custom_1498750429084{padding-bottom: 50px !important;}\u00bb offset=\u00bbvc_col-lg-offset-0 vc_col-lg-6 vc_col-md-offset-0 vc_col-md-6 vc_col-sm-offset-2 vc_col-xs-12&#8243;][\/vc_column][vc_column width=\u00bb2\/3&#8243; css=\u00bb.vc_custom_1498750488327{padding-bottom: 50px !important;}\u00bb offset=\u00bbvc_col-lg-offset-0 vc_col-lg-6 vc_col-md-offset-0 vc_col-md-6 vc_col-sm-offset-2 vc_col-xs-12&#8243;][vc_column_text css=\u00bb.vc_custom_1679264028511{padding-bottom: 20px !important;}\u00bb]Organizado por: Universidad Nacional del Altiplano Ponencia: Autoridad Nacional de Transparencia y Acceso a la Informaci\u00f3n p\u00fablica &#8211; Lima Dirigido: Funcionarios, servidores&hellip;<\/p>\n","protected":false},"author":1,"featured_media":0,"parent":8727,"menu_order":500,"comment_status":"closed","ping_status":"closed","template":"","meta":{"_acf_changed":false,"footnotes":""},"class_list":["post-24","page","type-page","status-publish","hentry","description-off"],"acf":[],"_links":{"self":[{"href":"https:\/\/transparencia.unap.edu.pe\/web\/wp-json\/wp\/v2\/pages\/24","targetHints":{"allow":["GET"]}}],"collection":[{"href":"https:\/\/transparencia.unap.edu.pe\/web\/wp-json\/wp\/v2\/pages"}],"about":[{"href":"https:\/\/transparencia.unap.edu.pe\/web\/wp-json\/wp\/v2\/types\/page"}],"author":[{"embeddable":true,"href":"https:\/\/transparencia.unap.edu.pe\/web\/wp-json\/wp\/v2\/users\/1"}],"replies":[{"embeddable":true,"href":"https:\/\/transparencia.unap.edu.pe\/web\/wp-json\/wp\/v2\/comments?post=24"}],"version-history":[{"count":2,"href":"https:\/\/transparencia.unap.edu.pe\/web\/wp-json\/wp\/v2\/pages\/24\/revisions"}],"predecessor-version":[{"id":9013,"href":"https:\/\/transparencia.unap.edu.pe\/web\/wp-json\/wp\/v2\/pages\/24\/revisions\/9013"}],"up":[{"embeddable":true,"href":"https:\/\/transparencia.unap.edu.pe\/web\/wp-json\/wp\/v2\/pages\/8727"}],"wp:attachment":[{"href":"https:\/\/transparencia.unap.edu.pe\/web\/wp-json\/wp\/v2\/media?parent=24"}],"curies":[{"name":"wp","href":"https:\/\/api.w.org\/{rel}","templated":true}]}}