{"id":3417,"date":"2020-03-22T23:23:35","date_gmt":"2020-03-22T23:23:35","guid":{"rendered":"http:\/\/localhost\/transparencia\/?page_id=3417"},"modified":"2025-03-28T07:32:48","modified_gmt":"2025-03-28T12:32:48","slug":"art-11-transparencia-de-universidades","status":"publish","type":"page","link":"https:\/\/transparencia.unap.edu.pe\/web\/art-11-transparencia-de-universidades\/","title":{"rendered":"Art. 11 Transparencia de Universidades"},"content":{"rendered":"<div class=\"wpb-content-wrapper\"><p>[vc_row css=\u00bb.vc_custom_1678668455780{padding-bottom: 20px !important;}\u00bb][vc_column css=\u00bb.vc_custom_1678668515819{padding-bottom: 20px !important;}\u00bb][vc_cta h2=\u00bb\u00bb txt_align=\u00bbcenter\u00bb style=\u00bb3d\u00bb color=\u00bborange\u00bb add_icon=\u00bbleft\u00bb i_icon_fontawesome=\u00bbfas fa-book\u00bb i_color=\u00bbcustom\u00bb i_size=\u00bbxl\u00bb i_custom_color=\u00bb#183964&#8243;]<\/p>\n<h4>Las universidades p\u00fablicas y privadas tienen la obligaci\u00f3n de publicar en sus portales electr\u00f3nicos, en forma permanente y actualizada, como m\u00ednimo, la informaci\u00f3n correspondiente a<\/h4>\n<p>[\/vc_cta][\/vc_column][vc_column width=\u00bb1\/3&#8243;][vc_row_inner][vc_column_inner width=\u00bb1\/4&#8243;][vc_custom_heading text=\u00bb11.1&#8243; font_container=\u00bbtag:h4|text_align:center|color:%23dd9933&#8243; google_fonts=\u00bbfont_family:Arimo%3Aregular%2Citalic%2C700%2C700italic|font_style:700%20bold%20regular%3A700%3Anormal\u00bb][\/vc_column_inner][vc_column_inner width=\u00bb1\/2&#8243;][vc_icon type=\u00bbmaterial\u00bb icon_material=\u00bbvc-material vc-material-assignment\u00bb color=\u00bbcustom\u00bb background_style=\u00bbboxed-outline\u00bb size=\u00bbxl\u00bb align=\u00bbcenter\u00bb css=\u00bb.vc_custom_1589148595722{background-position: 0 0 !important;background-repeat: no-repeat !important;}\u00bb custom_color=\u00bb#246396&#8243;][\/vc_column_inner][vc_column_inner width=\u00bb1\/4&#8243;][\/vc_column_inner][\/vc_row_inner][vc_btn title=\u00bb11.1 El Estatuto, el Texto \u00danico de Procedimientos Administrativos (TUPA), el Plan Estrat\u00e9gico Institucional y el reglamento de la universidad.\u00bb style=\u00bbcustom\u00bb custom_background=\u00bb#246396&#8243; custom_text=\u00bb#ffffff\u00bb align=\u00bbcenter\u00bb i_icon_fontawesome=\u00bbfas fa-file-invoice\u00bb add_icon=\u00bbtrue\u00bb link=\u00bburl:https%3A%2F%2Ftransparencia.unap.edu.pe%2Fweb%2F11-1-el-estatuto-el-texto-unico-de-procedimientos-administrativos-tupa-el-plan-estrategico-institucional-y-el-reglamento-de-la-universidad%2F|title:11.1||\u00bb][\/vc_column][vc_column width=\u00bb1\/3&#8243;][vc_row_inner][vc_column_inner width=\u00bb1\/4&#8243;][vc_custom_heading text=\u00bb11.2&#8243; font_container=\u00bbtag:h4|text_align:center|color:%23dd9933&#8243; google_fonts=\u00bbfont_family:Arimo%3Aregular%2Citalic%2C700%2C700italic|font_style:700%20bold%20regular%3A700%3Anormal\u00bb][\/vc_column_inner][vc_column_inner width=\u00bb1\/2&#8243;][vc_icon type=\u00bbmaterial\u00bb icon_material=\u00bbvc-material vc-material-library_books\u00bb color=\u00bbcustom\u00bb background_style=\u00bbboxed-outline\u00bb size=\u00bbxl\u00bb align=\u00bbcenter\u00bb css=\u00bb.vc_custom_1589148584509{background-position: 0 0 !important;background-repeat: no-repeat !important;}\u00bb custom_color=\u00bb#246396&#8243;][\/vc_column_inner][vc_column_inner width=\u00bb1\/4&#8243;][\/vc_column_inner][\/vc_row_inner][vc_btn title=\u00bb11.2 Las Actas aprobadas en las sesiones de Consejo de Facultad, de Consejo Universitario y de Asamblea Universitaria\u00bb style=\u00bbcustom\u00bb custom_background=\u00bb#246396&#8243; custom_text=\u00bb#ffffff\u00bb align=\u00bbcenter\u00bb i_icon_fontawesome=\u00bbfas fa-file-invoice\u00bb add_icon=\u00bbtrue\u00bb link=\u00bburl:https%3A%2F%2Ftransparencia.unap.edu.pe%2Fweb%2Factas-consejouniversitario-asamblea%2F|title:11.2%20Las%20Actas%20aprobadas%20en%20las%20sesiones%20de%20Consejo%20de%20Facultad%2C%20de%20Consejo%20Universitario%20y%20de%20Asamblea%20Universitaria||\u00bb][\/vc_column][vc_column width=\u00bb1\/3&#8243;][vc_row_inner][vc_column_inner width=\u00bb1\/4&#8243;][vc_custom_heading text=\u00bb11.3&#8243; font_container=\u00bbtag:h4|text_align:center|color:%23dd9933&#8243; google_fonts=\u00bbfont_family:Arimo%3Aregular%2Citalic%2C700%2C700italic|font_style:700%20bold%20regular%3A700%3Anormal\u00bb][\/vc_column_inner][vc_column_inner width=\u00bb1\/2&#8243;][vc_icon icon_fontawesome=\u00bbfas fa-chart-bar\u00bb color=\u00bbcustom\u00bb background_style=\u00bbboxed-outline\u00bb size=\u00bbxl\u00bb align=\u00bbcenter\u00bb css=\u00bb.vc_custom_1589148615078{background-position: 0 0 !important;background-repeat: no-repeat !important;}\u00bb custom_color=\u00bb#246396&#8243;][\/vc_column_inner][vc_column_inner width=\u00bb1\/4&#8243;][\/vc_column_inner][\/vc_row_inner][vc_btn title=\u00bb11.3 Estados Financieros de la Universidad, el Presupuesto Institucional Modificado, la actualizaci\u00f3n la Ejecuci\u00f3n Presupuestal y Balances\u00bb style=\u00bbcustom\u00bb custom_background=\u00bb#246396&#8243; custom_text=\u00bb#ffffff\u00bb align=\u00bbcenter\u00bb i_icon_fontawesome=\u00bbfas fa-file-invoice\u00bb css=\u00bb\u00bb add_icon=\u00bbtrue\u00bb link=\u00bburl:https%3A%2F%2Ftransparencia.gob.pe%2Freportes_directos%2Fpte_transparencia_info_finan.aspx%3Fid_entidad%3D10449%26id_tema%3D19%26ver%3D|title:11.3%20Estados%20Financieros%20de%20la%20Universidad%2C%20el%20Presupuesto%20Institucional%20Modificado%2C%20la%20actualizaci%C3%B3n%20la%20Ejecuci%C3%B3n%20Presupuestal%20y%20Balances\u00bb][\/vc_column][\/vc_row][vc_row][vc_column width=\u00bb1\/3&#8243;][vc_row_inner][vc_column_inner width=\u00bb1\/4&#8243;][vc_custom_heading text=\u00bb11.4&#8243; font_container=\u00bbtag:h4|text_align:center|color:%23dd9933&#8243; google_fonts=\u00bbfont_family:Arimo%3Aregular%2Citalic%2C700%2C700italic|font_style:700%20bold%20regular%3A700%3Anormal\u00bb][\/vc_column_inner][vc_column_inner width=\u00bb1\/2&#8243;][vc_icon type=\u00bbmaterial\u00bb icon_material=\u00bbvc-material vc-material-trending_up\u00bb color=\u00bbcustom\u00bb background_style=\u00bbboxed-outline\u00bb background_color=\u00bbwhite\u00bb size=\u00bbxl\u00bb align=\u00bbcenter\u00bb css=\u00bb.vc_custom_1589148651237{background-position: 0 0 !important;background-repeat: no-repeat !important;}\u00bb custom_color=\u00bb#246396&#8243;][\/vc_column_inner][vc_column_inner width=\u00bb1\/4&#8243;][vc_single_image image=\u00bb3418&#8243; img_size=\u00bb50&#215;50&#8243; alignment=\u00bbcenter\u00bb css=\u00bb.vc_custom_1585026736184{padding-top: 0px !important;padding-right: 0px !important;padding-bottom: 0px !important;padding-left: 0px !important;}\u00bb][\/vc_column_inner][\/vc_row_inner][vc_btn title=\u00bb11.4 Relaci\u00f3n y n\u00famero de becas y cr\u00e9ditos educativos disponibles y otorgados en el a\u00f1o en curso\u00bb style=\u00bbcustom\u00bb custom_background=\u00bb#246396&#8243; custom_text=\u00bb#ffffff\u00bb align=\u00bbcenter\u00bb i_icon_fontawesome=\u00bbfas fa-file-invoice\u00bb add_icon=\u00bbtrue\u00bb link=\u00bburl:https%3A%2F%2Ftransparencia.unap.edu.pe%2Fweb%2F11-4-relacion-y-numero-de-becas-y-creditos-educativos-disponibles-y-otorgados-en-el-ano-en-curso%2F|title:11.4%20Relaci%C3%B3n%20y%20n%C3%BAmero%20de%20becas%20y%20cr%C3%A9ditos%20educativos%20disponibles%20y%20otorgados%20en%20el%20a%C3%B1o%20en%20curso||\u00bb][\/vc_column][vc_column width=\u00bb1\/3&#8243;][vc_row_inner][vc_column_inner width=\u00bb1\/4&#8243;][vc_custom_heading text=\u00bb11.5&#8243; font_container=\u00bbtag:h4|text_align:center|color:%23dd9933&#8243; google_fonts=\u00bbfont_family:Arimo%3Aregular%2Citalic%2C700%2C700italic|font_style:700%20bold%20regular%3A700%3Anormal\u00bb][\/vc_column_inner][vc_column_inner width=\u00bb1\/2&#8243;][vc_icon type=\u00bbmaterial\u00bb icon_material=\u00bbvc-material vc-material-account_balance\u00bb color=\u00bbcustom\u00bb background_style=\u00bbboxed-outline\u00bb background_color=\u00bbwhite\u00bb size=\u00bbxl\u00bb align=\u00bbcenter\u00bb css=\u00bb.vc_custom_1589148730100{background-position: 0 0 !important;background-repeat: no-repeat !important;}\u00bb custom_color=\u00bb#246396&#8243;][\/vc_column_inner][vc_column_inner width=\u00bb1\/4&#8243;][\/vc_column_inner][\/vc_row_inner][vc_btn title=\u00bb11.5 Inversiones, reinversiones, donaciones, obras de infraestructura, recursos de diversa fuente\u00bb style=\u00bbcustom\u00bb custom_background=\u00bb#246396&#8243; custom_text=\u00bb#ffffff\u00bb align=\u00bbcenter\u00bb i_icon_fontawesome=\u00bbfas fa-file-invoice\u00bb add_icon=\u00bbtrue\u00bb link=\u00bburl:https%3A%2F%2Fwww.transparencia.gob.pe%2Freportes_directos%2Fpte_transparencia_pro_inv.aspx%3Fid_entidad%3D10449%26id_tema%3D26%26ver%3D2%23.XofZ3ohKhPa|||\u00bb][\/vc_column][vc_column width=\u00bb1\/3&#8243;][vc_row_inner][vc_column_inner width=\u00bb1\/4&#8243;][vc_custom_heading text=\u00bb11.6&#8243; font_container=\u00bbtag:h4|text_align:center|color:%23dd9933&#8243; google_fonts=\u00bbfont_family:Arimo%3Aregular%2Citalic%2C700%2C700italic|font_style:700%20bold%20regular%3A700%3Anormal\u00bb][\/vc_column_inner][vc_column_inner width=\u00bb1\/2&#8243;][vc_icon type=\u00bbmaterial\u00bb icon_material=\u00bbvc-material vc-material-record_voice_over\u00bb color=\u00bbcustom\u00bb background_style=\u00bbboxed-outline\u00bb background_color=\u00bbwhite\u00bb size=\u00bbxl\u00bb align=\u00bbcenter\u00bb css=\u00bb.vc_custom_1589148807652{background-position: 0 0 !important;background-repeat: no-repeat !important;}\u00bb custom_color=\u00bb#246396&#8243;][\/vc_column_inner][vc_column_inner width=\u00bb1\/4&#8243;][\/vc_column_inner][\/vc_row_inner][vc_btn title=\u00bb11.6 Proyectos de Investigaci\u00f3n y gasto que genere\u00bb style=\u00bbcustom\u00bb custom_background=\u00bb#246396&#8243; custom_text=\u00bb#ffffff\u00bb align=\u00bbcenter\u00bb i_icon_fontawesome=\u00bbfas fa-file-invoice\u00bb add_icon=\u00bbtrue\u00bb link=\u00bburl:https%3A%2F%2Ftransparencia.unap.edu.pe%2Fweb%2F11-6-proyectos-de-investigacion-y-gasto-que-genere%2F|title:11.6%20Proyectos%20de%20Investigaci%C3%B3n%20y%20gasto%20que%20genere||\u00bb][\/vc_column][\/vc_row][vc_row][vc_column width=\u00bb1\/3&#8243;][vc_row_inner][vc_column_inner width=\u00bb1\/4&#8243;][vc_custom_heading text=\u00bb11.7&#8243; font_container=\u00bbtag:h4|text_align:center|color:%23dd9933&#8243; google_fonts=\u00bbfont_family:Arimo%3Aregular%2Citalic%2C700%2C700italic|font_style:700%20bold%20regular%3A700%3Anormal\u00bb][\/vc_column_inner][vc_column_inner width=\u00bb1\/2&#8243;][vc_icon type=\u00bbmaterial\u00bb icon_material=\u00bbvc-material vc-material-recent_actors\u00bb color=\u00bbcustom\u00bb background_style=\u00bbboxed-outline\u00bb background_color=\u00bbwhite\u00bb size=\u00bbxl\u00bb align=\u00bbcenter\u00bb css=\u00bb.vc_custom_1589148887506{background-position: 0 0 !important;background-repeat: no-repeat !important;}\u00bb custom_color=\u00bb#246396&#8243;][\/vc_column_inner][vc_column_inner width=\u00bb1\/4&#8243;][\/vc_column_inner][\/vc_row_inner][vc_btn title=\u00bb11.7 Relaci\u00f3n de pagos exigidos a los alumnos por toda \u00edndole, seg\u00fan corresponda\u00bb style=\u00bbcustom\u00bb custom_background=\u00bb#246396&#8243; custom_text=\u00bb#ffffff\u00bb align=\u00bbcenter\u00bb i_icon_fontawesome=\u00bbfas fa-file-invoice\u00bb css=\u00bb\u00bb add_icon=\u00bbtrue\u00bb link=\u00bburl:https%3A%2F%2Ftransparencia.unap.edu.pe%2Fweb%2Fwp-content%2Fuploads%2F2024%2F03%2FTUPA-2024-con-RR-0324-2024.pdf\u00bb][\/vc_column][vc_column width=\u00bb1\/3&#8243;][vc_row_inner][vc_column_inner width=\u00bb1\/4&#8243;][vc_custom_heading text=\u00bb11.8&#8243; font_container=\u00bbtag:h4|text_align:center|color:%23dd9933&#8243; google_fonts=\u00bbfont_family:Arimo%3Aregular%2Citalic%2C700%2C700italic|font_style:700%20bold%20regular%3A700%3Anormal\u00bb][\/vc_column_inner][vc_column_inner width=\u00bb1\/2&#8243;][vc_icon type=\u00bbmaterial\u00bb icon_material=\u00bbvc-material vc-material-touch_app\u00bb color=\u00bbcustom\u00bb background_style=\u00bbboxed-outline\u00bb background_color=\u00bbwhite\u00bb size=\u00bbxl\u00bb align=\u00bbcenter\u00bb css=\u00bb.vc_custom_1589148978076{background-position: 0 0 !important;background-repeat: no-repeat !important;}\u00bb custom_color=\u00bb#246396&#8243;][\/vc_column_inner][vc_column_inner width=\u00bb1\/4&#8243;][\/vc_column_inner][\/vc_row_inner][vc_btn title=\u00bb11.8 N\u00famero de alumnos por Facultades y programas de estudio\u00bb style=\u00bbcustom\u00bb custom_background=\u00bb#246396&#8243; custom_text=\u00bb#ffffff\u00bb align=\u00bbcenter\u00bb i_icon_fontawesome=\u00bbfas fa-file-invoice\u00bb add_icon=\u00bbtrue\u00bb link=\u00bburl:https%3A%2F%2Ftransparencia.unap.edu.pe%2Fweb%2F11-8-numero-de-alumnos-por-facultades-y-programas-de-estudio%2F|title:Contacto||\u00bb][\/vc_column][vc_column width=\u00bb1\/3&#8243;][vc_row_inner][vc_column_inner width=\u00bb1\/4&#8243;][vc_custom_heading text=\u00bb11.9&#8243; font_container=\u00bbtag:h4|text_align:center|color:%23dd9933&#8243; google_fonts=\u00bbfont_family:Arimo%3Aregular%2Citalic%2C700%2C700italic|font_style:700%20bold%20regular%3A700%3Anormal\u00bb][\/vc_column_inner][vc_column_inner width=\u00bb1\/2&#8243;][vc_icon type=\u00bbmaterial\u00bb icon_material=\u00bbvc-material vc-material-library_books\u00bb color=\u00bbcustom\u00bb background_style=\u00bbboxed-outline\u00bb background_color=\u00bbwhite\u00bb size=\u00bbxl\u00bb align=\u00bbcenter\u00bb css=\u00bb.vc_custom_1589148997085{background-position: 0 0 !important;background-repeat: no-repeat !important;}\u00bb custom_color=\u00bb#246396&#8243;][\/vc_column_inner][vc_column_inner width=\u00bb1\/4&#8243;][\/vc_column_inner][\/vc_row_inner][vc_btn title=\u00bb11.9 Cuerpo docente, indicando clase categor\u00eda y hoja de vida\u00bb style=\u00bbcustom\u00bb custom_background=\u00bb#246396&#8243; custom_text=\u00bb#ffffff\u00bb align=\u00bbcenter\u00bb i_icon_fontawesome=\u00bbfas fa-file-invoice\u00bb add_icon=\u00bbtrue\u00bb link=\u00bburl:https%3A%2F%2Ftransparencia.unap.edu.pe%2Fweb%2F11-9-cuerpo-docente-indicando-clase-categoria-y-hoja-de-vida%2F|title:11.9%20Cuerpo%20docente%2C%20indicando%20clase%20categor%C3%ADa%20y%20hoja%20de%20vida||\u00bb][\/vc_column][\/vc_row][vc_row][vc_column width=\u00bb1\/3&#8243;][vc_row_inner][vc_column_inner width=\u00bb1\/4&#8243;][vc_custom_heading text=\u00bb11.10&#8243; font_container=\u00bbtag:h4|text_align:center|color:%23dd9933&#8243; google_fonts=\u00bbfont_family:Arimo%3Aregular%2Citalic%2C700%2C700italic|font_style:700%20bold%20regular%3A700%3Anormal\u00bb][\/vc_column_inner][vc_column_inner width=\u00bb1\/2&#8243;][vc_icon type=\u00bbmaterial\u00bb icon_material=\u00bbvc-material vc-material-assignment\u00bb color=\u00bbcustom\u00bb background_style=\u00bbboxed-outline\u00bb background_color=\u00bbwhite\u00bb size=\u00bbxl\u00bb align=\u00bbcenter\u00bb css=\u00bb.vc_custom_1585027544708{background-position: 0 0 !important;background-repeat: no-repeat !important;}\u00bb custom_color=\u00bb#246396&#8243;][\/vc_column_inner][vc_column_inner width=\u00bb1\/4&#8243;][\/vc_column_inner][\/vc_row_inner][vc_btn title=\u00bb11.10 N\u00famero de Postulantes, ingresantes, matriculados y egresados por a\u00f1o y carrera\u00bb style=\u00bbcustom\u00bb custom_background=\u00bb#246396&#8243; custom_text=\u00bb#ffffff\u00bb align=\u00bbcenter\u00bb i_icon_fontawesome=\u00bbfas fa-file-invoice\u00bb add_icon=\u00bbtrue\u00bb link=\u00bburl:https%3A%2F%2Ftransparencia.unap.edu.pe%2Fweb%2F11-10-numero-de-postulantes-ingresantes-matriculados-y-egresados-por-ano-y-carrera%2F|title:11.10%20N%C3%BAmero%20de%20Postulantes%2C%20ingresantes%2C%20matriculados%20y%20egresados%20por%20a%C3%B1o%20y%20carrera||\u00bb][\/vc_column][vc_column width=\u00bb1\/3&#8243;][vc_row_inner][vc_column_inner width=\u00bb1\/4&#8243;][vc_custom_heading text=\u00bb*\u00bb font_container=\u00bbtag:h4|text_align:center|color:%23dd9933&#8243; google_fonts=\u00bbfont_family:Arimo%3Aregular%2Citalic%2C700%2C700italic|font_style:700%20bold%20regular%3A700%3Anormal\u00bb][\/vc_column_inner][vc_column_inner width=\u00bb1\/2&#8243;][vc_icon type=\u00bbmaterial\u00bb icon_material=\u00bbvc-material vc-material-monetization_on\u00bb color=\u00bbcustom\u00bb background_style=\u00bbboxed-outline\u00bb background_color=\u00bbwhite\u00bb size=\u00bbxl\u00bb align=\u00bbcenter\u00bb css=\u00bb.vc_custom_1589149015049{background-position: 0 0 !important;background-repeat: no-repeat !important;}\u00bb custom_color=\u00bb#246396&#8243;][\/vc_column_inner][vc_column_inner width=\u00bb1\/4&#8243;][\/vc_column_inner][\/vc_row_inner][vc_btn title=\u00bbRemuneraciones y bonificaciones y dem\u00e1s est\u00edmulos que se pagan a las autoridades y docentes en cada categor\u00eda\u00bb style=\u00bbcustom\u00bb custom_background=\u00bb#246396&#8243; custom_text=\u00bb#ffffff\u00bb align=\u00bbcenter\u00bb i_icon_fontawesome=\u00bbfas fa-file-invoice\u00bb add_icon=\u00bbtrue\u00bb link=\u00bburl:https%3A%2F%2Ftransparencia.unap.edu.pe%2Fweb%2Fremuneraciones-y-bonificaciones-y-demas-estimulos-que-se-pagan-a-las-autoridades-y-docentes-en-cada-categoria%2F|title:Remuneraciones%20y%20bonificaciones%20y%20dem%C3%A1s%20est%C3%ADmulos%20que%20se%20pagan%20a%20las%20autoridades%20y%20docentes%20en%20cada%20categor%C3%ADa||\u00bb][\/vc_column][vc_column width=\u00bb1\/3&#8243;][vc_row_inner][vc_column_inner width=\u00bb1\/4&#8243;][vc_custom_heading text=\u00bb*\u00bb font_container=\u00bbtag:h4|text_align:center|color:%23dd9933&#8243; google_fonts=\u00bbfont_family:Arimo%3Aregular%2Citalic%2C700%2C700italic|font_style:700%20bold%20regular%3A700%3Anormal\u00bb][\/vc_column_inner][vc_column_inner width=\u00bb1\/2&#8243;][vc_icon type=\u00bbmaterial\u00bb icon_material=\u00bbvc-material vc-material-library_books\u00bb color=\u00bbcustom\u00bb background_style=\u00bbboxed-outline\u00bb background_color=\u00bbwhite\u00bb size=\u00bbxl\u00bb align=\u00bbcenter\u00bb css=\u00bb.vc_custom_1589149030411{background-position: 0 0 !important;background-repeat: no-repeat !important;}\u00bb custom_color=\u00bb#246396&#8243;][\/vc_column_inner][vc_column_inner width=\u00bb1\/4&#8243;][\/vc_column_inner][\/vc_row_inner][vc_btn title=\u00bbDocumentos de Gesti\u00f3n\u00bb style=\u00bbcustom\u00bb custom_background=\u00bb#246396&#8243; custom_text=\u00bb#ffffff\u00bb align=\u00bbcenter\u00bb i_icon_fontawesome=\u00bbfas fa-file-invoice\u00bb add_icon=\u00bbtrue\u00bb link=\u00bburl:http%3A%2F%2Fwww.transparencia.gob.pe%2Fenlaces%2Fpte_transparencia_enlaces.aspx%3Fid_entidad%3D10449%26id_tema%3D5%26ver%3D|title:DOCUMENTOS%20DE%20GESTI%C3%93N||\u00bb][\/vc_column][\/vc_row][vc_row][vc_column][vc_message message_box_color=\u00bborange\u00bb]La informaci\u00f3n mostrada fue supervisada y verificada por la Direcci\u00f3n de Supervisi\u00f3n de la Superintendencia Nacional de Educaci\u00f3n Superior Universitaria (<strong>SUNEDU<\/strong>)[\/vc_message][\/vc_column][\/vc_row]<\/p>\n<\/div>","protected":false},"excerpt":{"rendered":"<p>[vc_row css=\u00bb.vc_custom_1678668455780{padding-bottom: 20px !important;}\u00bb][vc_column css=\u00bb.vc_custom_1678668515819{padding-bottom: 20px !important;}\u00bb][vc_cta h2=\u00bb\u00bb txt_align=\u00bbcenter\u00bb style=\u00bb3d\u00bb color=\u00bborange\u00bb add_icon=\u00bbleft\u00bb i_icon_fontawesome=\u00bbfas fa-book\u00bb i_color=\u00bbcustom\u00bb i_size=\u00bbxl\u00bb i_custom_color=\u00bb#183964&#8243;] Las universidades p\u00fablicas y privadas tienen la obligaci\u00f3n de publicar en sus portales electr\u00f3nicos, en forma permanente y actualizada, como m\u00ednimo, la informaci\u00f3n correspondiente a [\/vc_cta][\/vc_column][vc_column width=\u00bb1\/3&#8243;][vc_row_inner][vc_column_inner width=\u00bb1\/4&#8243;][vc_custom_heading text=\u00bb11.1&#8243; font_container=\u00bbtag:h4|text_align:center|color:%23dd9933&#8243; google_fonts=\u00bbfont_family:Arimo%3Aregular%2Citalic%2C700%2C700italic|font_style:700%20bold%20regular%3A700%3Anormal\u00bb][\/vc_column_inner][vc_column_inner width=\u00bb1\/2&#8243;][vc_icon type=\u00bbmaterial\u00bb icon_material=\u00bbvc-material vc-material-assignment\u00bb color=\u00bbcustom\u00bb background_style=\u00bbboxed-outline\u00bb size=\u00bbxl\u00bb&hellip;<\/p>\n","protected":false},"author":1,"featured_media":0,"parent":0,"menu_order":0,"comment_status":"closed","ping_status":"closed","template":"","meta":{"_acf_changed":false,"footnotes":""},"class_list":["post-3417","page","type-page","status-publish","hentry","description-off"],"acf":[],"_links":{"self":[{"href":"https:\/\/transparencia.unap.edu.pe\/web\/wp-json\/wp\/v2\/pages\/3417","targetHints":{"allow":["GET"]}}],"collection":[{"href":"https:\/\/transparencia.unap.edu.pe\/web\/wp-json\/wp\/v2\/pages"}],"about":[{"href":"https:\/\/transparencia.unap.edu.pe\/web\/wp-json\/wp\/v2\/types\/page"}],"author":[{"embeddable":true,"href":"https:\/\/transparencia.unap.edu.pe\/web\/wp-json\/wp\/v2\/users\/1"}],"replies":[{"embeddable":true,"href":"https:\/\/transparencia.unap.edu.pe\/web\/wp-json\/wp\/v2\/comments?post=3417"}],"version-history":[{"count":15,"href":"https:\/\/transparencia.unap.edu.pe\/web\/wp-json\/wp\/v2\/pages\/3417\/revisions"}],"predecessor-version":[{"id":11789,"href":"https:\/\/transparencia.unap.edu.pe\/web\/wp-json\/wp\/v2\/pages\/3417\/revisions\/11789"}],"wp:attachment":[{"href":"https:\/\/transparencia.unap.edu.pe\/web\/wp-json\/wp\/v2\/media?parent=3417"}],"curies":[{"name":"wp","href":"https:\/\/api.w.org\/{rel}","templated":true}]}}