{"id":3431,"date":"2020-03-27T00:25:21","date_gmt":"2020-03-27T00:25:21","guid":{"rendered":"http:\/\/localhost\/transparencia\/?page_id=3431"},"modified":"2026-03-11T12:15:24","modified_gmt":"2026-03-11T17:15:24","slug":"11-1-el-estatuto-el-texto-unico-de-procedimientos-administrativos-tupa-el-plan-estrategico-institucional-y-el-reglamento-de-la-universidad","status":"publish","type":"page","link":"https:\/\/transparencia.unap.edu.pe\/web\/11-1-el-estatuto-el-texto-unico-de-procedimientos-administrativos-tupa-el-plan-estrategico-institucional-y-el-reglamento-de-la-universidad\/","title":{"rendered":"11.1 El Estatuto, el Texto \u00danico de Procedimientos Administrativos (TUPA), el Plan Estrat\u00e9gico Institucional y el reglamento de la universidad."},"content":{"rendered":"<div class=\"wpb-content-wrapper\"><p>[vc_row][vc_column width=\u00bb1\/4&#8243;][vc_single_image image=\u00bb4937&#8243; img_size=\u00bbmedium\u00bb alignment=\u00bbcenter\u00bb style=\u00bbvc_box_shadow_3d\u00bb onclick=\u00bbcustom_link\u00bb link=\u00bbhttp:\/\/www.transparencia.gob.pe\/enlaces\/pte_transparencia_enlaces.aspx?id_entidad=10449&amp;id_tema=5&amp;ver=#.Ybd8G5GZMuU\u00bb][\/vc_column][vc_column width=\u00bb3\/4&#8243;][vc_cta h2=\u00bb\u00bb h4=\u00bbEstatuto de la Universidad Nacional del Altiplano\u00bb add_button=\u00bbright\u00bb btn_title=\u00bbEnlace\u00bb btn_style=\u00bb3d\u00bb btn_color=\u00bbprimary\u00bb btn_align=\u00bbright\u00bb btn_i_icon_fontawesome=\u00bbfas fa-file-pdf\u00bb add_icon=\u00bbleft\u00bb i_icon_fontawesome=\u00bbfas fa-sign-in-alt\u00bb i_color=\u00bbcustom\u00bb i_background_style=\u00bbrounded-outline\u00bb btn_button_block=\u00bbtrue\u00bb btn_add_icon=\u00bbtrue\u00bb i_custom_color=\u00bb#1e73be\u00bb btn_link=\u00bburl:https%3A%2F%2Ftransparencia.unap.edu.pe%2Fweb%2Fwp-content%2Fuploads%2F2023%2F12%2FESTATUTO-2023-UNA-PUNO.pdf\u00bb]Transparencia de Universidades &#8211; Ley 30 220[\/vc_cta][vc_cta h2=\u00bb\u00bb h4=\u00bbTexto \u00danico de Procedimientos Administrativos (TUPA) &#8211; Vigente\u00bb add_button=\u00bbright\u00bb btn_title=\u00bbEnlace\u00bb btn_style=\u00bb3d\u00bb btn_color=\u00bbprimary\u00bb btn_align=\u00bbright\u00bb btn_i_icon_fontawesome=\u00bbfas fa-file-pdf\u00bb add_icon=\u00bbleft\u00bb i_icon_fontawesome=\u00bbfas fa-sign-in-alt\u00bb i_color=\u00bbcustom\u00bb i_background_style=\u00bbrounded-outline\u00bb btn_button_block=\u00bbtrue\u00bb btn_add_icon=\u00bbtrue\u00bb i_custom_color=\u00bb#1e73be\u00bb btn_link=\u00bburl:https%3A%2F%2Ftransparencia.unap.edu.pe%2Fweb%2Fwp-content%2Fuploads%2F2024%2F03%2FTUPA-2024-con-RR-0324-2024.pdf|title:TUPA\u00bb]Transparencia de Universidades &#8211; Ley 30 220[\/vc_cta][vc_cta h2=\u00bb\u00bb h4=\u00bbDIRECTIVA ACAD\u00c9MICA 2026&#8243; add_button=\u00bbright\u00bb btn_title=\u00bbEnlace\u00bb btn_style=\u00bb3d\u00bb btn_color=\u00bbprimary\u00bb btn_align=\u00bbright\u00bb btn_i_icon_fontawesome=\u00bbfa fa-brands fa-accessible-icon\u00bb add_icon=\u00bbleft\u00bb i_icon_fontawesome=\u00bbfas fa-sign-in-alt\u00bb i_color=\u00bbcustom\u00bb i_background_style=\u00bbrounded-outline\u00bb css=\u00bb\u00bb btn_button_block=\u00bbtrue\u00bb btn_add_icon=\u00bbtrue\u00bb i_custom_color=\u00bb#1e73be\u00bb btn_link=\u00bburl:https%3A%2F%2Ftransparencia.unap.edu.pe%2Fweb%2Fwp-content%2Fuploads%2F2026%2F03%2FRR-3913-2025-R-UNA-con-DIRECTIVA.pdf|title:TUPA\u00bb]Transparencia de Universidades &#8211; Ley 30 220[\/vc_cta][vc_cta h2=\u00bb\u00bb h4=\u00bbPlan Estrat\u00e9gico Institucional 2024 &#8211; 2030&#8243; add_button=\u00bbright\u00bb btn_title=\u00bbEnlace\u00bb btn_style=\u00bb3d\u00bb btn_color=\u00bbprimary\u00bb btn_align=\u00bbcenter\u00bb btn_i_icon_fontawesome=\u00bbfa fa-brands fa-accessible-icon\u00bb add_icon=\u00bbleft\u00bb i_icon_fontawesome=\u00bbfas fa-sign-in-alt\u00bb i_color=\u00bbcustom\u00bb i_background_style=\u00bbrounded-outline\u00bb css=\u00bb\u00bb btn_button_block=\u00bbtrue\u00bb btn_add_icon=\u00bbtrue\u00bb i_custom_color=\u00bb#1e73be\u00bb btn_link=\u00bburl:https%3A%2F%2Ftransparencia.unap.edu.pe%2Fweb%2Fwp-content%2Fuploads%2F2024%2F06%2FPEI.-2024-2030-UNA-PUNO.pdf|title:PEI%202020-2022&#8243;]Transparencia de Universidades &#8211; Ley 30 220[\/vc_cta][vc_cta h2=\u00bb\u00bb h4=\u00bbPLAN OPERATIVO INSTITUCIONAL 2025&#8243; add_button=\u00bbright\u00bb btn_title=\u00bbEnlace\u00bb btn_style=\u00bb3d\u00bb btn_color=\u00bbprimary\u00bb btn_align=\u00bbcenter\u00bb btn_i_icon_fontawesome=\u00bbfa fa-brands fa-accessible-icon\u00bb add_icon=\u00bbleft\u00bb i_icon_fontawesome=\u00bbfas fa-sign-in-alt\u00bb i_color=\u00bbcustom\u00bb i_background_style=\u00bbrounded-outline\u00bb css=\u00bb\u00bb btn_button_block=\u00bbtrue\u00bb btn_add_icon=\u00bbtrue\u00bb i_custom_color=\u00bb#1e73be\u00bb btn_link=\u00bburl:https%3A%2F%2Ftransparencia.unap.edu.pe%2Fweb%2Fwp-content%2Fuploads%2F2025%2F04%2FPOI-2025.pdf|title:POI%202024&#8243;]Transparencia de Universidades &#8211; Ley 30 220[\/vc_cta][vc_cta h2=\u00bb\u00bb h4=\u00bbREGLAMENTO DE ORGANIZACI\u00d3N Y FUNCIONES &#8211; ROF\u00bb add_button=\u00bbright\u00bb btn_title=\u00bbEnlace\u00bb btn_style=\u00bb3d\u00bb btn_color=\u00bbprimary\u00bb btn_align=\u00bbcenter\u00bb btn_i_icon_fontawesome=\u00bbfa fa-brands fa-accessible-icon\u00bb add_icon=\u00bbleft\u00bb i_icon_fontawesome=\u00bbfas fa-sign-in-alt\u00bb i_color=\u00bbcustom\u00bb i_background_style=\u00bbrounded-outline\u00bb css=\u00bb\u00bb btn_button_block=\u00bbtrue\u00bb btn_add_icon=\u00bbtrue\u00bb i_custom_color=\u00bb#1e73be\u00bb btn_link=\u00bburl:https%3A%2F%2Ftransparencia.unap.edu.pe%2Fdocumentos%2FROF%2520modificado%2520aprobado%2520por%2520RR%25202212-2025-R-UNA.pdf|title:POI%202024&#8243;]Transparencia de Universidades &#8211; Ley 30 220[\/vc_cta][vc_cta h2=\u00bb\u00bb h4=\u00bbLey de Prevenci\u00f3n sexual Ley 27942&#8243; add_button=\u00bbright\u00bb btn_title=\u00bbEnlace\u00bb btn_style=\u00bb3d\u00bb btn_color=\u00bbprimary\u00bb btn_align=\u00bbcenter\u00bb btn_i_icon_fontawesome=\u00bbfas fa-file-pdf\u00bb add_icon=\u00bbleft\u00bb i_icon_fontawesome=\u00bbfas fa-sign-in-alt\u00bb i_color=\u00bbcustom\u00bb i_background_style=\u00bbrounded-outline\u00bb btn_button_block=\u00bbtrue\u00bb btn_add_icon=\u00bbtrue\u00bb i_custom_color=\u00bb#1e73be\u00bb btn_link=\u00bburl:https%3A%2F%2Ftransparencia.unap.edu.pe%2Fdocumentos%2F27942_Ley_de_Prevenc_Hostiga.pdf\u00bb]Documentos de Gesti\u00f3n[\/vc_cta][vc_cta h2=\u00bb\u00bb h4=\u00bbDecreto Supremo que modifica el Reglamento de la Ley N\u00b0 27942&#8243; add_button=\u00bbright\u00bb btn_title=\u00bbEnlace\u00bb btn_style=\u00bb3d\u00bb btn_color=\u00bbprimary\u00bb btn_align=\u00bbcenter\u00bb btn_i_icon_fontawesome=\u00bbfas fa-file-pdf\u00bb add_icon=\u00bbleft\u00bb i_icon_fontawesome=\u00bbfas fa-sign-in-alt\u00bb i_color=\u00bbcustom\u00bb i_background_style=\u00bbrounded-outline\u00bb css=\u00bb\u00bb btn_button_block=\u00bbtrue\u00bb btn_add_icon=\u00bbtrue\u00bb i_custom_color=\u00bb#1e73be\u00bb btn_link=\u00bburl:https%3A%2F%2Ftransparencia.unap.edu.pe%2Fdocumentos%2Fds_021_2021_mimp.pdf\u00bb]Ley de Prevenci\u00f3n y Sanci\u00f3n del Hostigamiento Sexual[\/vc_cta][vc_cta h2=\u00bb\u00bb h4=\u00bbResoluci\u00f3n Viceministerial N\u00b0 328-2021-MINEDU\u00bb add_button=\u00bbright\u00bb btn_title=\u00bbEnlace\u00bb btn_style=\u00bb3d\u00bb btn_color=\u00bbprimary\u00bb btn_align=\u00bbcenter\u00bb btn_i_icon_fontawesome=\u00bbfa fa-brands fa-accessible-icon\u00bb add_icon=\u00bbleft\u00bb i_icon_fontawesome=\u00bbfas fa-sign-in-alt\u00bb i_color=\u00bbcustom\u00bb i_background_style=\u00bbrounded-outline\u00bb css=\u00bb\u00bb btn_button_block=\u00bbtrue\u00bb btn_add_icon=\u00bbtrue\u00bb i_custom_color=\u00bb#1e73be\u00bb btn_link=\u00bburl:https%3A%2F%2Fwww.gob.pe%2Finstitucion%2Fminedu%2Fnormas-legales%2F2513295-328-2021-minedu|title:POI%202020&#8243;]Lineamientos para la elaboraci\u00f3n de documentos normativos internos para la prevenci\u00f3n e intervenci\u00f3n en casos de hostigamiento sexual en la comunidad universitaria[\/vc_cta][vc_cta h2=\u00bb\u00bb h4=\u00bbC\u00d3DIGO DE ETICA DE LA UNIVERSIDAD NACIONAL DEL ALTIPLANO PUNO\u00bb add_button=\u00bbright\u00bb btn_title=\u00bbEnlace\u00bb btn_style=\u00bb3d\u00bb btn_color=\u00bbprimary\u00bb btn_align=\u00bbcenter\u00bb btn_i_icon_fontawesome=\u00bbfas fa-file-pdf\u00bb add_icon=\u00bbleft\u00bb i_icon_fontawesome=\u00bbfas fa-sign-in-alt\u00bb i_color=\u00bbcustom\u00bb i_background_style=\u00bbrounded-outline\u00bb btn_button_block=\u00bbtrue\u00bb btn_add_icon=\u00bbtrue\u00bb i_custom_color=\u00bb#1e73be\u00bb btn_link=\u00bburl:https%3A%2F%2Ftransparencia.unap.edu.pe%2Fweb%2Fresolucion_rectoral%2Fresolucion-rectoral-3386-2019-r-una%2F|title:POI%202020&#8243;]VIgente[\/vc_cta][vc_cta h2=\u00bb\u00bb h4=\u00bbPol\u00edtica Ambiental 2023-2028&#8243; add_button=\u00bbright\u00bb btn_title=\u00bbEnlace\u00bb btn_style=\u00bb3d\u00bb btn_color=\u00bbprimary\u00bb btn_align=\u00bbcenter\u00bb btn_i_icon_fontawesome=\u00bbfas fa-file-pdf\u00bb add_icon=\u00bbleft\u00bb i_icon_fontawesome=\u00bbfas fa-sign-in-alt\u00bb i_color=\u00bbcustom\u00bb i_background_style=\u00bbrounded-outline\u00bb btn_button_block=\u00bbtrue\u00bb btn_add_icon=\u00bbtrue\u00bb i_custom_color=\u00bb#1e73be\u00bb btn_link=\u00bburl:https%3A%2F%2Ftransparencia.unap.edu.pe%2Fdocumentos%2FPOLITICA%2520AMBIENTAL%2520UNA%2520PUNO.pdf\u00bb]VIgente[\/vc_cta][vc_cta h2=\u00bb\u00bb h4=\u00bbPlan de Ecoeficiencia 2023-2025&#8243; add_button=\u00bbright\u00bb btn_title=\u00bbEnlace\u00bb btn_style=\u00bb3d\u00bb btn_color=\u00bbprimary\u00bb btn_align=\u00bbcenter\u00bb btn_i_icon_fontawesome=\u00bbfas fa-file-pdf\u00bb add_icon=\u00bbleft\u00bb i_icon_fontawesome=\u00bbfas fa-sign-in-alt\u00bb i_color=\u00bbcustom\u00bb i_background_style=\u00bbrounded-outline\u00bb btn_button_block=\u00bbtrue\u00bb btn_add_icon=\u00bbtrue\u00bb i_custom_color=\u00bb#1e73be\u00bb btn_link=\u00bburl:https%3A%2F%2Ftransparencia.unap.edu.pe%2Fdocumentos%2FPLAN%2520DE%2520ECOEFICIENCIA%25202023-2025%2520UNA_PUNO.pdf\u00bb]VIgente[\/vc_cta][vc_cta h2=\u00bb\u00bb h4=\u00bbPlan de manejo de residuos s\u00f3lidos universitarios 2023-2025&#8243; add_button=\u00bbright\u00bb btn_title=\u00bbEnlace\u00bb btn_style=\u00bb3d\u00bb btn_color=\u00bbprimary\u00bb btn_align=\u00bbcenter\u00bb btn_i_icon_fontawesome=\u00bbfas fa-file-pdf\u00bb add_icon=\u00bbleft\u00bb i_icon_fontawesome=\u00bbfas fa-sign-in-alt\u00bb i_color=\u00bbcustom\u00bb i_background_style=\u00bbrounded-outline\u00bb btn_button_block=\u00bbtrue\u00bb btn_add_icon=\u00bbtrue\u00bb i_custom_color=\u00bb#1e73be\u00bb btn_link=\u00bburl:https%3A%2F%2Ftransparencia.unap.edu.pe%2Fdocumentos%2FPLAN%2520DE%2520RESIDUOS%2520S%25c3%2593LIDOS%2520UNIVERSITARIOS%2520Resoluci%25c3%25b3n.pdf\u00bb]VIgente[\/vc_cta][vc_cta h2=\u00bb\u00bb h4=\u00bbPLANES DE ESTUDIO SEGUN PROGRAMAS DE ESTUDIO\u00bb add_button=\u00bbright\u00bb btn_title=\u00bbEnlace\u00bb btn_style=\u00bb3d\u00bb btn_color=\u00bbprimary\u00bb btn_align=\u00bbcenter\u00bb btn_i_icon_fontawesome=\u00bbfas fa-file-pdf\u00bb add_icon=\u00bbleft\u00bb i_icon_fontawesome=\u00bbfas fa-sign-in-alt\u00bb i_color=\u00bbcustom\u00bb i_background_style=\u00bbrounded-outline\u00bb btn_button_block=\u00bbtrue\u00bb btn_add_icon=\u00bbtrue\u00bb i_custom_color=\u00bb#1e73be\u00bb btn_link=\u00bburl:https%3A%2F%2Ftransparencia.unap.edu.pe%2Fweb%2Fplanes-de-estudio\u00bb]VIgente[\/vc_cta][vc_cta h2=\u00bb\u00bb h4=\u00bbPROTOCOLO PARA EL ALMACENAMIENTO Y GESTI\u00d3N DE SUSTANCIAS INFLAMABLES Y\/O PELIGROSOS\u00bb add_button=\u00bbright\u00bb btn_title=\u00bbEnlace\u00bb btn_style=\u00bb3d\u00bb btn_color=\u00bbprimary\u00bb btn_align=\u00bbcenter\u00bb btn_i_icon_fontawesome=\u00bbfa fa-solid fa-file-pdf\u00bb add_icon=\u00bbleft\u00bb i_icon_fontawesome=\u00bbfa fa-solid fa-file-pdf\u00bb i_color=\u00bbcustom\u00bb i_background_style=\u00bbrounded-outline\u00bb css=\u00bb\u00bb btn_button_block=\u00bbtrue\u00bb btn_add_icon=\u00bbtrue\u00bb i_custom_color=\u00bb#1e73be\u00bb btn_link=\u00bburl:https%3A%2F%2Ftransparencia.unap.edu.pe%2Fdocumentos%2FProtocolo%2520almaceniamiento%2520y%2520gestion%2520sustancias%2520inflamables.pdf\u00bb]VIgente[\/vc_cta][vc_cta h2=\u00bb\u00bb h4=\u00bbReglamentos\u00bb add_button=\u00bbright\u00bb btn_title=\u00bbEnlace\u00bb btn_style=\u00bb3d\u00bb btn_color=\u00bbprimary\u00bb btn_align=\u00bbcenter\u00bb btn_i_icon_fontawesome=\u00bbfas fa-file-pdf\u00bb add_icon=\u00bbleft\u00bb i_icon_fontawesome=\u00bbfas fa-sign-in-alt\u00bb i_color=\u00bbcustom\u00bb i_background_style=\u00bbrounded-outline\u00bb btn_button_block=\u00bbtrue\u00bb btn_add_icon=\u00bbtrue\u00bb i_custom_color=\u00bb#1e73be\u00bb btn_link=\u00bburl:https%3A%2F%2Ftransparencia.unap.edu.pe%2Fweb%2Freglamentos-una-puno%2F%3F_categorias_reglamentos%3Dreglamentos\u00bb]Transparencia de Universidades &#8211; Ley 30 220[\/vc_cta][vc_cta h2=\u00bb\u00bb h4=\u00bbDirectivas\u00bb add_button=\u00bbright\u00bb btn_title=\u00bbEnlace\u00bb btn_style=\u00bb3d\u00bb btn_color=\u00bbprimary\u00bb btn_align=\u00bbcenter\u00bb btn_i_icon_fontawesome=\u00bbfas fa-file-pdf\u00bb add_icon=\u00bbleft\u00bb i_icon_fontawesome=\u00bbfas fa-sign-in-alt\u00bb i_color=\u00bbcustom\u00bb i_background_style=\u00bbrounded-outline\u00bb btn_button_block=\u00bbtrue\u00bb btn_add_icon=\u00bbtrue\u00bb i_custom_color=\u00bb#1e73be\u00bb btn_link=\u00bburl:https%3A%2F%2Ftransparencia.unap.edu.pe%2Fweb%2Freglamentos-una-puno%2F%3F_categorias_reglamentos%3Ddirectivas\u00bb]Transparencia de Universidades &#8211; Ley 30 220[\/vc_cta][\/vc_column][\/vc_row][vc_row][vc_column][vc_btn title=\u00bbMas Detalles\u00bb style=\u00bb3d\u00bb color=\u00bbsuccess\u00bb align=\u00bbcenter\u00bb button_block=\u00bbtrue\u00bb link=\u00bburl:http%3A%2F%2Fwww.transparencia.gob.pe%2Fenlaces%2Fpte_transparencia_enlaces.aspx%3Fid_entidad%3D10449%26id_tema%3D5%26ver%3D%23.Ybd8G5GZMuU|||\u00bb][\/vc_column][\/vc_row]<\/p>\n<\/div>","protected":false},"excerpt":{"rendered":"<p>[vc_row][vc_column width=\u00bb1\/4&#8243;][vc_single_image image=\u00bb4937&#8243; img_size=\u00bbmedium\u00bb alignment=\u00bbcenter\u00bb style=\u00bbvc_box_shadow_3d\u00bb onclick=\u00bbcustom_link\u00bb link=\u00bbhttp:\/\/www.transparencia.gob.pe\/enlaces\/pte_transparencia_enlaces.aspx?id_entidad=10449&amp;id_tema=5&amp;ver=#.Ybd8G5GZMuU\u00bb][\/vc_column][vc_column width=\u00bb3\/4&#8243;][vc_cta h2=\u00bb\u00bb h4=\u00bbEstatuto de la Universidad Nacional del Altiplano\u00bb add_button=\u00bbright\u00bb btn_title=\u00bbEnlace\u00bb btn_style=\u00bb3d\u00bb btn_color=\u00bbprimary\u00bb btn_align=\u00bbright\u00bb btn_i_icon_fontawesome=\u00bbfas fa-file-pdf\u00bb add_icon=\u00bbleft\u00bb i_icon_fontawesome=\u00bbfas fa-sign-in-alt\u00bb i_color=\u00bbcustom\u00bb i_background_style=\u00bbrounded-outline\u00bb btn_button_block=\u00bbtrue\u00bb btn_add_icon=\u00bbtrue\u00bb i_custom_color=\u00bb#1e73be\u00bb btn_link=\u00bburl:https%3A%2F%2Ftransparencia.unap.edu.pe%2Fweb%2Fwp-content%2Fuploads%2F2023%2F12%2FESTATUTO-2023-UNA-PUNO.pdf\u00bb]Transparencia de Universidades &#8211; Ley 30 220[\/vc_cta][vc_cta h2=\u00bb\u00bb h4=\u00bbTexto \u00danico de Procedimientos Administrativos (TUPA) &#8211; Vigente\u00bb add_button=\u00bbright\u00bb btn_title=\u00bbEnlace\u00bb btn_style=\u00bb3d\u00bb btn_color=\u00bbprimary\u00bb btn_align=\u00bbright\u00bb btn_i_icon_fontawesome=\u00bbfas fa-file-pdf\u00bb&hellip;<\/p>\n","protected":false},"author":1,"featured_media":0,"parent":0,"menu_order":0,"comment_status":"closed","ping_status":"closed","template":"elementor_theme","meta":{"_acf_changed":false,"footnotes":""},"class_list":["post-3431","page","type-page","status-publish","hentry","description-off"],"acf":[],"_links":{"self":[{"href":"https:\/\/transparencia.unap.edu.pe\/web\/wp-json\/wp\/v2\/pages\/3431","targetHints":{"allow":["GET"]}}],"collection":[{"href":"https:\/\/transparencia.unap.edu.pe\/web\/wp-json\/wp\/v2\/pages"}],"about":[{"href":"https:\/\/transparencia.unap.edu.pe\/web\/wp-json\/wp\/v2\/types\/page"}],"author":[{"embeddable":true,"href":"https:\/\/transparencia.unap.edu.pe\/web\/wp-json\/wp\/v2\/users\/1"}],"replies":[{"embeddable":true,"href":"https:\/\/transparencia.unap.edu.pe\/web\/wp-json\/wp\/v2\/comments?post=3431"}],"version-history":[{"count":28,"href":"https:\/\/transparencia.unap.edu.pe\/web\/wp-json\/wp\/v2\/pages\/3431\/revisions"}],"predecessor-version":[{"id":13399,"href":"https:\/\/transparencia.unap.edu.pe\/web\/wp-json\/wp\/v2\/pages\/3431\/revisions\/13399"}],"wp:attachment":[{"href":"https:\/\/transparencia.unap.edu.pe\/web\/wp-json\/wp\/v2\/media?parent=3431"}],"curies":[{"name":"wp","href":"https:\/\/api.w.org\/{rel}","templated":true}]}}