{"id":3442,"date":"2020-03-28T22:17:39","date_gmt":"2020-03-28T22:17:39","guid":{"rendered":"http:\/\/localhost\/transparencia\/?page_id=3442"},"modified":"2025-03-28T07:34:26","modified_gmt":"2025-03-28T12:34:26","slug":"11-4-relacion-y-numero-de-becas-y-creditos-educativos-disponibles-y-otorgados-en-el-ano-en-curso","status":"publish","type":"page","link":"https:\/\/transparencia.unap.edu.pe\/web\/11-4-relacion-y-numero-de-becas-y-creditos-educativos-disponibles-y-otorgados-en-el-ano-en-curso\/","title":{"rendered":"11.4 Relaci\u00f3n y n\u00famero de becas y cr\u00e9ditos educativos disponibles y otorgados en el a\u00f1o en curso"},"content":{"rendered":"<div class=\"wpb-content-wrapper\"><p>[vc_row][vc_column][vc_cta h2=\u00bb\u00bb h4=\u00bbNOTA:\u00bb add_icon=\u00bbleft\u00bb i_icon_fontawesome=\u00bbfas fa-chevron-circle-down\u00bb i_color=\u00bbcustom\u00bb i_background_style=\u00bbrounded-outline\u00bb css=\u00bb.vc_custom_1663336298713{background-color: #dbdbdb !important;}\u00bb i_on_border=\u00bbtrue\u00bb i_custom_color=\u00bb#1e73be\u00bb]<\/p>\n<ul>\n<li>\n<h5><span style=\"font-weight: 400;\">La Universidad Nacional del Altiplano no otorga becas\u00a0 ni cr\u00e9ditos educativos, conforme a las normas acad\u00e9micas y legales vigentes en el a\u00f1o en curso.<\/span><\/h5>\n<\/li>\n<\/ul>\n<p>[\/vc_cta][\/vc_column][\/vc_row][vc_row disable_element=\u00bbyes\u00bb][vc_column][vc_cta h2=\u00bb\u00bb h4=\u00bbProgramas de Movilidad Estudiantil 2022&#8243; add_button=\u00bbright\u00bb btn_title=\u00bbEnlace\u00bb btn_style=\u00bb3d\u00bb btn_color=\u00bbprimary\u00bb btn_align=\u00bbcenter\u00bb btn_i_icon_fontawesome=\u00bbfas fa-file-pdf\u00bb add_icon=\u00bbleft\u00bb i_icon_fontawesome=\u00bbfas fa-sign-in-alt\u00bb i_color=\u00bbcustom\u00bb i_background_style=\u00bbrounded-outline\u00bb btn_button_block=\u00bbtrue\u00bb btn_add_icon=\u00bbtrue\u00bb i_custom_color=\u00bb#1e73be\u00bb btn_link=\u00bburl:https%3A%2F%2Ftransparencia.unap.edu.pe%2Fdocumentos%2Fmovilidad%2520estudiantil%2FINFORME%2520DE%2520MOVILIDAD%2520ESTUDIANTIL%2520PARA%2520TRANSPARENCIA%2520PRIMER%2520SEMESTRE%25202022.pdf|||\u00bb]Transparencia de Universidades &#8211; Ley 30 220[\/vc_cta][vc_cta h2=\u00bb\u00bb h4=\u00bbProgramas de Movilidad Estudiantil 2021&#8243; add_button=\u00bbright\u00bb btn_title=\u00bbEnlace\u00bb btn_style=\u00bb3d\u00bb btn_color=\u00bbprimary\u00bb btn_align=\u00bbcenter\u00bb btn_i_icon_fontawesome=\u00bbfas fa-file-pdf\u00bb add_icon=\u00bbleft\u00bb i_icon_fontawesome=\u00bbfas fa-sign-in-alt\u00bb i_color=\u00bbcustom\u00bb i_background_style=\u00bbrounded-outline\u00bb btn_button_block=\u00bbtrue\u00bb btn_add_icon=\u00bbtrue\u00bb i_custom_color=\u00bb#1e73be\u00bb btn_link=\u00bburl:https%3A%2F%2Ftransparencia.unap.edu.pe%2Fdocumentos%2Fmovilidad%2520estudiantil%2FMOVILIDAD%25202021%2520-%2520UNA%2520PUNO.pdf|||\u00bb]Transparencia de Universidades &#8211; Ley 30 220[\/vc_cta][vc_cta h2=\u00bb\u00bb h4=\u00bbProgramas de Movilidad Estudiantil 2020&#8243; add_button=\u00bbright\u00bb btn_title=\u00bbEnlace\u00bb btn_style=\u00bb3d\u00bb btn_color=\u00bbprimary\u00bb btn_align=\u00bbcenter\u00bb btn_i_icon_fontawesome=\u00bbfas fa-file-pdf\u00bb add_icon=\u00bbleft\u00bb i_icon_fontawesome=\u00bbfas fa-sign-in-alt\u00bb i_color=\u00bbcustom\u00bb i_background_style=\u00bbrounded-outline\u00bb btn_button_block=\u00bbtrue\u00bb btn_add_icon=\u00bbtrue\u00bb i_custom_color=\u00bb#1e73be\u00bb btn_link=\u00bburl:https%3A%2F%2Ftransparencia.unap.edu.pe%2Fdocumentos%2Fmovilidad%2520estudiantil%2FMOVILIDAD%25202020%2520-%2520UNA%2520PUNO.pdf|||\u00bb]Transparencia de Universidades &#8211; Ley 30 220[\/vc_cta][vc_cta h2=\u00bb\u00bb h4=\u00bbProgramas de Movilidad Estudiantil 2020-I\u00bb add_button=\u00bbright\u00bb btn_title=\u00bbEnlace\u00bb btn_style=\u00bb3d\u00bb btn_color=\u00bbprimary\u00bb btn_align=\u00bbcenter\u00bb btn_i_icon_fontawesome=\u00bbfas fa-file-pdf\u00bb add_icon=\u00bbleft\u00bb i_icon_fontawesome=\u00bbfas fa-sign-in-alt\u00bb i_color=\u00bbcustom\u00bb i_background_style=\u00bbrounded-outline\u00bb btn_button_block=\u00bbtrue\u00bb btn_add_icon=\u00bbtrue\u00bb i_custom_color=\u00bb#1e73be\u00bb btn_link=\u00bburl:https%3A%2F%2Ftransparencia.unap.edu.pe%2Fweb%2Fwp-content%2Fuploads%2F2020%2F12%2FMovilidad-2020-2020-Transparencia-UNA-PUNO.pdf|||\u00bb]Transparencia de Universidades &#8211; Ley 30 220[\/vc_cta][vc_cta h2=\u00bb\u00bb h4=\u00bbProgramas de Movilidad Estudiantil 2019-II\u00bb add_button=\u00bbright\u00bb btn_title=\u00bbEnlace\u00bb btn_style=\u00bb3d\u00bb btn_color=\u00bbprimary\u00bb btn_align=\u00bbcenter\u00bb btn_i_icon_fontawesome=\u00bbfas fa-file-pdf\u00bb add_icon=\u00bbleft\u00bb i_icon_fontawesome=\u00bbfas fa-sign-in-alt\u00bb i_color=\u00bbcustom\u00bb i_background_style=\u00bbrounded-outline\u00bb btn_button_block=\u00bbtrue\u00bb btn_add_icon=\u00bbtrue\u00bb i_custom_color=\u00bb#1e73be\u00bb btn_link=\u00bburl:https%3A%2F%2Ftransparencia.unap.edu.pe%2Ftransparencia-universidades%2Fdocumentos%2FBECAS%2520SEMESTRE%25202019%2520II.pdf|||\u00bb]Transparencia de Universidades &#8211; Ley 30 220[\/vc_cta][vc_cta h2=\u00bb\u00bb h4=\u00bbProgramas de Movilidad Estudiantil 2019-I\u00bb add_button=\u00bbright\u00bb btn_title=\u00bbEnlace\u00bb btn_style=\u00bb3d\u00bb btn_color=\u00bbprimary\u00bb btn_align=\u00bbright\u00bb btn_i_icon_fontawesome=\u00bbfas fa-file-pdf\u00bb add_icon=\u00bbleft\u00bb i_icon_fontawesome=\u00bbfas fa-sign-in-alt\u00bb i_color=\u00bbcustom\u00bb i_background_style=\u00bbrounded-outline\u00bb btn_button_block=\u00bbtrue\u00bb btn_add_icon=\u00bbtrue\u00bb i_custom_color=\u00bb#1e73be\u00bb btn_link=\u00bburl:https%3A%2F%2Ftransparencia.unap.edu.pe%2Ftransparencia-universidades%2Fdocumentos%2Fbecas2019_I_pme.pdf|||\u00bb]Transparencia de Universidades &#8211; Ley 30 220[\/vc_cta][vc_cta h2=\u00bb\u00bb h4=\u00bbPosgrado &#8211; Doctorado 2019&#8243; add_button=\u00bbright\u00bb btn_title=\u00bbEnlace\u00bb btn_style=\u00bb3d\u00bb btn_color=\u00bbprimary\u00bb btn_align=\u00bbright\u00bb btn_i_icon_fontawesome=\u00bbfas fa-file-pdf\u00bb add_icon=\u00bbleft\u00bb i_icon_fontawesome=\u00bbfas fa-sign-in-alt\u00bb i_color=\u00bbcustom\u00bb i_background_style=\u00bbrounded-outline\u00bb btn_button_block=\u00bbtrue\u00bb btn_add_icon=\u00bbtrue\u00bb i_custom_color=\u00bb#1e73be\u00bb btn_link=\u00bburl:https%3A%2F%2Ftransparencia.unap.edu.pe%2Fdocumentos%2FBECAS%2520POSGRADO-DOCTORADO.pdf|||\u00bb]Transparencia de Universidades &#8211; Ley 30 220[\/vc_cta][vc_cta h2=\u00bb\u00bb h4=\u00bbInvestigaci\u00f3n 2018&#8243; add_button=\u00bbright\u00bb btn_title=\u00bbEnlace\u00bb btn_style=\u00bb3d\u00bb btn_color=\u00bbprimary\u00bb btn_align=\u00bbright\u00bb btn_i_icon_fontawesome=\u00bbfas fa-file-pdf\u00bb add_icon=\u00bbleft\u00bb i_icon_fontawesome=\u00bbfas fa-sign-in-alt\u00bb i_color=\u00bbcustom\u00bb i_background_style=\u00bbrounded-outline\u00bb btn_button_block=\u00bbtrue\u00bb btn_add_icon=\u00bbtrue\u00bb i_custom_color=\u00bb#1e73be\u00bb btn_link=\u00bburl:https%3A%2F%2Ftransparencia.unap.edu.pe%2Ftransparencia-universidades%2Fdocumentos%2Fbecarios_doctorado2018.pdf|||\u00bb]Transparencia de Universidades &#8211; Ley 30 220[\/vc_cta][\/vc_column][\/vc_row][vc_row][vc_column width=\u00bb2\/3&#8243; offset=\u00bbvc_hidden-lg vc_hidden-md vc_hidden-sm vc_hidden-xs\u00bb][vc_cta h2=\u00bb\u00bb h4=\u00bbBecas otorgados por Programas de Movilidad Estudiantil 2018&#8243; add_icon=\u00bbleft\u00bb i_icon_fontawesome=\u00bbfas fa-sign-in-alt\u00bb i_color=\u00bbcustom\u00bb i_background_style=\u00bbrounded-outline\u00bb i_custom_color=\u00bb#1e73be\u00bb]Transparencia de Universidades &#8211; Ley 30 220[\/vc_cta][\/vc_column][vc_column width=\u00bb1\/3&#8243; offset=\u00bbvc_hidden-lg vc_hidden-md vc_hidden-sm vc_hidden-xs\u00bb][vc_btn title=\u00bb2018-II\u00bb style=\u00bb3d\u00bb color=\u00bbprimary\u00bb link=\u00bburl:https%3A%2F%2Ftransparencia.unap.edu.pe%2Ftransparencia-universidades%2Fdocumentos%2Fbecas2018_II_pme.pdf|||\u00bb][vc_btn title=\u00bb2018-I\u00bb style=\u00bb3d\u00bb color=\u00bbprimary\u00bb link=\u00bburl:https%3A%2F%2Ftransparencia.unap.edu.pe%2Ftransparencia-universidades%2Fdocumentos%2Fbecas2018_I_pme.pdf|||\u00bb][\/vc_column][\/vc_row][vc_row][vc_column width=\u00bb2\/3&#8243; offset=\u00bbvc_hidden-lg vc_hidden-md vc_hidden-sm vc_hidden-xs\u00bb][vc_cta h2=\u00bb\u00bb h4=\u00bbBecas otorgados por Programas de Movilidad Estudiantil 2017&#8243; add_icon=\u00bbleft\u00bb i_icon_fontawesome=\u00bbfas fa-sign-in-alt\u00bb i_color=\u00bbcustom\u00bb i_background_style=\u00bbrounded-outline\u00bb i_custom_color=\u00bb#1e73be\u00bb]Transparencia de Universidades &#8211; Ley 30 220[\/vc_cta][\/vc_column][vc_column width=\u00bb1\/3&#8243; offset=\u00bbvc_hidden-lg vc_hidden-md vc_hidden-sm vc_hidden-xs\u00bb][vc_btn title=\u00bb2017-II\u00bb style=\u00bb3d\u00bb color=\u00bbprimary\u00bb link=\u00bburl:%20http%3A%2F%2Ftransparencia.unap.edu.pe%2Fdocumentos%2Fbecas2017_II.pdf|||\u00bb][vc_btn title=\u00bb2017-I\u00bb style=\u00bb3d\u00bb color=\u00bbprimary\u00bb link=\u00bburl:http%3A%2F%2Ftransparencia.unap.edu.pe%2Fdocumentos%2Fbecas2017_I.pdf|||\u00bb][\/vc_column][\/vc_row]<\/p>\n<\/div>","protected":false},"excerpt":{"rendered":"<p>[vc_row][vc_column][vc_cta h2=\u00bb\u00bb h4=\u00bbNOTA:\u00bb add_icon=\u00bbleft\u00bb i_icon_fontawesome=\u00bbfas fa-chevron-circle-down\u00bb i_color=\u00bbcustom\u00bb i_background_style=\u00bbrounded-outline\u00bb css=\u00bb.vc_custom_1663336298713{background-color: #dbdbdb !important;}\u00bb i_on_border=\u00bbtrue\u00bb i_custom_color=\u00bb#1e73be\u00bb] La Universidad Nacional del Altiplano no otorga becas\u00a0 ni cr\u00e9ditos educativos, conforme a las normas acad\u00e9micas y legales vigentes en el a\u00f1o en curso. [\/vc_cta][\/vc_column][\/vc_row][vc_row disable_element=\u00bbyes\u00bb][vc_column][vc_cta h2=\u00bb\u00bb h4=\u00bbProgramas de Movilidad Estudiantil 2022&#8243; add_button=\u00bbright\u00bb btn_title=\u00bbEnlace\u00bb btn_style=\u00bb3d\u00bb btn_color=\u00bbprimary\u00bb btn_align=\u00bbcenter\u00bb btn_i_icon_fontawesome=\u00bbfas fa-file-pdf\u00bb add_icon=\u00bbleft\u00bb i_icon_fontawesome=\u00bbfas fa-sign-in-alt\u00bb&hellip;<\/p>\n","protected":false},"author":1,"featured_media":0,"parent":0,"menu_order":0,"comment_status":"closed","ping_status":"closed","template":"","meta":{"_acf_changed":false,"footnotes":""},"class_list":["post-3442","page","type-page","status-publish","hentry"],"acf":[],"_links":{"self":[{"href":"https:\/\/transparencia.unap.edu.pe\/web\/wp-json\/wp\/v2\/pages\/3442","targetHints":{"allow":["GET"]}}],"collection":[{"href":"https:\/\/transparencia.unap.edu.pe\/web\/wp-json\/wp\/v2\/pages"}],"about":[{"href":"https:\/\/transparencia.unap.edu.pe\/web\/wp-json\/wp\/v2\/types\/page"}],"author":[{"embeddable":true,"href":"https:\/\/transparencia.unap.edu.pe\/web\/wp-json\/wp\/v2\/users\/1"}],"replies":[{"embeddable":true,"href":"https:\/\/transparencia.unap.edu.pe\/web\/wp-json\/wp\/v2\/comments?post=3442"}],"version-history":[{"count":12,"href":"https:\/\/transparencia.unap.edu.pe\/web\/wp-json\/wp\/v2\/pages\/3442\/revisions"}],"predecessor-version":[{"id":11790,"href":"https:\/\/transparencia.unap.edu.pe\/web\/wp-json\/wp\/v2\/pages\/3442\/revisions\/11790"}],"wp:attachment":[{"href":"https:\/\/transparencia.unap.edu.pe\/web\/wp-json\/wp\/v2\/media?parent=3442"}],"curies":[{"name":"wp","href":"https:\/\/api.w.org\/{rel}","templated":true}]}}