{"id":3452,"date":"2020-03-28T23:37:04","date_gmt":"2020-03-28T23:37:04","guid":{"rendered":"http:\/\/localhost\/transparencia\/?page_id=3452"},"modified":"2025-03-28T09:33:55","modified_gmt":"2025-03-28T14:33:55","slug":"11-9-cuerpo-docente-indicando-clase-categoria-y-hoja-de-vida","status":"publish","type":"page","link":"https:\/\/transparencia.unap.edu.pe\/web\/11-9-cuerpo-docente-indicando-clase-categoria-y-hoja-de-vida\/","title":{"rendered":"11.9 Cuerpo docente, indicando clase categor\u00eda y hoja de vida"},"content":{"rendered":"<div class=\"wpb-content-wrapper\"><p>[vc_row][vc_column width=\u00bb2\/3&#8243;][vc_cta h2=\u00bb\u00bb h4=\u00bbRelaci\u00f3n de Docentes de Pregrado seg\u00fan clase y categor\u00eda &#8211; Ordinarios\u00bb add_icon=\u00bbleft\u00bb i_icon_fontawesome=\u00bbfas fa-sign-in-alt\u00bb i_color=\u00bbcustom\u00bb i_background_style=\u00bbrounded-outline\u00bb css=\u00bb\u00bb i_custom_color=\u00bb#1e73be\u00bb]Transparencia de Universidades &#8211; Ley 30 220[\/vc_cta][\/vc_column][vc_column width=\u00bb1\/3&#8243;][vc_btn title=\u00bbEnlace\u00bb style=\u00bb3d\u00bb color=\u00bbprimary\u00bb size=\u00bblg\u00bb align=\u00bbcenter\u00bb i_icon_fontawesome=\u00bbfas fa-file-pdf\u00bb css=\u00bb\u00bb button_block=\u00bbtrue\u00bb add_icon=\u00bbtrue\u00bb link=\u00bburl:https%3A%2F%2Ftransparencia.unap.edu.pe%2Fdocumentos%2FDOCENTES%25202024%2520-%2520UNA%2520PUNO.pdf\u00bb][\/vc_column][\/vc_row][vc_row disable_element=\u00bbyes\u00bb][vc_column width=\u00bb2\/3&#8243;][vc_cta h2=\u00bb\u00bb h4=\u00bbRelaci\u00f3n de Docentes de Pregrado seg\u00fan clase y categor\u00eda &#8211; 2022&#8243; add_icon=\u00bbleft\u00bb i_icon_fontawesome=\u00bbfas fa-sign-in-alt\u00bb i_color=\u00bbcustom\u00bb i_background_style=\u00bbrounded-outline\u00bb i_custom_color=\u00bb#1e73be\u00bb]Transparencia de Universidades &#8211; Ley 30 220[\/vc_cta][\/vc_column][vc_column width=\u00bb1\/3&#8243;][vc_btn title=\u00bb2022 &#8211; II\u00bb style=\u00bb3d\u00bb color=\u00bbprimary\u00bb size=\u00bblg\u00bb align=\u00bbcenter\u00bb i_icon_fontawesome=\u00bbfas fa-file-pdf\u00bb button_block=\u00bbtrue\u00bb add_icon=\u00bbtrue\u00bb link=\u00bburl:https%3A%2F%2Ftransparencia.unap.edu.pe%2Fdocumentos%2FDOCENTES%2520ORDINARIOS_CONTRATADOS%2520TRANSPARENCIA%25202022-II.pdf|||\u00bb][vc_btn title=\u00bb2022 &#8211; I\u00bb style=\u00bb3d\u00bb color=\u00bbprimary\u00bb size=\u00bblg\u00bb align=\u00bbcenter\u00bb i_icon_fontawesome=\u00bbfas fa-file-pdf\u00bb button_block=\u00bbtrue\u00bb add_icon=\u00bbtrue\u00bb link=\u00bburl:https%3A%2F%2Ftransparencia.unap.edu.pe%2Fdocumentos%2FDOCENTES%2520ORDINARIOS_CONTRATADOS%2520TRANSPARENCIA.pdf|||\u00bb][\/vc_column][\/vc_row][vc_row disable_element=\u00bbyes\u00bb][vc_column width=\u00bb2\/3&#8243;][vc_separator color=\u00bbblack\u00bb][vc_cta h2=\u00bb\u00bb h4=\u00bbRelaci\u00f3n de Docentes de Pregrado seg\u00fan clase y categor\u00eda &#8211; 2021&#8243; add_icon=\u00bbleft\u00bb i_icon_fontawesome=\u00bbfas fa-sign-in-alt\u00bb i_color=\u00bbcustom\u00bb i_background_style=\u00bbrounded-outline\u00bb i_custom_color=\u00bb#1e73be\u00bb]Transparencia de Universidades &#8211; Ley 30 220[\/vc_cta][\/vc_column][vc_column width=\u00bb1\/3&#8243;][vc_separator color=\u00bbblack\u00bb][vc_btn title=\u00bb2021 &#8211; I\u00bb style=\u00bb3d\u00bb color=\u00bbprimary\u00bb size=\u00bblg\u00bb align=\u00bbcenter\u00bb i_icon_fontawesome=\u00bbfas fa-file-pdf\u00bb button_block=\u00bbtrue\u00bb add_icon=\u00bbtrue\u00bb link=\u00bburl:https%3A%2F%2Ftransparencia.unap.edu.pe%2Fdocumentos%2Frelacion%2520de%2520docentes%2520-%2520Transparencia%25202021-I.pdf|||\u00bb][\/vc_column][\/vc_row][vc_row disable_element=\u00bbyes\u00bb][vc_column width=\u00bb2\/3&#8243;][vc_separator color=\u00bbblack\u00bb][vc_cta h2=\u00bb\u00bb h4=\u00bbRelaci\u00f3n de Docentes de Pregrado seg\u00fan clase y categor\u00eda &#8211; 2020&#8243; add_icon=\u00bbleft\u00bb i_icon_fontawesome=\u00bbfas fa-sign-in-alt\u00bb i_color=\u00bbcustom\u00bb i_background_style=\u00bbrounded-outline\u00bb i_custom_color=\u00bb#1e73be\u00bb]Transparencia de Universidades &#8211; Ley 30 220[\/vc_cta][\/vc_column][vc_column width=\u00bb1\/3&#8243;][vc_separator color=\u00bbblack\u00bb][vc_btn title=\u00bb2020 &#8211; I\u00bb style=\u00bb3d\u00bb color=\u00bbprimary\u00bb size=\u00bblg\u00bb align=\u00bbcenter\u00bb i_icon_fontawesome=\u00bbfas fa-file-pdf\u00bb button_block=\u00bbtrue\u00bb add_icon=\u00bbtrue\u00bb link=\u00bburl:https%3A%2F%2Ftransparencia.unap.edu.pe%2Fdocumentos%2Frelacion%2520de%2520docentes%25202020%2520I.pdf|||\u00bb][\/vc_column][\/vc_row][vc_row disable_element=\u00bbyes\u00bb][vc_column width=\u00bb2\/3&#8243;][vc_separator color=\u00bbblack\u00bb][vc_cta h2=\u00bb\u00bb h4=\u00bbRelaci\u00f3n de Docentes de Pregrado seg\u00fan clase y categor\u00eda &#8211; 2019&#8243; add_icon=\u00bbleft\u00bb i_icon_fontawesome=\u00bbfas fa-sign-in-alt\u00bb i_color=\u00bbcustom\u00bb i_background_style=\u00bbrounded-outline\u00bb i_custom_color=\u00bb#1e73be\u00bb]Transparencia de Universidades &#8211; Ley 30 220[\/vc_cta][\/vc_column][vc_column width=\u00bb1\/3&#8243;][vc_separator color=\u00bbblack\u00bb][vc_btn title=\u00bb2019 &#8211; II\u00bb style=\u00bb3d\u00bb color=\u00bbprimary\u00bb size=\u00bblg\u00bb align=\u00bbcenter\u00bb i_icon_fontawesome=\u00bbfas fa-file-pdf\u00bb button_block=\u00bbtrue\u00bb add_icon=\u00bbtrue\u00bb link=\u00bburl:https%3A%2F%2Ftransparencia.unap.edu.pe%2Fdocumentos%2FRelacion%2520de%2520Docentes%25202019%2520II.pdf|||\u00bb][vc_btn title=\u00bb2019 &#8211; I\u00bb style=\u00bb3d\u00bb color=\u00bbprimary\u00bb size=\u00bblg\u00bb align=\u00bbcenter\u00bb i_icon_fontawesome=\u00bbfas fa-file-pdf\u00bb button_block=\u00bbtrue\u00bb add_icon=\u00bbtrue\u00bb link=\u00bburl:https%3A%2F%2Ftransparencia.unap.edu.pe%2Fdocumentos%2FRelacion%2520de%2520Docentes%25202019%2520I.pdf|||\u00bb][\/vc_column][\/vc_row][vc_row][vc_column width=\u00bb2\/3&#8243;][vc_separator color=\u00bbblack\u00bb][vc_cta h2=\u00bb\u00bb h4=\u00bbHoja de Vida de los Docentes de Pregrado\u00bb add_icon=\u00bbleft\u00bb i_icon_fontawesome=\u00bbfas fa-sign-in-alt\u00bb i_color=\u00bbcustom\u00bb i_background_style=\u00bbrounded-outline\u00bb i_custom_color=\u00bb#1e73be\u00bb]Transparencia de Universidades &#8211; Ley 30 220[\/vc_cta][\/vc_column][vc_column width=\u00bb1\/3&#8243;][vc_separator color=\u00bbblack\u00bb][vc_btn title=\u00bbEnlace\u00bb style=\u00bb3d\u00bb color=\u00bbprimary\u00bb size=\u00bblg\u00bb align=\u00bbcenter\u00bb i_icon_fontawesome=\u00bbfas fa-file-pdf\u00bb css=\u00bb\u00bb button_block=\u00bbtrue\u00bb add_icon=\u00bbtrue\u00bb link=\u00bburl:https%3A%2F%2Ftransparencia.unap.edu.pe%2Fdocumentos%2FDOCENTES%2520ORDINARIOS_CONTRATADOS%2520TRANSPARENCIA%25202022-II.pdf|||\u00bb][vc_btn title=\u00bb2022 &#8211; I\u00bb style=\u00bb3d\u00bb color=\u00bbprimary\u00bb size=\u00bblg\u00bb align=\u00bbcenter\u00bb i_icon_fontawesome=\u00bbfas fa-file-pdf\u00bb button_block=\u00bbtrue\u00bb add_icon=\u00bbtrue\u00bb link=\u00bburl:https%3A%2F%2Ftransparencia.unap.edu.pe%2Fdocumentos%2FDOCENTES%2520ORDINARIOS_CONTRATADOS%2520TRANSPARENCIA.pdf|||\u00bb][vc_btn title=\u00bb2019&#8243; style=\u00bb3d\u00bb color=\u00bbprimary\u00bb size=\u00bblg\u00bb align=\u00bbcenter\u00bb i_icon_fontawesome=\u00bbfas fa-file-pdf\u00bb button_block=\u00bbtrue\u00bb add_icon=\u00bbtrue\u00bb link=\u00bburl:https%3A%2F%2Ftransparencia.unap.edu.pe%2Fdocumentos%2FHojadeVidaDocentesPregrado2019.xls|||\u00bb][\/vc_column][\/vc_row][vc_row][vc_column width=\u00bb2\/3&#8243;][vc_separator color=\u00bbblack\u00bb][vc_cta h2=\u00bb\u00bb h4=\u00bbRelaci\u00f3n de Docentes de Posgrado seg\u00fan clase y categor\u00eda\u00bb add_icon=\u00bbleft\u00bb i_icon_fontawesome=\u00bbfas fa-sign-in-alt\u00bb i_color=\u00bbcustom\u00bb i_background_style=\u00bbrounded-outline\u00bb i_custom_color=\u00bb#1e73be\u00bb]Transparencia de Universidades &#8211; Ley 30 220[\/vc_cta][\/vc_column][vc_column width=\u00bb1\/3&#8243;][vc_separator color=\u00bbblack\u00bb][vc_btn title=\u00bbEnlace\u00bb style=\u00bb3d\u00bb color=\u00bbprimary\u00bb size=\u00bblg\u00bb align=\u00bbcenter\u00bb i_icon_fontawesome=\u00bbfas fa-file-pdf\u00bb css=\u00bb\u00bb button_block=\u00bbtrue\u00bb add_icon=\u00bbtrue\u00bb link=\u00bburl:https%3A%2F%2Ftransparencia.unap.edu.pe%2Fweb%2Fwp-content%2Fuploads%2F2023%2F12%2FRELACION-DOCENTES-POSGRADO.pdf\u00bb][vc_btn title=\u00bbAnteriores\u00bb style=\u00bb3d\u00bb color=\u00bbprimary\u00bb size=\u00bblg\u00bb align=\u00bbcenter\u00bb i_icon_fontawesome=\u00bbfas fa-file-pdf\u00bb button_block=\u00bbtrue\u00bb add_icon=\u00bbtrue\u00bb link=\u00bburl:https%3A%2F%2Ftransparencia.unap.edu.pe%2Fdocumentos%2Frelaciondedocentesposgrado.pdf|||\u00bb][\/vc_column][\/vc_row][vc_row][vc_column width=\u00bb2\/3&#8243;][vc_separator color=\u00bbblack\u00bb][vc_cta h2=\u00bb\u00bb h4=\u00bbHoja de Vida de los Docentes de Posgrado\u00bb add_icon=\u00bbleft\u00bb i_icon_fontawesome=\u00bbfas fa-sign-in-alt\u00bb i_color=\u00bbcustom\u00bb i_background_style=\u00bbrounded-outline\u00bb i_custom_color=\u00bb#1e73be\u00bb]Transparencia de Universidades &#8211; Ley 30 220[\/vc_cta][\/vc_column][vc_column width=\u00bb1\/3&#8243;][vc_separator color=\u00bbblack\u00bb][vc_btn title=\u00bbEnlace\u00bb style=\u00bb3d\u00bb color=\u00bbprimary\u00bb size=\u00bblg\u00bb align=\u00bbcenter\u00bb i_icon_fontawesome=\u00bbfas fa-file-pdf\u00bb css=\u00bb\u00bb button_block=\u00bbtrue\u00bb add_icon=\u00bbtrue\u00bb link=\u00bburl:https%3A%2F%2Ftransparencia.unap.edu.pe%2Fweb%2Fwp-content%2Fuploads%2F2023%2F12%2Fhoja-de-vida-posgrado-2023.pdf\u00bb][vc_btn title=\u00bbAnteriores\u00bb style=\u00bb3d\u00bb color=\u00bbprimary\u00bb size=\u00bblg\u00bb align=\u00bbcenter\u00bb i_icon_fontawesome=\u00bbfas fa-file-pdf\u00bb button_block=\u00bbtrue\u00bb add_icon=\u00bbtrue\u00bb link=\u00bburl:https%3A%2F%2Ftransparencia.unap.edu.pe%2Fdocumentos%2FHojadeVidaDocentesPosgrado2019.pdf|||\u00bb][\/vc_column][\/vc_row][vc_row][vc_column width=\u00bb2\/3&#8243;][vc_separator color=\u00bbblack\u00bb][\/vc_column][vc_column width=\u00bb1\/3&#8243;][vc_separator color=\u00bbblack\u00bb][\/vc_column][\/vc_row]<\/p>\n<\/div>","protected":false},"excerpt":{"rendered":"<p>[vc_row][vc_column width=\u00bb2\/3&#8243;][vc_cta h2=\u00bb\u00bb h4=\u00bbRelaci\u00f3n de Docentes de Pregrado seg\u00fan clase y categor\u00eda &#8211; Ordinarios\u00bb add_icon=\u00bbleft\u00bb i_icon_fontawesome=\u00bbfas fa-sign-in-alt\u00bb i_color=\u00bbcustom\u00bb i_background_style=\u00bbrounded-outline\u00bb css=\u00bb\u00bb i_custom_color=\u00bb#1e73be\u00bb]Transparencia de Universidades &#8211; Ley 30 220[\/vc_cta][\/vc_column][vc_column width=\u00bb1\/3&#8243;][vc_btn title=\u00bbEnlace\u00bb style=\u00bb3d\u00bb color=\u00bbprimary\u00bb size=\u00bblg\u00bb align=\u00bbcenter\u00bb i_icon_fontawesome=\u00bbfas fa-file-pdf\u00bb css=\u00bb\u00bb button_block=\u00bbtrue\u00bb add_icon=\u00bbtrue\u00bb link=\u00bburl:https%3A%2F%2Ftransparencia.unap.edu.pe%2Fdocumentos%2FDOCENTES%25202024%2520-%2520UNA%2520PUNO.pdf\u00bb][\/vc_column][\/vc_row][vc_row disable_element=\u00bbyes\u00bb][vc_column width=\u00bb2\/3&#8243;][vc_cta h2=\u00bb\u00bb h4=\u00bbRelaci\u00f3n de Docentes de Pregrado seg\u00fan clase y categor\u00eda &#8211; 2022&#8243; add_icon=\u00bbleft\u00bb i_icon_fontawesome=\u00bbfas&hellip;<\/p>\n","protected":false},"author":1,"featured_media":0,"parent":0,"menu_order":0,"comment_status":"closed","ping_status":"closed","template":"","meta":{"_acf_changed":false,"footnotes":""},"class_list":["post-3452","page","type-page","status-publish","hentry","description-off"],"acf":[],"_links":{"self":[{"href":"https:\/\/transparencia.unap.edu.pe\/web\/wp-json\/wp\/v2\/pages\/3452","targetHints":{"allow":["GET"]}}],"collection":[{"href":"https:\/\/transparencia.unap.edu.pe\/web\/wp-json\/wp\/v2\/pages"}],"about":[{"href":"https:\/\/transparencia.unap.edu.pe\/web\/wp-json\/wp\/v2\/types\/page"}],"author":[{"embeddable":true,"href":"https:\/\/transparencia.unap.edu.pe\/web\/wp-json\/wp\/v2\/users\/1"}],"replies":[{"embeddable":true,"href":"https:\/\/transparencia.unap.edu.pe\/web\/wp-json\/wp\/v2\/comments?post=3452"}],"version-history":[{"count":13,"href":"https:\/\/transparencia.unap.edu.pe\/web\/wp-json\/wp\/v2\/pages\/3452\/revisions"}],"predecessor-version":[{"id":11799,"href":"https:\/\/transparencia.unap.edu.pe\/web\/wp-json\/wp\/v2\/pages\/3452\/revisions\/11799"}],"wp:attachment":[{"href":"https:\/\/transparencia.unap.edu.pe\/web\/wp-json\/wp\/v2\/media?parent=3452"}],"curies":[{"name":"wp","href":"https:\/\/api.w.org\/{rel}","templated":true}]}}