{"id":3505,"date":"2020-05-04T16:12:02","date_gmt":"2020-05-04T16:12:02","guid":{"rendered":"http:\/\/localhost\/web\/?page_id=3505"},"modified":"2025-03-28T07:53:48","modified_gmt":"2025-03-28T12:53:48","slug":"remuneraciones-y-bonificaciones-y-demas-estimulos-que-se-pagan-a-las-autoridades-y-docentes-en-cada-categoria","status":"publish","type":"page","link":"https:\/\/transparencia.unap.edu.pe\/web\/remuneraciones-y-bonificaciones-y-demas-estimulos-que-se-pagan-a-las-autoridades-y-docentes-en-cada-categoria\/","title":{"rendered":"Remuneraciones y bonificaciones y dem\u00e1s est\u00edmulos que se pagan a las autoridades y docentes en cada categor\u00eda"},"content":{"rendered":"<div class=\"wpb-content-wrapper\"><p>[vc_row][vc_column width=\u00bb2\/3&#8243;][vc_cta h2=\u00bb\u00bb h4=\u00bbEscala de las remuneraciones, bonificaciones y est\u00edmulos pagadas a las autoridades (Actual)\u00bb txt_align=\u00bbjustify\u00bb add_icon=\u00bbleft\u00bb i_icon_fontawesome=\u00bbfas fa-sign-in-alt\u00bb i_color=\u00bbcustom\u00bb i_background_style=\u00bbrounded-outline\u00bb i_custom_color=\u00bb#1e73be\u00bb]Transparencia de Universidades &#8211; Ley 30 220[\/vc_cta][\/vc_column][vc_column width=\u00bb1\/3&#8243;][vc_btn title=\u00bbEnlace\u00bb style=\u00bb3d\u00bb color=\u00bbprimary\u00bb size=\u00bblg\u00bb align=\u00bbcenter\u00bb i_icon_fontawesome=\u00bbfas fa-file-pdf\u00bb button_block=\u00bbtrue\u00bb add_icon=\u00bbtrue\u00bb link=\u00bburl:https%3A%2F%2Ftransparencia.unap.edu.pe%2Fdocumentos%2FPAGO%2520AUTORIDADES.pdf|||\u00bb][\/vc_column][\/vc_row][vc_row][vc_column width=\u00bb2\/3&#8243;][vc_separator color=\u00bbblack\u00bb][vc_cta h2=\u00bb\u00bb h4=\u00bbEscala de las remuneraciones, bonificaciones y est\u00edmulos pagadas a los docentes cada clase y categor\u00eda (Actual)\u00bb txt_align=\u00bbjustify\u00bb add_icon=\u00bbleft\u00bb i_icon_fontawesome=\u00bbfas fa-sign-in-alt\u00bb i_color=\u00bbcustom\u00bb i_background_style=\u00bbrounded-outline\u00bb i_custom_color=\u00bb#1e73be\u00bb]Transparencia de Universidades &#8211; Ley 30 220[\/vc_cta][\/vc_column][vc_column width=\u00bb1\/3&#8243;][vc_separator color=\u00bbblack\u00bb][vc_btn title=\u00bbEnlace\u00bb style=\u00bb3d\u00bb color=\u00bbprimary\u00bb size=\u00bblg\u00bb align=\u00bbcenter\u00bb i_icon_fontawesome=\u00bbfas fa-file-pdf\u00bb css=\u00bb\u00bb button_block=\u00bbtrue\u00bb add_icon=\u00bbtrue\u00bb link=\u00bburl:https%3A%2F%2Ftransparencia.unap.edu.pe%2Fdocumentos%2FPAGO%2520DOCENTES.pdf\u00bb][\/vc_column][\/vc_row][vc_row][vc_column width=\u00bb2\/3&#8243;][vc_separator color=\u00bbblack\u00bb][vc_cta h2=\u00bb\u00bb h4=\u00bbBusqueda Detallada\u00bb add_icon=\u00bbleft\u00bb i_icon_fontawesome=\u00bbfas fa-sign-in-alt\u00bb i_color=\u00bbcustom\u00bb i_background_style=\u00bbrounded-outline\u00bb i_custom_color=\u00bb#1e73be\u00bb]Transparencia de Universidades &#8211; Ley 30 220[\/vc_cta][\/vc_column][vc_column width=\u00bb1\/3&#8243;][vc_separator color=\u00bbblack\u00bb][vc_btn title=\u00bbEnlace\u00bb style=\u00bb3d\u00bb color=\u00bbprimary\u00bb size=\u00bblg\u00bb align=\u00bbcenter\u00bb i_icon_fontawesome=\u00bbfas fa-file-pdf\u00bb button_block=\u00bbtrue\u00bb add_icon=\u00bbtrue\u00bb link=\u00bburl:https%3A%2F%2Fwww.transparencia.gob.pe%2Fpersonal%2Fpte_transparencia_personal.aspx%3Fid_entidad%3D10449%26id_tema%3D32%26ver%3D%23.XofW9IOg9PZ|||\u00bb][\/vc_column][\/vc_row]<\/p>\n<\/div>","protected":false},"excerpt":{"rendered":"<p>[vc_row][vc_column width=\u00bb2\/3&#8243;][vc_cta h2=\u00bb\u00bb h4=\u00bbEscala de las remuneraciones, bonificaciones y est\u00edmulos pagadas a las autoridades (Actual)\u00bb txt_align=\u00bbjustify\u00bb add_icon=\u00bbleft\u00bb i_icon_fontawesome=\u00bbfas fa-sign-in-alt\u00bb i_color=\u00bbcustom\u00bb i_background_style=\u00bbrounded-outline\u00bb i_custom_color=\u00bb#1e73be\u00bb]Transparencia de Universidades &#8211; Ley 30 220[\/vc_cta][\/vc_column][vc_column width=\u00bb1\/3&#8243;][vc_btn title=\u00bbEnlace\u00bb style=\u00bb3d\u00bb color=\u00bbprimary\u00bb size=\u00bblg\u00bb align=\u00bbcenter\u00bb i_icon_fontawesome=\u00bbfas fa-file-pdf\u00bb button_block=\u00bbtrue\u00bb add_icon=\u00bbtrue\u00bb link=\u00bburl:https%3A%2F%2Ftransparencia.unap.edu.pe%2Fdocumentos%2FPAGO%2520AUTORIDADES.pdf|||\u00bb][\/vc_column][\/vc_row][vc_row][vc_column width=\u00bb2\/3&#8243;][vc_separator color=\u00bbblack\u00bb][vc_cta h2=\u00bb\u00bb h4=\u00bbEscala de las remuneraciones, bonificaciones y est\u00edmulos pagadas a los docentes cada clase&hellip;<\/p>\n","protected":false},"author":1,"featured_media":0,"parent":0,"menu_order":0,"comment_status":"closed","ping_status":"closed","template":"","meta":{"_acf_changed":false,"footnotes":""},"class_list":["post-3505","page","type-page","status-publish","hentry","description-off"],"acf":[],"_links":{"self":[{"href":"https:\/\/transparencia.unap.edu.pe\/web\/wp-json\/wp\/v2\/pages\/3505","targetHints":{"allow":["GET"]}}],"collection":[{"href":"https:\/\/transparencia.unap.edu.pe\/web\/wp-json\/wp\/v2\/pages"}],"about":[{"href":"https:\/\/transparencia.unap.edu.pe\/web\/wp-json\/wp\/v2\/types\/page"}],"author":[{"embeddable":true,"href":"https:\/\/transparencia.unap.edu.pe\/web\/wp-json\/wp\/v2\/users\/1"}],"replies":[{"embeddable":true,"href":"https:\/\/transparencia.unap.edu.pe\/web\/wp-json\/wp\/v2\/comments?post=3505"}],"version-history":[{"count":7,"href":"https:\/\/transparencia.unap.edu.pe\/web\/wp-json\/wp\/v2\/pages\/3505\/revisions"}],"predecessor-version":[{"id":11792,"href":"https:\/\/transparencia.unap.edu.pe\/web\/wp-json\/wp\/v2\/pages\/3505\/revisions\/11792"}],"wp:attachment":[{"href":"https:\/\/transparencia.unap.edu.pe\/web\/wp-json\/wp\/v2\/media?parent=3505"}],"curies":[{"name":"wp","href":"https:\/\/api.w.org\/{rel}","templated":true}]}}