{"id":3794,"date":"2020-07-07T20:23:47","date_gmt":"2020-07-07T20:23:47","guid":{"rendered":"https:\/\/transparencia.unap.edu.pe\/web\/?page_id=3794"},"modified":"2025-03-28T08:26:11","modified_gmt":"2025-03-28T13:26:11","slug":"actasdeconsejodefacultad","status":"publish","type":"page","link":"https:\/\/transparencia.unap.edu.pe\/web\/actasdeconsejodefacultad\/","title":{"rendered":"ACTAS DE CONSEJO DE FACULTAD"},"content":{"rendered":"<div class=\"wpb-content-wrapper\"><p>[vc_row][vc_column width=\u00bb1\/2&#8243;][vc_single_image image=\u00bb3628&#8243; img_size=\u00bbmedium\u00bb alignment=\u00bbcenter\u00bb title=\u00bbINGENIERIAS\u00bb][\/vc_column][vc_column width=\u00bb1\/2&#8243;][vc_column_text]<!--<\/p>\n\n\n\n\n<li><a href=\"https:\/\/transparencia.unap.edu.pe\/web\/actas-de-consejo-de-la-facultad-ingenieria-agricola\/\">Facultad de Ingenier\u00eda Agr\u00edcola<\/a><\/li>\n\n\n\n\n<p>--><\/p>\n<ul>\n<li><a href=\"https:\/\/transparencia.unap.edu.pe\/web\/actas-de-consejo-de-la-facultad-de-ciencias-agrarias\/\">Facultad de Ciencias Agrarias<\/a><\/li>\n<li><a href=\"https:\/\/transparencia.unap.edu.pe\/web\/actas-de-consejo-de-la-facultad-ingenieria-agricola\/\">Facultad de Ingenier\u00eda Agr\u00edcola<\/a><\/li>\n<li><a href=\"https:\/\/transparencia.unap.edu.pe\/web\/actas-de-consejo-de-facultad-de-ingenieria-economica\/\">Facultad de Ingenier\u00eda Econ\u00f3mica<br \/>\n<\/a><\/li>\n<li><a href=\"https:\/\/transparencia.unap.edu.pe\/web\/actas-de-consejo-de-la-facultad-de-estadistica-e-informatica\/\">Facultad de Ingenier\u00eda Estad\u00edstica e Inform\u00e1tica<\/a><\/li>\n<li><a href=\"https:\/\/transparencia.unap.edu.pe\/web\/actas-de-consejo-de-la-facultad-de-ingenieria-civil-y-arquitectura\/\">Facultad de Ingenier\u00eda Civil y Arquitectura<\/a><\/li>\n<li><a href=\"https:\/\/transparencia.unap.edu.pe\/web\/actas-de-consejo-de-la-facultad-de-ingenieria-geologica-y-metalurgica\/\">Facultad de Ingenier\u00eda Geol\u00f3gica y Metal\u00fargica<\/a><\/li>\n<li><a href=\"https:\/\/transparencia.unap.edu.pe\/web\/actas-de-consejo-de-la-facultad-de-ingenieria-quimica\/\">Facultad de Ingenier\u00eda Qu\u00edmica<\/a><\/li>\n<li><a href=\"https:\/\/transparencia.unap.edu.pe\/web\/actas-de-consejo-de-la-facultad-de-ingenieria-de-minas\/\">Facultad de Ingenier\u00eda de Minas<\/a><\/li>\n<li><a href=\"https:\/\/transparencia.unap.edu.pe\/web\/actas-de-consejo-de-la-facultad-de-ingenieria-mecanica-electrica-electronica-y-sistemas\">Facultad de Ingenier\u00eda Mec\u00e1nica El\u00e9ctrica, Electr\u00f3nica y Sistemas<\/a><\/li>\n<\/ul>\n<p>&nbsp;[\/vc_column_text][\/vc_column][\/vc_row][vc_row][vc_column width=\u00bb1\/2&#8243;][vc_column_text]&nbsp;<\/p>\n<ul>\n<li><a href=\"https:\/\/transparencia.unap.edu.pe\/web\/actas-de-consejo-de-la-facultad-de-ciencias-biologicas\">Facultad de Ciencias Biol\u00f3gicas<\/a><\/li>\n<li><a href=\"https:\/\/transparencia.unap.edu.pe\/web\/actas-de-consejo-de-la-facultad-de-ciencias-de-la-salud\/\">Facultad de Ciencias de la Salud<br \/>\n<\/a><\/li>\n<li><a href=\"https:\/\/transparencia.unap.edu.pe\/web\/actas-de-consejo-de-la-facultad-de-enfermeria\/\">Facultad de Enfermer\u00eda<br \/>\n<\/a><\/li>\n<li><a href=\"https:\/\/transparencia.unap.edu.pe\/web\/actas-de-consejo-de-la-facultad-de-medicina-veterinaria-y-zootecnia\/\">Facultad de Medicina Veterinaria y Zootecnia<br \/>\n<\/a><\/li>\n<li><a href=\"https:\/\/transparencia.unap.edu.pe\/web\/actas-de-consejo-de-la-facultad-de-medicina-humana\/\">Facultad de Medicina Humana<br \/>\n<\/a><\/li>\n<\/ul>\n<p>&nbsp;[\/vc_column_text][\/vc_column][vc_column width=\u00bb1\/2&#8243;][vc_single_image image=\u00bb3628&#8243; img_size=\u00bbmedium\u00bb alignment=\u00bbcenter\u00bb title=\u00bbBIOMEDICAS\u00bb][\/vc_column][\/vc_row][vc_row][vc_column width=\u00bb1\/2&#8243;][vc_single_image image=\u00bb3628&#8243; img_size=\u00bbmedium\u00bb alignment=\u00bbcenter\u00bb title=\u00bbSOCIALES\u00bb][\/vc_column][vc_column width=\u00bb1\/2&#8243;][vc_column_text]&nbsp;<\/p>\n<p><!--<\/p>\n\n\n\n\n<li><a>Facultad de Ciencias Sociales<br \/>\n<\/a><\/li>\n\n\n\n\n<p>--><\/p>\n<ul>\n<li><a href=\"https:\/\/transparencia.unap.edu.pe\/web\/actas-de-consejo-de-la-facultad-de-ciencias-juridicas-y-politicas\">Facultad de Ciencias Jur\u00eddicas y Pol\u00edticas<\/a><\/li>\n<li><a href=\"https:\/\/transparencia.unap.edu.pe\/web\/acta-de-consejo-de-facultad-de-trabajo-social\/\">Facultad de Trabajo Social<br \/>\n<\/a><\/li>\n<li><a href=\"https:\/\/transparencia.unap.edu.pe\/web\/actas-de-consejo-de-la-facultad-ciencias-contables-y-administrativas\/\">Facultad de Ciencias Contables y Administrativas<br \/>\n<\/a><\/li>\n<li><a href=\"https:\/\/transparencia.unap.edu.pe\/web\/actas-de-consejo-de-la-facultad-de-ciencias-de-la-educacion\/\">Facultad de Ciencias de la Educaci\u00f3n<br \/>\n<\/a><\/li>\n<li><a href=\"https:\/\/transparencia.unap.edu.pe\/web\/actas-de-consejo-de-la-facultad-ciencias-sociales\/\">Facultad de Ciencias Sociales<br \/>\n<\/a><\/li>\n<\/ul>\n<p>&nbsp;[\/vc_column_text][\/vc_column][\/vc_row][vc_row disable_element=\u00bbyes\u00bb][vc_column][vc_separator color=\u00bbturquoise\u00bb border_width=\u00bb2&#8243;][vc_message message_box_style=\u00bb3d\u00bb message_box_color=\u00bborange\u00bb icon_fontawesome=\u00bbfas fa-arrow-down\u00bb]Actas de Consejo Universitario anteriores a 2020[\/vc_message][vc_cta h2=\u00bb\u00bb h4=\u00bbActas de Sesi\u00f3n de Consejo de Facultad &#8211; 2019&#8243; add_button=\u00bbright\u00bb btn_title=\u00bbEnlace\u00bb btn_style=\u00bb3d\u00bb btn_color=\u00bbinfo\u00bb add_icon=\u00bbleft\u00bb i_icon_fontawesome=\u00bbfas fa-play\u00bb i_color=\u00bbpeacoc\u00bb i_background_style=\u00bbrounded\u00bb i_on_border=\u00bbtrue\u00bb btn_link=\u00bburl:https%3A%2F%2Ftransparencia.unap.edu.pe%2Fpep%2Findex_actas19.php|||\u00bb][\/vc_cta][vc_cta h2=\u00bb\u00bb h4=\u00bbActas de Sesi\u00f3n de Consejo de Facultad &#8211; 2018&#8243; add_button=\u00bbright\u00bb btn_title=\u00bbEnlace\u00bb btn_style=\u00bb3d\u00bb btn_color=\u00bbinfo\u00bb add_icon=\u00bbleft\u00bb i_icon_fontawesome=\u00bbfas fa-play\u00bb i_color=\u00bbpeacoc\u00bb i_background_style=\u00bbrounded\u00bb i_on_border=\u00bbtrue\u00bb btn_link=\u00bburl:https%3A%2F%2Ftransparencia.unap.edu.pe%2Fpep%2Findex_actas18.php|||\u00bb][\/vc_cta][\/vc_column][\/vc_row]<\/p>\n<\/div>","protected":false},"excerpt":{"rendered":"<p>[vc_row][vc_column width=\u00bb1\/2&#8243;][vc_single_image image=\u00bb3628&#8243; img_size=\u00bbmedium\u00bb alignment=\u00bbcenter\u00bb title=\u00bbINGENIERIAS\u00bb][\/vc_column][vc_column width=\u00bb1\/2&#8243;][vc_column_text] Facultad de Ciencias Agrarias Facultad de Ingenier\u00eda Agr\u00edcola Facultad de Ingenier\u00eda Econ\u00f3mica Facultad de Ingenier\u00eda Estad\u00edstica e Inform\u00e1tica Facultad de Ingenier\u00eda Civil y Arquitectura Facultad de Ingenier\u00eda Geol\u00f3gica y Metal\u00fargica Facultad de Ingenier\u00eda Qu\u00edmica Facultad de Ingenier\u00eda de Minas Facultad de Ingenier\u00eda Mec\u00e1nica El\u00e9ctrica, Electr\u00f3nica y Sistemas &nbsp;[\/vc_column_text][\/vc_column][\/vc_row][vc_row][vc_column&hellip;<\/p>\n","protected":false},"author":1,"featured_media":0,"parent":0,"menu_order":0,"comment_status":"closed","ping_status":"closed","template":"","meta":{"_acf_changed":false,"footnotes":""},"class_list":["post-3794","page","type-page","status-publish","hentry","description-off"],"acf":[],"_links":{"self":[{"href":"https:\/\/transparencia.unap.edu.pe\/web\/wp-json\/wp\/v2\/pages\/3794","targetHints":{"allow":["GET"]}}],"collection":[{"href":"https:\/\/transparencia.unap.edu.pe\/web\/wp-json\/wp\/v2\/pages"}],"about":[{"href":"https:\/\/transparencia.unap.edu.pe\/web\/wp-json\/wp\/v2\/types\/page"}],"author":[{"embeddable":true,"href":"https:\/\/transparencia.unap.edu.pe\/web\/wp-json\/wp\/v2\/users\/1"}],"replies":[{"embeddable":true,"href":"https:\/\/transparencia.unap.edu.pe\/web\/wp-json\/wp\/v2\/comments?post=3794"}],"version-history":[{"count":29,"href":"https:\/\/transparencia.unap.edu.pe\/web\/wp-json\/wp\/v2\/pages\/3794\/revisions"}],"predecessor-version":[{"id":11797,"href":"https:\/\/transparencia.unap.edu.pe\/web\/wp-json\/wp\/v2\/pages\/3794\/revisions\/11797"}],"wp:attachment":[{"href":"https:\/\/transparencia.unap.edu.pe\/web\/wp-json\/wp\/v2\/media?parent=3794"}],"curies":[{"name":"wp","href":"https:\/\/api.w.org\/{rel}","templated":true}]}}