{"id":4304,"date":"2020-11-13T20:49:22","date_gmt":"2020-11-13T20:49:22","guid":{"rendered":"https:\/\/transparencia.unap.edu.pe\/web\/?page_id=4304"},"modified":"2020-11-13T20:49:22","modified_gmt":"2020-11-13T20:49:22","slug":"mallas-curriculares-de-los-programa-de-estudios","status":"publish","type":"page","link":"https:\/\/transparencia.unap.edu.pe\/web\/mallas-curriculares-de-los-programa-de-estudios\/","title":{"rendered":"Mallas Curriculares de los Programa de Estudios"},"content":{"rendered":"\n<p><a href=\"http:\/\/portal.unap.edu.pe\/?q=malla-curricular-14\"><strong>&#8211; ESCUELA PROFESIONAL DE INGENIER\u00cdA AGRON\u00d3MICA.<\/strong><\/a><\/p>\n\n\n\n<p><a href=\"http:\/\/portal.unap.edu.pe\/?q=malla-curricular-13\"><strong>&#8211; ESCUELA PROFESIONAL DE INGENIER\u00cdA AGROINDUSTRIAL.<\/strong><\/a><\/p>\n\n\n\n<p><a href=\"http:\/\/portal.unap.edu.pe\/?q=malla-curricular-4\"><strong>&#8211; E. P. DE INGENIER\u00cdA TOPOGR\u00c1FICA Y AGRIMENSURA.<\/strong><\/a><\/p>\n\n\n\n<p><a href=\"http:\/\/portal.unap.edu.pe\/?q=malla-curricular-8\"><strong>&#8211; ESCUELA PROFESIONAL DE INGENIER\u00cdA AGR\u00cdCOLA.<\/strong><\/a><\/p>\n\n\n\n<p><a href=\"http:\/\/portal.unap.edu.pe\/?q=malla-curricular-58\"><strong>&#8211; ESCUELA PROFESIONAL DE ARQUITECTURA Y URBANISMO.<\/strong><\/a><\/p>\n\n\n\n<p><a href=\"http:\/\/portal.unap.edu.pe\/?q=malla-curricular-21\"><strong>&#8211; ESCUELA PROFESIONAL DE F\u00cdSICO \u2013 F\u00cdSICA.<\/strong><\/a><\/p>\n\n\n\n<p><a href=\"http:\/\/portal.unap.edu.pe\/?q=malla-curricular-21\"><strong>&#8211; ESCUELA PROFESIONAL DE F\u00cdSICO \u2013 MATEM\u00c1TICA.<\/strong><\/a><\/p>\n\n\n\n<p><a href=\"http:\/\/portal.unap.edu.pe\/?q=malla-curricular-16\"><strong>&#8211; ESCUELA PROFESIONAL DE INGENIER\u00cdA CIVIL.<\/strong><\/a><\/p>\n\n\n\n<p><a href=\"http:\/\/portal.unap.edu.pe\/?q=malla-curricular-28\"><strong>&#8211; ESCUELA PROFESIONAL DE INGENIER\u00cdA ECON\u00d3MICA.<\/strong><\/a><\/p>\n\n\n\n<p><a href=\"http:\/\/portal.unap.edu.pe\/?q=malla-curricular-26\"><strong>&#8211; E. P. DE INGENIER\u00cdA ESTAD\u00cdSTICA E INFORM\u00c1TICA.<\/strong><\/a><\/p>\n\n\n\n<p><a href=\"http:\/\/portal.unap.edu.pe\/?q=malla-curricular-1\"><strong>&#8211; ESCUELA PROFESIONAL DE INGENIER\u00cdA GEOL\u00d3GICA.<\/strong><\/a><\/p>\n\n\n\n<p><a href=\"http:\/\/portal.unap.edu.pe\/?q=malla-curricular-46\"><strong>&#8211; ESCUELA PROFESIONAL DE INGENIER\u00cdA METAL\u00daRGICA.<\/strong><\/a><\/p>\n\n\n\n<p><a href=\"http:\/\/portal.unap.edu.pe\/?q=malla-curricular-0\"><strong>&#8211; ESCUELA PROFESIONAL DE INGENIER\u00cdA ELECTR\u00d3NICA.<\/strong><\/a><\/p>\n\n\n\n<p><a href=\"http:\/\/portal.unap.edu.pe\/?q=malla-curricular-2\"><strong>&#8211; E. P. DE INGENIER\u00cdA MEC\u00c1NICA EL\u00c9CTRICA.<\/strong><\/a><\/p>\n\n\n\n<p><a href=\"http:\/\/portal.unap.edu.pe\/?q=malla-curricular\"><strong>&#8211; ESCUELA PROFESIONAL DE INGENIER\u00cdA DE SISTEMAS.<\/strong><\/a><\/p>\n\n\n\n<p><a href=\"http:\/\/portal.unap.edu.pe\/?q=malla-curricular-18\"><strong>&#8211; ESCUELA PROFESIONAL DE INGENIER\u00cdA DE MINAS.<\/strong><\/a><\/p>\n\n\n\n<p><a href=\"http:\/\/portal.unap.edu.pe\/?q=malla-curricular-3\"><strong>&#8211; ESCUELA PROFESIONAL DE INGENIER\u00cdA QU\u00cdMICA.<\/strong><\/a><\/p>\n\n\n\n<p><a href=\"http:\/\/portal.unap.edu.pe\/?q=malla-curricular-25\"><strong>&#8211; E. P. DE CIENCIAS BIOL\u00d3GICAS &#8211; PROGRAMA ECOLOG\u00cdA.<\/strong><\/a><\/p>\n\n\n\n<p><a href=\"http:\/\/portal.unap.edu.pe\/?q=malla-curricular-24\"><strong>&#8211; PROGRAMA DE MICROBIOLOG\u00cdA Y LABORATORIO CL\u00cdNICO.<\/strong><\/a><\/p>\n\n\n\n<p><a href=\"http:\/\/portal.unap.edu.pe\/?q=malla-curricular-23\"><strong>&#8211; E. P. DE CIENCIAS BIOL\u00d3GICAS &#8211; PROGRAMA PESQUER\u00cdA.<\/strong><\/a><\/p>\n\n\n\n<p><a href=\"http:\/\/portal.unap.edu.pe\/?q=malla-curricular-54\"><strong>&#8211; ESCUELA PROFESIONAL DE NUTRICI\u00d3N HUMANA.<\/strong><\/a><\/p>\n\n\n\n<p><a href=\"http:\/\/portal.unap.edu.pe\/?q=malla-curricular-60\"><strong>&#8211; ESCUELA PROFESIONAL DE ODONTOLOG\u00cdA.<\/strong><\/a><\/p>\n\n\n\n<p><a href=\"http:\/\/portal.unap.edu.pe\/?q=mallacurricular-enfemeria\"><strong>&#8211; ESCUELA PROFESIONAL DE ENFERMER\u00cdA.<\/strong><\/a><\/p>\n\n\n\n<p><a href=\"http:\/\/portal.unap.edu.pe\/?q=malla-curricular-49\"><strong>&#8211; ESCUELA PROFESIONAL DE MEDICINA HUMANA.<\/strong><\/a><\/p>\n\n\n\n<p><a href=\"http:\/\/portal.unap.edu.pe\/?q=malla-curricular-59\"><strong>&#8211; E. P. DE MEDICINA VETERINARIA Y ZOOTECNIA.<\/strong><\/a><\/p>\n\n\n\n<p><a href=\"http:\/\/portal.unap.edu.pe\/?q=mallacurricular-administracion\"><strong>&#8211; ESCUELA PROFESIONAL DE ADMINISTRACI\u00d3N.<\/strong><\/a><\/p>\n\n\n\n<p><a href=\"http:\/\/portal.unap.edu.pe\/?q=mallacurricular-cienciascontables\"><strong>&#8211; ESCUELA PROFESIONAL DE CONTABILIDAD.<\/strong><\/a><\/p>\n\n\n\n<p><a href=\"http:\/\/portal.unap.edu.pe\/?q=mallacurricular-educacionfisica\"><strong>&#8211; ESCUELA PROFESIONAL DE F\u00cdSICA.<\/strong><\/a><\/p>\n\n\n\n<p><a href=\"http:\/\/portal.unap.edu.pe\/?q=mallacurricular-educacioninicial\"><strong>&#8211; ESCUELA PROFESIONAL DE INICIAL.<\/strong><\/a><\/p>\n\n\n\n<p><a href=\"http:\/\/portal.unap.edu.pe\/?q=mallacurricular-educacionprimaria\"><strong>&#8211; ESCUELA PROFESIONAL DE PRIMARIA.<\/strong><\/a><\/p>\n\n\n\n<p><a href=\"http:\/\/portal.unap.edu.pe\/?q=malla-curricular-17\"><strong>&#8211; ESCUELA PROFESIONAL DE SECUNDARIA &#8211; CIENCIA, TECNOLOG\u00cdA Y AMBIENTE.<\/strong><\/a><\/p>\n\n\n\n<p><a href=\"http:\/\/portal.unap.edu.pe\/?q=malla-curricular-15\"><strong>&#8211; ESCUELA PROFESIONAL DE SECUNDARIA &#8211; CIENCIAS SOCIALES.<\/strong><\/a><\/p>\n\n\n\n<p><a href=\"http:\/\/portal.unap.edu.pe\/?q=malla-curricular-20\"><strong>&#8211; E. P. S. &#8211; MATEM\u00c1TICA, F\u00cdSICA, COMPUTACI\u00d3N E INFORM\u00c1TICA.<\/strong><\/a><\/p>\n\n\n\n<p><a href=\"https:\/\/portal.unap.edu.pe\/derecho\/malla-curricular\/\"><strong>&#8211; ESCUELA PROFESIONAL DE DERECHO.<\/strong><\/a><\/p>\n\n\n\n<p><a href=\"http:\/\/portal.unap.edu.pe\/?q=mallacurricular-antropologia\"><strong>&#8211; ESCUELA PROFESIONAL DE ANTROPOLOG\u00cdA.<\/strong><\/a><\/p>\n\n\n\n<p><a href=\"http:\/\/portal.unap.edu.pe\/?q=malla-curricular-12\"><strong>&#8211; ESCUELA PROFESIONAL DE ARTE &#8211; ARTES PL\u00c1STICAS.<\/strong><\/a><\/p>\n\n\n\n<p><a href=\"http:\/\/portal.unap.edu.pe\/?q=malla-curricular-9\"><strong>&#8211; ESCUELA PROFESIONAL DE ARTE &#8211; DANZA.<\/strong><\/a><\/p>\n\n\n\n<p><a href=\"http:\/\/portal.unap.edu.pe\/?q=malla-curricular-10\"><strong>&#8211; ESCUELA PROFESIONAL DE ARTE &#8211; MUSICA.<\/strong><\/a><\/p>\n\n\n\n<p><a href=\"http:\/\/portal.unap.edu.pe\/?q=malla-curricular-11\"><strong>&#8211; ESCUELA PROFESIONAL DE ARTE &#8211; TEATRO.<\/strong><\/a><\/p>\n\n\n\n<p><a href=\"https:\/\/portal.unap.edu.pe\/comunicacionsocial\/malla-curricular\/\"><strong>&#8211; ESCUELA PROFESIONAL DE CIENCIAS DE LA COMUNICACI\u00d3N SOCIAL.<\/strong><\/a><\/p>\n\n\n\n<p><a href=\"http:\/\/portal.unap.edu.pe\/?q=malla-curricular-5\"><strong>&#8211; ESCUELA PROFESIONAL DE SOCIOLOG\u00cdA.<\/strong><\/a><\/p>\n\n\n\n<p><a href=\"http:\/\/portal.unap.edu.pe\/?q=malla-curricular-7\"><strong>&#8211; ESCUELA PROFESIONAL DE TURISMO.<\/strong><\/a><\/p>\n\n\n\n<p><a href=\"http:\/\/portal.unap.edu.pe\/?q=malla-curricular-6\"><strong>&#8211; ESCUELA PROFESIONAL DE TRABAJO SOCIAL.<\/strong><\/a><\/p>\n","protected":false},"excerpt":{"rendered":"<p>&#8211; ESCUELA PROFESIONAL DE INGENIER\u00cdA AGRON\u00d3MICA. &#8211; ESCUELA PROFESIONAL DE INGENIER\u00cdA AGROINDUSTRIAL. &#8211; E. P. DE INGENIER\u00cdA TOPOGR\u00c1FICA Y AGRIMENSURA. &#8211; ESCUELA PROFESIONAL DE INGENIER\u00cdA AGR\u00cdCOLA. &#8211; ESCUELA PROFESIONAL DE ARQUITECTURA Y URBANISMO. &#8211; ESCUELA PROFESIONAL DE F\u00cdSICO \u2013 F\u00cdSICA. &#8211; ESCUELA PROFESIONAL DE F\u00cdSICO \u2013 MATEM\u00c1TICA. &#8211; ESCUELA PROFESIONAL DE INGENIER\u00cdA CIVIL. &#8211; ESCUELA&hellip;<\/p>\n","protected":false},"author":1,"featured_media":0,"parent":0,"menu_order":0,"comment_status":"closed","ping_status":"closed","template":"","meta":{"_acf_changed":false,"footnotes":""},"class_list":["post-4304","page","type-page","status-publish","hentry","description-off"],"acf":[],"_links":{"self":[{"href":"https:\/\/transparencia.unap.edu.pe\/web\/wp-json\/wp\/v2\/pages\/4304","targetHints":{"allow":["GET"]}}],"collection":[{"href":"https:\/\/transparencia.unap.edu.pe\/web\/wp-json\/wp\/v2\/pages"}],"about":[{"href":"https:\/\/transparencia.unap.edu.pe\/web\/wp-json\/wp\/v2\/types\/page"}],"author":[{"embeddable":true,"href":"https:\/\/transparencia.unap.edu.pe\/web\/wp-json\/wp\/v2\/users\/1"}],"replies":[{"embeddable":true,"href":"https:\/\/transparencia.unap.edu.pe\/web\/wp-json\/wp\/v2\/comments?post=4304"}],"version-history":[{"count":1,"href":"https:\/\/transparencia.unap.edu.pe\/web\/wp-json\/wp\/v2\/pages\/4304\/revisions"}],"predecessor-version":[{"id":4305,"href":"https:\/\/transparencia.unap.edu.pe\/web\/wp-json\/wp\/v2\/pages\/4304\/revisions\/4305"}],"wp:attachment":[{"href":"https:\/\/transparencia.unap.edu.pe\/web\/wp-json\/wp\/v2\/media?parent=4304"}],"curies":[{"name":"wp","href":"https:\/\/api.w.org\/{rel}","templated":true}]}}