{"id":5659,"date":"2022-05-18T21:12:09","date_gmt":"2022-05-18T21:12:09","guid":{"rendered":"https:\/\/transparencia.unap.edu.pe\/web\/?page_id=5659"},"modified":"2022-05-18T21:13:07","modified_gmt":"2022-05-18T21:13:07","slug":"estudiantes-matriculados-2021-ii","status":"publish","type":"page","link":"https:\/\/transparencia.unap.edu.pe\/web\/estudiantes-matriculados-2021-ii\/","title":{"rendered":"ESTUDIANTES MATRICULADOS &#8211; 2021 II"},"content":{"rendered":"\t\t<div data-elementor-type=\"wp-page\" data-elementor-id=\"5659\" class=\"elementor elementor-5659\" data-elementor-post-type=\"page\">\n\t\t\t\t\t\t<section class=\"elementor-section elementor-top-section elementor-element elementor-element-6e1c57f elementor-section-boxed elementor-section-height-default elementor-section-height-default\" data-id=\"6e1c57f\" data-element_type=\"section\" data-e-type=\"section\">\n\t\t\t\t\t\t<div class=\"elementor-container elementor-column-gap-default\">\n\t\t\t\t\t<div class=\"elementor-column elementor-col-100 elementor-top-column elementor-element elementor-element-72710ef\" data-id=\"72710ef\" data-element_type=\"column\" data-e-type=\"column\">\n\t\t\t<div class=\"elementor-widget-wrap elementor-element-populated\">\n\t\t\t\t\t\t<div class=\"elementor-element elementor-element-5c08b88 elementor-widget-mobile__width-auto elementor-widget elementor-widget-text-editor\" data-id=\"5c08b88\" data-element_type=\"widget\" data-e-type=\"widget\" data-widget_type=\"text-editor.default\">\n\t\t\t\t<div class=\"elementor-widget-container\">\n\t\t\t\t\t\t\t\t\t<table width=\"721\"><tbody><tr><td colspan=\"5\" width=\"721\">UNIVERSIDAD NACIONAL DEL ALTIPLANO<\/td><\/tr><tr><td colspan=\"5\">ESTUDIANTES MATRICULADOS &#8211; PREGRADO<\/td><\/tr><tr><td colspan=\"5\">Periodo: 2021-II<\/td><\/tr><tr><td>N\u00ba<\/td><td>FACULTAD<\/td><td>ESCUELA\u00a0\u00a0 PROFESIONAL<\/td><td>PROGRAMA\u00a0 DE\u00a0 ESTUDIO<\/td><td>TOTAL<\/td><\/tr><tr><td rowspan=\"3\">1<\/td><td rowspan=\"3\">CIENCIAS AGRARIAS<\/td><td>Ingenier\u00eda Agron\u00f3mica<\/td><td>Ingenier\u00eda Agron\u00f3mica<\/td><td>423<\/td><\/tr><tr><td>Ingenier\u00eda Agroindustrial<\/td><td>Ingenier\u00eda Agroindustrial<\/td><td>307<\/td><\/tr><tr><td>Ingenier\u00eda Topogr\u00e1fica y Agrimensura<\/td><td>Ingenier\u00eda Topogr\u00e1fica y Agrimensura<\/td><td>448<\/td><\/tr><tr><td>2<\/td><td>MEDICINA VETERINARIA Y ZOOTECNIA<\/td><td>Medicina Veterinaria y Zootecnia<\/td><td>Medicina Veterinaria y Zootecnia<\/td><td>663<\/td><\/tr><tr><td>3<\/td><td>INGENIER\u00cdA ECON\u00d3MICA<\/td><td>Ingenier\u00eda Econ\u00f3mica<\/td><td>Ingenier\u00eda Econ\u00f3mica<\/td><td>766<\/td><\/tr><tr><td rowspan=\"2\" width=\"24\">4<\/td><td rowspan=\"2\" width=\"217\">CIENCIAS CONTABLES Y ADMINISTRATIVAS<\/td><td>Ciencias Contables<\/td><td>Ciencias Contables<\/td><td>986<\/td><\/tr><tr><td>Administraci\u00f3n<\/td><td>Administraci\u00f3n<\/td><td>656<\/td><\/tr><tr><td>5<\/td><td>ENFERMER\u00cdA<\/td><td>Enfermer\u00eda<\/td><td>Enfermer\u00eda<\/td><td>447<\/td><\/tr><tr><td>6<\/td><td>TRABAJO\u00a0 SOCIAL<\/td><td>Trabajo Social<\/td><td>Trabajo Social<\/td><td>645<\/td><\/tr><tr><td>7<\/td><td>INGENIER\u00cdA\u00a0 DE\u00a0 MINAS<\/td><td>Ingenier\u00eda de Minas<\/td><td>Ingenier\u00eda de Minas<\/td><td>582<\/td><\/tr><tr><td rowspan=\"8\">8<\/td><td rowspan=\"8\">CIENCIAS\u00a0 SOCIALES<\/td><td>Sociolog\u00eda<\/td><td>Sociolog\u00eda<\/td><td>446<\/td><\/tr><tr><td>Tur\u00edsmo<\/td><td>Tur\u00edsmo<\/td><td>414<\/td><\/tr><tr><td>Antropolog\u00eda<\/td><td>Antropolog\u00eda<\/td><td>369<\/td><\/tr><tr><td>Ciencias de la Comunicaci\u00f3n Social<\/td><td>Ciencias de la Comunicaci\u00f3n Social<\/td><td>435<\/td><\/tr><tr><td rowspan=\"4\">Arte<\/td><td>M\u00fasica<\/td><td rowspan=\"4\">370<\/td><\/tr><tr><td>Artes Pl\u00e1sticas<\/td><\/tr><tr><td>Danza<\/td><\/tr><tr><td>Teatro<\/td><\/tr><tr><td rowspan=\"3\">9<\/td><td rowspan=\"3\">CIENCIAS\u00a0 BIOL\u00d3GICAS<\/td><td rowspan=\"3\">Biolog\u00eda<\/td><td>Pesquera<\/td><td rowspan=\"3\">402<\/td><\/tr><tr><td>Microbiolog\u00eda y Laboratorio Cl\u00ednico<\/td><\/tr><tr><td>Ecolog\u00eda<\/td><\/tr><tr><td rowspan=\"7\">10<\/td><td rowspan=\"7\">CIENCIAS DE LA EDUCACI\u00d3N<\/td><td rowspan=\"4\">Educaci\u00f3n Secundaria<\/td><td>Lengua,Literatura,Psicolog. y Filosof.<\/td><td rowspan=\"4\">1331<\/td><\/tr><tr><td>Ciencias Sociales<\/td><\/tr><tr><td>Matem\u00e1tica, F\u00edsica, Comput.e Inform.<\/td><\/tr><tr><td>Ciencia Tecnolog\u00eda\u00a0 y Ambiente<\/td><\/tr><tr><td>Educaci\u00f3n\u00a0 Fisica<\/td><td>Educaci\u00f3n\u00a0 Fisica<\/td><td>375<\/td><\/tr><tr><td>Educaci\u00f3n\u00a0 Primaria<\/td><td>Educaci\u00f3n\u00a0 Primaria<\/td><td>425<\/td><\/tr><tr><td>Educaci\u00f3n\u00a0 Inicial<\/td><td>Educaci\u00f3n\u00a0 Inicial<\/td><td>378<\/td><\/tr><tr><td>11<\/td><td>INGENIER. ESTAD\u00cdSTICA\u00a0 E\u00a0 INFORM\u00c1TICA<\/td><td>Ingenier\u00eda\u00a0 Estad\u00edstica\u00a0 e\u00a0 Inform\u00e1tica<\/td><td>Ingenier\u00eda\u00a0 Estad\u00edstica\u00a0 e\u00a0 Inform\u00e1tica<\/td><td>300<\/td><\/tr><tr><td rowspan=\"2\" width=\"24\">12<\/td><td rowspan=\"2\" width=\"217\">INGENIER\u00cdA GEOL\u00d3GICA Y\u00a0 METALURGIA<\/td><td>Ingenier\u00eda Geol\u00f3gica<\/td><td>Ingenier\u00eda Geol\u00f3gica<\/td><td>494<\/td><\/tr><tr><td>Ingenier\u00eda\u00a0 Metal\u00fargica<\/td><td>Ingenier\u00eda\u00a0 Metal\u00fargica<\/td><td>313<\/td><\/tr><tr><td>13<\/td><td>CIENCIAS JUR\u00cdDICAS\u00a0 Y\u00a0 POL\u00cdTICAS<\/td><td>Derecho<\/td><td>Derecho<\/td><td>630<\/td><\/tr><tr><td>14<\/td><td>INGENIER\u00cdA\u00a0 QU\u00cdMICA<\/td><td>Ingenier\u00eda\u00a0 Qu\u00cdmica<\/td><td>Ingenier\u00eda\u00a0 Qu\u00cdmica<\/td><td>338<\/td><\/tr><tr><td rowspan=\"2\">15<\/td><td rowspan=\"2\">CIENCIAS DE LA SALUD<\/td><td>Nutrici\u00f3n\u00a0 Humana<\/td><td>Nutrici\u00f3n\u00a0 Humana<\/td><td>424<\/td><\/tr><tr><td>Odontolog\u00eda<\/td><td>Odontolog\u00eda<\/td><td>350<\/td><\/tr><tr><td>16<\/td><td>INGENIER\u00cdA AGR\u00cdCOLA<\/td><td>Ingenier\u00eda\u00a0 Agr\u00edcola<\/td><td>Ingenier\u00eda\u00a0 Agr\u00edcola<\/td><td>394<\/td><\/tr><tr><td rowspan=\"4\" width=\"24\">17<\/td><td rowspan=\"4\" width=\"217\">INGENIER\u00cdA\u00a0 CIVIL\u00a0 Y\u00a0 ARQUITECTURA<\/td><td>Ingenier\u00eda\u00a0 Civil<\/td><td>Ingenier\u00eda\u00a0 Civil<\/td><td>671<\/td><\/tr><tr><td>Arquitectura\u00a0 y Urbanismo<\/td><td>Arquitectura\u00a0 y\u00a0 Urbanismo<\/td><td>504<\/td><\/tr><tr><td rowspan=\"2\">Ciencias\u00a0 F\u00edsico &#8211; Matem\u00e1ticas<\/td><td>F\u00edsica<\/td><td rowspan=\"2\">222<\/td><\/tr><tr><td>Matem\u00e1ticas<\/td><\/tr><tr><td>18<\/td><td>MEDICINA\u00a0 HUMANA<\/td><td>Medicina\u00a0 Humana<\/td><td>Medicina\u00a0 Humana<\/td><td>406<\/td><\/tr><tr><td rowspan=\"3\" width=\"24\">19<\/td><td rowspan=\"3\" width=\"217\">INGENIER\u00cdA\u00a0 MEC\u00c1NICA\u00a0 EL\u00c9CTRICA, ELECTR\u00d3NICA Y SISTEMAS<\/td><td>Ingenier\u00eda Mec\u00e1nica El\u00e9ctrica<\/td><td>Ingenier\u00eda Mec\u00e1nica El\u00e9ctrica<\/td><td>493<\/td><\/tr><tr><td>Ingenier\u00eda\u00a0 Electr\u00f3nica<\/td><td>Ingenier\u00eda\u00a0 Electr\u00f3nica<\/td><td>349<\/td><\/tr><tr><td>Ingenier\u00eda\u00a0 de\u00a0 Sistemas<\/td><td>Ingenier\u00eda\u00a0 de\u00a0 Sistemas<\/td><td>557<\/td><\/tr><tr><td colspan=\"4\">T O T A L<\/td><td>17313<\/td><\/tr><tr><td colspan=\"5\">Fuente: Oficina de Tecnologias de Informaci\u00f3n<\/td><\/tr><\/tbody><\/table>\t\t\t\t\t\t\t\t<\/div>\n\t\t\t\t<\/div>\n\t\t\t\t\t<\/div>\n\t\t<\/div>\n\t\t\t\t\t<\/div>\n\t\t<\/section>\n\t\t\t\t<\/div>\n\t\t","protected":false},"excerpt":{"rendered":"<p>UNIVERSIDAD NACIONAL DEL ALTIPLANO ESTUDIANTES MATRICULADOS &#8211; PREGRADO Periodo: 2021-II N\u00ba FACULTAD ESCUELA&nbsp;&nbsp; PROFESIONAL PROGRAMA&nbsp; DE&nbsp; ESTUDIO TOTAL 1 CIENCIAS AGRARIAS Ingenier\u00eda Agron\u00f3mica Ingenier\u00eda Agron\u00f3mica 423 Ingenier\u00eda Agroindustrial Ingenier\u00eda Agroindustrial 307 Ingenier\u00eda Topogr\u00e1fica y Agrimensura Ingenier\u00eda Topogr\u00e1fica y Agrimensura 448 2 MEDICINA VETERINARIA Y ZOOTECNIA Medicina Veterinaria y Zootecnia Medicina Veterinaria y Zootecnia 663 3&hellip;<\/p>\n","protected":false},"author":1,"featured_media":0,"parent":0,"menu_order":0,"comment_status":"closed","ping_status":"closed","template":"","meta":{"_acf_changed":false,"footnotes":""},"class_list":["post-5659","page","type-page","status-publish","hentry"],"acf":[],"_links":{"self":[{"href":"https:\/\/transparencia.unap.edu.pe\/web\/wp-json\/wp\/v2\/pages\/5659","targetHints":{"allow":["GET"]}}],"collection":[{"href":"https:\/\/transparencia.unap.edu.pe\/web\/wp-json\/wp\/v2\/pages"}],"about":[{"href":"https:\/\/transparencia.unap.edu.pe\/web\/wp-json\/wp\/v2\/types\/page"}],"author":[{"embeddable":true,"href":"https:\/\/transparencia.unap.edu.pe\/web\/wp-json\/wp\/v2\/users\/1"}],"replies":[{"embeddable":true,"href":"https:\/\/transparencia.unap.edu.pe\/web\/wp-json\/wp\/v2\/comments?post=5659"}],"version-history":[{"count":4,"href":"https:\/\/transparencia.unap.edu.pe\/web\/wp-json\/wp\/v2\/pages\/5659\/revisions"}],"predecessor-version":[{"id":5663,"href":"https:\/\/transparencia.unap.edu.pe\/web\/wp-json\/wp\/v2\/pages\/5659\/revisions\/5663"}],"wp:attachment":[{"href":"https:\/\/transparencia.unap.edu.pe\/web\/wp-json\/wp\/v2\/media?parent=5659"}],"curies":[{"name":"wp","href":"https:\/\/api.w.org\/{rel}","templated":true}]}}