{"id":5664,"date":"2022-05-18T21:13:40","date_gmt":"2022-05-18T21:13:40","guid":{"rendered":"https:\/\/transparencia.unap.edu.pe\/web\/?page_id=5664"},"modified":"2023-11-30T22:13:38","modified_gmt":"2023-11-30T22:13:38","slug":"estudiantes-matriculados-2022-i","status":"publish","type":"page","link":"https:\/\/transparencia.unap.edu.pe\/web\/estudiantes-matriculados-2022-i\/","title":{"rendered":"ESTUDIANTES MATRICULADOS &#8211; 2022 I"},"content":{"rendered":"<table width=\"721\">\n<tbody>\n<tr>\n<td colspan=\"5\" width=\"721\">UNIVERSIDAD NACIONAL DEL ALTIPLANO<\/td>\n<\/tr>\n<tr>\n<td colspan=\"5\">ESTUDIANTES MATRICULADOS &#8211; PREGRADO<\/td>\n<\/tr>\n<tr>\n<td colspan=\"5\">Periodo: 2022-I<\/td>\n<\/tr>\n<tr>\n<td>N\u00ba<\/td>\n<td>FACULTAD<\/td>\n<td>ESCUELA&nbsp;&nbsp; PROFESIONAL<\/td>\n<td>PROGRAMA&nbsp; DE&nbsp; ESTUDIO<\/td>\n<td>TOTAL<\/td>\n<\/tr>\n<tr>\n<td rowspan=\"3\">1<\/td>\n<td rowspan=\"3\">CIENCIAS AGRARIAS<\/td>\n<td>Ingenier\u00eda Agron\u00f3mica<\/td>\n<td>Ingenier\u00eda Agron\u00f3mica<\/td>\n<td>443<\/td>\n<\/tr>\n<tr>\n<td>Ingenier\u00eda Agroindustrial<\/td>\n<td>Ingenier\u00eda Agroindustrial<\/td>\n<td>296<\/td>\n<\/tr>\n<tr>\n<td>Ingenier\u00eda Topogr\u00e1fica y Agrimensura<\/td>\n<td>Ingenier\u00eda Topogr\u00e1fica y Agrimensura<\/td>\n<td>445<\/td>\n<\/tr>\n<tr>\n<td>2<\/td>\n<td>MEDICINA VETERINARIA Y ZOOTECNIA<\/td>\n<td>Medicina Veterinaria y Zootecnia<\/td>\n<td>Medicina Veterinaria y Zootecnia<\/td>\n<td>670<\/td>\n<\/tr>\n<tr>\n<td>3<\/td>\n<td>INGENIER\u00cdA ECON\u00d3MICA<\/td>\n<td>Ingenier\u00eda Econ\u00f3mica<\/td>\n<td>Ingenier\u00eda Econ\u00f3mica<\/td>\n<td>754<\/td>\n<\/tr>\n<tr>\n<td rowspan=\"2\" width=\"24\">4<\/td>\n<td rowspan=\"2\" width=\"217\">CIENCIAS CONTABLES Y ADMINISTRATIVAS<\/td>\n<td>Ciencias Contables<\/td>\n<td>Ciencias Contables<\/td>\n<td>931<\/td>\n<\/tr>\n<tr>\n<td>Administraci\u00f3n<\/td>\n<td>Administraci\u00f3n<\/td>\n<td>653<\/td>\n<\/tr>\n<tr>\n<td>5<\/td>\n<td>ENFERMER\u00cdA<\/td>\n<td>Enfermer\u00eda<\/td>\n<td>Enfermer\u00eda<\/td>\n<td>401<\/td>\n<\/tr>\n<tr>\n<td>6<\/td>\n<td>TRABAJO&nbsp; SOCIAL<\/td>\n<td>Trabajo Social<\/td>\n<td>Trabajo Social<\/td>\n<td>644<\/td>\n<\/tr>\n<tr>\n<td>7<\/td>\n<td>INGENIER\u00cdA&nbsp; DE&nbsp; MINAS<\/td>\n<td>Ingenier\u00eda de Minas<\/td>\n<td>Ingenier\u00eda de Minas<\/td>\n<td>559<\/td>\n<\/tr>\n<tr>\n<td rowspan=\"8\">8<\/td>\n<td rowspan=\"8\">CIENCIAS&nbsp; SOCIALES<\/td>\n<td>Sociolog\u00eda<\/td>\n<td>Sociolog\u00eda<\/td>\n<td>460<\/td>\n<\/tr>\n<tr>\n<td>Tur\u00edsmo<\/td>\n<td>Tur\u00edsmo<\/td>\n<td>399<\/td>\n<\/tr>\n<tr>\n<td>Antropolog\u00eda<\/td>\n<td>Antropolog\u00eda<\/td>\n<td>358<\/td>\n<\/tr>\n<tr>\n<td>Ciencias de la Comunicaci\u00f3n Social<\/td>\n<td>Ciencias de la Comunicaci\u00f3n Social<\/td>\n<td>452<\/td>\n<\/tr>\n<tr>\n<td rowspan=\"4\">Arte<\/td>\n<td>M\u00fasica<\/td>\n<td rowspan=\"4\">385<\/td>\n<\/tr>\n<tr>\n<td>Artes Pl\u00e1sticas<\/td>\n<\/tr>\n<tr>\n<td>Danza<\/td>\n<\/tr>\n<tr>\n<td>Teatro<\/td>\n<\/tr>\n<tr>\n<td rowspan=\"3\">9<\/td>\n<td rowspan=\"3\">CIENCIAS&nbsp; BIOL\u00d3GICAS<\/td>\n<td rowspan=\"3\">Biolog\u00eda<\/td>\n<td>Pesquera<\/td>\n<td rowspan=\"3\">432<\/td>\n<\/tr>\n<tr>\n<td>Microbiolog\u00eda y Laboratorio Cl\u00ednico<\/td>\n<\/tr>\n<tr>\n<td>Ecolog\u00eda<\/td>\n<\/tr>\n<tr>\n<td rowspan=\"7\">10<\/td>\n<td rowspan=\"7\">CIENCIAS DE LA EDUCACI\u00d3N<\/td>\n<td rowspan=\"4\">Educaci\u00f3n Secundaria<\/td>\n<td>Lengua,Literatura,Psicolog. y Filosof.<\/td>\n<td rowspan=\"4\">1473<\/td>\n<\/tr>\n<tr>\n<td>Ciencias Sociales<\/td>\n<\/tr>\n<tr>\n<td>Matem\u00e1tica, F\u00edsica, Comput.e Inform.<\/td>\n<\/tr>\n<tr>\n<td>Ciencia Tecnolog\u00eda&nbsp; y Ambiente<\/td>\n<\/tr>\n<tr>\n<td>Educaci\u00f3n&nbsp; Fisica<\/td>\n<td>Educaci\u00f3n&nbsp; Fisica<\/td>\n<td>393<\/td>\n<\/tr>\n<tr>\n<td>Educaci\u00f3n&nbsp; Primaria<\/td>\n<td>Educaci\u00f3n&nbsp; Primaria<\/td>\n<td>448<\/td>\n<\/tr>\n<tr>\n<td>Educaci\u00f3n&nbsp; Inicial<\/td>\n<td>Educaci\u00f3n&nbsp; Inicial<\/td>\n<td>381<\/td>\n<\/tr>\n<tr>\n<td>11<\/td>\n<td>INGENIER. ESTAD\u00cdSTICA&nbsp; E&nbsp; INFORM\u00c1TICA<\/td>\n<td>Ingenier\u00eda&nbsp; Estad\u00edstica&nbsp; e&nbsp; Inform\u00e1tica<\/td>\n<td>Ingenier\u00eda&nbsp; Estad\u00edstica&nbsp; e&nbsp; Inform\u00e1tica<\/td>\n<td>333<\/td>\n<\/tr>\n<tr>\n<td rowspan=\"2\" width=\"24\">12<\/td>\n<td rowspan=\"2\" width=\"217\">INGENIER\u00cdA GEOL\u00d3GICA Y&nbsp; METALURGIA<\/td>\n<td>Ingenier\u00eda Geol\u00f3gica<\/td>\n<td>Ingenier\u00eda Geol\u00f3gica<\/td>\n<td>499<\/td>\n<\/tr>\n<tr>\n<td>Ingenier\u00eda&nbsp; Metal\u00fargica<\/td>\n<td>Ingenier\u00eda&nbsp; Metal\u00fargica<\/td>\n<td>297<\/td>\n<\/tr>\n<tr>\n<td>13<\/td>\n<td>CIENCIAS JUR\u00cdDICAS&nbsp; Y&nbsp; POL\u00cdTICAS<\/td>\n<td>Derecho<\/td>\n<td>Derecho<\/td>\n<td>640<\/td>\n<\/tr>\n<tr>\n<td>14<\/td>\n<td>INGENIER\u00cdA&nbsp; QU\u00cdMICA<\/td>\n<td>Ingenier\u00eda&nbsp; Qu\u00cdmica<\/td>\n<td>Ingenier\u00eda&nbsp; Qu\u00cdmica<\/td>\n<td>334<\/td>\n<\/tr>\n<tr>\n<td rowspan=\"2\">15<\/td>\n<td rowspan=\"2\">CIENCIAS DE LA SALUD<\/td>\n<td>Nutrici\u00f3n&nbsp; Humana<\/td>\n<td>Nutrici\u00f3n&nbsp; Humana<\/td>\n<td>404<\/td>\n<\/tr>\n<tr>\n<td>Odontolog\u00eda<\/td>\n<td>Odontolog\u00eda<\/td>\n<td>380<\/td>\n<\/tr>\n<tr>\n<td>16<\/td>\n<td>INGENIER\u00cdA AGR\u00cdCOLA<\/td>\n<td>Ingenier\u00eda&nbsp; Agr\u00edcola<\/td>\n<td>Ingenier\u00eda&nbsp; Agr\u00edcola<\/td>\n<td>393<\/td>\n<\/tr>\n<tr>\n<td rowspan=\"4\" width=\"24\">17<\/td>\n<td rowspan=\"4\" width=\"217\">INGENIER\u00cdA&nbsp; CIVIL&nbsp; Y&nbsp; ARQUITECTURA<\/td>\n<td>Ingenier\u00eda&nbsp; Civil<\/td>\n<td>Ingenier\u00eda&nbsp; Civil<\/td>\n<td>685<\/td>\n<\/tr>\n<tr>\n<td>Arquitectura&nbsp; y Urbanismo<\/td>\n<td>Arquitectura&nbsp; y&nbsp; Urbanismo<\/td>\n<td>488<\/td>\n<\/tr>\n<tr>\n<td rowspan=\"2\">Ciencias&nbsp; F\u00edsico &#8211; Matem\u00e1ticas<\/td>\n<td>F\u00edsica<\/td>\n<td rowspan=\"2\">221<\/td>\n<\/tr>\n<tr>\n<td>Matem\u00e1ticas<\/td>\n<\/tr>\n<tr>\n<td>18<\/td>\n<td>MEDICINA&nbsp; HUMANA<\/td>\n<td>Medicina&nbsp; Humana<\/td>\n<td>Medicina&nbsp; Humana<\/td>\n<td>381<\/td>\n<\/tr>\n<tr>\n<td rowspan=\"3\" width=\"24\">19<\/td>\n<td rowspan=\"3\" width=\"217\">INGENIER\u00cdA&nbsp; MEC\u00c1NICA&nbsp; EL\u00c9CTRICA, ELECTR\u00d3NICA Y SISTEMAS<\/td>\n<td>Ingenier\u00eda Mec\u00e1nica El\u00e9ctrica<\/td>\n<td>Ingenier\u00eda Mec\u00e1nica El\u00e9ctrica<\/td>\n<td>508<\/td>\n<\/tr>\n<tr>\n<td>Ingenier\u00eda&nbsp; Electr\u00f3nica<\/td>\n<td>Ingenier\u00eda&nbsp; Electr\u00f3nica<\/td>\n<td>380<\/td>\n<\/tr>\n<tr>\n<td>Ingenier\u00eda&nbsp; de&nbsp; Sistemas<\/td>\n<td>Ingenier\u00eda&nbsp; de&nbsp; Sistemas<\/td>\n<td>570<\/td>\n<\/tr>\n<tr>\n<td colspan=\"4\">T O T A L<\/td>\n<td>17490<\/td>\n<\/tr>\n<tr>\n<td colspan=\"5\">Fuente: Oficina de Tecnologias de Informaci\u00f3n<\/td>\n<\/tr>\n<\/tbody>\n<\/table>\n","protected":false},"excerpt":{"rendered":"<p>UNIVERSIDAD NACIONAL DEL ALTIPLANO ESTUDIANTES MATRICULADOS &#8211; PREGRADO Periodo: 2022-I N\u00ba FACULTAD ESCUELA&nbsp;&nbsp; PROFESIONAL PROGRAMA&nbsp; DE&nbsp; ESTUDIO TOTAL 1 CIENCIAS AGRARIAS Ingenier\u00eda Agron\u00f3mica Ingenier\u00eda Agron\u00f3mica 443 Ingenier\u00eda Agroindustrial Ingenier\u00eda Agroindustrial 296 Ingenier\u00eda Topogr\u00e1fica y Agrimensura Ingenier\u00eda Topogr\u00e1fica y Agrimensura 445 2 MEDICINA VETERINARIA Y ZOOTECNIA Medicina Veterinaria y Zootecnia Medicina Veterinaria y Zootecnia 670 3&hellip;<\/p>\n","protected":false},"author":1,"featured_media":0,"parent":0,"menu_order":0,"comment_status":"closed","ping_status":"closed","template":"","meta":{"_acf_changed":false,"footnotes":""},"class_list":["post-5664","page","type-page","status-publish","hentry","description-off"],"acf":[],"_links":{"self":[{"href":"https:\/\/transparencia.unap.edu.pe\/web\/wp-json\/wp\/v2\/pages\/5664","targetHints":{"allow":["GET"]}}],"collection":[{"href":"https:\/\/transparencia.unap.edu.pe\/web\/wp-json\/wp\/v2\/pages"}],"about":[{"href":"https:\/\/transparencia.unap.edu.pe\/web\/wp-json\/wp\/v2\/types\/page"}],"author":[{"embeddable":true,"href":"https:\/\/transparencia.unap.edu.pe\/web\/wp-json\/wp\/v2\/users\/1"}],"replies":[{"embeddable":true,"href":"https:\/\/transparencia.unap.edu.pe\/web\/wp-json\/wp\/v2\/comments?post=5664"}],"version-history":[{"count":4,"href":"https:\/\/transparencia.unap.edu.pe\/web\/wp-json\/wp\/v2\/pages\/5664\/revisions"}],"predecessor-version":[{"id":5668,"href":"https:\/\/transparencia.unap.edu.pe\/web\/wp-json\/wp\/v2\/pages\/5664\/revisions\/5668"}],"wp:attachment":[{"href":"https:\/\/transparencia.unap.edu.pe\/web\/wp-json\/wp\/v2\/media?parent=5664"}],"curies":[{"name":"wp","href":"https:\/\/api.w.org\/{rel}","templated":true}]}}