{"id":5927,"date":"2022-05-26T17:56:14","date_gmt":"2022-05-26T17:56:14","guid":{"rendered":"https:\/\/transparencia.unap.edu.pe\/web\/?page_id=5927"},"modified":"2022-05-26T17:59:06","modified_gmt":"2022-05-26T17:59:06","slug":"postulantes-ano-2020","status":"publish","type":"page","link":"https:\/\/transparencia.unap.edu.pe\/web\/postulantes-ano-2020\/","title":{"rendered":"POSTULANTES &#8211; A\u00d1O 2020"},"content":{"rendered":"<table width=\"1147\">\n<tbody>\n<tr>\n<td colspan=\"7\" width=\"1147\">UNIVERSIDAD NACIONAL DEL ALTIPLANO<\/td>\n<\/tr>\n<tr>\n<td colspan=\"7\">POSTULANTES &#8211; PREGRADO &#8211; A\u00d1O 2020<\/td>\n<\/tr>\n<tr>\n<td width=\"29\">N\u00b0<\/td>\n<td width=\"228\">ESCUELA PROFESIONAL<\/td>\n<td width=\"383\">PROGRAMAS DE ESTUDIO<\/td>\n<td width=\"116\">EXAMEN EXTRAORDINARIO DEL 08\/03\/2020<\/td>\n<td width=\"139\">TRASLADO EXTERNO EXTRAORDINARIO DEL 17\/07\/2020<\/td>\n<td width=\"126\">EXAMEN CEPRE DEL 23\/10\/2020<\/td>\n<td width=\"126\">EXAMEN CEPRE DEL 14\/11\/2020<\/td>\n<\/tr>\n<tr>\n<td>1<\/td>\n<td>Administraci\u00f3n<\/td>\n<td>Administraci\u00f3n<\/td>\n<td>21<\/td>\n<td>&#8211;<\/td>\n<td>247<\/td>\n<td>212<\/td>\n<\/tr>\n<tr>\n<td>2<\/td>\n<td>Antropolog\u00eda<\/td>\n<td>Antropolog\u00eda<\/td>\n<td>1<\/td>\n<td>&#8211;<\/td>\n<td>49<\/td>\n<td>30<\/td>\n<\/tr>\n<tr>\n<td>3<\/td>\n<td>Arquitectura y Urbanismo<\/td>\n<td>Arquitectura y Urbanismo<\/td>\n<td>15<\/td>\n<td>&#8211;<\/td>\n<td>148<\/td>\n<td>119<\/td>\n<\/tr>\n<tr>\n<td>4<\/td>\n<td rowspan=\"3\">Arte<\/td>\n<td>Arte: Artes Pl\u00e1sticos<\/td>\n<td>0<\/td>\n<td>&#8211;<\/td>\n<td>2<\/td>\n<td>0<\/td>\n<\/tr>\n<tr>\n<td>5<\/td>\n<td>Arte: Danza<\/td>\n<td>0<\/td>\n<td>&#8211;<\/td>\n<td>1<\/td>\n<td>1<\/td>\n<\/tr>\n<tr>\n<td>6<\/td>\n<td>Arte: M\u00fasica<\/td>\n<td>4<\/td>\n<td>&#8211;<\/td>\n<td>16<\/td>\n<td>15<\/td>\n<\/tr>\n<tr>\n<td>7<\/td>\n<td rowspan=\"3\">Biolog\u00eda<\/td>\n<td>Biolog\u00eda : Ecolog\u00eda<\/td>\n<td>1<\/td>\n<td>&#8211;<\/td>\n<td>15<\/td>\n<td>11<\/td>\n<\/tr>\n<tr>\n<td>8<\/td>\n<td>Biolog\u00eda : Microbiolog\u00eda y Laboratorio Cl\u00ednico<\/td>\n<td>4<\/td>\n<td>&#8211;<\/td>\n<td>33<\/td>\n<td>23<\/td>\n<\/tr>\n<tr>\n<td>9<\/td>\n<td>Biolog\u00eda : Pesquera<\/td>\n<td>0<\/td>\n<td>&#8211;<\/td>\n<td>2<\/td>\n<td>2<\/td>\n<\/tr>\n<tr>\n<td>10<\/td>\n<td>Ciencias Contables<\/td>\n<td>Ciencias Contables<\/td>\n<td>29<\/td>\n<td>&#8211;<\/td>\n<td>276<\/td>\n<td>231<\/td>\n<\/tr>\n<tr>\n<td>11<\/td>\n<td>Ciencias de la Comunicaci\u00f3n Social<\/td>\n<td>Ciencias de la Comunicaci\u00f3n Social<\/td>\n<td>2<\/td>\n<td>&#8211;<\/td>\n<td>42<\/td>\n<td>30<\/td>\n<\/tr>\n<tr>\n<td>12<\/td>\n<td rowspan=\"2\">Ciencias F\u00edsico Matem\u00e1ticas<\/td>\n<td>Ciencias F\u00edsico Matem\u00e1ticas : F\u00edsica<\/td>\n<td>0<\/td>\n<td>&#8211;<\/td>\n<td>2<\/td>\n<td>1<\/td>\n<\/tr>\n<tr>\n<td>13<\/td>\n<td>Ciencias F\u00edsico Matem\u00e1ticas : Matem\u00e1ticas<\/td>\n<td>1<\/td>\n<td>&#8211;<\/td>\n<td>7<\/td>\n<td>5<\/td>\n<\/tr>\n<tr>\n<td>14<\/td>\n<td>Derecho<\/td>\n<td>Derecho<\/td>\n<td>52<\/td>\n<td>&#8211;<\/td>\n<td>287<\/td>\n<td>258<\/td>\n<\/tr>\n<tr>\n<td>15<\/td>\n<td>Educaci\u00f3n F\u00edsica<\/td>\n<td>Educaci\u00f3n F\u00edsica<\/td>\n<td>8<\/td>\n<td>&#8211;<\/td>\n<td>65<\/td>\n<td>58<\/td>\n<\/tr>\n<tr>\n<td>16<\/td>\n<td>Educaci\u00f3n Inicial<\/td>\n<td>Educaci\u00f3n Inicial<\/td>\n<td>13<\/td>\n<td>&#8211;<\/td>\n<td>87<\/td>\n<td>72<\/td>\n<\/tr>\n<tr>\n<td>17<\/td>\n<td>Educaci\u00f3n Primaria<\/td>\n<td>Educaci\u00f3n Primaria<\/td>\n<td>6<\/td>\n<td>&#8211;<\/td>\n<td>75<\/td>\n<td>56<\/td>\n<\/tr>\n<tr>\n<td>18<\/td>\n<td rowspan=\"4\">Educaci\u00f3n Secundaria<\/td>\n<td>Educaci\u00f3n Secundaria:Ciencia,Tecnolog\u00eda y Ambiente<\/td>\n<td>3<\/td>\n<td>&#8211;<\/td>\n<td>16<\/td>\n<td>12<\/td>\n<\/tr>\n<tr>\n<td>19<\/td>\n<td>Educaci\u00f3n Secundaria:Ciencias Sociales<\/td>\n<td>0<\/td>\n<td>&#8211;<\/td>\n<td>46<\/td>\n<td>35<\/td>\n<\/tr>\n<tr>\n<td>20<\/td>\n<td>Educaci\u00f3n Secundaria:Lengua,Literatura,Psicolog\u00eda y Filosof.<\/td>\n<td>6<\/td>\n<td>&#8211;<\/td>\n<td>53<\/td>\n<td>32<\/td>\n<\/tr>\n<tr>\n<td>21<\/td>\n<td>Educaci\u00f3n Secundaria: Matem\u00e1tica,F\u00edsica,Computaci\u00f3n e Inform.<\/td>\n<td>2<\/td>\n<td>&#8211;<\/td>\n<td>8<\/td>\n<td>6<\/td>\n<\/tr>\n<tr>\n<td>22<\/td>\n<td>Enfermer\u00eda<\/td>\n<td>Enfermer\u00eda<\/td>\n<td>23<\/td>\n<td>&#8211;<\/td>\n<td>183<\/td>\n<td>155<\/td>\n<\/tr>\n<tr>\n<td>23<\/td>\n<td>Ingenier\u00eda Agr\u00edcola<\/td>\n<td>Ingenier\u00eda Agr\u00edcola<\/td>\n<td>4<\/td>\n<td>&#8211;<\/td>\n<td>37<\/td>\n<td>29<\/td>\n<\/tr>\n<tr>\n<td>24<\/td>\n<td>Ingenier\u00eda Agroindustrial<\/td>\n<td>Ingenier\u00eda Agroindustrial<\/td>\n<td>1<\/td>\n<td>&#8211;<\/td>\n<td>13<\/td>\n<td>11<\/td>\n<\/tr>\n<tr>\n<td>25<\/td>\n<td>Ingenier\u00eda Agron\u00f3mica<\/td>\n<td>Ingenier\u00eda Agron\u00f3mica<\/td>\n<td>1<\/td>\n<td>&#8211;<\/td>\n<td>18<\/td>\n<td>16<\/td>\n<\/tr>\n<tr>\n<td>26<\/td>\n<td>Ingenier\u00eda&nbsp; Civil<\/td>\n<td>Ingenier\u00eda&nbsp; Civil<\/td>\n<td>48<\/td>\n<td>&#8211;<\/td>\n<td>274<\/td>\n<td>254<\/td>\n<\/tr>\n<tr>\n<td>27<\/td>\n<td>Ingenier\u00eda&nbsp; Minas<\/td>\n<td>Ingenier\u00eda&nbsp; Minas<\/td>\n<td>5<\/td>\n<td>3<\/td>\n<td>82<\/td>\n<td>66<\/td>\n<\/tr>\n<tr>\n<td>28<\/td>\n<td>Ingenier\u00eda&nbsp; Sistemas<\/td>\n<td>Ingenier\u00eda&nbsp; Sistemas<\/td>\n<td>11<\/td>\n<td>&#8211;<\/td>\n<td>115<\/td>\n<td>86<\/td>\n<\/tr>\n<tr>\n<td>29<\/td>\n<td>Ingenier\u00eda&nbsp; Econ\u00f3mica<\/td>\n<td>Ingenier\u00eda&nbsp; Econ\u00f3mica<\/td>\n<td>45<\/td>\n<td>&#8211;<\/td>\n<td>236<\/td>\n<td>202<\/td>\n<\/tr>\n<tr>\n<td>30<\/td>\n<td>Ingenier\u00eda&nbsp; Electr\u00f3nica<\/td>\n<td>Ingenier\u00eda&nbsp; Electr\u00f3nica<\/td>\n<td>3<\/td>\n<td>&#8211;<\/td>\n<td>40<\/td>\n<td>26<\/td>\n<\/tr>\n<tr>\n<td>31<\/td>\n<td>Ingenier\u00eda&nbsp; Estad\u00edstica e Inform\u00e1tica<\/td>\n<td>Ingenier\u00eda&nbsp; Estad\u00edstica e Inform\u00e1tica<\/td>\n<td>1<\/td>\n<td>&#8211;<\/td>\n<td>21<\/td>\n<td>14<\/td>\n<\/tr>\n<tr>\n<td>32<\/td>\n<td>Ingenier\u00eda&nbsp; Geol\u00f3gica<\/td>\n<td>Ingenier\u00eda&nbsp; Geol\u00f3gica<\/td>\n<td>7<\/td>\n<td>&#8211;<\/td>\n<td>91<\/td>\n<td>63<\/td>\n<\/tr>\n<tr>\n<td>33<\/td>\n<td>Ingenier\u00eda&nbsp; Mec\u00e1nica Electr\u00edca<\/td>\n<td>Ingenier\u00eda&nbsp; Mec\u00e1nica Electr\u00edca<\/td>\n<td>8<\/td>\n<td>&#8211;<\/td>\n<td>69<\/td>\n<td>50<\/td>\n<\/tr>\n<tr>\n<td>34<\/td>\n<td>Ingenier\u00eda&nbsp; Metal\u00fargica<\/td>\n<td>Ingenier\u00eda&nbsp; Metal\u00fargica<\/td>\n<td>1<\/td>\n<td>2<\/td>\n<td>14<\/td>\n<td>12<\/td>\n<\/tr>\n<tr>\n<td>35<\/td>\n<td>Ingenier\u00eda&nbsp; Qu\u00edmica<\/td>\n<td>Ingenier\u00eda&nbsp; Qu\u00edmica<\/td>\n<td>1<\/td>\n<td>&#8211;<\/td>\n<td>12<\/td>\n<td>11<\/td>\n<\/tr>\n<tr>\n<td>36<\/td>\n<td>Ingenier\u00eda&nbsp; Topogr\u00e1fica y Agrimensura<\/td>\n<td>Ingenier\u00eda&nbsp; Topogr\u00e1fica y Agrimensura<\/td>\n<td>1<\/td>\n<td>&#8211;<\/td>\n<td>73<\/td>\n<td>54<\/td>\n<\/tr>\n<tr>\n<td>37<\/td>\n<td>Medicina Humana<\/td>\n<td>Medicina Humana<\/td>\n<td>94<\/td>\n<td>86<\/td>\n<td>374<\/td>\n<td>366<\/td>\n<\/tr>\n<tr>\n<td>38<\/td>\n<td>Medicina Veterinaria y Zootecnia<\/td>\n<td>Medicina Veterinaria y Zootecnia<\/td>\n<td>6<\/td>\n<td>&#8211;<\/td>\n<td>35<\/td>\n<td>28<\/td>\n<\/tr>\n<tr>\n<td>39<\/td>\n<td>Nutrici\u00f3n Humana<\/td>\n<td>Nutrici\u00f3n Humana<\/td>\n<td>8<\/td>\n<td>&#8211;<\/td>\n<td>78<\/td>\n<td>55<\/td>\n<\/tr>\n<tr>\n<td>40<\/td>\n<td>Odontolog\u00eda<\/td>\n<td>Odontolog\u00eda<\/td>\n<td>3<\/td>\n<td>&#8211;<\/td>\n<td>51<\/td>\n<td>40<\/td>\n<\/tr>\n<tr>\n<td>41<\/td>\n<td>Sociolog\u00eda<\/td>\n<td>Sociolog\u00eda<\/td>\n<td>2<\/td>\n<td>&#8211;<\/td>\n<td>79<\/td>\n<td>49<\/td>\n<\/tr>\n<tr>\n<td>42<\/td>\n<td>Trabajo Social<\/td>\n<td>Trabajo Social<\/td>\n<td>7<\/td>\n<td>&#8211;<\/td>\n<td>187<\/td>\n<td>157<\/td>\n<\/tr>\n<tr>\n<td>43<\/td>\n<td>Turismo<\/td>\n<td>Turismo<\/td>\n<td>4<\/td>\n<td>&#8211;<\/td>\n<td>60<\/td>\n<td>46<\/td>\n<\/tr>\n<tr>\n<td colspan=\"3\">TOTAL<\/td>\n<td>452<\/td>\n<td>91<\/td>\n<td>3619<\/td>\n<td>2999<\/td>\n<\/tr>\n<\/tbody>\n<\/table>\n<p>Fuente: Direcci\u00f3n General de Admisi\u00f3n, Oficina de Planeamiento y Presupuesto<\/p>\n","protected":false},"excerpt":{"rendered":"<p>UNIVERSIDAD NACIONAL DEL ALTIPLANO POSTULANTES &#8211; PREGRADO &#8211; A\u00d1O 2020 N\u00b0 ESCUELA PROFESIONAL PROGRAMAS DE ESTUDIO EXAMEN EXTRAORDINARIO DEL 08\/03\/2020 TRASLADO EXTERNO EXTRAORDINARIO DEL 17\/07\/2020 EXAMEN CEPRE DEL 23\/10\/2020 EXAMEN CEPRE DEL 14\/11\/2020 1 Administraci\u00f3n Administraci\u00f3n 21 &#8211; 247 212 2 Antropolog\u00eda Antropolog\u00eda 1 &#8211; 49 30 3 Arquitectura y Urbanismo Arquitectura y Urbanismo 15&hellip;<\/p>\n","protected":false},"author":1,"featured_media":0,"parent":0,"menu_order":0,"comment_status":"closed","ping_status":"closed","template":"","meta":{"_acf_changed":false,"footnotes":""},"class_list":["post-5927","page","type-page","status-publish","hentry","description-off"],"acf":[],"_links":{"self":[{"href":"https:\/\/transparencia.unap.edu.pe\/web\/wp-json\/wp\/v2\/pages\/5927","targetHints":{"allow":["GET"]}}],"collection":[{"href":"https:\/\/transparencia.unap.edu.pe\/web\/wp-json\/wp\/v2\/pages"}],"about":[{"href":"https:\/\/transparencia.unap.edu.pe\/web\/wp-json\/wp\/v2\/types\/page"}],"author":[{"embeddable":true,"href":"https:\/\/transparencia.unap.edu.pe\/web\/wp-json\/wp\/v2\/users\/1"}],"replies":[{"embeddable":true,"href":"https:\/\/transparencia.unap.edu.pe\/web\/wp-json\/wp\/v2\/comments?post=5927"}],"version-history":[{"count":3,"href":"https:\/\/transparencia.unap.edu.pe\/web\/wp-json\/wp\/v2\/pages\/5927\/revisions"}],"predecessor-version":[{"id":5930,"href":"https:\/\/transparencia.unap.edu.pe\/web\/wp-json\/wp\/v2\/pages\/5927\/revisions\/5930"}],"wp:attachment":[{"href":"https:\/\/transparencia.unap.edu.pe\/web\/wp-json\/wp\/v2\/media?parent=5927"}],"curies":[{"name":"wp","href":"https:\/\/api.w.org\/{rel}","templated":true}]}}