{"id":5932,"date":"2022-05-26T18:00:24","date_gmt":"2022-05-26T18:00:24","guid":{"rendered":"https:\/\/transparencia.unap.edu.pe\/web\/?page_id=5932"},"modified":"2022-05-26T18:00:25","modified_gmt":"2022-05-26T18:00:25","slug":"postulantes-ano-2021","status":"publish","type":"page","link":"https:\/\/transparencia.unap.edu.pe\/web\/postulantes-ano-2021\/","title":{"rendered":"POSTULANTES &#8211; A\u00d1O 2021"},"content":{"rendered":"<table width=\"1259\">\n<tbody>\n<tr>\n<td colspan=\"9\" width=\"1259\">UNIVERSIDAD NACIONAL DEL ALTIPLANO<\/td>\n<\/tr>\n<tr>\n<td colspan=\"9\">POSTULANTES &#8211; PREGRADO &#8211; A\u00d1O 2021<\/td>\n<\/tr>\n<tr>\n<td width=\"25\">N\u00b0<\/td>\n<td width=\"224\">ESCUELA PROFESIONAL<\/td>\n<td width=\"348\">PROGRAMAS DE ESTUDIO<\/td>\n<td width=\"118\">EXAMEN GENERAL DEL 11\/06\/2021<\/td>\n<td width=\"100\">EXAMEN CEPRE DEL 07\/08\/21<\/td>\n<td width=\"87\">\u00a0EXAMEN DEL 14\/08\/2021<\/td>\n<td width=\"125\">EXAMEN CURSADO CICLOS DEL II AL X SEMESTRE<\/td>\n<td width=\"99\">EXAMEN DEL 2-3\/10\/2021<\/td>\n<td width=\"133\">EXAMEN CURSANDO CICLOS III AL X DEL 30\/10\/2021 UNIVER.DENEG DE LICENCIA<\/td>\n<\/tr>\n<tr>\n<td>1<\/td>\n<td>Administraci\u00f3n<\/td>\n<td>Administraci\u00f3n<\/td>\n<td>1041<\/td>\n<td>347<\/td>\n<td>11<\/td>\n<td>13<\/td>\n<td>717<\/td>\n<td>20<\/td>\n<\/tr>\n<tr>\n<td>2<\/td>\n<td>Antropolog\u00eda<\/td>\n<td>Antropolog\u00eda<\/td>\n<td>99<\/td>\n<td>26<\/td>\n<td>0<\/td>\n<td>0<\/td>\n<td>59<\/td>\n<td>0<\/td>\n<\/tr>\n<tr>\n<td>3<\/td>\n<td>Arquitectura y Urbanismo<\/td>\n<td>Arquitectura y Urbanismo<\/td>\n<td>609<\/td>\n<td>221<\/td>\n<td>11<\/td>\n<td>0<\/td>\n<td>417<\/td>\n<td>0<\/td>\n<\/tr>\n<tr>\n<td>4<\/td>\n<td rowspan=\"3\">Arte<\/td>\n<td>Arte: Artes Pl\u00e1sticos<\/td>\n<td>30<\/td>\n<td>3<\/td>\n<td>0<\/td>\n<td>0<\/td>\n<td>16<\/td>\n<td>0<\/td>\n<\/tr>\n<tr>\n<td>5<\/td>\n<td>Arte: Danza<\/td>\n<td>22<\/td>\n<td>1<\/td>\n<td>0<\/td>\n<td>0<\/td>\n<td>11<\/td>\n<td>0<\/td>\n<\/tr>\n<tr>\n<td>6<\/td>\n<td>Arte: M\u00fasica<\/td>\n<td>126<\/td>\n<td>21<\/td>\n<td>0<\/td>\n<td>0<\/td>\n<td>71<\/td>\n<td>0<\/td>\n<\/tr>\n<tr>\n<td>7<\/td>\n<td rowspan=\"3\">Biolog\u00eda<\/td>\n<td>Biolog\u00eda : Ecolog\u00eda<\/td>\n<td>33<\/td>\n<td>7<\/td>\n<td>0<\/td>\n<td>0<\/td>\n<td>20<\/td>\n<td>0<\/td>\n<\/tr>\n<tr>\n<td>8<\/td>\n<td>Biolog\u00eda : Microbiolog\u00eda y Laboratorio Cl\u00ednico<\/td>\n<td>142<\/td>\n<td>35<\/td>\n<td>1<\/td>\n<td>0<\/td>\n<td>90<\/td>\n<td>0<\/td>\n<\/tr>\n<tr>\n<td>9<\/td>\n<td>Biolog\u00eda : Pesquera<\/td>\n<td>8<\/td>\n<td>2<\/td>\n<td>0<\/td>\n<td>0<\/td>\n<td>12<\/td>\n<td>0<\/td>\n<\/tr>\n<tr>\n<td>10<\/td>\n<td>Ciencias Contables<\/td>\n<td>Ciencias Contables<\/td>\n<td>1182<\/td>\n<td>406<\/td>\n<td>10<\/td>\n<td>35<\/td>\n<td>940<\/td>\n<td>45<\/td>\n<\/tr>\n<tr>\n<td>11<\/td>\n<td>Ciencias de la Comunicaci\u00f3n Social<\/td>\n<td>Ciencias de la Comunicaci\u00f3n Social<\/td>\n<td>177<\/td>\n<td>50<\/td>\n<td>2<\/td>\n<td>0<\/td>\n<td>109<\/td>\n<td>0<\/td>\n<\/tr>\n<tr>\n<td>12<\/td>\n<td rowspan=\"2\">Ciencias F\u00edsico Matem\u00e1ticas<\/td>\n<td>Ciencias F\u00edsico Matem\u00e1ticas : F\u00edsica<\/td>\n<td>25<\/td>\n<td>4<\/td>\n<td>0<\/td>\n<td>0<\/td>\n<td>5<\/td>\n<td>0<\/td>\n<\/tr>\n<tr>\n<td>13<\/td>\n<td>Ciencias F\u00edsico Matem\u00e1ticas : Matem\u00e1ticas<\/td>\n<td>30<\/td>\n<td>7<\/td>\n<td>0<\/td>\n<td>0<\/td>\n<td>18<\/td>\n<td>0<\/td>\n<\/tr>\n<tr>\n<td>14<\/td>\n<td>Derecho<\/td>\n<td>Derecho<\/td>\n<td>1431<\/td>\n<td>511<\/td>\n<td>21<\/td>\n<td>0<\/td>\n<td>1138<\/td>\n<td>0<\/td>\n<\/tr>\n<tr>\n<td>15<\/td>\n<td>Educaci\u00f3n F\u00edsica<\/td>\n<td>Educaci\u00f3n F\u00edsica<\/td>\n<td>241<\/td>\n<td>43<\/td>\n<td>1<\/td>\n<td>0<\/td>\n<td>159<\/td>\n<td>0<\/td>\n<\/tr>\n<tr>\n<td>16<\/td>\n<td>Educaci\u00f3n Inicial<\/td>\n<td>Educaci\u00f3n Inicial<\/td>\n<td>499<\/td>\n<td>122<\/td>\n<td>4<\/td>\n<td>1<\/td>\n<td>392<\/td>\n<td>0<\/td>\n<\/tr>\n<tr>\n<td>17<\/td>\n<td>Educaci\u00f3n Primaria<\/td>\n<td>Educaci\u00f3n Primaria<\/td>\n<td>282<\/td>\n<td>69<\/td>\n<td>4<\/td>\n<td>0<\/td>\n<td>214<\/td>\n<td>0<\/td>\n<\/tr>\n<tr>\n<td>18<\/td>\n<td rowspan=\"4\">Educaci\u00f3n Secundaria<\/td>\n<td>Educaci\u00f3n Secundaria:Ciencia,Tecnolog\u00eda y Ambiente<\/td>\n<td>40<\/td>\n<td>7<\/td>\n<td>1<\/td>\n<td>0<\/td>\n<td>23<\/td>\n<td>0<\/td>\n<\/tr>\n<tr>\n<td>19<\/td>\n<td>Educaci\u00f3n Secundaria:Ciencias Sociales<\/td>\n<td>194<\/td>\n<td>53<\/td>\n<td>0<\/td>\n<td>0<\/td>\n<td>110<\/td>\n<td>0<\/td>\n<\/tr>\n<tr>\n<td>20<\/td>\n<td>Educaci\u00f3n Secundaria:Lengua,Literatura,Psicolog\u00eda y Filosof.<\/td>\n<td>222<\/td>\n<td>69<\/td>\n<td>1<\/td>\n<td>0<\/td>\n<td>160<\/td>\n<td>0<\/td>\n<\/tr>\n<tr>\n<td>21<\/td>\n<td>Educaci\u00f3n Secundaria: Matem\u00e1tica,F\u00edsica,Computaci\u00f3n e Inform.<\/td>\n<td>163<\/td>\n<td>13<\/td>\n<td>13<\/td>\n<td>0<\/td>\n<td>76<\/td>\n<td>0<\/td>\n<\/tr>\n<tr>\n<td>22<\/td>\n<td>Enfermer\u00eda<\/td>\n<td>Enfermer\u00eda<\/td>\n<td>684<\/td>\n<td>309<\/td>\n<td>1<\/td>\n<td>0<\/td>\n<td>763<\/td>\n<td>0<\/td>\n<\/tr>\n<tr>\n<td>23<\/td>\n<td>Ingenier\u00eda Agr\u00edcola<\/td>\n<td>Ingenier\u00eda Agr\u00edcola<\/td>\n<td>112<\/td>\n<td>39<\/td>\n<td>1<\/td>\n<td>0<\/td>\n<td>57<\/td>\n<td>0<\/td>\n<\/tr>\n<tr>\n<td>24<\/td>\n<td>Ingenier\u00eda Agroindustrial<\/td>\n<td>Ingenier\u00eda Agroindustrial<\/td>\n<td>110<\/td>\n<td>18<\/td>\n<td>1<\/td>\n<td>0<\/td>\n<td>44<\/td>\n<td>0<\/td>\n<\/tr>\n<tr>\n<td>25<\/td>\n<td>Ingenier\u00eda Agron\u00f3mica<\/td>\n<td>Ingenier\u00eda Agron\u00f3mica<\/td>\n<td>175<\/td>\n<td>29<\/td>\n<td>1<\/td>\n<td>0<\/td>\n<td>184<\/td>\n<td>0<\/td>\n<\/tr>\n<tr>\n<td>26<\/td>\n<td>Ingenier\u00eda\u00a0 Civil<\/td>\n<td>Ingenier\u00eda\u00a0 Civil<\/td>\n<td>1040<\/td>\n<td>341<\/td>\n<td>25<\/td>\n<td>0<\/td>\n<td>697<\/td>\n<td>0<\/td>\n<\/tr>\n<tr>\n<td>27<\/td>\n<td>Ingenier\u00eda\u00a0 Minas<\/td>\n<td>Ingenier\u00eda\u00a0 Minas<\/td>\n<td>354<\/td>\n<td>89<\/td>\n<td>1<\/td>\n<td>0<\/td>\n<td>296<\/td>\n<td>0<\/td>\n<\/tr>\n<tr>\n<td>28<\/td>\n<td>Ingenier\u00eda\u00a0 Sistemas<\/td>\n<td>Ingenier\u00eda\u00a0 Sistemas<\/td>\n<td>618<\/td>\n<td>199<\/td>\n<td>5<\/td>\n<td>0<\/td>\n<td>387<\/td>\n<td>0<\/td>\n<\/tr>\n<tr>\n<td>29<\/td>\n<td>Ingenier\u00eda\u00a0 Econ\u00f3mica<\/td>\n<td>Ingenier\u00eda\u00a0 Econ\u00f3mica<\/td>\n<td>877<\/td>\n<td>373<\/td>\n<td>28<\/td>\n<td>7<\/td>\n<td>616<\/td>\n<td>75<\/td>\n<\/tr>\n<tr>\n<td>30<\/td>\n<td>Ingenier\u00eda\u00a0 Electr\u00f3nica<\/td>\n<td>Ingenier\u00eda\u00a0 Electr\u00f3nica<\/td>\n<td>160<\/td>\n<td>33<\/td>\n<td>0<\/td>\n<td>0<\/td>\n<td>91<\/td>\n<td>0<\/td>\n<\/tr>\n<tr>\n<td>31<\/td>\n<td>Ingenier\u00eda\u00a0 Estad\u00edstica e Inform\u00e1tica<\/td>\n<td>Ingenier\u00eda\u00a0 Estad\u00edstica e Inform\u00e1tica<\/td>\n<td>152<\/td>\n<td>29<\/td>\n<td>1<\/td>\n<td>0<\/td>\n<td>128<\/td>\n<td>0<\/td>\n<\/tr>\n<tr>\n<td>32<\/td>\n<td>Ingenier\u00eda\u00a0 Geol\u00f3gica<\/td>\n<td>Ingenier\u00eda\u00a0 Geol\u00f3gica<\/td>\n<td>209<\/td>\n<td>58<\/td>\n<td>0<\/td>\n<td>0<\/td>\n<td>159<\/td>\n<td>0<\/td>\n<\/tr>\n<tr>\n<td>33<\/td>\n<td>Ingenier\u00eda\u00a0 Mec\u00e1nica Electr\u00edca<\/td>\n<td>Ingenier\u00eda\u00a0 Mec\u00e1nica Electr\u00edca<\/td>\n<td>312<\/td>\n<td>79<\/td>\n<td>2<\/td>\n<td>0<\/td>\n<td>216<\/td>\n<td>0<\/td>\n<\/tr>\n<tr>\n<td>34<\/td>\n<td>Ingenier\u00eda\u00a0 Metal\u00fargica<\/td>\n<td>Ingenier\u00eda\u00a0 Metal\u00fargica<\/td>\n<td>94<\/td>\n<td>13<\/td>\n<td>0<\/td>\n<td>0<\/td>\n<td>45<\/td>\n<td>0<\/td>\n<\/tr>\n<tr>\n<td>35<\/td>\n<td>Ingenier\u00eda\u00a0 Qu\u00edmica<\/td>\n<td>Ingenier\u00eda\u00a0 Qu\u00edmica<\/td>\n<td>109<\/td>\n<td>14<\/td>\n<td>0<\/td>\n<td>0<\/td>\n<td>30<\/td>\n<td>0<\/td>\n<\/tr>\n<tr>\n<td>36<\/td>\n<td>Ingenier\u00eda\u00a0 Topogr\u00e1fica y Agrimensura<\/td>\n<td>Ingenier\u00eda\u00a0 Topogr\u00e1fica y Agrimensura<\/td>\n<td>167<\/td>\n<td>60<\/td>\n<td>1<\/td>\n<td>0<\/td>\n<td>93<\/td>\n<td>0<\/td>\n<\/tr>\n<tr>\n<td>37<\/td>\n<td>Medicina Humana<\/td>\n<td>Medicina Humana<\/td>\n<td>984<\/td>\n<td>485<\/td>\n<td>66<\/td>\n<td>0<\/td>\n<td>893<\/td>\n<td>0<\/td>\n<\/tr>\n<tr>\n<td>38<\/td>\n<td>Medicina Veterinaria y Zootecnia<\/td>\n<td>Medicina Veterinaria y Zootecnia<\/td>\n<td>297<\/td>\n<td>73<\/td>\n<td>1<\/td>\n<td>0<\/td>\n<td>213<\/td>\n<td>0<\/td>\n<\/tr>\n<tr>\n<td>39<\/td>\n<td>Nutrici\u00f3n Humana<\/td>\n<td>Nutrici\u00f3n Humana<\/td>\n<td>395<\/td>\n<td>138<\/td>\n<td>0<\/td>\n<td>0<\/td>\n<td>192<\/td>\n<td>0<\/td>\n<\/tr>\n<tr>\n<td>40<\/td>\n<td>Odontolog\u00eda<\/td>\n<td>Odontolog\u00eda<\/td>\n<td>236<\/td>\n<td>73<\/td>\n<td>0<\/td>\n<td>0<\/td>\n<td>225<\/td>\n<td>0<\/td>\n<\/tr>\n<tr>\n<td>41<\/td>\n<td>Sociolog\u00eda<\/td>\n<td>Sociolog\u00eda<\/td>\n<td>170<\/td>\n<td>72<\/td>\n<td>1<\/td>\n<td>0<\/td>\n<td>207<\/td>\n<td>0<\/td>\n<\/tr>\n<tr>\n<td>42<\/td>\n<td>Trabajo Social<\/td>\n<td>Trabajo Social<\/td>\n<td>635<\/td>\n<td>207<\/td>\n<td>0<\/td>\n<td>0<\/td>\n<td>452<\/td>\n<td>0<\/td>\n<\/tr>\n<tr>\n<td>43<\/td>\n<td>Turismo<\/td>\n<td>Turismo<\/td>\n<td>179<\/td>\n<td>32<\/td>\n<td>0<\/td>\n<td>0<\/td>\n<td>171<\/td>\n<td>0<\/td>\n<\/tr>\n<tr>\n<td colspan=\"3\">TOTAL<\/td>\n<td>14665<\/td>\n<td>4780<\/td>\n<td>215<\/td>\n<td>56<\/td>\n<td>10916<\/td>\n<td>140<\/td>\n<\/tr>\n<\/tbody>\n<\/table>\n","protected":false},"excerpt":{"rendered":"<p>UNIVERSIDAD NACIONAL DEL ALTIPLANO POSTULANTES &#8211; PREGRADO &#8211; A\u00d1O 2021 N\u00b0 ESCUELA PROFESIONAL PROGRAMAS DE ESTUDIO EXAMEN GENERAL DEL 11\/06\/2021 EXAMEN CEPRE DEL 07\/08\/21 \u00a0EXAMEN DEL 14\/08\/2021 EXAMEN CURSADO CICLOS DEL II AL X SEMESTRE EXAMEN DEL 2-3\/10\/2021 EXAMEN CURSANDO CICLOS III AL X DEL 30\/10\/2021 UNIVER.DENEG DE LICENCIA 1 Administraci\u00f3n Administraci\u00f3n 1041 347 11&hellip;<\/p>\n","protected":false},"author":1,"featured_media":0,"parent":0,"menu_order":0,"comment_status":"closed","ping_status":"closed","template":"","meta":{"_acf_changed":false,"footnotes":""},"class_list":["post-5932","page","type-page","status-publish","hentry","description-off"],"acf":[],"_links":{"self":[{"href":"https:\/\/transparencia.unap.edu.pe\/web\/wp-json\/wp\/v2\/pages\/5932","targetHints":{"allow":["GET"]}}],"collection":[{"href":"https:\/\/transparencia.unap.edu.pe\/web\/wp-json\/wp\/v2\/pages"}],"about":[{"href":"https:\/\/transparencia.unap.edu.pe\/web\/wp-json\/wp\/v2\/types\/page"}],"author":[{"embeddable":true,"href":"https:\/\/transparencia.unap.edu.pe\/web\/wp-json\/wp\/v2\/users\/1"}],"replies":[{"embeddable":true,"href":"https:\/\/transparencia.unap.edu.pe\/web\/wp-json\/wp\/v2\/comments?post=5932"}],"version-history":[{"count":1,"href":"https:\/\/transparencia.unap.edu.pe\/web\/wp-json\/wp\/v2\/pages\/5932\/revisions"}],"predecessor-version":[{"id":5933,"href":"https:\/\/transparencia.unap.edu.pe\/web\/wp-json\/wp\/v2\/pages\/5932\/revisions\/5933"}],"wp:attachment":[{"href":"https:\/\/transparencia.unap.edu.pe\/web\/wp-json\/wp\/v2\/media?parent=5932"}],"curies":[{"name":"wp","href":"https:\/\/api.w.org\/{rel}","templated":true}]}}