{"id":5936,"date":"2022-05-26T19:51:50","date_gmt":"2022-05-26T19:51:50","guid":{"rendered":"https:\/\/transparencia.unap.edu.pe\/web\/?page_id=5936"},"modified":"2022-05-26T19:51:51","modified_gmt":"2022-05-26T19:51:51","slug":"ingresantes-ano-2021","status":"publish","type":"page","link":"https:\/\/transparencia.unap.edu.pe\/web\/ingresantes-ano-2021\/","title":{"rendered":"INGRESANTES &#8211; A\u00d1O 2021"},"content":{"rendered":"<table width=\"1264\">\n<tbody>\n<tr>\n<td colspan=\"9\" width=\"1264\">UNIVERSIDAD NACIONAL DEL ALTIPLANO<\/td>\n<\/tr>\n<tr>\n<td colspan=\"9\">INGRESANTES &#8211; PREGRADO &#8211; A\u00d1O 2021<\/td>\n<\/tr>\n<tr>\n<td width=\"32\">N\u00b0<\/td>\n<td width=\"224\">ESCUELA PROFESIONAL<\/td>\n<td width=\"383\">PROGRAMAS DE ESTUDIO<\/td>\n<td width=\"117\">EXAMEN GENERAL DEL 11\/06\/2021<\/td>\n<td width=\"125\">EXAMEN CEPRE DEL 07\/08\/21<\/td>\n<td width=\"75\">\u00a0EXAMEN DEL 14\/08\/2021<\/td>\n<td width=\"96\">EXAMEN CURSADO CICLOS DEL II AL X SEMESTRE<\/td>\n<td width=\"87\">EXAMEN DEL 2-3\/10\/2021<\/td>\n<td width=\"125\">EXAMEN CURSANDO CICLOS III AL X DEL 30\/10\/2021 UNIVER.DENEG DE LICENCIA<\/td>\n<\/tr>\n<tr>\n<td>1<\/td>\n<td>Administraci\u00f3n<\/td>\n<td>Administraci\u00f3n<\/td>\n<td>32<\/td>\n<td>47<\/td>\n<td>3<\/td>\n<td>3<\/td>\n<td>82<\/td>\n<td>13<\/td>\n<\/tr>\n<tr>\n<td>2<\/td>\n<td>Antropolog\u00eda<\/td>\n<td>Antropolog\u00eda<\/td>\n<td>23<\/td>\n<td>16<\/td>\n<td>0<\/td>\n<td>0<\/td>\n<td>42<\/td>\n<td>0<\/td>\n<\/tr>\n<tr>\n<td>3<\/td>\n<td>Arquitectura y Urbanismo<\/td>\n<td>Arquitectura y Urbanismo<\/td>\n<td>21<\/td>\n<td>39<\/td>\n<td>3<\/td>\n<td>0<\/td>\n<td>33<\/td>\n<td>0<\/td>\n<\/tr>\n<tr>\n<td>4<\/td>\n<td rowspan=\"3\">Arte<\/td>\n<td>Arte: Artes Pl\u00e1sticos<\/td>\n<td>11<\/td>\n<td>3<\/td>\n<td>0<\/td>\n<td>0<\/td>\n<td>32<\/td>\n<td>0<\/td>\n<\/tr>\n<tr>\n<td>5<\/td>\n<td>Arte: Danza<\/td>\n<td>10<\/td>\n<td>1<\/td>\n<td>0<\/td>\n<td>0<\/td>\n<td>32<\/td>\n<td>0<\/td>\n<\/tr>\n<tr>\n<td>6<\/td>\n<td>Arte: M\u00fasica<\/td>\n<td>55<\/td>\n<td>17<\/td>\n<td>0<\/td>\n<td>0<\/td>\n<td>43<\/td>\n<td>0<\/td>\n<\/tr>\n<tr>\n<td>7<\/td>\n<td rowspan=\"3\">Biolog\u00eda<\/td>\n<td>Biolog\u00eda : Ecolog\u00eda<\/td>\n<td>7<\/td>\n<td>2<\/td>\n<td>0<\/td>\n<td>0<\/td>\n<td>32<\/td>\n<td>0<\/td>\n<\/tr>\n<tr>\n<td>8<\/td>\n<td>Biolog\u00eda : Microbiolog\u00eda y Laboratorio Cl\u00ednico<\/td>\n<td>14<\/td>\n<td>15<\/td>\n<td>1<\/td>\n<td>0<\/td>\n<td>32<\/td>\n<td>0<\/td>\n<\/tr>\n<tr>\n<td>9<\/td>\n<td>Biolog\u00eda : Pesquera<\/td>\n<td>4<\/td>\n<td>0<\/td>\n<td>0<\/td>\n<td>0<\/td>\n<td>32<\/td>\n<td>0<\/td>\n<\/tr>\n<tr>\n<td>10<\/td>\n<td>Ciencias Contables<\/td>\n<td>Ciencias Contables<\/td>\n<td>39<\/td>\n<td>59<\/td>\n<td>4<\/td>\n<td>12<\/td>\n<td>184<\/td>\n<td>33<\/td>\n<\/tr>\n<tr>\n<td>11<\/td>\n<td>Ciencias de la Comunicaci\u00f3n Social<\/td>\n<td>Ciencias de la Comunicaci\u00f3n Social<\/td>\n<td>43<\/td>\n<td>15<\/td>\n<td>0<\/td>\n<td>0<\/td>\n<td>42<\/td>\n<td>0<\/td>\n<\/tr>\n<tr>\n<td>12<\/td>\n<td rowspan=\"2\">Ciencias F\u00edsico Matem\u00e1ticas<\/td>\n<td>Ciencias F\u00edsico Matem\u00e1ticas : F\u00edsica<\/td>\n<td>17<\/td>\n<td>2<\/td>\n<td>0<\/td>\n<td>0<\/td>\n<td>26<\/td>\n<td>0<\/td>\n<\/tr>\n<tr>\n<td>13<\/td>\n<td>Ciencias F\u00edsico Matem\u00e1ticas : Matem\u00e1ticas<\/td>\n<td>12<\/td>\n<td>4<\/td>\n<td>0<\/td>\n<td>0<\/td>\n<td>26<\/td>\n<td>0<\/td>\n<\/tr>\n<tr>\n<td>14<\/td>\n<td>Derecho<\/td>\n<td>Derecho<\/td>\n<td>28<\/td>\n<td>37<\/td>\n<td>3<\/td>\n<td>0<\/td>\n<td>43<\/td>\n<td>0<\/td>\n<\/tr>\n<tr>\n<td>15<\/td>\n<td>Educaci\u00f3n F\u00edsica<\/td>\n<td>Educaci\u00f3n F\u00edsica<\/td>\n<td>42<\/td>\n<td>26<\/td>\n<td>0<\/td>\n<td>0<\/td>\n<td>42<\/td>\n<td>0<\/td>\n<\/tr>\n<tr>\n<td>16<\/td>\n<td>Educaci\u00f3n Inicial<\/td>\n<td>Educaci\u00f3n Inicial<\/td>\n<td>13<\/td>\n<td>22<\/td>\n<td>0<\/td>\n<td>0<\/td>\n<td>62<\/td>\n<td>0<\/td>\n<\/tr>\n<tr>\n<td>17<\/td>\n<td>Educaci\u00f3n Primaria<\/td>\n<td>Educaci\u00f3n Primaria<\/td>\n<td>27<\/td>\n<td>36<\/td>\n<td>0<\/td>\n<td>0<\/td>\n<td>42<\/td>\n<td>0<\/td>\n<\/tr>\n<tr>\n<td>18<\/td>\n<td rowspan=\"4\">Educaci\u00f3n Secundaria<\/td>\n<td>Educaci\u00f3n Secundaria:Ciencia,Tecnolog\u00eda y Ambiente<\/td>\n<td>22<\/td>\n<td>7<\/td>\n<td>0<\/td>\n<td>0<\/td>\n<td>42<\/td>\n<td>0<\/td>\n<\/tr>\n<tr>\n<td>19<\/td>\n<td>Educaci\u00f3n Secundaria:Ciencias Sociales<\/td>\n<td>44<\/td>\n<td>36<\/td>\n<td>0<\/td>\n<td>0<\/td>\n<td>42<\/td>\n<td>0<\/td>\n<\/tr>\n<tr>\n<td>20<\/td>\n<td>Educaci\u00f3n Secundaria:Lengua,Literatura,Psicolog\u00eda y Filosof.<\/td>\n<td>30<\/td>\n<td>36<\/td>\n<td>1<\/td>\n<td>0<\/td>\n<td>82<\/td>\n<td>0<\/td>\n<\/tr>\n<tr>\n<td>21<\/td>\n<td>Educaci\u00f3n Secundaria: Matem\u00e1tica,F\u00edsica,Computaci\u00f3n e Inform.<\/td>\n<td>71<\/td>\n<td>9<\/td>\n<td>1<\/td>\n<td>0<\/td>\n<td>42<\/td>\n<td>0<\/td>\n<\/tr>\n<tr>\n<td>22<\/td>\n<td>Enfermer\u00eda<\/td>\n<td>Enfermer\u00eda<\/td>\n<td>10<\/td>\n<td>36<\/td>\n<td>2<\/td>\n<td>0<\/td>\n<td>42<\/td>\n<td>0<\/td>\n<\/tr>\n<tr>\n<td>23<\/td>\n<td>Ingenier\u00eda Agr\u00edcola<\/td>\n<td>Ingenier\u00eda Agr\u00edcola<\/td>\n<td>21<\/td>\n<td>13<\/td>\n<td>1<\/td>\n<td>0<\/td>\n<td>53<\/td>\n<td>0<\/td>\n<\/tr>\n<tr>\n<td>24<\/td>\n<td>Ingenier\u00eda Agroindustrial<\/td>\n<td>Ingenier\u00eda Agroindustrial<\/td>\n<td>35<\/td>\n<td>5<\/td>\n<td>0<\/td>\n<td>0<\/td>\n<td>26<\/td>\n<td>0<\/td>\n<\/tr>\n<tr>\n<td>25<\/td>\n<td>Ingenier\u00eda Agron\u00f3mica<\/td>\n<td>Ingenier\u00eda Agron\u00f3mica<\/td>\n<td>63<\/td>\n<td>19<\/td>\n<td>0<\/td>\n<td>0<\/td>\n<td>84<\/td>\n<td>0<\/td>\n<\/tr>\n<tr>\n<td>26<\/td>\n<td>Ingenier\u00eda\u00a0 Civil<\/td>\n<td>Ingenier\u00eda\u00a0 Civil<\/td>\n<td>21<\/td>\n<td>27<\/td>\n<td>13<\/td>\n<td>0<\/td>\n<td>34<\/td>\n<td>0<\/td>\n<\/tr>\n<tr>\n<td>27<\/td>\n<td>Ingenier\u00eda\u00a0 Minas<\/td>\n<td>Ingenier\u00eda\u00a0 Minas<\/td>\n<td>44<\/td>\n<td>29<\/td>\n<td>0<\/td>\n<td>0<\/td>\n<td>63<\/td>\n<td>0<\/td>\n<\/tr>\n<tr>\n<td>28<\/td>\n<td>Ingenier\u00eda\u00a0 Sistemas<\/td>\n<td>Ingenier\u00eda\u00a0 Sistemas<\/td>\n<td>32<\/td>\n<td>41<\/td>\n<td>2<\/td>\n<td>0<\/td>\n<td>58<\/td>\n<td>0<\/td>\n<\/tr>\n<tr>\n<td>29<\/td>\n<td>Ingenier\u00eda\u00a0 Econ\u00f3mica<\/td>\n<td>Ingenier\u00eda\u00a0 Econ\u00f3mica<\/td>\n<td>31<\/td>\n<td>45<\/td>\n<td>9<\/td>\n<td>2<\/td>\n<td>72<\/td>\n<td>55<\/td>\n<\/tr>\n<tr>\n<td>30<\/td>\n<td>Ingenier\u00eda\u00a0 Electr\u00f3nica<\/td>\n<td>Ingenier\u00eda\u00a0 Electr\u00f3nica<\/td>\n<td>31<\/td>\n<td>9<\/td>\n<td>0<\/td>\n<td>0<\/td>\n<td>53<\/td>\n<td>0<\/td>\n<\/tr>\n<tr>\n<td>31<\/td>\n<td>Ingenier\u00eda\u00a0 Estad\u00edstica e Inform\u00e1tica<\/td>\n<td>Ingenier\u00eda\u00a0 Estad\u00edstica e Inform\u00e1tica<\/td>\n<td>56<\/td>\n<td>17<\/td>\n<td>1<\/td>\n<td>0<\/td>\n<td>63<\/td>\n<td>0<\/td>\n<\/tr>\n<tr>\n<td>32<\/td>\n<td>Ingenier\u00eda\u00a0 Geol\u00f3gica<\/td>\n<td>Ingenier\u00eda\u00a0 Geol\u00f3gica<\/td>\n<td>26<\/td>\n<td>16<\/td>\n<td>0<\/td>\n<td>0<\/td>\n<td>42<\/td>\n<td>0<\/td>\n<\/tr>\n<tr>\n<td>33<\/td>\n<td>Ingenier\u00eda\u00a0 Mec\u00e1nica Electr\u00edca<\/td>\n<td>Ingenier\u00eda\u00a0 Mec\u00e1nica Electr\u00edca<\/td>\n<td>54<\/td>\n<td>24<\/td>\n<td>0<\/td>\n<td>0<\/td>\n<td>63<\/td>\n<td>0<\/td>\n<\/tr>\n<tr>\n<td>34<\/td>\n<td>Ingenier\u00eda\u00a0 Metal\u00fargica<\/td>\n<td>Ingenier\u00eda\u00a0 Metal\u00fargica<\/td>\n<td>34<\/td>\n<td>7<\/td>\n<td>0<\/td>\n<td>0<\/td>\n<td>53<\/td>\n<td>0<\/td>\n<\/tr>\n<tr>\n<td>35<\/td>\n<td>Ingenier\u00eda\u00a0 Qu\u00edmica<\/td>\n<td>Ingenier\u00eda\u00a0 Qu\u00edmica<\/td>\n<td>57<\/td>\n<td>12<\/td>\n<td>0<\/td>\n<td>0<\/td>\n<td>37<\/td>\n<td>0<\/td>\n<\/tr>\n<tr>\n<td>36<\/td>\n<td>Ingenier\u00eda\u00a0 Topogr\u00e1fica y Agrimensura<\/td>\n<td>Ingenier\u00eda\u00a0 Topogr\u00e1fica y Agrimensura<\/td>\n<td>25<\/td>\n<td>14<\/td>\n<td>1<\/td>\n<td>0<\/td>\n<td>42<\/td>\n<td>0<\/td>\n<\/tr>\n<tr>\n<td>37<\/td>\n<td>Medicina Humana<\/td>\n<td>Medicina Humana<\/td>\n<td>10<\/td>\n<td>11<\/td>\n<td>5<\/td>\n<td>0<\/td>\n<td>22<\/td>\n<td>0<\/td>\n<\/tr>\n<tr>\n<td>38<\/td>\n<td>Medicina Veterinaria y Zootecnia<\/td>\n<td>Medicina Veterinaria y Zootecnia<\/td>\n<td>59<\/td>\n<td>43<\/td>\n<td>1<\/td>\n<td>0<\/td>\n<td>32<\/td>\n<td>0<\/td>\n<\/tr>\n<tr>\n<td>39<\/td>\n<td>Nutrici\u00f3n Humana<\/td>\n<td>Nutrici\u00f3n Humana<\/td>\n<td>33<\/td>\n<td>36<\/td>\n<td>0<\/td>\n<td>0<\/td>\n<td>26<\/td>\n<td>0<\/td>\n<\/tr>\n<tr>\n<td>40<\/td>\n<td>Odontolog\u00eda<\/td>\n<td>Odontolog\u00eda<\/td>\n<td>15<\/td>\n<td>14<\/td>\n<td>1<\/td>\n<td>0<\/td>\n<td>91<\/td>\n<td>0<\/td>\n<\/tr>\n<tr>\n<td>41<\/td>\n<td>Sociolog\u00eda<\/td>\n<td>Sociolog\u00eda<\/td>\n<td>20<\/td>\n<td>27<\/td>\n<td>0<\/td>\n<td>0<\/td>\n<td>63<\/td>\n<td>0<\/td>\n<\/tr>\n<tr>\n<td>42<\/td>\n<td>Trabajo Social<\/td>\n<td>Trabajo Social<\/td>\n<td>32<\/td>\n<td>39<\/td>\n<td>0<\/td>\n<td>0<\/td>\n<td>150<\/td>\n<td>0<\/td>\n<\/tr>\n<tr>\n<td>43<\/td>\n<td>Turismo<\/td>\n<td>Turismo<\/td>\n<td>18<\/td>\n<td>16<\/td>\n<td>0<\/td>\n<td>0<\/td>\n<td>144<\/td>\n<td>0<\/td>\n<\/tr>\n<tr>\n<td colspan=\"3\">TOTAL<\/td>\n<td>1292<\/td>\n<td>929<\/td>\n<td>52<\/td>\n<td>17<\/td>\n<td>2348<\/td>\n<td>101<\/td>\n<\/tr>\n<\/tbody>\n<\/table>\n<p>Fuente: Direcci\u00f3n General de Admisi\u00f3n, Oficina de Planeamiento y Presupuesto<\/p>\n","protected":false},"excerpt":{"rendered":"<p>UNIVERSIDAD NACIONAL DEL ALTIPLANO INGRESANTES &#8211; PREGRADO &#8211; A\u00d1O 2021 N\u00b0 ESCUELA PROFESIONAL PROGRAMAS DE ESTUDIO EXAMEN GENERAL DEL 11\/06\/2021 EXAMEN CEPRE DEL 07\/08\/21 \u00a0EXAMEN DEL 14\/08\/2021 EXAMEN CURSADO CICLOS DEL II AL X SEMESTRE EXAMEN DEL 2-3\/10\/2021 EXAMEN CURSANDO CICLOS III AL X DEL 30\/10\/2021 UNIVER.DENEG DE LICENCIA 1 Administraci\u00f3n Administraci\u00f3n 32 47 3&hellip;<\/p>\n","protected":false},"author":1,"featured_media":0,"parent":0,"menu_order":0,"comment_status":"closed","ping_status":"closed","template":"","meta":{"_acf_changed":false,"footnotes":""},"class_list":["post-5936","page","type-page","status-publish","hentry","description-off"],"acf":[],"_links":{"self":[{"href":"https:\/\/transparencia.unap.edu.pe\/web\/wp-json\/wp\/v2\/pages\/5936","targetHints":{"allow":["GET"]}}],"collection":[{"href":"https:\/\/transparencia.unap.edu.pe\/web\/wp-json\/wp\/v2\/pages"}],"about":[{"href":"https:\/\/transparencia.unap.edu.pe\/web\/wp-json\/wp\/v2\/types\/page"}],"author":[{"embeddable":true,"href":"https:\/\/transparencia.unap.edu.pe\/web\/wp-json\/wp\/v2\/users\/1"}],"replies":[{"embeddable":true,"href":"https:\/\/transparencia.unap.edu.pe\/web\/wp-json\/wp\/v2\/comments?post=5936"}],"version-history":[{"count":1,"href":"https:\/\/transparencia.unap.edu.pe\/web\/wp-json\/wp\/v2\/pages\/5936\/revisions"}],"predecessor-version":[{"id":5937,"href":"https:\/\/transparencia.unap.edu.pe\/web\/wp-json\/wp\/v2\/pages\/5936\/revisions\/5937"}],"wp:attachment":[{"href":"https:\/\/transparencia.unap.edu.pe\/web\/wp-json\/wp\/v2\/media?parent=5936"}],"curies":[{"name":"wp","href":"https:\/\/api.w.org\/{rel}","templated":true}]}}