{"id":5938,"date":"2022-05-26T19:54:23","date_gmt":"2022-05-26T19:54:23","guid":{"rendered":"https:\/\/transparencia.unap.edu.pe\/web\/?page_id=5938"},"modified":"2022-05-26T19:57:53","modified_gmt":"2022-05-26T19:57:53","slug":"matriculados-ano-2021","status":"publish","type":"page","link":"https:\/\/transparencia.unap.edu.pe\/web\/matriculados-ano-2021\/","title":{"rendered":"MATRICULADOS &#8211; A\u00d1O 2021"},"content":{"rendered":"<table width=\"743\">\n<tbody>\n<tr>\n<td colspan=\"5\" width=\"743\">UNIVERSIDAD NACIONAL DEL ALTIPLANO<\/td>\n<\/tr>\n<tr>\n<td colspan=\"5\">MATRICULADOS &#8211; PREGRADO &#8211; A\u00d1O 2021<\/td>\n<\/tr>\n<tr>\n<td colspan=\"5\">Periodo: 2021-I<\/td>\n<\/tr>\n<tr>\n<td>N\u00ba<\/td>\n<td>FACULTAD<\/td>\n<td>ESCUELA&nbsp;&nbsp; PROFESIONAL<\/td>\n<td>PROGRAMA&nbsp; DE&nbsp; ESTUDIO<\/td>\n<td>TOTAL<\/td>\n<\/tr>\n<tr>\n<td rowspan=\"3\">1<\/td>\n<td rowspan=\"3\">CIENCIAS AGRARIAS<\/td>\n<td>Ingenier\u00eda Agron\u00f3mica<\/td>\n<td>Ingenier\u00eda Agron\u00f3mica<\/td>\n<td>385<\/td>\n<\/tr>\n<tr>\n<td>Ingenier\u00eda Agroindustrial<\/td>\n<td>Ingenier\u00eda Agroindustrial<\/td>\n<td>305<\/td>\n<\/tr>\n<tr>\n<td>Ingenier\u00eda Topogr\u00e1fica y Agrimensura<\/td>\n<td>Ingenier\u00eda Topogr\u00e1fica y Agrimensura<\/td>\n<td>449<\/td>\n<\/tr>\n<tr>\n<td>2<\/td>\n<td>MEDICINA VETERINARIA Y ZOOTECNIA<\/td>\n<td>Medicina Veterinaria y Zootecnia<\/td>\n<td>Medicina Veterinaria y Zootecnia<\/td>\n<td>630<\/td>\n<\/tr>\n<tr>\n<td>3<\/td>\n<td>INGENIER\u00cdA ECON\u00d3MICA<\/td>\n<td>Ingenier\u00eda Econ\u00f3mica<\/td>\n<td>Ingenier\u00eda Econ\u00f3mica<\/td>\n<td>653<\/td>\n<\/tr>\n<tr>\n<td rowspan=\"2\" width=\"32\">4<\/td>\n<td rowspan=\"2\" width=\"224\">CIENCIAS CONTABLES Y ADMINISTRATIVAS<\/td>\n<td>Ciencias Contables<\/td>\n<td>Ciencias Contables<\/td>\n<td>773<\/td>\n<\/tr>\n<tr>\n<td>Administraci\u00f3n<\/td>\n<td>Administraci\u00f3n<\/td>\n<td>557<\/td>\n<\/tr>\n<tr>\n<td>5<\/td>\n<td>ENFERMER\u00cdA<\/td>\n<td>Enfermer\u00eda<\/td>\n<td>Enfermer\u00eda<\/td>\n<td>417<\/td>\n<\/tr>\n<tr>\n<td>6<\/td>\n<td>TRABAJO&nbsp; SOCIAL<\/td>\n<td>Trabajo Social<\/td>\n<td>Trabajo Social<\/td>\n<td>549<\/td>\n<\/tr>\n<tr>\n<td>7<\/td>\n<td>INGENIER\u00cdA&nbsp; DE&nbsp; MINAS<\/td>\n<td>Ingenier\u00eda de Minas<\/td>\n<td>Ingenier\u00eda de Minas<\/td>\n<td>556<\/td>\n<\/tr>\n<tr>\n<td rowspan=\"8\">8<\/td>\n<td rowspan=\"8\">CIENCIAS&nbsp; SOCIALES<\/td>\n<td>Sociolog\u00eda<\/td>\n<td>Sociolog\u00eda<\/td>\n<td>445<\/td>\n<\/tr>\n<tr>\n<td>Tur\u00edsmo<\/td>\n<td>Tur\u00edsmo<\/td>\n<td>402<\/td>\n<\/tr>\n<tr>\n<td>Antropolog\u00eda<\/td>\n<td>Antropolog\u00eda<\/td>\n<td>379<\/td>\n<\/tr>\n<tr>\n<td>Ciencias de la Comunicaci\u00f3n Social<\/td>\n<td>Ciencias de la Comunicaci\u00f3n Social<\/td>\n<td>441<\/td>\n<\/tr>\n<tr>\n<td rowspan=\"4\">Arte<\/td>\n<td>M\u00fasica<\/td>\n<td rowspan=\"4\">362<\/td>\n<\/tr>\n<tr>\n<td>Artes Pl\u00e1sticas<\/td>\n<\/tr>\n<tr>\n<td>Danza<\/td>\n<\/tr>\n<tr>\n<td>Teatro<\/td>\n<\/tr>\n<tr>\n<td rowspan=\"3\">9<\/td>\n<td rowspan=\"3\">CIENCIAS&nbsp; BIOL\u00d3GICAS<\/td>\n<td rowspan=\"3\">Biolog\u00eda<\/td>\n<td>Pesquera<\/td>\n<td rowspan=\"3\">383<\/td>\n<\/tr>\n<tr>\n<td>Microbiolog\u00eda y Laboratorio Cl\u00ednico<\/td>\n<\/tr>\n<tr>\n<td>Ecolog\u00eda<\/td>\n<\/tr>\n<tr>\n<td rowspan=\"7\">10<\/td>\n<td rowspan=\"7\">CIENCIAS DE LA EDUCACI\u00d3N<\/td>\n<td rowspan=\"4\">Educaci\u00f3n Secundaria<\/td>\n<td>Lengua,Literatura,Psicolog. y Filosof.<\/td>\n<td rowspan=\"4\">1175<\/td>\n<\/tr>\n<tr>\n<td>Ciencias Sociales<\/td>\n<\/tr>\n<tr>\n<td>Matem\u00e1tica, F\u00edsica, Comput.e Inform.<\/td>\n<\/tr>\n<tr>\n<td>Ciencia Tecnolog\u00eda&nbsp; y Ambiente<\/td>\n<\/tr>\n<tr>\n<td>Educaci\u00f3n&nbsp; Fisica<\/td>\n<td>Educaci\u00f3n&nbsp; Fisica<\/td>\n<td>349<\/td>\n<\/tr>\n<tr>\n<td>Educaci\u00f3n&nbsp; Primaria<\/td>\n<td>Educaci\u00f3n&nbsp; Primaria<\/td>\n<td>380<\/td>\n<\/tr>\n<tr>\n<td>Educaci\u00f3n&nbsp; Inicial<\/td>\n<td>Educaci\u00f3n&nbsp; Inicial<\/td>\n<td>352<\/td>\n<\/tr>\n<tr>\n<td>11<\/td>\n<td>INGENIER. ESTAD\u00cdSTICA&nbsp; E&nbsp; INFORM\u00c1TICA<\/td>\n<td>Ingenier\u00eda&nbsp; Estad\u00edstica&nbsp; e&nbsp; Inform\u00e1tica<\/td>\n<td>Ingenier\u00eda&nbsp; Estad\u00edstica&nbsp; e&nbsp; Inform\u00e1tica<\/td>\n<td>261<\/td>\n<\/tr>\n<tr>\n<td rowspan=\"2\" width=\"32\">12<\/td>\n<td rowspan=\"2\" width=\"224\">INGENIER\u00cdA GEOL\u00d3GICA Y&nbsp; METALURGIA<\/td>\n<td>Ingenier\u00eda Geol\u00f3gica<\/td>\n<td>Ingenier\u00eda Geol\u00f3gica<\/td>\n<td>496<\/td>\n<\/tr>\n<tr>\n<td>Ingenier\u00eda&nbsp; Metal\u00fargica<\/td>\n<td>Ingenier\u00eda&nbsp; Metal\u00fargica<\/td>\n<td>305<\/td>\n<\/tr>\n<tr>\n<td>13<\/td>\n<td>CIENCIAS JUR\u00cdDICAS&nbsp; Y&nbsp; POL\u00cdTICAS<\/td>\n<td>Derecho<\/td>\n<td>Derecho<\/td>\n<td>579<\/td>\n<\/tr>\n<tr>\n<td>14<\/td>\n<td>INGENIER\u00cdA&nbsp; QU\u00cdMICA<\/td>\n<td>Ingenier\u00eda&nbsp; Qu\u00cdmica<\/td>\n<td>Ingenier\u00eda&nbsp; Qu\u00cdmica<\/td>\n<td>329<\/td>\n<\/tr>\n<tr>\n<td rowspan=\"2\">15<\/td>\n<td rowspan=\"2\">CIENCIAS DE LA SALUD<\/td>\n<td>Nutrici\u00f3n&nbsp; Humana<\/td>\n<td>Nutrici\u00f3n&nbsp; Humana<\/td>\n<td>427<\/td>\n<\/tr>\n<tr>\n<td>Odontolog\u00eda<\/td>\n<td>Odontolog\u00eda<\/td>\n<td>265<\/td>\n<\/tr>\n<tr>\n<td>16<\/td>\n<td>INGENIER\u00cdA AGR\u00cdCOLA<\/td>\n<td>Ingenier\u00eda&nbsp; Agr\u00edcola<\/td>\n<td>Ingenier\u00eda&nbsp; Agr\u00edcola<\/td>\n<td>411<\/td>\n<\/tr>\n<tr>\n<td rowspan=\"4\" width=\"32\">17<\/td>\n<td rowspan=\"4\" width=\"224\">INGENIER\u00cdA&nbsp; CIVIL&nbsp; Y&nbsp; ARQUITECTURA<\/td>\n<td>Ingenier\u00eda&nbsp; Civil<\/td>\n<td>Ingenier\u00eda&nbsp; Civil<\/td>\n<td>711<\/td>\n<\/tr>\n<tr>\n<td>Arquitectura&nbsp; y Urbanismo<\/td>\n<td>Arquitectura&nbsp; y&nbsp; Urbanismo<\/td>\n<td>500<\/td>\n<\/tr>\n<tr>\n<td rowspan=\"2\">Ciencias&nbsp; F\u00edsico &#8211; Matem\u00e1ticas<\/td>\n<td>F\u00edsica<\/td>\n<td rowspan=\"2\">228<\/td>\n<\/tr>\n<tr>\n<td>Matem\u00e1ticas<\/td>\n<\/tr>\n<tr>\n<td>18<\/td>\n<td>MEDICINA&nbsp; HUMANA<\/td>\n<td>Medicina&nbsp; Humana<\/td>\n<td>Medicina&nbsp; Humana<\/td>\n<td>410<\/td>\n<\/tr>\n<tr>\n<td rowspan=\"3\" width=\"32\">19<\/td>\n<td rowspan=\"3\" width=\"224\">INGENIER\u00cdA&nbsp; MEC\u00c1NICA&nbsp; EL\u00c9CTRICA, ELECTR\u00d3NICA Y SISTEMAS<\/td>\n<td>Ingenier\u00eda Mec\u00e1nica El\u00e9ctrica<\/td>\n<td>Ingenier\u00eda Mec\u00e1nica El\u00e9ctrica<\/td>\n<td>469<\/td>\n<\/tr>\n<tr>\n<td>Ingenier\u00eda&nbsp; Electr\u00f3nica<\/td>\n<td>Ingenier\u00eda&nbsp; Electr\u00f3nica<\/td>\n<td>365<\/td>\n<\/tr>\n<tr>\n<td>Ingenier\u00eda&nbsp; de&nbsp; Sistemas<\/td>\n<td>Ingenier\u00eda&nbsp; de&nbsp; Sistemas<\/td>\n<td>520<\/td>\n<\/tr>\n<tr>\n<td colspan=\"4\">T O T A L<\/td>\n<td>16218<\/td>\n<\/tr>\n<tr>\n<td colspan=\"5\">&nbsp;<\/td>\n<\/tr>\n<tr>\n<td colspan=\"5\">Periodo: 2021-II<\/td>\n<\/tr>\n<tr>\n<td>N\u00ba<\/td>\n<td>FACULTAD<\/td>\n<td>ESCUELA&nbsp;&nbsp; PROFESIONAL<\/td>\n<td>PROGRAMA&nbsp; DE&nbsp; ESTUDIO<\/td>\n<td>TOTAL<\/td>\n<\/tr>\n<tr>\n<td rowspan=\"3\">1<\/td>\n<td rowspan=\"3\">CIENCIAS AGRARIAS<\/td>\n<td>Ingenier\u00eda Agron\u00f3mica<\/td>\n<td>Ingenier\u00eda Agron\u00f3mica<\/td>\n<td>423<\/td>\n<\/tr>\n<tr>\n<td>Ingenier\u00eda Agroindustrial<\/td>\n<td>Ingenier\u00eda Agroindustrial<\/td>\n<td>307<\/td>\n<\/tr>\n<tr>\n<td>Ingenier\u00eda Topogr\u00e1fica y Agrimensura<\/td>\n<td>Ingenier\u00eda Topogr\u00e1fica y Agrimensura<\/td>\n<td>448<\/td>\n<\/tr>\n<tr>\n<td>2<\/td>\n<td>MEDICINA VETERINARIA Y ZOOTECNIA<\/td>\n<td>Medicina Veterinaria y Zootecnia<\/td>\n<td>Medicina Veterinaria y Zootecnia<\/td>\n<td>663<\/td>\n<\/tr>\n<tr>\n<td>3<\/td>\n<td>INGENIER\u00cdA ECON\u00d3MICA<\/td>\n<td>Ingenier\u00eda Econ\u00f3mica<\/td>\n<td>Ingenier\u00eda Econ\u00f3mica<\/td>\n<td>766<\/td>\n<\/tr>\n<tr>\n<td rowspan=\"2\" width=\"32\">4<\/td>\n<td rowspan=\"2\" width=\"224\">CIENCIAS CONTABLES Y ADMINISTRATIVAS<\/td>\n<td>Ciencias Contables<\/td>\n<td>Ciencias Contables<\/td>\n<td>986<\/td>\n<\/tr>\n<tr>\n<td>Administraci\u00f3n<\/td>\n<td>Administraci\u00f3n<\/td>\n<td>656<\/td>\n<\/tr>\n<tr>\n<td>5<\/td>\n<td>ENFERMER\u00cdA<\/td>\n<td>Enfermer\u00eda<\/td>\n<td>Enfermer\u00eda<\/td>\n<td>447<\/td>\n<\/tr>\n<tr>\n<td>6<\/td>\n<td>TRABAJO&nbsp; SOCIAL<\/td>\n<td>Trabajo Social<\/td>\n<td>Trabajo Social<\/td>\n<td>645<\/td>\n<\/tr>\n<tr>\n<td>7<\/td>\n<td>INGENIER\u00cdA&nbsp; DE&nbsp; MINAS<\/td>\n<td>Ingenier\u00eda de Minas<\/td>\n<td>Ingenier\u00eda de Minas<\/td>\n<td>582<\/td>\n<\/tr>\n<tr>\n<td rowspan=\"8\">8<\/td>\n<td rowspan=\"8\">CIENCIAS&nbsp; SOCIALES<\/td>\n<td>Sociolog\u00eda<\/td>\n<td>Sociolog\u00eda<\/td>\n<td>446<\/td>\n<\/tr>\n<tr>\n<td>Tur\u00edsmo<\/td>\n<td>Tur\u00edsmo<\/td>\n<td>414<\/td>\n<\/tr>\n<tr>\n<td>Antropolog\u00eda<\/td>\n<td>Antropolog\u00eda<\/td>\n<td>369<\/td>\n<\/tr>\n<tr>\n<td>Ciencias de la Comunicaci\u00f3n Social<\/td>\n<td>Ciencias de la Comunicaci\u00f3n Social<\/td>\n<td>435<\/td>\n<\/tr>\n<tr>\n<td rowspan=\"4\">Arte<\/td>\n<td>M\u00fasica<\/td>\n<td rowspan=\"4\">370<\/td>\n<\/tr>\n<tr>\n<td>Artes Pl\u00e1sticas<\/td>\n<\/tr>\n<tr>\n<td>Danza<\/td>\n<\/tr>\n<tr>\n<td>Teatro<\/td>\n<\/tr>\n<tr>\n<td rowspan=\"3\">9<\/td>\n<td rowspan=\"3\">CIENCIAS&nbsp; BIOL\u00d3GICAS<\/td>\n<td rowspan=\"3\">Biolog\u00eda<\/td>\n<td>Pesquera<\/td>\n<td rowspan=\"3\">402<\/td>\n<\/tr>\n<tr>\n<td>Microbiolog\u00eda y Laboratorio Cl\u00ednico<\/td>\n<\/tr>\n<tr>\n<td>Ecolog\u00eda<\/td>\n<\/tr>\n<tr>\n<td rowspan=\"7\">10<\/td>\n<td rowspan=\"7\">CIENCIAS DE LA EDUCACI\u00d3N<\/td>\n<td rowspan=\"4\">Educaci\u00f3n Secundaria<\/td>\n<td>Lengua,Literatura,Psicolog. y Filosof.<\/td>\n<td rowspan=\"4\">1331<\/td>\n<\/tr>\n<tr>\n<td>Ciencias Sociales<\/td>\n<\/tr>\n<tr>\n<td>Matem\u00e1tica, F\u00edsica, Comput.e Inform.<\/td>\n<\/tr>\n<tr>\n<td>Ciencia Tecnolog\u00eda&nbsp; y Ambiente<\/td>\n<\/tr>\n<tr>\n<td>Educaci\u00f3n&nbsp; Fisica<\/td>\n<td>Educaci\u00f3n&nbsp; Fisica<\/td>\n<td>375<\/td>\n<\/tr>\n<tr>\n<td>Educaci\u00f3n&nbsp; Primaria<\/td>\n<td>Educaci\u00f3n&nbsp; Primaria<\/td>\n<td>425<\/td>\n<\/tr>\n<tr>\n<td>Educaci\u00f3n&nbsp; Inicial<\/td>\n<td>Educaci\u00f3n&nbsp; Inicial<\/td>\n<td>378<\/td>\n<\/tr>\n<tr>\n<td>11<\/td>\n<td>INGENIER. ESTAD\u00cdSTICA&nbsp; E&nbsp; INFORM\u00c1TICA<\/td>\n<td>Ingenier\u00eda&nbsp; Estad\u00edstica&nbsp; e&nbsp; Inform\u00e1tica<\/td>\n<td>Ingenier\u00eda&nbsp; Estad\u00edstica&nbsp; e&nbsp; Inform\u00e1tica<\/td>\n<td>300<\/td>\n<\/tr>\n<tr>\n<td rowspan=\"2\" width=\"32\">12<\/td>\n<td rowspan=\"2\" width=\"224\">INGENIER\u00cdA GEOL\u00d3GICA Y&nbsp; METALURGIA<\/td>\n<td>Ingenier\u00eda Geol\u00f3gica<\/td>\n<td>Ingenier\u00eda Geol\u00f3gica<\/td>\n<td>494<\/td>\n<\/tr>\n<tr>\n<td>Ingenier\u00eda&nbsp; Metal\u00fargica<\/td>\n<td>Ingenier\u00eda&nbsp; Metal\u00fargica<\/td>\n<td>313<\/td>\n<\/tr>\n<tr>\n<td>13<\/td>\n<td>CIENCIAS JUR\u00cdDICAS&nbsp; Y&nbsp; POL\u00cdTICAS<\/td>\n<td>Derecho<\/td>\n<td>Derecho<\/td>\n<td>630<\/td>\n<\/tr>\n<tr>\n<td>14<\/td>\n<td>INGENIER\u00cdA&nbsp; QU\u00cdMICA<\/td>\n<td>Ingenier\u00eda&nbsp; Qu\u00cdmica<\/td>\n<td>Ingenier\u00eda&nbsp; Qu\u00cdmica<\/td>\n<td>338<\/td>\n<\/tr>\n<tr>\n<td rowspan=\"2\">15<\/td>\n<td rowspan=\"2\">CIENCIAS DE LA SALUD<\/td>\n<td>Nutrici\u00f3n&nbsp; Humana<\/td>\n<td>Nutrici\u00f3n&nbsp; Humana<\/td>\n<td>424<\/td>\n<\/tr>\n<tr>\n<td>Odontolog\u00eda<\/td>\n<td>Odontolog\u00eda<\/td>\n<td>350<\/td>\n<\/tr>\n<tr>\n<td>16<\/td>\n<td>INGENIER\u00cdA AGR\u00cdCOLA<\/td>\n<td>Ingenier\u00eda&nbsp; Agr\u00edcola<\/td>\n<td>Ingenier\u00eda&nbsp; Agr\u00edcola<\/td>\n<td>394<\/td>\n<\/tr>\n<tr>\n<td rowspan=\"4\" width=\"32\">17<\/td>\n<td rowspan=\"4\" width=\"224\">INGENIER\u00cdA&nbsp; CIVIL&nbsp; Y&nbsp; ARQUITECTURA<\/td>\n<td>Ingenier\u00eda&nbsp; Civil<\/td>\n<td>Ingenier\u00eda&nbsp; Civil<\/td>\n<td>671<\/td>\n<\/tr>\n<tr>\n<td>Arquitectura&nbsp; y Urbanismo<\/td>\n<td>Arquitectura&nbsp; y&nbsp; Urbanismo<\/td>\n<td>504<\/td>\n<\/tr>\n<tr>\n<td rowspan=\"2\">Ciencias&nbsp; F\u00edsico &#8211; Matem\u00e1ticas<\/td>\n<td>F\u00edsica<\/td>\n<td rowspan=\"2\">222<\/td>\n<\/tr>\n<tr>\n<td>Matem\u00e1ticas<\/td>\n<\/tr>\n<tr>\n<td>18<\/td>\n<td>MEDICINA&nbsp; HUMANA<\/td>\n<td>Medicina&nbsp; Humana<\/td>\n<td>Medicina&nbsp; Humana<\/td>\n<td>406<\/td>\n<\/tr>\n<tr>\n<td rowspan=\"3\" width=\"32\">19<\/td>\n<td rowspan=\"3\" width=\"224\">INGENIER\u00cdA&nbsp; MEC\u00c1NICA&nbsp; EL\u00c9CTRICA, ELECTR\u00d3NICA Y SISTEMAS<\/td>\n<td>Ingenier\u00eda Mec\u00e1nica El\u00e9ctrica<\/td>\n<td>Ingenier\u00eda Mec\u00e1nica El\u00e9ctrica<\/td>\n<td>493<\/td>\n<\/tr>\n<tr>\n<td>Ingenier\u00eda&nbsp; Electr\u00f3nica<\/td>\n<td>Ingenier\u00eda&nbsp; Electr\u00f3nica<\/td>\n<td>349<\/td>\n<\/tr>\n<tr>\n<td>Ingenier\u00eda&nbsp; de&nbsp; Sistemas<\/td>\n<td>Ingenier\u00eda&nbsp; de&nbsp; Sistemas<\/td>\n<td>557<\/td>\n<\/tr>\n<tr>\n<td colspan=\"4\">T O T A L<\/td>\n<td>17313<\/td>\n<\/tr>\n<\/tbody>\n<\/table>\n<table width=\"743\">\n<tbody>\n<tr>\n<td colspan=\"5\" width=\"743\">Fuente: Oficina de Tecnologias de Informaci\u00f3n<\/td>\n<\/tr>\n<\/tbody>\n<\/table>\n\n\n<p><\/p>\n","protected":false},"excerpt":{"rendered":"<p>UNIVERSIDAD NACIONAL DEL ALTIPLANO MATRICULADOS &#8211; PREGRADO &#8211; A\u00d1O 2021 Periodo: 2021-I N\u00ba FACULTAD ESCUELA&nbsp;&nbsp; PROFESIONAL PROGRAMA&nbsp; DE&nbsp; ESTUDIO TOTAL 1 CIENCIAS AGRARIAS Ingenier\u00eda Agron\u00f3mica Ingenier\u00eda Agron\u00f3mica 385 Ingenier\u00eda Agroindustrial Ingenier\u00eda Agroindustrial 305 Ingenier\u00eda Topogr\u00e1fica y Agrimensura Ingenier\u00eda Topogr\u00e1fica y Agrimensura 449 2 MEDICINA VETERINARIA Y ZOOTECNIA Medicina Veterinaria y Zootecnia Medicina Veterinaria y Zootecnia&hellip;<\/p>\n","protected":false},"author":1,"featured_media":0,"parent":0,"menu_order":0,"comment_status":"closed","ping_status":"closed","template":"","meta":{"_acf_changed":false,"footnotes":""},"class_list":["post-5938","page","type-page","status-publish","hentry","description-off"],"acf":[],"_links":{"self":[{"href":"https:\/\/transparencia.unap.edu.pe\/web\/wp-json\/wp\/v2\/pages\/5938","targetHints":{"allow":["GET"]}}],"collection":[{"href":"https:\/\/transparencia.unap.edu.pe\/web\/wp-json\/wp\/v2\/pages"}],"about":[{"href":"https:\/\/transparencia.unap.edu.pe\/web\/wp-json\/wp\/v2\/types\/page"}],"author":[{"embeddable":true,"href":"https:\/\/transparencia.unap.edu.pe\/web\/wp-json\/wp\/v2\/users\/1"}],"replies":[{"embeddable":true,"href":"https:\/\/transparencia.unap.edu.pe\/web\/wp-json\/wp\/v2\/comments?post=5938"}],"version-history":[{"count":3,"href":"https:\/\/transparencia.unap.edu.pe\/web\/wp-json\/wp\/v2\/pages\/5938\/revisions"}],"predecessor-version":[{"id":5941,"href":"https:\/\/transparencia.unap.edu.pe\/web\/wp-json\/wp\/v2\/pages\/5938\/revisions\/5941"}],"wp:attachment":[{"href":"https:\/\/transparencia.unap.edu.pe\/web\/wp-json\/wp\/v2\/media?parent=5938"}],"curies":[{"name":"wp","href":"https:\/\/api.w.org\/{rel}","templated":true}]}}