{"id":5942,"date":"2022-05-26T19:58:45","date_gmt":"2022-05-26T19:58:45","guid":{"rendered":"https:\/\/transparencia.unap.edu.pe\/web\/?page_id=5942"},"modified":"2022-05-26T19:58:45","modified_gmt":"2022-05-26T19:58:45","slug":"matriculados-ano-2020","status":"publish","type":"page","link":"https:\/\/transparencia.unap.edu.pe\/web\/matriculados-ano-2020\/","title":{"rendered":"MATRICULADOS &#8211; A\u00d1O 2020"},"content":{"rendered":"<table width=\"743\">\n<tbody>\n<tr>\n<td colspan=\"5\" width=\"743\">UNIVERSIDAD NACIONAL DEL ALTIPLANO<\/td>\n<\/tr>\n<tr>\n<td colspan=\"5\">MATRICULADOS &#8211; PREGRADO &#8211; A\u00d1O 2020<\/td>\n<\/tr>\n<tr>\n<td colspan=\"5\">Periodo: 2020-I<\/td>\n<\/tr>\n<tr>\n<td>N\u00ba<\/td>\n<td>FACULTAD<\/td>\n<td>ESCUELA\u00a0\u00a0 PROFESIONAL<\/td>\n<td>PROGRAMA\u00a0 DE\u00a0 ESTUDIO<\/td>\n<td>TOTAL<\/td>\n<\/tr>\n<tr>\n<td rowspan=\"3\">1<\/td>\n<td rowspan=\"3\" width=\"224\">CIENCIAS AGRARIAS<\/td>\n<td>Ingenier\u00eda Agron\u00f3mica<\/td>\n<td>Ingenier\u00eda Agron\u00f3mica<\/td>\n<td>355<\/td>\n<\/tr>\n<tr>\n<td>Ingenier\u00eda Agroindustrial<\/td>\n<td>Ingenier\u00eda Agroindustrial<\/td>\n<td>308<\/td>\n<\/tr>\n<tr>\n<td>Ingenier\u00eda Topogr\u00e1fica y Agrimensura<\/td>\n<td>Ingenier\u00eda Topogr\u00e1fica y Agrimensura<\/td>\n<td>525<\/td>\n<\/tr>\n<tr>\n<td>2<\/td>\n<td width=\"224\">MEDICINA VETERINARIA Y ZOOTECNIA<\/td>\n<td>Medicina Veterinaria y Zootecnia<\/td>\n<td>Medicina Veterinaria y Zootecnia<\/td>\n<td>595<\/td>\n<\/tr>\n<tr>\n<td>3<\/td>\n<td width=\"224\">INGENIER\u00cdA ECON\u00d3MICA<\/td>\n<td>Ingenier\u00eda Econ\u00f3mica<\/td>\n<td>Ingenier\u00eda Econ\u00f3mica<\/td>\n<td>713<\/td>\n<\/tr>\n<tr>\n<td rowspan=\"2\" width=\"32\">4<\/td>\n<td rowspan=\"2\" width=\"224\">CIENCIAS CONTABLES Y ADMINISTRATIVAS<\/td>\n<td>Ciencias Contables<\/td>\n<td>Ciencias Contables<\/td>\n<td>801<\/td>\n<\/tr>\n<tr>\n<td>Administraci\u00f3n<\/td>\n<td>Administraci\u00f3n<\/td>\n<td>575<\/td>\n<\/tr>\n<tr>\n<td>5<\/td>\n<td width=\"224\">ENFERMER\u00cdA<\/td>\n<td>Enfermer\u00eda<\/td>\n<td>Enfermer\u00eda<\/td>\n<td>463<\/td>\n<\/tr>\n<tr>\n<td>6<\/td>\n<td width=\"224\">TRABAJO\u00a0 SOCIAL<\/td>\n<td>Trabajo Social<\/td>\n<td>Trabajo Social<\/td>\n<td>478<\/td>\n<\/tr>\n<tr>\n<td>7<\/td>\n<td width=\"224\">INGENIER\u00cdA\u00a0 DE\u00a0 MINAS<\/td>\n<td>Ingenier\u00eda de Minas<\/td>\n<td>Ingenier\u00eda de Minas<\/td>\n<td>579<\/td>\n<\/tr>\n<tr>\n<td rowspan=\"8\">8<\/td>\n<td rowspan=\"8\" width=\"224\">CIENCIAS\u00a0 SOCIALES<\/td>\n<td>Sociolog\u00eda<\/td>\n<td>Sociolog\u00eda<\/td>\n<td>433<\/td>\n<\/tr>\n<tr>\n<td>Tur\u00edsmo<\/td>\n<td>Tur\u00edsmo<\/td>\n<td>410<\/td>\n<\/tr>\n<tr>\n<td>Antropolog\u00eda<\/td>\n<td>Antropolog\u00eda<\/td>\n<td>415<\/td>\n<\/tr>\n<tr>\n<td>Ciencias de la Comunicaci\u00f3n Social<\/td>\n<td>Ciencias de la Comunicaci\u00f3n Social<\/td>\n<td>426<\/td>\n<\/tr>\n<tr>\n<td rowspan=\"4\">Arte<\/td>\n<td>M\u00fasica<\/td>\n<td rowspan=\"4\">350<\/td>\n<\/tr>\n<tr>\n<td>Artes Pl\u00e1sticas<\/td>\n<\/tr>\n<tr>\n<td>Danza<\/td>\n<\/tr>\n<tr>\n<td>Teatro<\/td>\n<\/tr>\n<tr>\n<td rowspan=\"3\">9<\/td>\n<td rowspan=\"3\" width=\"224\">CIENCIAS\u00a0 BIOL\u00d3GICAS<\/td>\n<td rowspan=\"3\">Biolog\u00eda<\/td>\n<td>Pesquera<\/td>\n<td rowspan=\"3\">363<\/td>\n<\/tr>\n<tr>\n<td>Microbiolog\u00eda y Laboratorio Cl\u00ednico<\/td>\n<\/tr>\n<tr>\n<td>Ecolog\u00eda<\/td>\n<\/tr>\n<tr>\n<td rowspan=\"7\">10<\/td>\n<td rowspan=\"7\" width=\"224\">CIENCIAS DE LA EDUCACI\u00d3N<\/td>\n<td rowspan=\"4\">Educaci\u00f3n Secundaria<\/td>\n<td>Lengua,Literatura,Psicolog. y Filosof.<\/td>\n<td rowspan=\"4\">1104<\/td>\n<\/tr>\n<tr>\n<td>Ciencias Sociales<\/td>\n<\/tr>\n<tr>\n<td>Matem\u00e1tica, F\u00edsica, Comput.e Inform.<\/td>\n<\/tr>\n<tr>\n<td>Ciencia Tecnolog\u00eda\u00a0 y Ambiente<\/td>\n<\/tr>\n<tr>\n<td>Educaci\u00f3n\u00a0 Fisica<\/td>\n<td>Educaci\u00f3n\u00a0 Fisica<\/td>\n<td>333<\/td>\n<\/tr>\n<tr>\n<td>Educaci\u00f3n\u00a0 Primaria<\/td>\n<td>Educaci\u00f3n\u00a0 Primaria<\/td>\n<td>365<\/td>\n<\/tr>\n<tr>\n<td>Educaci\u00f3n\u00a0 Inicial<\/td>\n<td>Educaci\u00f3n\u00a0 Inicial<\/td>\n<td>378<\/td>\n<\/tr>\n<tr>\n<td>11<\/td>\n<td width=\"224\">INGENIER. ESTAD\u00cdSTICA\u00a0 E\u00a0 INFORM\u00c1TICA<\/td>\n<td>Ingenier\u00eda\u00a0 Estad\u00edstica\u00a0 e\u00a0 Inform\u00e1tica<\/td>\n<td>Ingenier\u00eda\u00a0 Estad\u00edstica\u00a0 e\u00a0 Inform\u00e1tica<\/td>\n<td>229<\/td>\n<\/tr>\n<tr>\n<td rowspan=\"2\" width=\"32\">12<\/td>\n<td rowspan=\"2\" width=\"224\">INGENIER\u00cdA GEOL\u00d3GICA Y\u00a0 METALURGIA<\/td>\n<td>Ingenier\u00eda Geol\u00f3gica<\/td>\n<td>Ingenier\u00eda Geol\u00f3gica<\/td>\n<td>512<\/td>\n<\/tr>\n<tr>\n<td>Ingenier\u00eda\u00a0 Metal\u00fargica<\/td>\n<td>Ingenier\u00eda\u00a0 Metal\u00fargica<\/td>\n<td>311<\/td>\n<\/tr>\n<tr>\n<td>13<\/td>\n<td width=\"224\">CIENCIAS JUR\u00cdDICAS\u00a0 Y\u00a0 POL\u00cdTICAS<\/td>\n<td>Derecho<\/td>\n<td>Derecho<\/td>\n<td>639<\/td>\n<\/tr>\n<tr>\n<td>14<\/td>\n<td width=\"224\">INGENIER\u00cdA\u00a0 QU\u00cdMICA<\/td>\n<td>Ingenier\u00eda\u00a0 Qu\u00cdmica<\/td>\n<td>Ingenier\u00eda\u00a0 Qu\u00cdmica<\/td>\n<td>313<\/td>\n<\/tr>\n<tr>\n<td rowspan=\"2\">15<\/td>\n<td rowspan=\"2\" width=\"224\">CIENCIAS DE LA SALUD<\/td>\n<td>Nutrici\u00f3n\u00a0 Humana<\/td>\n<td>Nutrici\u00f3n\u00a0 Humana<\/td>\n<td>397<\/td>\n<\/tr>\n<tr>\n<td>Odontolog\u00eda<\/td>\n<td>Odontolog\u00eda<\/td>\n<td>268<\/td>\n<\/tr>\n<tr>\n<td>16<\/td>\n<td width=\"224\">INGENIER\u00cdA AGR\u00cdCOLA<\/td>\n<td>Ingenier\u00eda\u00a0 Agr\u00edcola<\/td>\n<td>Ingenier\u00eda\u00a0 Agr\u00edcola<\/td>\n<td>477<\/td>\n<\/tr>\n<tr>\n<td rowspan=\"4\" width=\"32\">17<\/td>\n<td rowspan=\"4\" width=\"224\">INGENIER\u00cdA\u00a0 CIVIL\u00a0 Y\u00a0 ARQUITECTURA<\/td>\n<td>Ingenier\u00eda\u00a0 Civil<\/td>\n<td>Ingenier\u00eda\u00a0 Civil<\/td>\n<td>762<\/td>\n<\/tr>\n<tr>\n<td>Arquitectura\u00a0 y Urbanismo<\/td>\n<td>Arquitectura\u00a0 y\u00a0 Urbanismo<\/td>\n<td>531<\/td>\n<\/tr>\n<tr>\n<td rowspan=\"2\">Ciencias\u00a0 F\u00edsico &#8211; Matem\u00e1ticas<\/td>\n<td>F\u00edsica<\/td>\n<td rowspan=\"2\">224<\/td>\n<\/tr>\n<tr>\n<td>Matem\u00e1ticas<\/td>\n<\/tr>\n<tr>\n<td>18<\/td>\n<td width=\"224\">MEDICINA\u00a0 HUMANA<\/td>\n<td>Medicina\u00a0 Humana<\/td>\n<td>Medicina\u00a0 Humana<\/td>\n<td>414<\/td>\n<\/tr>\n<tr>\n<td rowspan=\"3\" width=\"32\">19<\/td>\n<td rowspan=\"3\" width=\"224\">INGENIER\u00cdA\u00a0 MEC\u00c1NICA\u00a0 EL\u00c9CTRICA, ELECTR\u00d3NICA Y SISTEMAS<\/td>\n<td>Ingenier\u00eda Mec\u00e1nica El\u00e9ctrica<\/td>\n<td>Ingenier\u00eda Mec\u00e1nica El\u00e9ctrica<\/td>\n<td>454<\/td>\n<\/tr>\n<tr>\n<td>Ingenier\u00eda\u00a0 Electr\u00f3nica<\/td>\n<td>Ingenier\u00eda\u00a0 Electr\u00f3nica<\/td>\n<td>364<\/td>\n<\/tr>\n<tr>\n<td>Ingenier\u00eda\u00a0 de\u00a0 Sistemas<\/td>\n<td>Ingenier\u00eda\u00a0 de\u00a0 Sistemas<\/td>\n<td>510<\/td>\n<\/tr>\n<tr>\n<td colspan=\"4\">T O T A L<\/td>\n<td>16374<\/td>\n<\/tr>\n<tr>\n<td colspan=\"5\">\u00a0<\/td>\n<\/tr>\n<tr>\n<td colspan=\"5\">Periodo: 2020-II<\/td>\n<\/tr>\n<tr>\n<td>N\u00ba<\/td>\n<td>FACULTAD<\/td>\n<td>ESCUELA\u00a0\u00a0 PROFESIONAL<\/td>\n<td>PROGRAMA\u00a0 DE\u00a0 ESTUDIO<\/td>\n<td>TOTAL<\/td>\n<\/tr>\n<tr>\n<td rowspan=\"3\">1<\/td>\n<td rowspan=\"3\">CIENCIAS AGRARIAS<\/td>\n<td>Ingenier\u00eda Agron\u00f3mica<\/td>\n<td>Ingenier\u00eda Agron\u00f3mica<\/td>\n<td>336<\/td>\n<\/tr>\n<tr>\n<td>Ingenier\u00eda Agroindustrial<\/td>\n<td>Ingenier\u00eda Agroindustrial<\/td>\n<td>288<\/td>\n<\/tr>\n<tr>\n<td>Ingenier\u00eda Topogr\u00e1fica y Agrimensura<\/td>\n<td>Ingenier\u00eda Topogr\u00e1fica y Agrimensura<\/td>\n<td>453<\/td>\n<\/tr>\n<tr>\n<td>2<\/td>\n<td>MEDICINA VETERINARIA Y ZOOTECNIA<\/td>\n<td>Medicina Veterinaria y Zootecnia<\/td>\n<td>Medicina Veterinaria y Zootecnia<\/td>\n<td>611<\/td>\n<\/tr>\n<tr>\n<td>3<\/td>\n<td>INGENIER\u00cdA ECON\u00d3MICA<\/td>\n<td>Ingenier\u00eda Econ\u00f3mica<\/td>\n<td>Ingenier\u00eda Econ\u00f3mica<\/td>\n<td>685<\/td>\n<\/tr>\n<tr>\n<td rowspan=\"2\" width=\"32\">4<\/td>\n<td rowspan=\"2\" width=\"224\">CIENCIAS CONTABLES Y ADMINISTRATIVAS<\/td>\n<td>Ciencias Contables<\/td>\n<td>Ciencias Contables<\/td>\n<td>806<\/td>\n<\/tr>\n<tr>\n<td>Administraci\u00f3n<\/td>\n<td>Administraci\u00f3n<\/td>\n<td>573<\/td>\n<\/tr>\n<tr>\n<td>5<\/td>\n<td>ENFERMER\u00cdA<\/td>\n<td>Enfermer\u00eda<\/td>\n<td>Enfermer\u00eda<\/td>\n<td>466<\/td>\n<\/tr>\n<tr>\n<td>6<\/td>\n<td>TRABAJO\u00a0 SOCIAL<\/td>\n<td>Trabajo Social<\/td>\n<td>Trabajo Social<\/td>\n<td>603<\/td>\n<\/tr>\n<tr>\n<td>7<\/td>\n<td>INGENIER\u00cdA\u00a0 DE\u00a0 MINAS<\/td>\n<td>Ingenier\u00eda de Minas<\/td>\n<td>Ingenier\u00eda de Minas<\/td>\n<td>586<\/td>\n<\/tr>\n<tr>\n<td rowspan=\"8\">8<\/td>\n<td rowspan=\"8\">CIENCIAS\u00a0 SOCIALES<\/td>\n<td>Sociolog\u00eda<\/td>\n<td>Sociolog\u00eda<\/td>\n<td>431<\/td>\n<\/tr>\n<tr>\n<td>Tur\u00edsmo<\/td>\n<td>Tur\u00edsmo<\/td>\n<td>397<\/td>\n<\/tr>\n<tr>\n<td>Antropolog\u00eda<\/td>\n<td>Antropolog\u00eda<\/td>\n<td>390<\/td>\n<\/tr>\n<tr>\n<td>Ciencias de la Comunicaci\u00f3n Social<\/td>\n<td>Ciencias de la Comunicaci\u00f3n Social<\/td>\n<td>393<\/td>\n<\/tr>\n<tr>\n<td rowspan=\"4\">Arte<\/td>\n<td>M\u00fasica<\/td>\n<td rowspan=\"4\">303<\/td>\n<\/tr>\n<tr>\n<td>Artes Pl\u00e1sticas<\/td>\n<\/tr>\n<tr>\n<td>Danza<\/td>\n<\/tr>\n<tr>\n<td>Teatro<\/td>\n<\/tr>\n<tr>\n<td rowspan=\"3\">9<\/td>\n<td rowspan=\"3\">CIENCIAS\u00a0 BIOL\u00d3GICAS<\/td>\n<td rowspan=\"3\">Biolog\u00eda<\/td>\n<td>Pesquera<\/td>\n<td rowspan=\"3\">381<\/td>\n<\/tr>\n<tr>\n<td>Microbiolog\u00eda y Laboratorio Cl\u00ednico<\/td>\n<\/tr>\n<tr>\n<td>Ecolog\u00eda<\/td>\n<\/tr>\n<tr>\n<td rowspan=\"7\">10<\/td>\n<td rowspan=\"7\">CIENCIAS DE LA EDUCACI\u00d3N<\/td>\n<td rowspan=\"4\">Educaci\u00f3n Secundaria<\/td>\n<td>Lengua,Literatura,Psicolog. y Filosof.<\/td>\n<td rowspan=\"4\">1077<\/td>\n<\/tr>\n<tr>\n<td>Ciencias Sociales<\/td>\n<\/tr>\n<tr>\n<td>Matem\u00e1tica, F\u00edsica, Comput.e Inform.<\/td>\n<\/tr>\n<tr>\n<td>Ciencia Tecnolog\u00eda\u00a0 y Ambiente<\/td>\n<\/tr>\n<tr>\n<td>Educaci\u00f3n\u00a0 Fisica<\/td>\n<td>Educaci\u00f3n\u00a0 Fisica<\/td>\n<td>323<\/td>\n<\/tr>\n<tr>\n<td>Educaci\u00f3n\u00a0 Primaria<\/td>\n<td>Educaci\u00f3n\u00a0 Primaria<\/td>\n<td>379<\/td>\n<\/tr>\n<tr>\n<td>Educaci\u00f3n\u00a0 Inicial<\/td>\n<td>Educaci\u00f3n\u00a0 Inicial<\/td>\n<td>377<\/td>\n<\/tr>\n<tr>\n<td>11<\/td>\n<td>INGENIER. ESTAD\u00cdSTICA\u00a0 E\u00a0 INFORM\u00c1TICA<\/td>\n<td>Ingenier\u00eda\u00a0 Estad\u00edstica\u00a0 e\u00a0 Inform\u00e1tica<\/td>\n<td>Ingenier\u00eda\u00a0 Estad\u00edstica\u00a0 e\u00a0 Inform\u00e1tica<\/td>\n<td>223<\/td>\n<\/tr>\n<tr>\n<td rowspan=\"2\" width=\"32\">12<\/td>\n<td rowspan=\"2\" width=\"224\">INGENIER\u00cdA GEOL\u00d3GICA Y\u00a0 METALURGIA<\/td>\n<td>Ingenier\u00eda Geol\u00f3gica<\/td>\n<td>Ingenier\u00eda Geol\u00f3gica<\/td>\n<td>489<\/td>\n<\/tr>\n<tr>\n<td>Ingenier\u00eda\u00a0 Metal\u00fargica<\/td>\n<td>Ingenier\u00eda\u00a0 Metal\u00fargica<\/td>\n<td>282<\/td>\n<\/tr>\n<tr>\n<td>13<\/td>\n<td>CIENCIAS JUR\u00cdDICAS\u00a0 Y\u00a0 POL\u00cdTICAS<\/td>\n<td>Derecho<\/td>\n<td>Derecho<\/td>\n<td>619<\/td>\n<\/tr>\n<tr>\n<td>14<\/td>\n<td>INGENIER\u00cdA\u00a0 QU\u00cdMICA<\/td>\n<td>Ingenier\u00eda\u00a0 Qu\u00cdmica<\/td>\n<td>Ingenier\u00eda\u00a0 Qu\u00cdmica<\/td>\n<td>289<\/td>\n<\/tr>\n<tr>\n<td rowspan=\"2\">15<\/td>\n<td rowspan=\"2\">CIENCIAS DE LA SALUD<\/td>\n<td>Nutrici\u00f3n\u00a0 Humana<\/td>\n<td>Nutrici\u00f3n\u00a0 Humana<\/td>\n<td>374<\/td>\n<\/tr>\n<tr>\n<td>Odontolog\u00eda<\/td>\n<td>Odontolog\u00eda<\/td>\n<td>258<\/td>\n<\/tr>\n<tr>\n<td>16<\/td>\n<td>INGENIER\u00cdA AGR\u00cdCOLA<\/td>\n<td>Ingenier\u00eda\u00a0 Agr\u00edcola<\/td>\n<td>Ingenier\u00eda\u00a0 Agr\u00edcola<\/td>\n<td>469<\/td>\n<\/tr>\n<tr>\n<td rowspan=\"4\" width=\"32\">17<\/td>\n<td rowspan=\"4\" width=\"224\">INGENIER\u00cdA\u00a0 CIVIL\u00a0 Y\u00a0 ARQUITECTURA<\/td>\n<td>Ingenier\u00eda\u00a0 Civil<\/td>\n<td>Ingenier\u00eda\u00a0 Civil<\/td>\n<td>757<\/td>\n<\/tr>\n<tr>\n<td>Arquitectura\u00a0 y Urbanismo<\/td>\n<td>Arquitectura\u00a0 y\u00a0 Urbanismo<\/td>\n<td>503<\/td>\n<\/tr>\n<tr>\n<td rowspan=\"2\">Ciencias\u00a0 F\u00edsico &#8211; Matem\u00e1ticas<\/td>\n<td>F\u00edsica<\/td>\n<td rowspan=\"2\">217<\/td>\n<\/tr>\n<tr>\n<td>Matem\u00e1ticas<\/td>\n<\/tr>\n<tr>\n<td>18<\/td>\n<td>MEDICINA\u00a0 HUMANA<\/td>\n<td>Medicina\u00a0 Humana<\/td>\n<td>Medicina\u00a0 Humana<\/td>\n<td>412<\/td>\n<\/tr>\n<tr>\n<td rowspan=\"3\" width=\"32\">19<\/td>\n<td rowspan=\"3\" width=\"224\">INGENIER\u00cdA\u00a0 MEC\u00c1NICA\u00a0 EL\u00c9CTRICA, ELECTR\u00d3NICA Y SISTEMAS<\/td>\n<td>Ingenier\u00eda Mec\u00e1nica El\u00e9ctrica<\/td>\n<td>Ingenier\u00eda Mec\u00e1nica El\u00e9ctrica<\/td>\n<td>449<\/td>\n<\/tr>\n<tr>\n<td>Ingenier\u00eda\u00a0 Electr\u00f3nica<\/td>\n<td>Ingenier\u00eda\u00a0 Electr\u00f3nica<\/td>\n<td>342<\/td>\n<\/tr>\n<tr>\n<td>Ingenier\u00eda\u00a0 de\u00a0 Sistemas<\/td>\n<td>Ingenier\u00eda\u00a0 de\u00a0 Sistemas<\/td>\n<td>511<\/td>\n<\/tr>\n<tr>\n<td colspan=\"4\">T O T A L<\/td>\n<td>16052<\/td>\n<\/tr>\n<\/tbody>\n<\/table>\n\n\n<p><\/p>\n","protected":false},"excerpt":{"rendered":"<p>UNIVERSIDAD NACIONAL DEL ALTIPLANO MATRICULADOS &#8211; PREGRADO &#8211; A\u00d1O 2020 Periodo: 2020-I N\u00ba FACULTAD ESCUELA\u00a0\u00a0 PROFESIONAL PROGRAMA\u00a0 DE\u00a0 ESTUDIO TOTAL 1 CIENCIAS AGRARIAS Ingenier\u00eda Agron\u00f3mica Ingenier\u00eda Agron\u00f3mica 355 Ingenier\u00eda Agroindustrial Ingenier\u00eda Agroindustrial 308 Ingenier\u00eda Topogr\u00e1fica y Agrimensura Ingenier\u00eda Topogr\u00e1fica y Agrimensura 525 2 MEDICINA VETERINARIA Y ZOOTECNIA Medicina Veterinaria y Zootecnia Medicina Veterinaria y Zootecnia&hellip;<\/p>\n","protected":false},"author":1,"featured_media":0,"parent":0,"menu_order":0,"comment_status":"closed","ping_status":"closed","template":"","meta":{"_acf_changed":false,"footnotes":""},"class_list":["post-5942","page","type-page","status-publish","hentry","description-off"],"acf":[],"_links":{"self":[{"href":"https:\/\/transparencia.unap.edu.pe\/web\/wp-json\/wp\/v2\/pages\/5942","targetHints":{"allow":["GET"]}}],"collection":[{"href":"https:\/\/transparencia.unap.edu.pe\/web\/wp-json\/wp\/v2\/pages"}],"about":[{"href":"https:\/\/transparencia.unap.edu.pe\/web\/wp-json\/wp\/v2\/types\/page"}],"author":[{"embeddable":true,"href":"https:\/\/transparencia.unap.edu.pe\/web\/wp-json\/wp\/v2\/users\/1"}],"replies":[{"embeddable":true,"href":"https:\/\/transparencia.unap.edu.pe\/web\/wp-json\/wp\/v2\/comments?post=5942"}],"version-history":[{"count":1,"href":"https:\/\/transparencia.unap.edu.pe\/web\/wp-json\/wp\/v2\/pages\/5942\/revisions"}],"predecessor-version":[{"id":5943,"href":"https:\/\/transparencia.unap.edu.pe\/web\/wp-json\/wp\/v2\/pages\/5942\/revisions\/5943"}],"wp:attachment":[{"href":"https:\/\/transparencia.unap.edu.pe\/web\/wp-json\/wp\/v2\/media?parent=5942"}],"curies":[{"name":"wp","href":"https:\/\/api.w.org\/{rel}","templated":true}]}}