{"id":5951,"date":"2022-05-26T20:13:29","date_gmt":"2022-05-26T20:13:29","guid":{"rendered":"https:\/\/transparencia.unap.edu.pe\/web\/?page_id=5951"},"modified":"2022-05-26T20:13:31","modified_gmt":"2022-05-26T20:13:31","slug":"maestria-ano-2021","status":"publish","type":"page","link":"https:\/\/transparencia.unap.edu.pe\/web\/maestria-ano-2021\/","title":{"rendered":"MAESTRIA &#8211; A\u00d1O 2021"},"content":{"rendered":"<table width=\"769\">\n<tbody>\n<tr>\n<td width=\"29\">N\u00ba<\/td>\n<td width=\"241\">MAESTR\u00cdA<\/td>\n<td width=\"113\">POSTULANTES\u00a0<\/td>\n<td width=\"132\">INGRESANTES<\/td>\n<td width=\"94\">MATRICULADOS<\/td>\n<td width=\"80\">EGRESADOS 2021-I<\/td>\n<td width=\"80\">EGRESADOS 2021-II<\/td>\n<\/tr>\n<tr>\n<td width=\"29\">01<\/td>\n<td>ARQUITECTURA<\/td>\n<td width=\"113\">38<\/td>\n<td width=\"132\">20<\/td>\n<td width=\"94\">76<\/td>\n<td width=\"80\">&#8211;<\/td>\n<td width=\"80\">&#8211;<\/td>\n<\/tr>\n<tr>\n<td width=\"29\">02<\/td>\n<td>CIENCIA ANIMAL<\/td>\n<td width=\"113\">77<\/td>\n<td width=\"132\">50<\/td>\n<td width=\"94\">192<\/td>\n<td width=\"80\">&#8211;<\/td>\n<td width=\"80\">&#8211;<\/td>\n<\/tr>\n<tr>\n<td width=\"29\">03<\/td>\n<td>CIENCIAS &#8211; INGENIERIA QUIMICA<\/td>\n<td width=\"113\">81<\/td>\n<td width=\"132\">55<\/td>\n<td width=\"94\">146<\/td>\n<td width=\"80\">&#8211;<\/td>\n<td width=\"80\">&#8211;<\/td>\n<\/tr>\n<tr>\n<td width=\"29\">04<\/td>\n<td>CIENCIAS DE LA INGENIERIA AGR\u00cdCOLA<\/td>\n<td width=\"113\">94<\/td>\n<td width=\"132\">50<\/td>\n<td width=\"94\">187<\/td>\n<td width=\"80\">&#8211;<\/td>\n<td width=\"80\">&#8211;<\/td>\n<\/tr>\n<tr>\n<td width=\"29\">05<\/td>\n<td>CIENCIAS DE LA INGENIERIA MEC\u00c1NICA EL\u00c9CTRICA<\/td>\n<td width=\"113\">48<\/td>\n<td width=\"132\">27<\/td>\n<td width=\"94\">152<\/td>\n<td width=\"80\">&#8211;<\/td>\n<td width=\"80\">&#8211;<\/td>\n<\/tr>\n<tr>\n<td width=\"29\">06<\/td>\n<td>CIENCIAS DE LA NUTRICION<\/td>\n<td width=\"113\">46<\/td>\n<td width=\"132\">32<\/td>\n<td width=\"94\">146<\/td>\n<td width=\"80\">&#8211;<\/td>\n<td width=\"80\">&#8211;<\/td>\n<\/tr>\n<tr>\n<td width=\"29\">07<\/td>\n<td>CIENCIAS SOCIALES<\/td>\n<td width=\"113\">130<\/td>\n<td width=\"132\">45<\/td>\n<td width=\"94\">281<\/td>\n<td width=\"80\">&#8211;<\/td>\n<td width=\"80\">&#8211;<\/td>\n<\/tr>\n<tr>\n<td width=\"29\">08<\/td>\n<td>CONTABILIDAD Y ADMINISTRACION<\/td>\n<td width=\"113\">446<\/td>\n<td width=\"132\">274<\/td>\n<td width=\"94\">1195<\/td>\n<td width=\"80\">&#8211;<\/td>\n<td width=\"80\">&#8211;<\/td>\n<\/tr>\n<tr>\n<td width=\"29\">09<\/td>\n<td>DERECHO<\/td>\n<td width=\"113\">391<\/td>\n<td width=\"132\">188<\/td>\n<td width=\"94\">713<\/td>\n<td width=\"80\">&#8211;<\/td>\n<td width=\"80\">&#8211;<\/td>\n<\/tr>\n<tr>\n<td width=\"29\">10<\/td>\n<td>DESARROLLO RURAL<\/td>\n<td width=\"113\">47<\/td>\n<td width=\"132\">26<\/td>\n<td width=\"94\">140<\/td>\n<td width=\"80\">&#8211;<\/td>\n<td width=\"80\">&#8211;<\/td>\n<\/tr>\n<tr>\n<td width=\"29\">11<\/td>\n<td>ECOLOGIA<\/td>\n<td width=\"113\">45<\/td>\n<td width=\"132\">23<\/td>\n<td width=\"94\">123<\/td>\n<td width=\"80\">&#8211;<\/td>\n<td width=\"80\">&#8211;<\/td>\n<\/tr>\n<tr>\n<td width=\"29\">12<\/td>\n<td>ECONOMIA<\/td>\n<td width=\"113\">173<\/td>\n<td width=\"132\">105<\/td>\n<td width=\"94\">408<\/td>\n<td width=\"80\">&#8211;<\/td>\n<td width=\"80\">&#8211;<\/td>\n<\/tr>\n<tr>\n<td width=\"29\">13<\/td>\n<td>EDUCACION<\/td>\n<td width=\"113\">575<\/td>\n<td width=\"132\">290<\/td>\n<td width=\"94\">1223<\/td>\n<td width=\"80\">&#8211;<\/td>\n<td width=\"80\">&#8211;<\/td>\n<\/tr>\n<tr>\n<td width=\"29\">14<\/td>\n<td>EXTRACCI\u00d3N DE METALES ESTRAT\u00c9GICOS<\/td>\n<td width=\"113\">19<\/td>\n<td width=\"132\">14<\/td>\n<td width=\"94\">63<\/td>\n<td width=\"80\">&#8211;<\/td>\n<td width=\"80\">&#8211;<\/td>\n<\/tr>\n<tr>\n<td width=\"29\">15<\/td>\n<td>GEOTECNIA Y GEOMEC\u00c1NICA MINERA<\/td>\n<td width=\"113\">39<\/td>\n<td width=\"132\">26<\/td>\n<td width=\"94\">120<\/td>\n<td width=\"80\">&#8211;<\/td>\n<td width=\"80\">&#8211;<\/td>\n<\/tr>\n<tr>\n<td width=\"29\">16<\/td>\n<td>INFORMATICA<\/td>\n<td width=\"113\">65<\/td>\n<td width=\"132\">43<\/td>\n<td width=\"94\">221<\/td>\n<td width=\"80\">&#8211;<\/td>\n<td width=\"80\">&#8211;<\/td>\n<\/tr>\n<tr>\n<td width=\"29\">17<\/td>\n<td>INGENIERIA CIVIL<\/td>\n<td width=\"113\">164<\/td>\n<td width=\"132\">83<\/td>\n<td width=\"94\">344<\/td>\n<td width=\"80\">&#8211;<\/td>\n<td width=\"80\">&#8211;<\/td>\n<\/tr>\n<tr>\n<td width=\"29\">18<\/td>\n<td>INGENIERIA DE SISTEMAS<\/td>\n<td width=\"113\">31<\/td>\n<td width=\"132\">17<\/td>\n<td width=\"94\">104<\/td>\n<td width=\"80\">&#8211;<\/td>\n<td width=\"80\">&#8211;<\/td>\n<\/tr>\n<tr>\n<td width=\"29\">19<\/td>\n<td>INVESTIGACION Y DOCENCIA UNIVERSITARIA<\/td>\n<td width=\"113\">73<\/td>\n<td width=\"132\">28<\/td>\n<td width=\"94\">128<\/td>\n<td width=\"80\">&#8211;<\/td>\n<td width=\"80\">&#8211;<\/td>\n<\/tr>\n<tr>\n<td width=\"29\">20<\/td>\n<td>LING\u00dcISTICA ANDINA Y EDUCACION<\/td>\n<td width=\"113\">21<\/td>\n<td width=\"132\">15<\/td>\n<td width=\"94\">70<\/td>\n<td width=\"80\">&#8211;<\/td>\n<td width=\"80\">&#8211;<\/td>\n<\/tr>\n<tr>\n<td width=\"29\">21<\/td>\n<td>SALUD PUBLICA<\/td>\n<td width=\"113\">229<\/td>\n<td width=\"132\">118<\/td>\n<td width=\"94\">503<\/td>\n<td width=\"80\">&#8211;<\/td>\n<td width=\"80\">&#8211;<\/td>\n<\/tr>\n<tr>\n<td width=\"29\">22<\/td>\n<td>TECNOLOG\u00cdAS DE PROTECCI\u00d3N AMBIENTAL<\/td>\n<td width=\"113\">18<\/td>\n<td width=\"132\">&#8211;<\/td>\n<td width=\"94\">33<\/td>\n<td width=\"80\">15<\/td>\n<td width=\"80\">&#8211;<\/td>\n<\/tr>\n<tr>\n<td width=\"29\">23<\/td>\n<td>TRABAJO SOCIAL<\/td>\n<td width=\"113\">89<\/td>\n<td width=\"132\">56<\/td>\n<td width=\"94\">269<\/td>\n<td width=\"80\">&#8211;<\/td>\n<td width=\"80\">&#8211;<\/td>\n<\/tr>\n<tr>\n<td colspan=\"2\" width=\"270\">TOTAL<\/td>\n<td>2939<\/td>\n<td>1585<\/td>\n<td>6837<\/td>\n<td>15<\/td>\n<td>0<\/td>\n<\/tr>\n<\/tbody>\n<\/table>\n\n\n<p><\/p>\n","protected":false},"excerpt":{"rendered":"<p>N\u00ba MAESTR\u00cdA POSTULANTES\u00a0 INGRESANTES MATRICULADOS EGRESADOS 2021-I EGRESADOS 2021-II 01 ARQUITECTURA 38 20 76 &#8211; &#8211; 02 CIENCIA ANIMAL 77 50 192 &#8211; &#8211; 03 CIENCIAS &#8211; INGENIERIA QUIMICA 81 55 146 &#8211; &#8211; 04 CIENCIAS DE LA INGENIERIA AGR\u00cdCOLA 94 50 187 &#8211; &#8211; 05 CIENCIAS DE LA INGENIERIA MEC\u00c1NICA EL\u00c9CTRICA 48 27 152&hellip;<\/p>\n","protected":false},"author":1,"featured_media":0,"parent":0,"menu_order":0,"comment_status":"closed","ping_status":"closed","template":"","meta":{"_acf_changed":false,"footnotes":""},"class_list":["post-5951","page","type-page","status-publish","hentry","description-off"],"acf":[],"_links":{"self":[{"href":"https:\/\/transparencia.unap.edu.pe\/web\/wp-json\/wp\/v2\/pages\/5951","targetHints":{"allow":["GET"]}}],"collection":[{"href":"https:\/\/transparencia.unap.edu.pe\/web\/wp-json\/wp\/v2\/pages"}],"about":[{"href":"https:\/\/transparencia.unap.edu.pe\/web\/wp-json\/wp\/v2\/types\/page"}],"author":[{"embeddable":true,"href":"https:\/\/transparencia.unap.edu.pe\/web\/wp-json\/wp\/v2\/users\/1"}],"replies":[{"embeddable":true,"href":"https:\/\/transparencia.unap.edu.pe\/web\/wp-json\/wp\/v2\/comments?post=5951"}],"version-history":[{"count":1,"href":"https:\/\/transparencia.unap.edu.pe\/web\/wp-json\/wp\/v2\/pages\/5951\/revisions"}],"predecessor-version":[{"id":5952,"href":"https:\/\/transparencia.unap.edu.pe\/web\/wp-json\/wp\/v2\/pages\/5951\/revisions\/5952"}],"wp:attachment":[{"href":"https:\/\/transparencia.unap.edu.pe\/web\/wp-json\/wp\/v2\/media?parent=5951"}],"curies":[{"name":"wp","href":"https:\/\/api.w.org\/{rel}","templated":true}]}}