{"id":5955,"date":"2022-05-26T20:16:08","date_gmt":"2022-05-26T20:16:08","guid":{"rendered":"https:\/\/transparencia.unap.edu.pe\/web\/?page_id=5955"},"modified":"2022-05-26T20:16:08","modified_gmt":"2022-05-26T20:16:08","slug":"doctorado-ano-2020","status":"publish","type":"page","link":"https:\/\/transparencia.unap.edu.pe\/web\/doctorado-ano-2020\/","title":{"rendered":"DOCTORADO &#8211; A\u00d1O 2020"},"content":{"rendered":"<table width=\"857\">\n<tbody>\n<tr>\n<td colspan=\"7\" width=\"857\">UNIVERSIDAD NACIONAL DEL ALTIPLANO PUNO<\/td>\n<\/tr>\n<tr>\n<td colspan=\"7\">ESCUELA DE POSGRADO<\/td>\n<\/tr>\n<tr>\n<td colspan=\"7\">DOCTORADO\u00a0 2020<\/td>\n<\/tr>\n<tr>\n<td width=\"57\">N\u00ba<\/td>\n<td width=\"366\">DOCTORADO<\/td>\n<td width=\"118\">DOCTORADO<br \/>POSTULANTES 2020<\/td>\n<td width=\"80\">INGRESANTES<\/td>\n<td width=\"76\">MATRICULADOS<\/td>\n<td width=\"80\">DOCTORADO<br \/>EGRESADOS 2020-I<\/td>\n<td width=\"80\">DOCTORADO<br \/>EGRESADOS 2020-II<\/td>\n<\/tr>\n<tr>\n<td width=\"57\">01<\/td>\n<td>ADMINISTRACI\u00d3N<\/td>\n<td>50<\/td>\n<td>13<\/td>\n<td>&#8211;<\/td>\n<td>&#8211;<\/td>\n<td>12<\/td>\n<\/tr>\n<tr>\n<td width=\"57\">02<\/td>\n<td>CIENCIA ANIMAL<\/td>\n<td>28<\/td>\n<td>11<\/td>\n<td>&#8211;<\/td>\n<td>&#8211;<\/td>\n<td>26<\/td>\n<\/tr>\n<tr>\n<td width=\"57\">03<\/td>\n<td>CIENCIA, TECNOLOGIA Y MEDIO AMBIENTE<\/td>\n<td>102<\/td>\n<td>14<\/td>\n<td>&#8211;<\/td>\n<td>&#8211;<\/td>\n<td>31<\/td>\n<\/tr>\n<tr>\n<td width=\"57\">04<\/td>\n<td>CIENCIAS DE LA COMPUTACION<\/td>\n<td>41<\/td>\n<td>18<\/td>\n<td>&#8211;<\/td>\n<td>&#8211;<\/td>\n<td>9<\/td>\n<\/tr>\n<tr>\n<td width=\"57\">05<\/td>\n<td>CIENCIAS DE LA INGENIER\u00cdA MEC\u00c1NICA EL\u00c9CTRICA<\/td>\n<td>15<\/td>\n<td>&#8211;<\/td>\n<td>&#8211;<\/td>\n<td>&#8211;<\/td>\n<td>9<\/td>\n<\/tr>\n<tr>\n<td width=\"57\">06<\/td>\n<td>CIENCIAS DE LA SALUD<\/td>\n<td>60<\/td>\n<td>&#8211;<\/td>\n<td>&#8211;<\/td>\n<td>&#8211;<\/td>\n<td>24<\/td>\n<\/tr>\n<tr>\n<td width=\"57\">07<\/td>\n<td>CIENCIAS SOCIALES GESTI\u00d3N P\u00daBLICA Y DESARROLLO TERRITORIAL<\/td>\n<td>62<\/td>\n<td>18<\/td>\n<td>&#8211;<\/td>\n<td>&#8211;<\/td>\n<td>20<\/td>\n<\/tr>\n<tr>\n<td width=\"57\">08<\/td>\n<td>CONTABILIDAD Y FINANZAS<\/td>\n<td>38<\/td>\n<td>13<\/td>\n<td>&#8211;<\/td>\n<td>&#8211;<\/td>\n<td>22<\/td>\n<\/tr>\n<tr>\n<td width=\"57\">09<\/td>\n<td>DERECHO<\/td>\n<td>59<\/td>\n<td>14<\/td>\n<td>&#8211;<\/td>\n<td>&#8211;<\/td>\n<td>21<\/td>\n<\/tr>\n<tr>\n<td width=\"57\">10<\/td>\n<td>ECONOMIA Y POLITICAS PUBLICAS<\/td>\n<td>77<\/td>\n<td>&#8211;<\/td>\n<td>&#8211;<\/td>\n<td>&#8211;<\/td>\n<td>18<\/td>\n<\/tr>\n<tr>\n<td width=\"57\">11<\/td>\n<td>EDUCACION<\/td>\n<td>174<\/td>\n<td>40<\/td>\n<td>&#8211;<\/td>\n<td>&#8211;<\/td>\n<td>49<\/td>\n<\/tr>\n<tr>\n<td width=\"57\">12<\/td>\n<td>ESTADISTICA APLICADA<\/td>\n<td>26<\/td>\n<td>9<\/td>\n<td>&#8211;<\/td>\n<td>&#8211;<\/td>\n<td>9<\/td>\n<\/tr>\n<tr>\n<td width=\"57\">13<\/td>\n<td>ESTADISTICA E INFORM\u00c1TICA<\/td>\n<td>21<\/td>\n<td>6<\/td>\n<td>&#8211;<\/td>\n<td>&#8211;<\/td>\n<td>7<\/td>\n<\/tr>\n<tr>\n<td colspan=\"2\" width=\"423\">TOTAL<\/td>\n<td>753<\/td>\n<td>156<\/td>\n<td>\u00a0<\/td>\n<td>0<\/td>\n<td>257<\/td>\n<\/tr>\n<\/tbody>\n<\/table>\n\n\n<p><\/p>\n","protected":false},"excerpt":{"rendered":"<p>UNIVERSIDAD NACIONAL DEL ALTIPLANO PUNO ESCUELA DE POSGRADO DOCTORADO\u00a0 2020 N\u00ba DOCTORADO DOCTORADOPOSTULANTES 2020 INGRESANTES MATRICULADOS DOCTORADOEGRESADOS 2020-I DOCTORADOEGRESADOS 2020-II 01 ADMINISTRACI\u00d3N 50 13 &#8211; &#8211; 12 02 CIENCIA ANIMAL 28 11 &#8211; &#8211; 26 03 CIENCIA, TECNOLOGIA Y MEDIO AMBIENTE 102 14 &#8211; &#8211; 31 04 CIENCIAS DE LA COMPUTACION 41 18 &#8211; &#8211;&hellip;<\/p>\n","protected":false},"author":1,"featured_media":0,"parent":0,"menu_order":0,"comment_status":"closed","ping_status":"closed","template":"","meta":{"_acf_changed":false,"footnotes":""},"class_list":["post-5955","page","type-page","status-publish","hentry","description-off"],"acf":[],"_links":{"self":[{"href":"https:\/\/transparencia.unap.edu.pe\/web\/wp-json\/wp\/v2\/pages\/5955","targetHints":{"allow":["GET"]}}],"collection":[{"href":"https:\/\/transparencia.unap.edu.pe\/web\/wp-json\/wp\/v2\/pages"}],"about":[{"href":"https:\/\/transparencia.unap.edu.pe\/web\/wp-json\/wp\/v2\/types\/page"}],"author":[{"embeddable":true,"href":"https:\/\/transparencia.unap.edu.pe\/web\/wp-json\/wp\/v2\/users\/1"}],"replies":[{"embeddable":true,"href":"https:\/\/transparencia.unap.edu.pe\/web\/wp-json\/wp\/v2\/comments?post=5955"}],"version-history":[{"count":1,"href":"https:\/\/transparencia.unap.edu.pe\/web\/wp-json\/wp\/v2\/pages\/5955\/revisions"}],"predecessor-version":[{"id":5956,"href":"https:\/\/transparencia.unap.edu.pe\/web\/wp-json\/wp\/v2\/pages\/5955\/revisions\/5956"}],"wp:attachment":[{"href":"https:\/\/transparencia.unap.edu.pe\/web\/wp-json\/wp\/v2\/media?parent=5955"}],"curies":[{"name":"wp","href":"https:\/\/api.w.org\/{rel}","templated":true}]}}