{"id":5957,"date":"2022-05-26T20:16:41","date_gmt":"2022-05-26T20:16:41","guid":{"rendered":"https:\/\/transparencia.unap.edu.pe\/web\/?page_id=5957"},"modified":"2022-05-26T20:16:41","modified_gmt":"2022-05-26T20:16:41","slug":"doctorado-ano-2021","status":"publish","type":"page","link":"https:\/\/transparencia.unap.edu.pe\/web\/doctorado-ano-2021\/","title":{"rendered":"DOCTORADO &#8211; A\u00d1O 2021"},"content":{"rendered":"<table width=\"875\">\n<tbody>\n<tr>\n<td colspan=\"7\" width=\"875\">UNIVERSIDAD NACIONAL DEL ALTIPLANO PUNO<\/td>\n<\/tr>\n<tr>\n<td colspan=\"7\">ESCUELA DE POSGRADO<\/td>\n<\/tr>\n<tr>\n<td colspan=\"7\">DOCTORADO 2021<\/td>\n<\/tr>\n<tr>\n<td width=\"57\">N\u00ba<\/td>\n<td width=\"366\">DOCTORADO<\/td>\n<td width=\"118\">POSTULANTES\u00a0<\/td>\n<td width=\"80\">INGRESANTES<\/td>\n<td width=\"94\">MATRICULADOS<\/td>\n<td width=\"80\">DOCTORADO<br \/>EGRESADOS 2021-I<\/td>\n<td width=\"80\">DOCTORADO<br \/>EGRESADOS 2021-II<\/td>\n<\/tr>\n<tr>\n<td width=\"57\">01<\/td>\n<td>ADMINISTRACI\u00d3N<\/td>\n<td>37<\/td>\n<td>26<\/td>\n<td>106<\/td>\n<td>&#8211;<\/td>\n<td>17<\/td>\n<\/tr>\n<tr>\n<td width=\"57\">02<\/td>\n<td>CIENCIA ANIMAL<\/td>\n<td>14<\/td>\n<td>14<\/td>\n<td>71<\/td>\n<td>&#8211;<\/td>\n<td>9<\/td>\n<\/tr>\n<tr>\n<td width=\"57\">03<\/td>\n<td>CIENCIA, TECNOLOGIA Y MEDIO AMBIENTE<\/td>\n<td>51<\/td>\n<td>21<\/td>\n<td>232<\/td>\n<td>&#8211;<\/td>\n<td>74<\/td>\n<\/tr>\n<tr>\n<td width=\"57\">04<\/td>\n<td>CIENCIAS DE LA COMPUTACION<\/td>\n<td>8<\/td>\n<td>&#8211;<\/td>\n<td>77<\/td>\n<td>&#8211;<\/td>\n<td>21<\/td>\n<\/tr>\n<tr>\n<td width=\"57\">05<\/td>\n<td>CIENCIAS DE LA INGENIER\u00cdA MEC\u00c1NICA EL\u00c9CTRICA<\/td>\n<td>12<\/td>\n<td>10<\/td>\n<td>20<\/td>\n<td>&#8211;<\/td>\n<td>10<\/td>\n<\/tr>\n<tr>\n<td width=\"57\">06<\/td>\n<td>CIENCIAS DE LA SALUD<\/td>\n<td>37<\/td>\n<td>28<\/td>\n<td>132<\/td>\n<td>&#8211;<\/td>\n<td>33<\/td>\n<\/tr>\n<tr>\n<td width=\"57\">07<\/td>\n<td>CIENCIAS SOCIALES GESTI\u00d3N P\u00daBLICA Y DESARROLLO TERRITORIAL<\/td>\n<td>53<\/td>\n<td>35<\/td>\n<td>164<\/td>\n<td>&#8211;<\/td>\n<td>29<\/td>\n<\/tr>\n<tr>\n<td width=\"57\">08<\/td>\n<td>CONTABILIDAD Y FINANZAS<\/td>\n<td>39<\/td>\n<td>31<\/td>\n<td>124<\/td>\n<td>&#8211;<\/td>\n<td>19<\/td>\n<\/tr>\n<tr>\n<td width=\"57\">09<\/td>\n<td>DERECHO<\/td>\n<td>66<\/td>\n<td>43<\/td>\n<td>174<\/td>\n<td>&#8211;<\/td>\n<td>33<\/td>\n<\/tr>\n<tr>\n<td width=\"57\">10<\/td>\n<td>ECONOMIA Y POLITICAS PUBLICAS<\/td>\n<td>37<\/td>\n<td>22<\/td>\n<td>106<\/td>\n<td>&#8211;<\/td>\n<td>19<\/td>\n<\/tr>\n<tr>\n<td width=\"57\">11<\/td>\n<td>EDUCACION<\/td>\n<td>139<\/td>\n<td>100<\/td>\n<td>380<\/td>\n<td>&#8211;<\/td>\n<td>62<\/td>\n<\/tr>\n<tr>\n<td width=\"57\">12<\/td>\n<td>ESTADISTICA APLICADA<\/td>\n<td>22<\/td>\n<td>17<\/td>\n<td>75<\/td>\n<td>&#8211;<\/td>\n<td>11<\/td>\n<\/tr>\n<tr>\n<td width=\"57\">13<\/td>\n<td>ESTADISTICA E INFORM\u00c1TICA<\/td>\n<td>9<\/td>\n<td>12<\/td>\n<td>46<\/td>\n<td>&#8211;<\/td>\n<td>&#8211;<\/td>\n<\/tr>\n<tr>\n<td colspan=\"2\" width=\"423\">TOTAL<\/td>\n<td>524<\/td>\n<td>359<\/td>\n<td>1707<\/td>\n<td>0<\/td>\n<td>337<\/td>\n<\/tr>\n<\/tbody>\n<\/table>\n\n\n<p><\/p>\n","protected":false},"excerpt":{"rendered":"<p>UNIVERSIDAD NACIONAL DEL ALTIPLANO PUNO ESCUELA DE POSGRADO DOCTORADO 2021 N\u00ba DOCTORADO POSTULANTES\u00a0 INGRESANTES MATRICULADOS DOCTORADOEGRESADOS 2021-I DOCTORADOEGRESADOS 2021-II 01 ADMINISTRACI\u00d3N 37 26 106 &#8211; 17 02 CIENCIA ANIMAL 14 14 71 &#8211; 9 03 CIENCIA, TECNOLOGIA Y MEDIO AMBIENTE 51 21 232 &#8211; 74 04 CIENCIAS DE LA COMPUTACION 8 &#8211; 77 &#8211; 21&hellip;<\/p>\n","protected":false},"author":1,"featured_media":0,"parent":0,"menu_order":0,"comment_status":"closed","ping_status":"closed","template":"","meta":{"_acf_changed":false,"footnotes":""},"class_list":["post-5957","page","type-page","status-publish","hentry","description-off"],"acf":[],"_links":{"self":[{"href":"https:\/\/transparencia.unap.edu.pe\/web\/wp-json\/wp\/v2\/pages\/5957","targetHints":{"allow":["GET"]}}],"collection":[{"href":"https:\/\/transparencia.unap.edu.pe\/web\/wp-json\/wp\/v2\/pages"}],"about":[{"href":"https:\/\/transparencia.unap.edu.pe\/web\/wp-json\/wp\/v2\/types\/page"}],"author":[{"embeddable":true,"href":"https:\/\/transparencia.unap.edu.pe\/web\/wp-json\/wp\/v2\/users\/1"}],"replies":[{"embeddable":true,"href":"https:\/\/transparencia.unap.edu.pe\/web\/wp-json\/wp\/v2\/comments?post=5957"}],"version-history":[{"count":1,"href":"https:\/\/transparencia.unap.edu.pe\/web\/wp-json\/wp\/v2\/pages\/5957\/revisions"}],"predecessor-version":[{"id":5958,"href":"https:\/\/transparencia.unap.edu.pe\/web\/wp-json\/wp\/v2\/pages\/5957\/revisions\/5958"}],"wp:attachment":[{"href":"https:\/\/transparencia.unap.edu.pe\/web\/wp-json\/wp\/v2\/media?parent=5957"}],"curies":[{"name":"wp","href":"https:\/\/api.w.org\/{rel}","templated":true}]}}