{"id":5959,"date":"2022-05-26T20:17:13","date_gmt":"2022-05-26T20:17:13","guid":{"rendered":"https:\/\/transparencia.unap.edu.pe\/web\/?page_id=5959"},"modified":"2022-05-26T20:17:14","modified_gmt":"2022-05-26T20:17:14","slug":"doctorado-ano-2022","status":"publish","type":"page","link":"https:\/\/transparencia.unap.edu.pe\/web\/doctorado-ano-2022\/","title":{"rendered":"DOCTORADO &#8211; A\u00d1O 2022"},"content":{"rendered":"<table width=\"728\">\n<tbody>\n<tr>\n<td width=\"57\">N\u00ba<\/td>\n<td width=\"366\">DOCTORADO<\/td>\n<td width=\"118\">POSTULANTES<\/td>\n<td width=\"80\">INGRESANTES<\/td>\n<td width=\"107\">MATRICULADOS<\/td>\n<\/tr>\n<tr>\n<td width=\"57\">01<\/td>\n<td>ADMINISTRACI\u00d3N<\/td>\n<td>10<\/td>\n<td>10<\/td>\n<td>70<\/td>\n<\/tr>\n<tr>\n<td width=\"57\">02<\/td>\n<td>CIENCIA ANIMAL<\/td>\n<td>24<\/td>\n<td>24<\/td>\n<td>38<\/td>\n<\/tr>\n<tr>\n<td width=\"57\">03<\/td>\n<td>CIENCIA, TECNOLOGIA Y MEDIO AMBIENTE<\/td>\n<td>28<\/td>\n<td>28<\/td>\n<td>97<\/td>\n<\/tr>\n<tr>\n<td width=\"57\">04<\/td>\n<td>CIENCIAS DE LA COMPUTACION<\/td>\n<td>35<\/td>\n<td>35<\/td>\n<td>36<\/td>\n<\/tr>\n<tr>\n<td width=\"57\">05<\/td>\n<td>CIENCIAS DE LA INGENIER\u00cdA MEC\u00c1NICA EL\u00c9CTRICA<\/td>\n<td>57<\/td>\n<td>57<\/td>\n<td>27<\/td>\n<\/tr>\n<tr>\n<td width=\"57\">06<\/td>\n<td>CIENCIAS DE LA SALUD<\/td>\n<td>42<\/td>\n<td>42<\/td>\n<td>56<\/td>\n<\/tr>\n<tr>\n<td width=\"57\">07<\/td>\n<td>CIENCIAS SOCIALES GESTI\u00d3N P\u00daBLICA Y DESARROLLO TERRITORIAL<\/td>\n<td>74<\/td>\n<td>74<\/td>\n<td>92<\/td>\n<\/tr>\n<tr>\n<td width=\"57\">08<\/td>\n<td>CONTABILIDAD Y FINANZAS<\/td>\n<td>21<\/td>\n<td>21<\/td>\n<td>65<\/td>\n<\/tr>\n<tr>\n<td width=\"57\">09<\/td>\n<td>DERECHO<\/td>\n<td>14<\/td>\n<td>14<\/td>\n<td>94<\/td>\n<\/tr>\n<tr>\n<td width=\"57\">10<\/td>\n<td>ECONOMIA Y POLITICAS PUBLICAS<\/td>\n<td>0<\/td>\n<td>0<\/td>\n<td>54<\/td>\n<\/tr>\n<tr>\n<td width=\"57\">11<\/td>\n<td>EDUCACION<\/td>\n<td>43<\/td>\n<td>43<\/td>\n<td>229<\/td>\n<\/tr>\n<tr>\n<td width=\"57\">12<\/td>\n<td>ESTADISTICA APLICADA<\/td>\n<td>26<\/td>\n<td>26<\/td>\n<td>39<\/td>\n<\/tr>\n<tr>\n<td width=\"57\">13<\/td>\n<td>ESTADISTICA E INFORM\u00c1TICA<\/td>\n<td>17<\/td>\n<td>17<\/td>\n<td>24<\/td>\n<\/tr>\n<tr>\n<td colspan=\"2\" width=\"423\">TOTAL<\/td>\n<td>391<\/td>\n<td>391<\/td>\n<td>921<\/td>\n<\/tr>\n<\/tbody>\n<\/table>\n\n\n<p><\/p>\n","protected":false},"excerpt":{"rendered":"<p>N\u00ba DOCTORADO POSTULANTES INGRESANTES MATRICULADOS 01 ADMINISTRACI\u00d3N 10 10 70 02 CIENCIA ANIMAL 24 24 38 03 CIENCIA, TECNOLOGIA Y MEDIO AMBIENTE 28 28 97 04 CIENCIAS DE LA COMPUTACION 35 35 36 05 CIENCIAS DE LA INGENIER\u00cdA MEC\u00c1NICA EL\u00c9CTRICA 57 57 27 06 CIENCIAS DE LA SALUD 42 42 56 07 CIENCIAS SOCIALES GESTI\u00d3N&hellip;<\/p>\n","protected":false},"author":1,"featured_media":0,"parent":0,"menu_order":0,"comment_status":"closed","ping_status":"closed","template":"","meta":{"_acf_changed":false,"footnotes":""},"class_list":["post-5959","page","type-page","status-publish","hentry","description-off"],"acf":[],"_links":{"self":[{"href":"https:\/\/transparencia.unap.edu.pe\/web\/wp-json\/wp\/v2\/pages\/5959","targetHints":{"allow":["GET"]}}],"collection":[{"href":"https:\/\/transparencia.unap.edu.pe\/web\/wp-json\/wp\/v2\/pages"}],"about":[{"href":"https:\/\/transparencia.unap.edu.pe\/web\/wp-json\/wp\/v2\/types\/page"}],"author":[{"embeddable":true,"href":"https:\/\/transparencia.unap.edu.pe\/web\/wp-json\/wp\/v2\/users\/1"}],"replies":[{"embeddable":true,"href":"https:\/\/transparencia.unap.edu.pe\/web\/wp-json\/wp\/v2\/comments?post=5959"}],"version-history":[{"count":1,"href":"https:\/\/transparencia.unap.edu.pe\/web\/wp-json\/wp\/v2\/pages\/5959\/revisions"}],"predecessor-version":[{"id":5960,"href":"https:\/\/transparencia.unap.edu.pe\/web\/wp-json\/wp\/v2\/pages\/5959\/revisions\/5960"}],"wp:attachment":[{"href":"https:\/\/transparencia.unap.edu.pe\/web\/wp-json\/wp\/v2\/media?parent=5959"}],"curies":[{"name":"wp","href":"https:\/\/api.w.org\/{rel}","templated":true}]}}