{"id":6304,"date":"2022-06-14T16:49:28","date_gmt":"2022-06-14T16:49:28","guid":{"rendered":"https:\/\/transparencia.unap.edu.pe\/web\/?page_id=6304"},"modified":"2022-06-14T16:51:00","modified_gmt":"2022-06-14T16:51:00","slug":"segunda-especialidad-2022","status":"publish","type":"page","link":"https:\/\/transparencia.unap.edu.pe\/web\/segunda-especialidad-2022\/","title":{"rendered":"SEGUNDA ESPECIALIDAD 2022"},"content":{"rendered":"\t\t<div data-elementor-type=\"wp-page\" data-elementor-id=\"6304\" class=\"elementor elementor-6304\" data-elementor-post-type=\"page\">\n\t\t\t\t\t\t<section class=\"elementor-section elementor-top-section elementor-element elementor-element-6961cd8 elementor-section-boxed elementor-section-height-default elementor-section-height-default\" data-id=\"6961cd8\" data-element_type=\"section\" data-e-type=\"section\">\n\t\t\t\t\t\t<div class=\"elementor-container elementor-column-gap-default\">\n\t\t\t\t\t<div class=\"elementor-column elementor-col-100 elementor-top-column elementor-element elementor-element-513b322\" data-id=\"513b322\" data-element_type=\"column\" data-e-type=\"column\">\n\t\t\t<div class=\"elementor-widget-wrap elementor-element-populated\">\n\t\t\t\t\t\t<div class=\"elementor-element elementor-element-7b4d128 elementor-widget elementor-widget-text-editor\" data-id=\"7b4d128\" data-element_type=\"widget\" data-e-type=\"widget\" data-widget_type=\"text-editor.default\">\n\t\t\t\t<div class=\"elementor-widget-container\">\n\t\t\t\t\t\t\t\t\t<table width=\"777\"><tbody><tr><td rowspan=\"2\" width=\"161\">Facultad<\/td><td rowspan=\"2\" width=\"357\">Segunda Especialidad\u00a0<\/td><td width=\"85\">POSTULANTES<\/td><td width=\"80\">INGRESANTES<\/td><td width=\"94\">MATRICULADOS<\/td><\/tr><tr><td>Total<\/td><td>Total<\/td><td>Total<\/td><\/tr><tr><td>Facultad de Economia<\/td><td>Formulaci\u00f3n y Evaluaci\u00f3n de Proyectos de Inversi\u00f3n<\/td><td>34<\/td><td>34<\/td><td>34<\/td><\/tr><tr><td width=\"161\">Facultad de Ingenier\u00eda Geol\u00f3gica<\/td><td>Seguridad, Salud Ocupacional y Medio Ambiente<\/td><td>57<\/td><td>57<\/td><td>57<\/td><\/tr><tr><td rowspan=\"10\">Facultad de Educaci\u00f3n<\/td><td>Did\u00e1ctica Universitaria<\/td><td>100<\/td><td>100<\/td><td>100<\/td><\/tr><tr><td>Educaci\u00f3n B\u00e1sica Alternativa\u00a0<\/td><td>775<\/td><td>775<\/td><td>775<\/td><\/tr><tr><td>Tecnolog\u00eda Computacional e Inform\u00e1tica Educativa<\/td><td>168<\/td><td>168<\/td><td>168<\/td><\/tr><tr><td>Gesti\u00f3n y Administraci\u00f3n Educativa<\/td><td>57<\/td><td>57<\/td><td>57<\/td><\/tr><tr><td>\u00a0Psicolog\u00eda Educativa<\/td><td>189<\/td><td>189<\/td><td>189<\/td><\/tr><tr><td>Psicomotrocidad<\/td><td>41<\/td><td>41<\/td><td>41<\/td><\/tr><tr><td>Investigaci\u00f3n Educativa<\/td><td>83<\/td><td>83<\/td><td>83<\/td><\/tr><tr><td>Educaci\u00f3n Intercultural Biling\u00fce Quechua y Aimara\u00a0\u00a0<\/td><td>98<\/td><td>98<\/td><td>98<\/td><\/tr><tr><td>Ciencias Sociales<\/td><td>153<\/td><td>153<\/td><td>153<\/td><\/tr><tr><td>Docencia en Idioma Extranjero Ingles<\/td><td>130<\/td><td>130<\/td><td>130<\/td><\/tr><tr><td width=\"161\">Facultad de Ciencias Biol\u00f3gicas<\/td><td>Laboratorio Clinico y Biolog\u00edco<\/td><td>40<\/td><td>40<\/td><td>40<\/td><\/tr><tr><td width=\"161\">\u00a0<\/td><td>Total<\/td><td>1925<\/td><td>1925<\/td><td>1925<\/td><\/tr><\/tbody><\/table>\t\t\t\t\t\t\t\t<\/div>\n\t\t\t\t<\/div>\n\t\t\t\t\t<\/div>\n\t\t<\/div>\n\t\t\t\t\t<\/div>\n\t\t<\/section>\n\t\t\t\t<\/div>\n\t\t","protected":false},"excerpt":{"rendered":"<p>Facultad Segunda Especialidad&nbsp; POSTULANTES INGRESANTES MATRICULADOS Total Total Total Facultad de Economia Formulaci\u00f3n y Evaluaci\u00f3n de Proyectos de Inversi\u00f3n 34 34 34 Facultad de Ingenier\u00eda Geol\u00f3gica Seguridad, Salud Ocupacional y Medio Ambiente 57 57 57 Facultad de Educaci\u00f3n Did\u00e1ctica Universitaria 100 100 100 Educaci\u00f3n B\u00e1sica Alternativa&nbsp; 775 775 775 Tecnolog\u00eda Computacional e Inform\u00e1tica Educativa 168&hellip;<\/p>\n","protected":false},"author":1,"featured_media":0,"parent":0,"menu_order":0,"comment_status":"closed","ping_status":"closed","template":"","meta":{"_acf_changed":false,"footnotes":""},"class_list":["post-6304","page","type-page","status-publish","hentry"],"acf":[],"_links":{"self":[{"href":"https:\/\/transparencia.unap.edu.pe\/web\/wp-json\/wp\/v2\/pages\/6304","targetHints":{"allow":["GET"]}}],"collection":[{"href":"https:\/\/transparencia.unap.edu.pe\/web\/wp-json\/wp\/v2\/pages"}],"about":[{"href":"https:\/\/transparencia.unap.edu.pe\/web\/wp-json\/wp\/v2\/types\/page"}],"author":[{"embeddable":true,"href":"https:\/\/transparencia.unap.edu.pe\/web\/wp-json\/wp\/v2\/users\/1"}],"replies":[{"embeddable":true,"href":"https:\/\/transparencia.unap.edu.pe\/web\/wp-json\/wp\/v2\/comments?post=6304"}],"version-history":[{"count":3,"href":"https:\/\/transparencia.unap.edu.pe\/web\/wp-json\/wp\/v2\/pages\/6304\/revisions"}],"predecessor-version":[{"id":6307,"href":"https:\/\/transparencia.unap.edu.pe\/web\/wp-json\/wp\/v2\/pages\/6304\/revisions\/6307"}],"wp:attachment":[{"href":"https:\/\/transparencia.unap.edu.pe\/web\/wp-json\/wp\/v2\/media?parent=6304"}],"curies":[{"name":"wp","href":"https:\/\/api.w.org\/{rel}","templated":true}]}}