{"id":6466,"date":"2022-07-14T14:17:07","date_gmt":"2022-07-14T14:17:07","guid":{"rendered":"https:\/\/transparencia.unap.edu.pe\/web\/?page_id=6466"},"modified":"2023-03-20T00:24:14","modified_gmt":"2023-03-20T00:24:14","slug":"direccion-de-la-universidad-nacional-del-altiplano","status":"publish","type":"page","link":"https:\/\/transparencia.unap.edu.pe\/web\/direccion-de-la-universidad-nacional-del-altiplano\/","title":{"rendered":"Direcci\u00f3n de la Universidad Nacional del Altiplano"},"content":{"rendered":"\t\t<div data-elementor-type=\"wp-page\" data-elementor-id=\"6466\" class=\"elementor elementor-6466\" data-elementor-post-type=\"page\">\n\t\t\t\t\t\t<section class=\"elementor-section elementor-top-section elementor-element elementor-element-9e53f65 elementor-section-boxed elementor-section-height-default elementor-section-height-default\" data-id=\"9e53f65\" data-element_type=\"section\" data-e-type=\"section\">\n\t\t\t\t\t\t<div class=\"elementor-container elementor-column-gap-default\">\n\t\t\t\t\t<div class=\"elementor-column elementor-col-100 elementor-top-column elementor-element elementor-element-72f5e76\" data-id=\"72f5e76\" data-element_type=\"column\" data-e-type=\"column\">\n\t\t\t<div class=\"elementor-widget-wrap elementor-element-populated\">\n\t\t\t\t\t\t<div class=\"elementor-element elementor-element-48ca7b4 elementor-widget elementor-widget-text-editor\" data-id=\"48ca7b4\" data-element_type=\"widget\" data-e-type=\"widget\" data-widget_type=\"text-editor.default\">\n\t\t\t\t<div class=\"elementor-widget-container\">\n\t\t\t\t\t\t\t\t\t<div id=\"contenido\"><h3>Campus Universitario<\/h3><p>La Universidad Nacional del Altiplano de Puno es una universidad p\u00fablica ubicada en la ciudad de Puno, Per\u00fa. Es una de las primeras universidades p\u00fablicas fundadas en 1856 a iniciativa de la poblaci\u00f3n del Departamento de Puno.<\/p><h5 style=\"text-align: center;\"><br \/><strong>Direcci\u00f3n: Avenida Floral 1153 &#8211; Puno<\/strong><\/h5><ul><li style=\"list-style-type: none;\"><ul><li><iframe src=\"https:\/\/www.google.com\/maps\/embed?pb=!1m18!1m12!1m3!1d3838.6124663030682!2d-70.01844308452887!3d-15.824375327910257!2m3!1f0!2f0!3f0!3m2!1i1024!2i768!4f13.1!3m3!1m2!1s0x915d69babb63e6cf%3A0xf24057bf79de0852!2sUniversidad+Nacional+Del+Altiplano!5e0!3m2!1ses-419!2spe!4v1546106063409\" width=\"600\" height=\"450\" frameborder=\"0\" allowfullscreen=\"allowfullscreen\" data-mce-fragment=\"1\"><\/iframe><\/li><\/ul><\/li><\/ul><h3>Sede Administrativa &#8211; Edificio Educaci\u00f3n Continua<\/h3><h5 style=\"text-align: center;\"><strong>Direcci\u00f3n: Avenida El Sol 329 &#8211; Barrio Bellavista &#8211; Puno<\/strong><\/h5><p><img decoding=\"async\" class=\"aligncenter\" src=\"https:\/\/transparencia.unap.edu.pe\/pep\/imagenes\/educacioncontinua.jpg\" \/><\/p><\/div>\t\t\t\t\t\t\t\t<\/div>\n\t\t\t\t<\/div>\n\t\t\t\t\t<\/div>\n\t\t<\/div>\n\t\t\t\t\t<\/div>\n\t\t<\/section>\n\t\t\t\t<\/div>\n\t\t","protected":false},"excerpt":{"rendered":"<p>Campus Universitario La Universidad Nacional del Altiplano de Puno es una universidad p\u00fablica ubicada en la ciudad de Puno, Per\u00fa. Es una de las primeras universidades p\u00fablicas fundadas en 1856 a iniciativa de la poblaci\u00f3n del Departamento de Puno. Direcci\u00f3n: Avenida Floral 1153 &#8211; Puno Sede Administrativa &#8211; Edificio Educaci\u00f3n Continua Direcci\u00f3n: Avenida El Sol&hellip;<\/p>\n","protected":false},"author":1,"featured_media":0,"parent":0,"menu_order":0,"comment_status":"closed","ping_status":"closed","template":"","meta":{"_acf_changed":false,"footnotes":""},"class_list":["post-6466","page","type-page","status-publish","hentry"],"acf":[],"_links":{"self":[{"href":"https:\/\/transparencia.unap.edu.pe\/web\/wp-json\/wp\/v2\/pages\/6466","targetHints":{"allow":["GET"]}}],"collection":[{"href":"https:\/\/transparencia.unap.edu.pe\/web\/wp-json\/wp\/v2\/pages"}],"about":[{"href":"https:\/\/transparencia.unap.edu.pe\/web\/wp-json\/wp\/v2\/types\/page"}],"author":[{"embeddable":true,"href":"https:\/\/transparencia.unap.edu.pe\/web\/wp-json\/wp\/v2\/users\/1"}],"replies":[{"embeddable":true,"href":"https:\/\/transparencia.unap.edu.pe\/web\/wp-json\/wp\/v2\/comments?post=6466"}],"version-history":[{"count":3,"href":"https:\/\/transparencia.unap.edu.pe\/web\/wp-json\/wp\/v2\/pages\/6466\/revisions"}],"predecessor-version":[{"id":9031,"href":"https:\/\/transparencia.unap.edu.pe\/web\/wp-json\/wp\/v2\/pages\/6466\/revisions\/9031"}],"wp:attachment":[{"href":"https:\/\/transparencia.unap.edu.pe\/web\/wp-json\/wp\/v2\/media?parent=6466"}],"curies":[{"name":"wp","href":"https:\/\/api.w.org\/{rel}","templated":true}]}}