{"id":8741,"date":"2016-01-29T10:17:54","date_gmt":"2016-01-29T10:17:54","guid":{"rendered":"https:\/\/the7.io\/beauty-studio\/?page_id=17"},"modified":"2023-04-13T12:21:47","modified_gmt":"2023-04-13T12:21:47","slug":"normativa","status":"publish","type":"page","link":"https:\/\/transparencia.unap.edu.pe\/web\/nosotros\/normativa\/","title":{"rendered":"Normativa"},"content":{"rendered":"<div class=\"wpb-content-wrapper\"><p>[vc_row][vc_column]<div class=\"standard-arrow list-divider bullet-top\"><ul>\n<li><a href=\"https:\/\/leyes.congreso.gob.pe\/Documentos\/Leyes\/27806.pdf\">Ley 27806 &#8211; Ley de Transparencia y Acceso a la Informaci\u00f3n p\u00fablica<\/a><\/li>\n<li><a href=\"https:\/\/cdn.www.gob.pe\/uploads\/document\/file\/1276419\/Reglamento%20de%20la%20Ley%20de%20Transparencia%20y%20Acceso%20a%20la%20Informaci\u00f3n%20P\u00fablica%20.pdf?v=1598983512\">Reglamento de la Ley 27806 &#8211; Ley de Transparencia y Acceso a la Informaci\u00f3n P\u00fablica<\/a><\/li>\n<li><a href=\"https:\/\/cdn.www.gob.pe\/uploads\/document\/file\/1901001\/Lineamiento%20para%20Implementaci%C3%B3n%20y%20Actualizaci%C3%B3n%20del%20PTE%20en%20entidades%20de%20Administraci%C3%B3n%20P%C3%BAblica.pdf\">Lineamientos para implementaci\u00f3n y actualizaci\u00f3n del PTE en entidades de la administraci\u00f3n p\u00fablica<\/a><\/li>\n<li><a href=\"https:\/\/transparencia.unap.edu.pe\/web\/resolucion_rectoral\/resolucion-rectoral-3507-2019-r-una\/\">Directiva de Acceso a la informaci\u00f3n p\u00fablica<\/a><\/li>\n<li><a href=\"https:\/\/www4.congreso.gob.pe\/historico\/cip\/materiales\/delitos_omision\/ley27444.pdf\">Ley 27444 Ley de Procedimiento Administrativo General.<\/a><\/li>\n<\/ul>\n<\/div>[\/vc_column][\/vc_row]<\/p>\n<\/div>","protected":false},"excerpt":{"rendered":"<p>[vc_row][vc_column][\/vc_column][\/vc_row]<\/p>\n","protected":false},"author":1,"featured_media":0,"parent":8727,"menu_order":200,"comment_status":"closed","ping_status":"closed","template":"","meta":{"_acf_changed":false,"footnotes":""},"class_list":["post-8741","page","type-page","status-publish","hentry","description-off"],"acf":[],"_links":{"self":[{"href":"https:\/\/transparencia.unap.edu.pe\/web\/wp-json\/wp\/v2\/pages\/8741","targetHints":{"allow":["GET"]}}],"collection":[{"href":"https:\/\/transparencia.unap.edu.pe\/web\/wp-json\/wp\/v2\/pages"}],"about":[{"href":"https:\/\/transparencia.unap.edu.pe\/web\/wp-json\/wp\/v2\/types\/page"}],"author":[{"embeddable":true,"href":"https:\/\/transparencia.unap.edu.pe\/web\/wp-json\/wp\/v2\/users\/1"}],"replies":[{"embeddable":true,"href":"https:\/\/transparencia.unap.edu.pe\/web\/wp-json\/wp\/v2\/comments?post=8741"}],"version-history":[{"count":3,"href":"https:\/\/transparencia.unap.edu.pe\/web\/wp-json\/wp\/v2\/pages\/8741\/revisions"}],"predecessor-version":[{"id":9132,"href":"https:\/\/transparencia.unap.edu.pe\/web\/wp-json\/wp\/v2\/pages\/8741\/revisions\/9132"}],"up":[{"embeddable":true,"href":"https:\/\/transparencia.unap.edu.pe\/web\/wp-json\/wp\/v2\/pages\/8727"}],"wp:attachment":[{"href":"https:\/\/transparencia.unap.edu.pe\/web\/wp-json\/wp\/v2\/media?parent=8741"}],"curies":[{"name":"wp","href":"https:\/\/api.w.org\/{rel}","templated":true}]}}