{"id":8850,"date":"2023-02-26T06:35:39","date_gmt":"2023-02-26T06:35:39","guid":{"rendered":"http:\/\/localhost\/transparencia\/?page_id=8850"},"modified":"2023-02-26T06:50:43","modified_gmt":"2023-02-26T06:50:43","slug":"directivas-de-vicerrectorado-de-investigacion","status":"publish","type":"page","link":"https:\/\/transparencia.unap.edu.pe\/web\/directivas-de-vicerrectorado-de-investigacion\/","title":{"rendered":"Directivas y Reglamentos de Vicerrectorado de Investigaci\u00f3n"},"content":{"rendered":"\t\t<div data-elementor-type=\"wp-page\" data-elementor-id=\"8850\" class=\"elementor elementor-8850\" data-elementor-post-type=\"page\">\n\t\t\t\t\t\t<section class=\"elementor-section elementor-top-section elementor-element elementor-element-e926f93 elementor-section-boxed elementor-section-height-default elementor-section-height-default\" data-id=\"e926f93\" data-element_type=\"section\" data-e-type=\"section\">\n\t\t\t\t\t\t<div class=\"elementor-container elementor-column-gap-default\">\n\t\t\t\t\t<div class=\"elementor-column elementor-col-50 elementor-top-column elementor-element elementor-element-2015d4d\" data-id=\"2015d4d\" data-element_type=\"column\" data-e-type=\"column\">\n\t\t\t<div class=\"elementor-widget-wrap elementor-element-populated\">\n\t\t\t\t\t\t<div class=\"elementor-element elementor-element-d39f6a2 elementor-widget elementor-widget-shortcode\" data-id=\"d39f6a2\" data-element_type=\"widget\" data-e-type=\"widget\" data-widget_type=\"shortcode.default\">\n\t\t\t\t<div class=\"elementor-widget-container\">\n\t\t\t\t\t\t\t<div class=\"elementor-shortcode\"><div class=\"facetwp-facet facetwp-facet-busqueda_por_titulo_directiva facetwp-type-search\" data-name=\"busqueda_por_titulo_directiva\" data-type=\"search\"><\/div><\/div>\n\t\t\t\t\t\t<\/div>\n\t\t\t\t<\/div>\n\t\t\t\t\t<\/div>\n\t\t<\/div>\n\t\t\t\t<div class=\"elementor-column elementor-col-50 elementor-top-column elementor-element elementor-element-164052e\" data-id=\"164052e\" data-element_type=\"column\" data-e-type=\"column\">\n\t\t\t<div class=\"elementor-widget-wrap elementor-element-populated\">\n\t\t\t\t\t\t<div class=\"elementor-element elementor-element-6eb788e elementor-widget elementor-widget-shortcode\" data-id=\"6eb788e\" data-element_type=\"widget\" data-e-type=\"widget\" data-widget_type=\"shortcode.default\">\n\t\t\t\t<div class=\"elementor-widget-container\">\n\t\t\t\t\t\t\t<div class=\"elementor-shortcode\"><div class=\"facetwp-facet facetwp-facet-reglamentos_viceinvestigacion facetwp-type-date_range\" data-name=\"reglamentos_viceinvestigacion\" data-type=\"date_range\"><\/div><\/div>\n\t\t\t\t\t\t<\/div>\n\t\t\t\t<\/div>\n\t\t\t\t\t<\/div>\n\t\t<\/div>\n\t\t\t\t\t<\/div>\n\t\t<\/section>\n\t\t\t\t<section class=\"elementor-section elementor-top-section elementor-element elementor-element-8c6223e elementor-section-boxed elementor-section-height-default elementor-section-height-default\" data-id=\"8c6223e\" data-element_type=\"section\" data-e-type=\"section\">\n\t\t\t\t\t\t<div class=\"elementor-container elementor-column-gap-default\">\n\t\t\t\t\t<div class=\"elementor-column elementor-col-100 elementor-top-column elementor-element elementor-element-1fb5e9d\" data-id=\"1fb5e9d\" data-element_type=\"column\" data-e-type=\"column\">\n\t\t\t<div class=\"elementor-widget-wrap elementor-element-populated\">\n\t\t\t\t\t\t<div class=\"elementor-element elementor-element-3cfb950 elementor-widget elementor-widget-shortcode\" data-id=\"3cfb950\" data-element_type=\"widget\" data-e-type=\"widget\" data-widget_type=\"shortcode.default\">\n\t\t\t\t<div class=\"elementor-widget-container\">\n\t\t\t\t\t\t\t<div class=\"elementor-shortcode\"><div class=\"facetwp-template\" data-name=\"reglamentos_viceinvestigacion\"><div class=\"fwpl-layout el-rei1z5\"><div class=\"fwpl-result r1\"><div class=\"fwpl-row el-rarlh62\"><div class=\"fwpl-col fwpl-col el-fl74j\"><div class=\"fwpl-item el-hjr3g\">REGLAMENTO DE CREACI\u00d3N Y FORMALIZACI\u00d3N DE LOS INSTITUTOS DE INVESTIGACI\u00d3N, DE LA UNIVERSIDAD NACIONAL DEL ALTIPLANO DE PUNO<\/div><\/div><div class=\"fwpl-col fwpl-col el-afk8mp\"><div class=\"fwpl-item el-8ypr4o\">22\/10\/2021<\/div><\/div><div class=\"fwpl-col fwpl-col el-k8f2i\"><div class=\"fwpl-item el-x1v2cg\"><a href=\"https:\/\/transparencia.unap.edu.pe\/web\/reglamentos_directiv\/reglamento-de-creacion-y-formalizacion-de-los-institutos-de-investigacion-de-la-universidad-nacional-del-altiplano-de-puno\/\" class=\"fwpl-btn\">Ver<\/a><\/div><\/div><\/div><\/div><div class=\"fwpl-result r2\"><div class=\"fwpl-row el-rarlh62\"><div class=\"fwpl-col fwpl-col el-fl74j\"><div class=\"fwpl-item el-hjr3g\">REGLAMENTO DE GRADUACI\u00d3N ALTERNATIVA COMO MAESTRO Y DOCTOR CON LA PRESENTACI\u00d3N Y EXPOSICI\u00d3N DE ART\u00cdCULO CIENT\u00cdFICO COMO UNO DE LOS REQUISITOS A CUMPLIR EN EL PROCESO DE OBTENCI\u00d3N DEL RESPECTIVO GRADO ACAD\u00c9MICO<\/div><\/div><div class=\"fwpl-col fwpl-col el-afk8mp\"><div class=\"fwpl-item el-8ypr4o\">28\/09\/2021<\/div><\/div><div class=\"fwpl-col fwpl-col el-k8f2i\"><div class=\"fwpl-item el-x1v2cg\"><a href=\"https:\/\/transparencia.unap.edu.pe\/web\/reglamentos_directiv\/reglamento-de-graduacion-alternativa-como-maestro-y-doctor-con-la-presentacion-y-exposicion-de-articulo-cientifico-como-uno-de-los-requisitos-a-cumplir-en-el-proceso-de-obtencion-del-respectivo-grado\/\" class=\"fwpl-btn\">Ver<\/a><\/div><\/div><\/div><\/div><div class=\"fwpl-result r3\"><div class=\"fwpl-row el-rarlh62\"><div class=\"fwpl-col fwpl-col el-fl74j\"><div class=\"fwpl-item el-hjr3g\">REGLAMENTO DEL PROCESO DE EXPOSICI\u00d3N Y DEFENSA DE LA TESIS EN FORMA NO PRESENCIAL, COMO UNO DE LOS REQUISITOS A CUMPLIR DURANTE EL PROCESO DE OBTENCI\u00d3N DEL RESPECTIVO T\u00cdTULO PROFESIONAL<\/div><\/div><div class=\"fwpl-col fwpl-col el-afk8mp\"><div class=\"fwpl-item el-8ypr4o\">28\/09\/2021<\/div><\/div><div class=\"fwpl-col fwpl-col el-k8f2i\"><div class=\"fwpl-item el-x1v2cg\"><a href=\"https:\/\/transparencia.unap.edu.pe\/web\/reglamentos_directiv\/reglamento-del-proceso-de-exposicion-y-defensa-de-la-tesis-en-forma-no-presencial-como-uno-de-los-requisitos-a-cumplir-durante-el-proceso-de-obtencion-del-respectivo-titulo-profesional\/\" class=\"fwpl-btn\">Ver<\/a><\/div><\/div><\/div><\/div><div class=\"fwpl-result r4\"><div class=\"fwpl-row el-rarlh62\"><div class=\"fwpl-col fwpl-col el-fl74j\"><div class=\"fwpl-item el-hjr3g\">REGLAMENTO DE OBTENCI\u00d3N DEL GRADO Y\/O T\u00cdTULO DE EGRESADOS Y BACHILLERES DE UNIVERSIDADES O PROGRAMAS CON LICENCIA DENEGADA EN LA UNIVERSIDAD NACIONAL DEL ALTIPLANO DE PUNO<\/div><\/div><div class=\"fwpl-col fwpl-col el-afk8mp\"><div class=\"fwpl-item el-8ypr4o\">17\/09\/2021<\/div><\/div><div class=\"fwpl-col fwpl-col el-k8f2i\"><div class=\"fwpl-item el-x1v2cg\"><a href=\"https:\/\/transparencia.unap.edu.pe\/web\/reglamentos_directiv\/reglamento-de-obtencion-del-grado-y-o-titulo-de-egresados-y-bachilleres-de-universidades-o-programas-con-licencia-denegada-en-la-universidad-nacional-del-altiplano-de-puno\/\" class=\"fwpl-btn\">Ver<\/a><\/div><\/div><\/div><\/div><div class=\"fwpl-result r5\"><div class=\"fwpl-row el-rarlh62\"><div class=\"fwpl-col fwpl-col el-fl74j\"><div class=\"fwpl-item el-hjr3g\">REGLAMENTO DE LA PROPIEDAD INTELECTUAL<\/div><\/div><div class=\"fwpl-col fwpl-col el-afk8mp\"><div class=\"fwpl-item el-8ypr4o\">03\/06\/2021<\/div><\/div><div class=\"fwpl-col fwpl-col el-k8f2i\"><div class=\"fwpl-item el-x1v2cg\"><a href=\"https:\/\/transparencia.unap.edu.pe\/web\/reglamentos_directiv\/reglamento-de-la-propiedad-intelectual\/\" class=\"fwpl-btn\">Ver<\/a><\/div><\/div><\/div><\/div><div class=\"fwpl-result r6\"><div class=\"fwpl-row el-rarlh62\"><div class=\"fwpl-col fwpl-col el-fl74j\"><div class=\"fwpl-item el-hjr3g\">REGLAMENTO DEL DOCENTE INVESTIGADOR DE LA UNIVERSIDAD NACIONAL DEL ALTIPLANO DE PUNO<\/div><\/div><div class=\"fwpl-col fwpl-col el-afk8mp\"><div class=\"fwpl-item el-8ypr4o\">28\/12\/2020<\/div><\/div><div class=\"fwpl-col fwpl-col el-k8f2i\"><div class=\"fwpl-item el-x1v2cg\"><a href=\"https:\/\/transparencia.unap.edu.pe\/web\/reglamentos_directiv\/reglamento-del-docente-investigador-de-la-universidad-nacional-del-altiplano-de-puno\/\" class=\"fwpl-btn\">Ver<\/a><\/div><\/div><\/div><\/div><div class=\"fwpl-result r7\"><div class=\"fwpl-row el-rarlh62\"><div class=\"fwpl-col fwpl-col el-fl74j\"><div class=\"fwpl-item el-hjr3g\">REGLAMENTO DE USO DEL SOFTWARE DE CONTROL DE SIMILITUD Y DETECCI\u00d3N DE PLAGIO EN TRABAJOS ACAD\u00c9MICOS Y DE INVESTIGACI\u00d3N<\/div><\/div><div class=\"fwpl-col fwpl-col el-afk8mp\"><div class=\"fwpl-item el-8ypr4o\">07\/10\/2020<\/div><\/div><div class=\"fwpl-col fwpl-col el-k8f2i\"><div class=\"fwpl-item el-x1v2cg\"><a href=\"https:\/\/transparencia.unap.edu.pe\/web\/reglamentos_directiv\/reglamento-de-uso-del-software-de-control-de-similitud-y-deteccion-de-plagio-en-trabajos-academicos-y-de-investigacion\/\" class=\"fwpl-btn\">Ver<\/a><\/div><\/div><\/div><\/div><div class=\"fwpl-result r8\"><div class=\"fwpl-row el-rarlh62\"><div class=\"fwpl-col fwpl-col el-fl74j\"><div class=\"fwpl-item el-hjr3g\">REGLAMENTO DE PRESENTACI\u00d3N, DICTAMEN DE BORRADORES Y DEFENSA DE LA TESIS<\/div><\/div><div class=\"fwpl-col fwpl-col el-afk8mp\"><div class=\"fwpl-item el-8ypr4o\">29\/07\/2020<\/div><\/div><div class=\"fwpl-col fwpl-col el-k8f2i\"><div class=\"fwpl-item el-x1v2cg\"><a href=\"https:\/\/transparencia.unap.edu.pe\/web\/reglamentos_directiv\/reglamento-de-presentacion-dictamen-de-borradores-y-defensa-de-la-tesis\/\" class=\"fwpl-btn\">Ver<\/a><\/div><\/div><\/div><\/div><div class=\"fwpl-result r9\"><div class=\"fwpl-row el-rarlh62\"><div class=\"fwpl-col fwpl-col el-fl74j\"><div class=\"fwpl-item el-hjr3g\">REGLAMENTO DEL REGISTRO, PRESENTACI\u00d3N Y DICTAMEN DE LOS PROYECTOS DE TESIS DE PREGRADO<\/div><\/div><div class=\"fwpl-col fwpl-col el-afk8mp\"><div class=\"fwpl-item el-8ypr4o\">29\/07\/2020<\/div><\/div><div class=\"fwpl-col fwpl-col el-k8f2i\"><div class=\"fwpl-item el-x1v2cg\"><a href=\"https:\/\/transparencia.unap.edu.pe\/web\/reglamentos_directiv\/reglamento-del-registro-presentacion-y-dictamen-de-los-proyectos-de-tesis-de-pregrado\/\" class=\"fwpl-btn\">Ver<\/a><\/div><\/div><\/div><\/div><div class=\"fwpl-result r10\"><div class=\"fwpl-row el-rarlh62\"><div class=\"fwpl-col fwpl-col el-fl74j\"><div class=\"fwpl-item el-hjr3g\">MODIFICACI\u00d3N DEL ART\u00cdCULO 27 DEL REGLAMENTO DE GRADOS Y T\u00cdTULOS 2016 DE LA UNIVERSIDAD NACIONAL DEL ALTIPLANO DE PUNO<\/div><\/div><div class=\"fwpl-col fwpl-col el-afk8mp\"><div class=\"fwpl-item el-8ypr4o\">29\/07\/2020<\/div><\/div><div class=\"fwpl-col fwpl-col el-k8f2i\"><div class=\"fwpl-item el-x1v2cg\"><a href=\"https:\/\/transparencia.unap.edu.pe\/web\/reglamentos_directiv\/modificacion-del-articulo-27-del-reglamento-de-grados-y-titulos-2016-de-la-universidad-nacional-del-altiplano-de-puno\/\" class=\"fwpl-btn\">Ver<\/a><\/div><\/div><\/div><\/div><\/div>\n<style>\n.fwpl-layout, .fwpl-row {\n    display: grid;\n}\n.fwpl-layout.el-rei1z5 {\n    grid-template-columns: repeat(1, 1fr);\n    grid-gap: 10px;\n}\n.fwpl-btn {\n    text-decoration: none;\n}\n.fwpl-row.el-rarlh62 {\n    grid-template-columns: 53.9% 25.1% 1fr;\n}\n.fwpl-item.el-hjr3g {\n    text-align: center;\n}\n.fwpl-item.el-8ypr4o {\n    text-align: center;\n}\n.fwpl-col.el-k8f2i {\n    text-align: center;\n}\n@media (max-width: 480px) { \n    body .facetwp-template .fwpl-layout,  \n    body .facetwp-template-static .fwpl-layout { grid-template-columns: 1fr; } \n} \n\n<\/style>\n<\/div>\n\n<div class=\"facetwp-facet facetwp-facet-paginador facetwp-type-pager\" data-name=\"paginador\" data-type=\"pager\"><\/div><\/div>\n\t\t\t\t\t\t<\/div>\n\t\t\t\t<\/div>\n\t\t\t\t\t<\/div>\n\t\t<\/div>\n\t\t\t\t\t<\/div>\n\t\t<\/section>\n\t\t\t\t<\/div>\n\t\t","protected":false},"excerpt":{"rendered":"<p>REGLAMENTO DE CREACI\u00d3N Y FORMALIZACI\u00d3N DE LOS INSTITUTOS DE INVESTIGACI\u00d3N, DE LA UNIVERSIDAD NACIONAL DEL ALTIPLANO DE PUNO22\/10\/2021VerREGLAMENTO DE GRADUACI\u00d3N ALTERNATIVA COMO MAESTRO Y DOCTOR CON LA PRESENTACI\u00d3N Y EXPOSICI\u00d3N DE ART\u00cdCULO CIENT\u00cdFICO COMO UNO DE LOS REQUISITOS A CUMPLIR EN EL PROCESO DE OBTENCI\u00d3N DEL RESPECTIVO GRADO ACAD\u00c9MICO28\/09\/2021VerREGLAMENTO DEL PROCESO DE EXPOSICI\u00d3N Y DEFENSA&hellip;<\/p>\n","protected":false},"author":1,"featured_media":0,"parent":0,"menu_order":0,"comment_status":"closed","ping_status":"closed","template":"","meta":{"_acf_changed":false,"footnotes":""},"class_list":["post-8850","page","type-page","status-publish","hentry"],"acf":[],"_links":{"self":[{"href":"https:\/\/transparencia.unap.edu.pe\/web\/wp-json\/wp\/v2\/pages\/8850","targetHints":{"allow":["GET"]}}],"collection":[{"href":"https:\/\/transparencia.unap.edu.pe\/web\/wp-json\/wp\/v2\/pages"}],"about":[{"href":"https:\/\/transparencia.unap.edu.pe\/web\/wp-json\/wp\/v2\/types\/page"}],"author":[{"embeddable":true,"href":"https:\/\/transparencia.unap.edu.pe\/web\/wp-json\/wp\/v2\/users\/1"}],"replies":[{"embeddable":true,"href":"https:\/\/transparencia.unap.edu.pe\/web\/wp-json\/wp\/v2\/comments?post=8850"}],"version-history":[{"count":8,"href":"https:\/\/transparencia.unap.edu.pe\/web\/wp-json\/wp\/v2\/pages\/8850\/revisions"}],"predecessor-version":[{"id":8859,"href":"https:\/\/transparencia.unap.edu.pe\/web\/wp-json\/wp\/v2\/pages\/8850\/revisions\/8859"}],"wp:attachment":[{"href":"https:\/\/transparencia.unap.edu.pe\/web\/wp-json\/wp\/v2\/media?parent=8850"}],"curies":[{"name":"wp","href":"https:\/\/api.w.org\/{rel}","templated":true}]}}