{"id":9756,"date":"2023-12-01T15:05:16","date_gmt":"2023-12-01T15:05:16","guid":{"rendered":"https:\/\/transparencia.unap.edu.pe\/web\/?page_id=9756"},"modified":"2023-12-01T15:05:17","modified_gmt":"2023-12-01T15:05:17","slug":"estudiantes-matriculados-2023-ii","status":"publish","type":"page","link":"https:\/\/transparencia.unap.edu.pe\/web\/estudiantes-matriculados-2023-ii\/","title":{"rendered":"ESTUDIANTES MATRICULADOS &#8211; 2023 II"},"content":{"rendered":"<table width=\"721\">\n<tbody>\n<tr>\n<td colspan=\"5\" width=\"721\">UNIVERSIDAD NACIONAL DEL ALTIPLANO<\/td>\n<\/tr>\n<tr>\n<td colspan=\"5\">ESTUDIANTES MATRICULADOS &#8211; PREGRADO<\/td>\n<\/tr>\n<tr>\n<td colspan=\"5\">Periodo: 2023-II<\/td>\n<\/tr>\n<tr>\n<td>N\u00ba<\/td>\n<td>FACULTAD<\/td>\n<td>ESCUELA\u00a0\u00a0 PROFESIONAL<\/td>\n<td>PROGRAMA\u00a0 DE\u00a0 ESTUDIO<\/td>\n<td>TOTAL<\/td>\n<\/tr>\n<tr>\n<td rowspan=\"3\">1<\/td>\n<td rowspan=\"3\">CIENCIAS AGRARIAS<\/td>\n<td>Ingenier\u00eda Agron\u00f3mica<\/td>\n<td>Ingenier\u00eda Agron\u00f3mica<\/td>\n<td>478<\/td>\n<\/tr>\n<tr>\n<td>Ingenier\u00eda Agroindustrial<\/td>\n<td>Ingenier\u00eda Agroindustrial<\/td>\n<td>311<\/td>\n<\/tr>\n<tr>\n<td>Ingenier\u00eda Topogr\u00e1fica y Agrimensura<\/td>\n<td>Ingenier\u00eda Topogr\u00e1fica y Agrimensura<\/td>\n<td>497<\/td>\n<\/tr>\n<tr>\n<td>2<\/td>\n<td>MEDICINA VETERINARIA Y ZOOTECNIA<\/td>\n<td>Medicina Veterinaria y Zootecnia<\/td>\n<td>Medicina Veterinaria y Zootecnia<\/td>\n<td>655<\/td>\n<\/tr>\n<tr>\n<td>3<\/td>\n<td>INGENIER\u00cdA ECON\u00d3MICA<\/td>\n<td>Ingenier\u00eda Econ\u00f3mica<\/td>\n<td>Ingenier\u00eda Econ\u00f3mica<\/td>\n<td>754<\/td>\n<\/tr>\n<tr>\n<td rowspan=\"2\" width=\"24\">4<\/td>\n<td rowspan=\"2\" width=\"217\">CIENCIAS CONTABLES Y ADMINISTRATIVAS<\/td>\n<td>Ciencias Contables<\/td>\n<td>Ciencias Contables<\/td>\n<td>929<\/td>\n<\/tr>\n<tr>\n<td>Administraci\u00f3n<\/td>\n<td>Administraci\u00f3n<\/td>\n<td>608<\/td>\n<\/tr>\n<tr>\n<td>5<\/td>\n<td>ENFERMER\u00cdA<\/td>\n<td>Enfermer\u00eda<\/td>\n<td>Enfermer\u00eda<\/td>\n<td>497<\/td>\n<\/tr>\n<tr>\n<td>6<\/td>\n<td>TRABAJO\u00a0 SOCIAL<\/td>\n<td>Trabajo Social<\/td>\n<td>Trabajo Social<\/td>\n<td>589<\/td>\n<\/tr>\n<tr>\n<td>7<\/td>\n<td>INGENIER\u00cdA\u00a0 DE\u00a0 MINAS<\/td>\n<td>Ingenier\u00eda de Minas<\/td>\n<td>Ingenier\u00eda de Minas<\/td>\n<td>567<\/td>\n<\/tr>\n<tr>\n<td rowspan=\"8\">8<\/td>\n<td rowspan=\"8\">CIENCIAS\u00a0 SOCIALES<\/td>\n<td>Sociolog\u00eda<\/td>\n<td>Sociolog\u00eda<\/td>\n<td>486<\/td>\n<\/tr>\n<tr>\n<td>Tur\u00edsmo<\/td>\n<td>Tur\u00edsmo<\/td>\n<td>478<\/td>\n<\/tr>\n<tr>\n<td>Antropolog\u00eda<\/td>\n<td>Antropolog\u00eda<\/td>\n<td>375<\/td>\n<\/tr>\n<tr>\n<td>Ciencias de la Comunicaci\u00f3n Social<\/td>\n<td>Ciencias de la Comunicaci\u00f3n Social<\/td>\n<td>429<\/td>\n<\/tr>\n<tr>\n<td rowspan=\"4\">Arte<\/td>\n<td>M\u00fasica<\/td>\n<td rowspan=\"4\">535<\/td>\n<\/tr>\n<tr>\n<td>Artes Pl\u00e1sticas<\/td>\n<\/tr>\n<tr>\n<td>Danza<\/td>\n<\/tr>\n<tr>\n<td>Teatro<\/td>\n<\/tr>\n<tr>\n<td rowspan=\"3\">9<\/td>\n<td rowspan=\"3\">CIENCIAS\u00a0 BIOL\u00d3GICAS<\/td>\n<td rowspan=\"3\">Biolog\u00eda<\/td>\n<td>Pesquera<\/td>\n<td rowspan=\"3\">544<\/td>\n<\/tr>\n<tr>\n<td>Microbiolog\u00eda y Laboratorio Cl\u00ednico<\/td>\n<\/tr>\n<tr>\n<td>Ecolog\u00eda<\/td>\n<\/tr>\n<tr>\n<td rowspan=\"7\">10<\/td>\n<td rowspan=\"7\">CIENCIAS DE LA EDUCACI\u00d3N<\/td>\n<td rowspan=\"4\">Educaci\u00f3n Secundaria<\/td>\n<td>Lengua,Literatura,Psicolog. y Filosof.<\/td>\n<td rowspan=\"4\">1621<\/td>\n<\/tr>\n<tr>\n<td>Ciencias Sociales<\/td>\n<\/tr>\n<tr>\n<td>Matem\u00e1tica, F\u00edsica, Comput.e Inform.<\/td>\n<\/tr>\n<tr>\n<td>Ciencia Tecnolog\u00eda\u00a0 y Ambiente<\/td>\n<\/tr>\n<tr>\n<td>Educaci\u00f3n\u00a0 Fisica<\/td>\n<td>Educaci\u00f3n\u00a0 Fisica<\/td>\n<td>438<\/td>\n<\/tr>\n<tr>\n<td>Educaci\u00f3n\u00a0 Primaria<\/td>\n<td>Educaci\u00f3n\u00a0 Primaria<\/td>\n<td>474<\/td>\n<\/tr>\n<tr>\n<td>Educaci\u00f3n\u00a0 Inicial<\/td>\n<td>Educaci\u00f3n\u00a0 Inicial<\/td>\n<td>371<\/td>\n<\/tr>\n<tr>\n<td>11<\/td>\n<td>INGENIER. ESTAD\u00cdSTICA\u00a0 E\u00a0 INFORM\u00c1TICA<\/td>\n<td>Ingenier\u00eda\u00a0 Estad\u00edstica\u00a0 e\u00a0 Inform\u00e1tica<\/td>\n<td>Ingenier\u00eda\u00a0 Estad\u00edstica\u00a0 e\u00a0 Inform\u00e1tica<\/td>\n<td>407<\/td>\n<\/tr>\n<tr>\n<td rowspan=\"2\" width=\"24\">12<\/td>\n<td rowspan=\"2\" width=\"217\">INGENIER\u00cdA GEOL\u00d3GICA Y\u00a0 METALURGIA<\/td>\n<td>Ingenier\u00eda Geol\u00f3gica<\/td>\n<td>Ingenier\u00eda Geol\u00f3gica<\/td>\n<td>492<\/td>\n<\/tr>\n<tr>\n<td>Ingenier\u00eda\u00a0 Metal\u00fargica<\/td>\n<td>Ingenier\u00eda\u00a0 Metal\u00fargica<\/td>\n<td>355<\/td>\n<\/tr>\n<tr>\n<td>13<\/td>\n<td>CIENCIAS JUR\u00cdDICAS\u00a0 Y\u00a0 POL\u00cdTICAS<\/td>\n<td>Derecho<\/td>\n<td>Derecho<\/td>\n<td>684<\/td>\n<\/tr>\n<tr>\n<td>14<\/td>\n<td>INGENIER\u00cdA\u00a0 QU\u00cdMICA<\/td>\n<td>Ingenier\u00eda\u00a0 Qu\u00cdmica<\/td>\n<td>Ingenier\u00eda\u00a0 Qu\u00cdmica<\/td>\n<td>333<\/td>\n<\/tr>\n<tr>\n<td rowspan=\"2\">15<\/td>\n<td rowspan=\"2\">CIENCIAS DE LA SALUD<\/td>\n<td>Nutrici\u00f3n\u00a0 Humana<\/td>\n<td>Nutrici\u00f3n\u00a0 Humana<\/td>\n<td>444<\/td>\n<\/tr>\n<tr>\n<td>Odontolog\u00eda<\/td>\n<td>Odontolog\u00eda<\/td>\n<td>423<\/td>\n<\/tr>\n<tr>\n<td>16<\/td>\n<td>INGENIER\u00cdA AGR\u00cdCOLA<\/td>\n<td>Ingenier\u00eda\u00a0 Agr\u00edcola<\/td>\n<td>Ingenier\u00eda\u00a0 Agr\u00edcola<\/td>\n<td>406<\/td>\n<\/tr>\n<tr>\n<td rowspan=\"4\" width=\"24\">17<\/td>\n<td rowspan=\"4\" width=\"217\">INGENIER\u00cdA\u00a0 CIVIL\u00a0 Y\u00a0 ARQUITECTURA<\/td>\n<td>Ingenier\u00eda\u00a0 Civil<\/td>\n<td>Ingenier\u00eda\u00a0 Civil<\/td>\n<td>669<\/td>\n<\/tr>\n<tr>\n<td>Arquitectura\u00a0 y Urbanismo<\/td>\n<td>Arquitectura\u00a0 y\u00a0 Urbanismo<\/td>\n<td>454<\/td>\n<\/tr>\n<tr>\n<td rowspan=\"2\">Ciencias\u00a0 F\u00edsico &#8211; Matem\u00e1ticas<\/td>\n<td>F\u00edsica<\/td>\n<td rowspan=\"2\">333<\/td>\n<\/tr>\n<tr>\n<td>Matem\u00e1ticas<\/td>\n<\/tr>\n<tr>\n<td>18<\/td>\n<td>MEDICINA\u00a0 HUMANA<\/td>\n<td>Medicina\u00a0 Humana<\/td>\n<td>Medicina\u00a0 Humana<\/td>\n<td>398<\/td>\n<\/tr>\n<tr>\n<td rowspan=\"3\" width=\"24\">19<\/td>\n<td rowspan=\"3\" width=\"217\">INGENIER\u00cdA\u00a0 MEC\u00c1NICA\u00a0 EL\u00c9CTRICA, ELECTR\u00d3NICA Y SISTEMAS<\/td>\n<td>Ingenier\u00eda Mec\u00e1nica El\u00e9ctrica<\/td>\n<td>Ingenier\u00eda Mec\u00e1nica El\u00e9ctrica<\/td>\n<td>518<\/td>\n<\/tr>\n<tr>\n<td>Ingenier\u00eda\u00a0 Electr\u00f3nica<\/td>\n<td>Ingenier\u00eda\u00a0 Electr\u00f3nica<\/td>\n<td>427<\/td>\n<\/tr>\n<tr>\n<td>Ingenier\u00eda\u00a0 de\u00a0 Sistemas<\/td>\n<td>Ingenier\u00eda\u00a0 de\u00a0 Sistemas<\/td>\n<td>565<\/td>\n<\/tr>\n<tr>\n<td colspan=\"4\">T O T A L<\/td>\n<td>18449<\/td>\n<\/tr>\n<tr>\n<td colspan=\"5\">Fuente: Oficina de Tecnologias de Informaci\u00f3n<\/td>\n<\/tr>\n<\/tbody>\n<\/table>\n","protected":false},"excerpt":{"rendered":"<p>UNIVERSIDAD NACIONAL DEL ALTIPLANO ESTUDIANTES MATRICULADOS &#8211; PREGRADO Periodo: 2023-II N\u00ba FACULTAD ESCUELA\u00a0\u00a0 PROFESIONAL PROGRAMA\u00a0 DE\u00a0 ESTUDIO TOTAL 1 CIENCIAS AGRARIAS Ingenier\u00eda Agron\u00f3mica Ingenier\u00eda Agron\u00f3mica 478 Ingenier\u00eda Agroindustrial Ingenier\u00eda Agroindustrial 311 Ingenier\u00eda Topogr\u00e1fica y Agrimensura Ingenier\u00eda Topogr\u00e1fica y Agrimensura 497 2 MEDICINA VETERINARIA Y ZOOTECNIA Medicina Veterinaria y Zootecnia Medicina Veterinaria y Zootecnia 655 3&hellip;<\/p>\n","protected":false},"author":1,"featured_media":0,"parent":0,"menu_order":0,"comment_status":"closed","ping_status":"closed","template":"","meta":{"_acf_changed":false,"footnotes":""},"class_list":["post-9756","page","type-page","status-publish","hentry","description-off"],"acf":[],"_links":{"self":[{"href":"https:\/\/transparencia.unap.edu.pe\/web\/wp-json\/wp\/v2\/pages\/9756","targetHints":{"allow":["GET"]}}],"collection":[{"href":"https:\/\/transparencia.unap.edu.pe\/web\/wp-json\/wp\/v2\/pages"}],"about":[{"href":"https:\/\/transparencia.unap.edu.pe\/web\/wp-json\/wp\/v2\/types\/page"}],"author":[{"embeddable":true,"href":"https:\/\/transparencia.unap.edu.pe\/web\/wp-json\/wp\/v2\/users\/1"}],"replies":[{"embeddable":true,"href":"https:\/\/transparencia.unap.edu.pe\/web\/wp-json\/wp\/v2\/comments?post=9756"}],"version-history":[{"count":1,"href":"https:\/\/transparencia.unap.edu.pe\/web\/wp-json\/wp\/v2\/pages\/9756\/revisions"}],"predecessor-version":[{"id":9757,"href":"https:\/\/transparencia.unap.edu.pe\/web\/wp-json\/wp\/v2\/pages\/9756\/revisions\/9757"}],"wp:attachment":[{"href":"https:\/\/transparencia.unap.edu.pe\/web\/wp-json\/wp\/v2\/media?parent=9756"}],"curies":[{"name":"wp","href":"https:\/\/api.w.org\/{rel}","templated":true}]}}