{"id":9837,"date":"2023-12-05T05:00:41","date_gmt":"2023-12-05T05:00:41","guid":{"rendered":"https:\/\/transparencia.unap.edu.pe\/web\/?page_id=9837"},"modified":"2023-12-05T05:32:39","modified_gmt":"2023-12-05T05:32:39","slug":"planes-de-estudio","status":"publish","type":"page","link":"https:\/\/transparencia.unap.edu.pe\/web\/planes-de-estudio\/","title":{"rendered":"PLANES DE ESTUDIO"},"content":{"rendered":"\t\t<div data-elementor-type=\"wp-page\" data-elementor-id=\"9837\" class=\"elementor elementor-9837\" data-elementor-post-type=\"page\">\n\t\t\t\t\t\t<section class=\"elementor-section elementor-top-section elementor-element elementor-element-6e1c57f elementor-section-boxed elementor-section-height-default elementor-section-height-default\" data-id=\"6e1c57f\" data-element_type=\"section\" data-e-type=\"section\">\n\t\t\t\t\t\t<div class=\"elementor-container elementor-column-gap-default\">\n\t\t\t\t\t<div class=\"elementor-column elementor-col-100 elementor-top-column elementor-element elementor-element-72710ef\" data-id=\"72710ef\" data-element_type=\"column\" data-e-type=\"column\">\n\t\t\t<div class=\"elementor-widget-wrap elementor-element-populated\">\n\t\t\t\t\t\t<div class=\"elementor-element elementor-element-5c08b88 elementor-widget-mobile__width-auto elementor-widget elementor-widget-text-editor\" data-id=\"5c08b88\" data-element_type=\"widget\" data-e-type=\"widget\" data-widget_type=\"text-editor.default\">\n\t\t\t\t<div class=\"elementor-widget-container\">\n\t\t\t\t\t\t\t\t\t<table width=\"721\"><tbody><tr><td colspan=\"5\" width=\"721\">UNIVERSIDAD NACIONAL DEL ALTIPLANO<\/td><\/tr><tr><td colspan=\"5\">PLANES DE ESTUDIO SEGUN PROGRAMAS DE ESTUDIO<\/td><\/tr><tr><td colspan=\"5\">CURRICULA 2021 &#8211; 2025<\/td><\/tr><tr><td>N\u00ba<\/td><td>FACULTAD<\/td><td>ESCUELA\u00a0\u00a0 PROFESIONAL<\/td><td>PROGRAMA\u00a0 DE\u00a0 ESTUDIO<\/td><td>ENLACE<\/td><\/tr><tr><td rowspan=\"3\">1<\/td><td rowspan=\"3\">CIENCIAS AGRARIAS<\/td><td>Ingenier\u00eda Agron\u00f3mica<\/td><td>Ingenier\u00eda Agron\u00f3mica<\/td><td><a href=\"https:\/\/transparencia.unap.edu.pe\/web\/wp-content\/uploads\/2023\/12\/PROGRAMA-ACADEMICO-AGRONOMICA.pdf\">Ver<\/a><\/td><\/tr><tr><td>Ingenier\u00eda Agroindustrial<\/td><td>Ingenier\u00eda Agroindustrial<\/td><td><a href=\"https:\/\/transparencia.unap.edu.pe\/web\/wp-content\/uploads\/2023\/12\/programa-de-Estudios-de-Ingenieria-Agroindustrial.pdf\">Ver<\/a><\/td><\/tr><tr><td>Ingenier\u00eda Topogr\u00e1fica y Agrimensura<\/td><td>Ingenier\u00eda Topogr\u00e1fica y Agrimensura<\/td><td><a href=\"https:\/\/transparencia.unap.edu.pe\/web\/wp-content\/uploads\/2023\/12\/PLAN-DE-ESTUDIOS-INGENIERIA-TOPOGRAFICA.pdf\">Ver<\/a><\/td><\/tr><tr><td>2<\/td><td>MEDICINA VETERINARIA Y ZOOTECNIA<\/td><td>Medicina Veterinaria y Zootecnia<\/td><td>Medicina Veterinaria y Zootecnia<\/td><td><a href=\"https:\/\/transparencia.unap.edu.pe\/web\/wp-content\/uploads\/2023\/12\/PLAN-DE-ESTUDIOS-INGENIERIA-TOPOGRAFICA.pdf\">Ver<\/a><\/td><\/tr><tr><td>3<\/td><td>INGENIER\u00cdA ECON\u00d3MICA<\/td><td>Ingenier\u00eda Econ\u00f3mica<\/td><td>Ingenier\u00eda Econ\u00f3mica<\/td><td><a href=\"https:\/\/transparencia.unap.edu.pe\/web\/wp-content\/uploads\/2023\/12\/PLAN-DE-ESTUDIOS-INGENIERIA-ECONOMICA.pdf\">Ver<\/a><\/td><\/tr><tr><td rowspan=\"2\" width=\"24\">4<\/td><td rowspan=\"2\" width=\"217\">CIENCIAS CONTABLES Y ADMINISTRATIVAS<\/td><td>Ciencias Contables<\/td><td>Ciencias Contables<\/td><td><a href=\"https:\/\/transparencia.unap.edu.pe\/web\/wp-content\/uploads\/2023\/12\/PROGRAMA-ACADEMICO-DE-CIENCIAS-CONTABLES.pdf\">Ver<\/a><\/td><\/tr><tr><td>Administraci\u00f3n<\/td><td>Administraci\u00f3n<\/td><td><a href=\"https:\/\/transparencia.unap.edu.pe\/web\/wp-content\/uploads\/2023\/12\/ESCUELA-PROFESIONAL-DE-ADMINSITRACION.pdf\">Ver<\/a><\/td><\/tr><tr><td>5<\/td><td>ENFERMER\u00cdA<\/td><td>Enfermer\u00eda<\/td><td>Enfermer\u00eda<\/td><td><a href=\"https:\/\/transparencia.unap.edu.pe\/web\/wp-content\/uploads\/2023\/12\/programa-academico-de-enfermeria.pdf\">Ver<\/a><\/td><\/tr><tr><td>6<\/td><td>TRABAJO\u00a0 SOCIAL<\/td><td>Trabajo Social<\/td><td>Trabajo Social<\/td><td><a href=\"https:\/\/transparencia.unap.edu.pe\/web\/wp-content\/uploads\/2023\/12\/PLAN-DE-ESTUDIOS-TRABAJO-SOCIAL.pdf\">Ver<\/a><\/td><\/tr><tr><td>7<\/td><td>INGENIER\u00cdA\u00a0 DE\u00a0 MINAS<\/td><td>Ingenier\u00eda de Minas<\/td><td>Ingenier\u00eda de Minas<\/td><td><a href=\"https:\/\/transparencia.unap.edu.pe\/web\/wp-content\/uploads\/2023\/12\/programa-academico-ingenieria-de-minas.pdf\">Ver<\/a><\/td><\/tr><tr><td rowspan=\"8\">8<\/td><td rowspan=\"8\">CIENCIAS\u00a0 SOCIALES<\/td><td>Sociolog\u00eda<\/td><td>Sociolog\u00eda<\/td><td><a href=\"https:\/\/transparencia.unap.edu.pe\/web\/wp-content\/uploads\/2023\/12\/PLAN-DE-ESTUDIOS-SOCIOLOGIA.pdf\">Ver<\/a><\/td><\/tr><tr><td>Tur\u00edsmo<\/td><td>Tur\u00edsmo<\/td><td><a href=\"https:\/\/transparencia.unap.edu.pe\/web\/wp-content\/uploads\/2023\/12\/PLAN-DE-ESTUDIOS-TURISMO.pdf\">Ver<\/a><\/td><\/tr><tr><td>Antropolog\u00eda<\/td><td>Antropolog\u00eda<\/td><td><a href=\"https:\/\/transparencia.unap.edu.pe\/web\/wp-content\/uploads\/2023\/12\/PROGRAMA-DE-ESTUDIOS-ANTROLOGIA.pdf\">Ver<\/a><\/td><\/tr><tr><td>Ciencias de la Comunicaci\u00f3n Social<\/td><td>Ciencias de la Comunicaci\u00f3n Social<\/td><td><a href=\"https:\/\/transparencia.unap.edu.pe\/web\/wp-content\/uploads\/2023\/12\/programa-de-Ciencias-de-la-Comunicacion-Social.pdf\">Ver<\/a><\/td><\/tr><tr><td rowspan=\"4\">Arte<\/td><td>M\u00fasica<\/td><td><a href=\"https:\/\/transparencia.unap.edu.pe\/web\/wp-content\/uploads\/2023\/12\/PROGRAMA-ACADEMICO-DE-ARTE-MUSICA.pdf\">Ver<\/a><\/td><\/tr><tr><td>Artes Pl\u00e1sticas<\/td><td><a href=\"https:\/\/transparencia.unap.edu.pe\/web\/wp-content\/uploads\/2023\/12\/4.-PROGRAMA-ACADEMICO-ARTES-PLASTICAS.pdf\">Ver<\/a><\/td><\/tr><tr><td>Danza<\/td><td><a href=\"https:\/\/transparencia.unap.edu.pe\/web\/wp-content\/uploads\/2023\/12\/PROGRAMA-ACADEMICO-DE-ARTE-DANZA.pdf\">Ver<\/a><\/td><\/tr><tr><td>\u00a0<\/td><td>\u00a0<\/td><\/tr><tr><td rowspan=\"3\">9<\/td><td rowspan=\"3\">CIENCIAS\u00a0 BIOL\u00d3GICAS<\/td><td rowspan=\"3\">Biolog\u00eda<\/td><td>Pesquera<\/td><td><a href=\"https:\/\/transparencia.unap.edu.pe\/web\/wp-content\/uploads\/2023\/12\/PROGRAMA-ACADEMICO-BIOLOGIA-PESQUERIA.pdf\">Ver<\/a><\/td><\/tr><tr><td>Microbiolog\u00eda y Laboratorio Cl\u00ednico<\/td><td><a href=\"https:\/\/transparencia.unap.edu.pe\/web\/wp-content\/uploads\/2023\/12\/programa-de-academico-de-Biologia-Microbiologia-y-Laboratorio-Clinico.pdf\">Ver<\/a><\/td><\/tr><tr><td>Ecolog\u00eda<\/td><td><a href=\"https:\/\/transparencia.unap.edu.pe\/web\/wp-content\/uploads\/2023\/12\/programa-de-academico-de-Biologia-Ecologia.pdf\">Ver<\/a><\/td><\/tr><tr><td rowspan=\"7\">10<\/td><td rowspan=\"7\">CIENCIAS DE LA EDUCACI\u00d3N<\/td><td rowspan=\"4\">Educaci\u00f3n Secundaria<\/td><td>Lengua,Literatura,Psicolog. y Filosof.<\/td><td><a href=\"https:\/\/transparencia.unap.edu.pe\/web\/wp-content\/uploads\/2023\/12\/SECUNDARIA-LENGUA-Y-LITERATURA.pdf\">Ver<\/a><\/td><\/tr><tr><td>Ciencias Sociales<\/td><td><a href=\"https:\/\/transparencia.unap.edu.pe\/web\/wp-content\/uploads\/2023\/12\/PLAN-DE-ESTUDIOS-DE-SECUNDARIA-CIENCIA-S-SOCIAL-E-S.pdf\">Ver<\/a><\/td><\/tr><tr><td>Matem\u00e1tica, F\u00edsica, Comput.e Inform.<\/td><td><a href=\"https:\/\/transparencia.unap.edu.pe\/web\/wp-content\/uploads\/2023\/12\/SECUNDARIA-COMPUTACION.pdf\">Ver<\/a><\/td><\/tr><tr><td>Ciencia Tecnolog\u00eda\u00a0 y Ambiente<\/td><td><a href=\"https:\/\/transparencia.unap.edu.pe\/web\/wp-content\/uploads\/2023\/12\/SECUNDARIA-CIENCIA-Y-TECNOLOGIA.pdf\">Ver<\/a><\/td><\/tr><tr><td>Educaci\u00f3n\u00a0 Fisica<\/td><td>Educaci\u00f3n\u00a0 Fisica<\/td><td><a href=\"https:\/\/transparencia.unap.edu.pe\/web\/wp-content\/uploads\/2023\/12\/programa-academico-de-educacion-fisica.pdf\">Ver<\/a><\/td><\/tr><tr><td>Educaci\u00f3n\u00a0 Primaria<\/td><td>Educaci\u00f3n\u00a0 Primaria<\/td><td><a href=\"https:\/\/transparencia.unap.edu.pe\/web\/wp-content\/uploads\/2023\/12\/PROGRAMA-ACADEMICO-DE-EDUCACION-PRIMARIA.pdf\">Ver<\/a><\/td><\/tr><tr><td>Educaci\u00f3n\u00a0 Inicial<\/td><td>Educaci\u00f3n\u00a0 Inicial<\/td><td><a href=\"https:\/\/transparencia.unap.edu.pe\/web\/wp-content\/uploads\/2023\/12\/programa-academico-educacion-inicial.pdf\">Ver<\/a><\/td><\/tr><tr><td>11<\/td><td>INGENIER. ESTAD\u00cdSTICA\u00a0 E\u00a0 INFORM\u00c1TICA<\/td><td>Ingenier\u00eda\u00a0 Estad\u00edstica\u00a0 e\u00a0 Inform\u00e1tica<\/td><td>Ingenier\u00eda\u00a0 Estad\u00edstica\u00a0 e\u00a0 Inform\u00e1tica<\/td><td><a href=\"https:\/\/transparencia.unap.edu.pe\/web\/wp-content\/uploads\/2023\/12\/PLAN-DE-ESTUDIOS-INGENIERIA-ESTADISTICA.pdf\">Ver<\/a><\/td><\/tr><tr><td rowspan=\"2\" width=\"24\">12<\/td><td rowspan=\"2\" width=\"217\">INGENIER\u00cdA GEOL\u00d3GICA Y\u00a0 METALURGIA<\/td><td>Ingenier\u00eda Geol\u00f3gica<\/td><td>Ingenier\u00eda Geol\u00f3gica<\/td><td><a href=\"https:\/\/transparencia.unap.edu.pe\/web\/wp-content\/uploads\/2023\/12\/PLAN-DE-ESTUDIOS-INGENIERIA-GEOLOGICA.pdf\">Ver<\/a><\/td><\/tr><tr><td>Ingenier\u00eda\u00a0 Metal\u00fargica<\/td><td>Ingenier\u00eda\u00a0 Metal\u00fargica<\/td><td><a href=\"https:\/\/transparencia.unap.edu.pe\/web\/wp-content\/uploads\/2023\/12\/PLAN-DE-ESTUDIOS-INGENIERIA-METALURGICA.pdf\">Ver<\/a><\/td><\/tr><tr><td>13<\/td><td>CIENCIAS JUR\u00cdDICAS\u00a0 Y\u00a0 POL\u00cdTICAS<\/td><td>Derecho<\/td><td>Derecho<\/td><td><a href=\"https:\/\/transparencia.unap.edu.pe\/web\/wp-content\/uploads\/2023\/12\/plan-de-estudios-del-Programa-de-Derecho.pdf\">Ver<\/a><\/td><\/tr><tr><td>14<\/td><td>INGENIER\u00cdA\u00a0 QU\u00cdMICA<\/td><td>Ingenier\u00eda\u00a0 Qu\u00cdmica<\/td><td>Ingenier\u00eda\u00a0 Qu\u00cdmica<\/td><td><a href=\"https:\/\/transparencia.unap.edu.pe\/web\/wp-content\/uploads\/2023\/12\/PLAN-DE-ESTUDIOS-INGENIERIA-QUIMICA.pdf\">Ver<\/a><\/td><\/tr><tr><td rowspan=\"2\">15<\/td><td rowspan=\"2\">CIENCIAS DE LA SALUD<\/td><td>Nutrici\u00f3n\u00a0 Humana<\/td><td>Nutrici\u00f3n\u00a0 Humana<\/td><td><a href=\"https:\/\/transparencia.unap.edu.pe\/web\/wp-content\/uploads\/2023\/12\/PLAN-DE-ESTUDIOS-NUTRICION-HUMANA.pdf\">Ver<\/a><\/td><\/tr><tr><td>Odontolog\u00eda<\/td><td>Odontolog\u00eda<\/td><td><a href=\"https:\/\/transparencia.unap.edu.pe\/web\/wp-content\/uploads\/2023\/12\/PLAN-DE-ESTUDIOS-ODONTOLOGIA.pdf\">Ver<\/a><\/td><\/tr><tr><td>16<\/td><td>INGENIER\u00cdA AGR\u00cdCOLA<\/td><td>Ingenier\u00eda\u00a0 Agr\u00edcola<\/td><td>Ingenier\u00eda\u00a0 Agr\u00edcola<\/td><td><a href=\"https:\/\/transparencia.unap.edu.pe\/web\/wp-content\/uploads\/2023\/12\/PROGRAMA-ACADEMICO-INGENERIA-AGRICOLA.pdf\">Ver<\/a><\/td><\/tr><tr><td rowspan=\"4\" width=\"24\">17<\/td><td rowspan=\"4\" width=\"217\">INGENIER\u00cdA\u00a0 CIVIL\u00a0 Y\u00a0 ARQUITECTURA<\/td><td>Ingenier\u00eda\u00a0 Civil<\/td><td>Ingenier\u00eda\u00a0 Civil<\/td><td><a href=\"https:\/\/transparencia.unap.edu.pe\/web\/wp-content\/uploads\/2023\/12\/Estructura-del-plan-de-estudios-de-Ingenieria-Civil.pdf\">Ver<\/a><\/td><\/tr><tr><td>Arquitectura\u00a0 y Urbanismo<\/td><td>Arquitectura\u00a0 y\u00a0 Urbanismo<\/td><td><a href=\"https:\/\/transparencia.unap.edu.pe\/web\/wp-content\/uploads\/2023\/12\/3.-PROGRAMA-DE-ESTUDIOS-ARQUITECTURA.pdf\">Ver<\/a><\/td><\/tr><tr><td rowspan=\"2\">Ciencias\u00a0 F\u00edsico &#8211; Matem\u00e1ticas<\/td><td>F\u00edsica<\/td><td><a href=\"https:\/\/transparencia.unap.edu.pe\/web\/wp-content\/uploads\/2023\/12\/programa-academico-fisico-matematico-I.pdf\">Ver<\/a><\/td><\/tr><tr><td>Matem\u00e1ticas<\/td><td><a href=\"https:\/\/transparencia.unap.edu.pe\/web\/wp-content\/uploads\/2023\/12\/programa-fisico-matematicas-Matematicas..pdf\">Ver<\/a><\/td><\/tr><tr><td>18<\/td><td>MEDICINA\u00a0 HUMANA<\/td><td>Medicina\u00a0 Humana<\/td><td>Medicina\u00a0 Humana<\/td><td><a href=\"https:\/\/transparencia.unap.edu.pe\/web\/wp-content\/uploads\/2023\/12\/PLAN-DE-ESTUDIOS-MEDICINA-HUMANA.pdf\">Ver<\/a><\/td><\/tr><tr><td rowspan=\"3\" width=\"24\">19<\/td><td rowspan=\"3\" width=\"217\">INGENIER\u00cdA\u00a0 MEC\u00c1NICA\u00a0 EL\u00c9CTRICA, ELECTR\u00d3NICA Y SISTEMAS<\/td><td>Ingenier\u00eda Mec\u00e1nica El\u00e9ctrica<\/td><td>Ingenier\u00eda Mec\u00e1nica El\u00e9ctrica<\/td><td><a href=\"https:\/\/transparencia.unap.edu.pe\/web\/wp-content\/uploads\/2023\/12\/PLAN-DE-ESTUDIOS-MECANICA-ELECTRICA.pdf\">Ver<\/a><\/td><\/tr><tr><td>Ingenier\u00eda\u00a0 Electr\u00f3nica<\/td><td>Ingenier\u00eda\u00a0 Electr\u00f3nica<\/td><td><a href=\"https:\/\/transparencia.unap.edu.pe\/web\/wp-content\/uploads\/2023\/12\/PLAN-DE-ESTUDIOS-INGENIERIA-ELECTRONICA.pdf\">Ver<\/a><\/td><\/tr><tr><td>Ingenier\u00eda\u00a0 de\u00a0 Sistemas<\/td><td>Ingenier\u00eda\u00a0 de\u00a0 Sistemas<\/td><td><a href=\"https:\/\/transparencia.unap.edu.pe\/web\/wp-content\/uploads\/2023\/12\/PLAN-DE-ESTUDIOS-INGENIERIA-DE-SISTEMAS.pdf\">Ver<\/a><\/td><\/tr><tr><td colspan=\"4\">\u00a0<\/td><td>\u00a0<\/td><\/tr><tr><td colspan=\"5\">Fuente: Escuelas Profesionales UNA Puno<\/td><\/tr><\/tbody><\/table><p>\u00a0<\/p>\t\t\t\t\t\t\t\t<\/div>\n\t\t\t\t<\/div>\n\t\t\t\t\t<\/div>\n\t\t<\/div>\n\t\t\t\t\t<\/div>\n\t\t<\/section>\n\t\t\t\t<\/div>\n\t\t","protected":false},"excerpt":{"rendered":"<p>UNIVERSIDAD NACIONAL DEL ALTIPLANO PLANES DE ESTUDIO SEGUN PROGRAMAS DE ESTUDIO CURRICULA 2021 &#8211; 2025 N\u00ba FACULTAD ESCUELA\u00a0\u00a0 PROFESIONAL PROGRAMA\u00a0 DE\u00a0 ESTUDIO ENLACE 1 CIENCIAS AGRARIAS Ingenier\u00eda Agron\u00f3mica Ingenier\u00eda Agron\u00f3mica Ver Ingenier\u00eda Agroindustrial Ingenier\u00eda Agroindustrial Ver Ingenier\u00eda Topogr\u00e1fica y Agrimensura Ingenier\u00eda Topogr\u00e1fica y Agrimensura Ver 2 MEDICINA VETERINARIA Y ZOOTECNIA Medicina Veterinaria y Zootecnia Medicina&hellip;<\/p>\n","protected":false},"author":1,"featured_media":0,"parent":0,"menu_order":0,"comment_status":"closed","ping_status":"closed","template":"","meta":{"_acf_changed":false,"footnotes":""},"class_list":["post-9837","page","type-page","status-publish","hentry"],"acf":[],"_links":{"self":[{"href":"https:\/\/transparencia.unap.edu.pe\/web\/wp-json\/wp\/v2\/pages\/9837","targetHints":{"allow":["GET"]}}],"collection":[{"href":"https:\/\/transparencia.unap.edu.pe\/web\/wp-json\/wp\/v2\/pages"}],"about":[{"href":"https:\/\/transparencia.unap.edu.pe\/web\/wp-json\/wp\/v2\/types\/page"}],"author":[{"embeddable":true,"href":"https:\/\/transparencia.unap.edu.pe\/web\/wp-json\/wp\/v2\/users\/1"}],"replies":[{"embeddable":true,"href":"https:\/\/transparencia.unap.edu.pe\/web\/wp-json\/wp\/v2\/comments?post=9837"}],"version-history":[{"count":23,"href":"https:\/\/transparencia.unap.edu.pe\/web\/wp-json\/wp\/v2\/pages\/9837\/revisions"}],"predecessor-version":[{"id":9860,"href":"https:\/\/transparencia.unap.edu.pe\/web\/wp-json\/wp\/v2\/pages\/9837\/revisions\/9860"}],"wp:attachment":[{"href":"https:\/\/transparencia.unap.edu.pe\/web\/wp-json\/wp\/v2\/media?parent=9837"}],"curies":[{"name":"wp","href":"https:\/\/api.w.org\/{rel}","templated":true}]}}